{"id":3744,"date":"2017-12-18T18:34:35","date_gmt":"2017-12-18T18:34:35","guid":{"rendered":"http:\/\/biblian.is\/gudbrandsbiblia\/baruksbok-5-kafli\/"},"modified":"2017-12-18T19:42:10","modified_gmt":"2017-12-18T19:42:10","slug":"baruksbok-5-kafli","status":"publish","type":"page","link":"https:\/\/biblian.is\/gudbrandsbiblia\/baruksbok-5-kafli\/","title":{"rendered":"Bar\u00faksb\u00f3k 5. kafli"},"content":{"rendered":"<p>V.<\/p>\n<p>L\u00edttu \u00ed kring \u00feig, Jer\u00fasalem, til austurs, og sko\u00f0a \u00fe\u00e1 huggun sem til \u00fe\u00edn kemur af Gu\u00f0i. <span class=\"athugasemd\" title=\"Huggun\">[<\/span> Sj\u00e1\u00f0u, \u00fe\u00edn b\u00f6rn \u00feau sem burt voru flutt koma, j\u00e1 \u00feau koma samans\u00f6fnu\u00f0 b\u00e6\u00f0i af austri og af vestri fyrir or\u00f0 Hins heilaga og pr\u00edsa Gu\u00f0s d\u00fdr\u00f0. Jer\u00fasalem, afkl\u00e6\u00f0 \u00feig \u00fe\u00ednum sorgarkl\u00e6\u00f0um og \u00edskr\u00fd\u00f0st \u00fe\u00ednum d\u00fdr\u00f0arskr\u00fa\u00f0a af Gu\u00f0i eil\u00edflega. \u00cdkl\u00e6\u00f0stu kyrtli Gu\u00f0s r\u00e9ttl\u00e6tis og set upp \u00e1 \u00feitt h\u00f6fu\u00f0 k\u00f3r\u00f3nu d\u00fdr\u00f0arinnar \u00deess eil\u00edfa. Gu\u00f0 mun opinbera gj\u00f6ra \u00fe\u00edna vegsemd undir \u00f6llum himninum \u00fev\u00ed a\u00f0 \u00feitt nafn skal nefnast af Gu\u00f0i eil\u00edflega &#8222;Fri\u00f0ur, r\u00e9ttl\u00e6ti, hei\u00f0ur og gu\u00f0hr\u00e6\u00f0sla&#8220;. <\/p>\n<p>\tTak \u00feig upp, Jer\u00fasalem, og far upp \u00e1 h\u00e6\u00f0ina og l\u00edt um kring til austurs og sko\u00f0a \u00fe\u00edn b\u00f6rn sem b\u00e6\u00f0i af vestri og austri eru til samans komin fyrir or\u00f0 Hins heilaga og eru gl\u00f6\u00f0 a\u00f0 Gu\u00f0 hefur minnst \u00feeirra aftur. \u00deau eru af \u00f3vinunum burt flutt fr\u00e1 \u00fe\u00e9r gangandi en Gu\u00f0 mun lei\u00f0a \u00feau til \u00fe\u00edn upphafin me\u00f0 hei\u00f0ur l\u00edka so sem r\u00edkisins b\u00f6rn.<\/p>\n<p>\t\u00dev\u00ed a\u00f0 Gu\u00f0 vill l\u00e6kka \u00f6ll h\u00e1 fj\u00f6ll og uppfylla \u00fe\u00e6r l\u00f6ngu l\u00e6g\u00f0ir og dali me\u00f0 land svo a\u00f0 \u00cdsrael megi fer\u00f0ast \u00f3hr\u00e6ddur og vegsama Gu\u00f0. En sk\u00f3garnir og \u00f6ll ilmandi tr\u00e9 skulu skyggja \u00e1 \u00cdsrael eftir skipan Gu\u00f0s. \u00dev\u00ed a\u00f0 Gu\u00f0 skal lei\u00f0a \u00cdsrael hinga\u00f0 aftur me\u00f0 gle\u00f0i, me\u00f0 sinni d\u00fdr\u00f0legri huggun, me\u00f0 miskunnsemi og s\u00ednu r\u00e9ttl\u00e6ti.<\/p>\n<p><em>\u00cd Gu\u00f0brandsbibl\u00edu er riti\u00f0 <strong>Br\u00e9f Jerem\u00eda<\/strong> birt sem 6. kafli <strong>Bar\u00faksb\u00f3kar<\/strong>. Til einf\u00f6ldunar \u00e1 framsetningu er textinn birtur \u00e1 vefnum undir yfirskriftinni Br\u00e9f Jerem\u00eda.<\/em><\/p>\n","protected":false},"excerpt":{"rendered":"<p>V. L\u00edttu \u00ed kring \u00feig, Jer\u00fasalem, til austurs, og sko\u00f0a \u00fe\u00e1 huggun sem til \u00fe\u00edn kemur af Gu\u00f0i. [ Sj\u00e1\u00f0u, \u00fe\u00edn b\u00f6rn \u00feau sem burt voru flutt koma, j\u00e1 \u00feau koma samans\u00f6fnu\u00f0 b\u00e6\u00f0i af austri og af vestri fyrir or\u00f0 Hins heilaga og pr\u00edsa Gu\u00f0s d\u00fdr\u00f0. Jer\u00fasalem, afkl\u00e6\u00f0 \u00feig \u00fe\u00ednum sorgarkl\u00e6\u00f0um og \u00edskr\u00fd\u00f0st \u00fe\u00ednum d\u00fdr\u00f0arskr\u00fa\u00f0a af Gu\u00f0i eil\u00edflega. \u00cdkl\u00e6\u00f0stu kyrtli Gu\u00f0s r\u00e9ttl\u00e6tis og set upp \u00e1 \u00feitt h\u00f6fu\u00f0 k\u00f3r\u00f3nu d\u00fdr\u00f0arinnar \u00deess eil\u00edfa. Gu\u00f0 mun opinbera gj\u00f6ra \u00fe\u00edna vegsemd undir \u00f6llum himninum \u00fev\u00ed a\u00f0 \u00feitt nafn skal nefnast af Gu\u00f0i eil\u00edflega &#8222;Fri\u00f0ur, r\u00e9ttl\u00e6ti, hei\u00f0ur og gu\u00f0hr\u00e6\u00f0sla&#8220;. Tak \u00feig upp, Jer\u00fasalem, og <a href=\"https:\/\/biblian.is\/gudbrandsbiblia\/baruksbok-5-kafli\/\"> [&#8230;]<\/a><\/p>\n","protected":false},"author":1,"featured_media":0,"parent":0,"menu_order":0,"comment_status":"open","ping_status":"open","template":"bibliukaflar.php","meta":{"footnotes":""},"class_list":["post-3744","page","type-page","status-publish","hentry"],"_links":{"self":[{"href":"https:\/\/biblian.is\/gudbrandsbiblia\/wp-json\/wp\/v2\/pages\/3744","targetHints":{"allow":["GET"]}}],"collection":[{"href":"https:\/\/biblian.is\/gudbrandsbiblia\/wp-json\/wp\/v2\/pages"}],"about":[{"href":"https:\/\/biblian.is\/gudbrandsbiblia\/wp-json\/wp\/v2\/types\/page"}],"author":[{"embeddable":true,"href":"https:\/\/biblian.is\/gudbrandsbiblia\/wp-json\/wp\/v2\/users\/1"}],"replies":[{"embeddable":true,"href":"https:\/\/biblian.is\/gudbrandsbiblia\/wp-json\/wp\/v2\/comments?post=3744"}],"version-history":[{"count":0,"href":"https:\/\/biblian.is\/gudbrandsbiblia\/wp-json\/wp\/v2\/pages\/3744\/revisions"}],"wp:attachment":[{"href":"https:\/\/biblian.is\/gudbrandsbiblia\/wp-json\/wp\/v2\/media?parent=3744"}],"curies":[{"name":"wp","href":"https:\/\/api.w.org\/{rel}","templated":true}]}}