{"id":3743,"date":"2017-12-18T18:34:35","date_gmt":"2017-12-18T18:34:35","guid":{"rendered":"http:\/\/biblian.is\/gudbrandsbiblia\/baruksbok-4-kafli\/"},"modified":"2017-12-18T18:34:35","modified_gmt":"2017-12-18T18:34:35","slug":"baruksbok-4-kafli","status":"publish","type":"page","link":"https:\/\/biblian.is\/gudbrandsbiblia\/baruksbok-4-kafli\/","title":{"rendered":"Bar\u00faksb\u00f3k 4. kafli"},"content":{"rendered":"<p>IIII.<\/p>\n<p>Vertu me\u00f0 g\u00f3\u00f0u ge\u00f0i, mitt f\u00f3lk, \u00fe\u00fa \u00cdsraels pr\u00eds. \u00de\u00e9r eru\u00f0 hei\u00f0ingjunum seldir, ei til fordj\u00f6rfunar heldur af \u00fev\u00ed a\u00f0 \u00fe\u00e9r stygg\u00f0u\u00f0 Gu\u00f0 \u00fe\u00e1 eru \u00fe\u00e9r \u00ed y\u00f0vara \u00f3vina vald gefnir. \u00dev\u00ed \u00fe\u00e9r hafi\u00f0 til rei\u00f0i reitt \u00feann sem y\u00f0ur skapa\u00f0i, \u00ed \u00fev\u00ed a\u00f0 \u00fe\u00e9r f\u00f3rnir f\u00e6r\u00f0u\u00f0 ekki Gu\u00f0i heldur dj\u00f6flinum.<\/p>\n<p>\t\u00de\u00e9r forgleymdu\u00f0 \u00feeim eil\u00edfa Gu\u00f0i sem y\u00f0ur skapa\u00f0i og \u00fe\u00e9r hrygg\u00f0u\u00f0 Jer\u00fasalem sem f\u00e6ddi y\u00f0ur upp. \u00dev\u00ed a\u00f0 h\u00fan hefur s\u00e9\u00f0 \u00fe\u00e1 Gu\u00f0s rei\u00f0i sem koma skyldi yfir y\u00f0ur, segjandi: Heyri, \u00fe\u00e9r innbyggjendur \u00ed S\u00edon. Gu\u00f0 hefur sent m\u00e9r st\u00f3ra h\u00f6rmung \u00fev\u00ed eg hefi s\u00e9\u00f0 hertekning minna sona og d\u00e6tra hverja s\u00e1 eil\u00edfi l\u00e9t yfir \u00fe\u00e1 koma. Eg uppf\u00e6ddi \u00fe\u00e1 me\u00f0 gle\u00f0i en me\u00f0 hrygg\u00f0 og hjartans angri hefi eg s\u00e9\u00f0 \u00fe\u00e1 \u00ed burt flutta. <\/p>\n<p>\tEnginn fagni yfir m\u00e9r a\u00f0 eg er ein ekkja og af m\u00f6rgum yfirgefin. Eg er ey\u00f0il\u00f6g\u00f0 fyrir sakir synda minna barna. \u00dev\u00ed \u00feau eru afvikin fr\u00e1 Gu\u00f0s l\u00f6gm\u00e1li og \u00feekktu ekki hans r\u00e9ttindi. \u00deau lif\u00f0u ekki eftir Gu\u00f0s skipan og hafa ekki haldi\u00f0 hans bo\u00f0or\u00f0.<\/p>\n<p>\tKomi\u00f0 hinga\u00f0, \u00fe\u00e9r innbyggjendur \u00ed S\u00edon, og kunngj\u00f6ri\u00f0 m\u00ednum sonum og d\u00e6trum \u00fe\u00e1 herlei\u00f0ingina sem s\u00e1 Hinn eil\u00edfi hefur yfir \u00fe\u00e1 leitt. \u00dev\u00ed a\u00f0 hann hefur leitt yfir \u00fe\u00e1 eitt f\u00f3lk \u00far fjarl\u00e6g\u00f0, eitt \u00f3gnarlegt f\u00f3lk og eitt \u00f3kunnigt tungum\u00e1l, \u00feeir sem ekki blyg\u00f0ast fyrir \u00feeim \u00f6ldru\u00f0u og eigi heldur sj\u00e1 aumur \u00e1 sm\u00e1b\u00f6rnum.<\/p>\n<p>\t\u00deessir inu s\u00f6mu hafa burtu flutt ekkjunnar s\u00e6tu sonu og r\u00e6nt d\u00e6trunum fr\u00e1 \u00feeirri sem er eins\u00f6mun. En hvernin kann eg a\u00f0 hj\u00e1lpa y\u00f0ur? \u00dev\u00ed a\u00f0 hann s\u00e1 sem \u00feessa \u00f3g\u00e6fu hefur yfir y\u00f0ur leitt hann mun frelsa y\u00f0ur af y\u00f0ar \u00f3vina h\u00f6ndum. Fari\u00f0 burt, k\u00e6ri b\u00f6rn, fari\u00f0 burt, en eg er yfirgefin eins\u00f6mun. Eg hefi afkl\u00e6tt mig m\u00ednum gle\u00f0innar kl\u00e6\u00f0um og \u00edkl\u00e6\u00f0st hrygg\u00f0arinnar kl\u00e6\u00f0na\u00f0i. Eg vil kalla til Hins eil\u00edfa \u00e6t\u00ed\u00f0 og alla t\u00edma.<\/p>\n<p>\tVeri\u00f0 hughraust, b\u00f6rn, kalli\u00f0 til Gu\u00f0s, \u00fe\u00e1 mun hann frelsa y\u00f0ur fr\u00e1 y\u00f0ra \u00f3vina valdi og hendi \u00fev\u00ed a\u00f0 eg vona n\u00fa \u00feegar a\u00f0 S\u00e1 eil\u00edfi skal hj\u00e1lpa y\u00f0ur og eg mun hafa gle\u00f0i af \u00deeim heilaga vegna  \u00feeirrar miskunnsemi sem y\u00f0ur mun snarlega veitast af vorum eil\u00edfa frelsara. <span class=\"athugasemd\" title=\"Huggun\">[<\/span> Eg l\u00e9t y\u00f0ur burt fara me\u00f0 sorg og gr\u00e1t en Gu\u00f0 mun gefa m\u00e9r y\u00f0ur aftur me\u00f0 f\u00f6gnu\u00f0i og gle\u00f0i eil\u00edflega. Og l\u00edka so sem S\u00edons innbyggjarar hafa n\u00fa s\u00e9\u00f0 y\u00f0ar herlei\u00f0ing so skulu \u00feeir og snarlega sj\u00e1 hj\u00e1lpina Gu\u00f0s y\u00f0ars sem koma mun yfir y\u00f0ur me\u00f0 mikilli d\u00fdr\u00f0 og eil\u00edfri huggun.<\/p>\n<p>\t\u00de\u00e9r b\u00f6rn, l\u00ed\u00f0i\u00f0 \u00feolinm\u00f3\u00f0lega \u00fe\u00e1 rei\u00f0i sem af Gu\u00f0i yfir y\u00f0ur kemur. \u00dev\u00ed a\u00f0 \u00feinn fjandma\u00f0ur hefur ofs\u00f3tt \u00feig og \u00fe\u00fa skalt snarlega sj\u00e1 hans fordj\u00f6rfun og \u00fe\u00fa skalt tro\u00f0a \u00fe\u00e1 undir f\u00f3tum \u00fe\u00e9r. M\u00edn fr\u00ed\u00f0 einkab\u00f6rn ur\u00f0u a\u00f0 ganga \u00e1 \u00f3sl\u00e9ttum vegi, \u00feau eru burt flutt l\u00edka sem ein hj\u00f6r\u00f0 hverri \u00f3vinirnir hafa r\u00e6nt.<\/p>\n<p>\tVeri\u00f0 hughraust, \u00fe\u00e9r b\u00f6rn, og kalli\u00f0 til Gu\u00f0s \u00fev\u00ed a\u00f0 s\u00e1 sem l\u00e9t \u00ed burt flytja y\u00f0ur hann mun ekki gleyma y\u00f0ur. \u00dev\u00ed a\u00f0 svo sem \u00fe\u00e9r hafi\u00f0 \u00e1stunda\u00f0 a\u00f0 v\u00edkja fr\u00e1 Gu\u00f0i svo sn\u00fai\u00f0 y\u00f0ur n\u00fa og leggi\u00f0 t\u00edufalda \u00e1stundan \u00e1 a\u00f0 leita Drottins. \u00dev\u00ed a\u00f0 hann sem l\u00e9t \u00feetta straff koma yfir y\u00f0ur hann mun hj\u00e1lpa y\u00f0ur og gle\u00f0ja y\u00f0ur eil\u00edflega.<\/p>\n<p>\tJer\u00fasalem, vertu hughraust \u00fev\u00ed a\u00f0 hann mun hugga \u00feig eftir hverjum \u00fe\u00fa ert nefnd. Vesalir munu \u00feeir vera sem \u00fe\u00e9r hafa illt gj\u00f6rt og voru gla\u00f0ir yfir \u00feinni hrasan. Vesalir munu \u00feeir sta\u00f0ir vera hverjum \u00fe\u00edn b\u00f6rn hafa \u00fej\u00f3na\u00f0 og vesalir skulu \u00feeir vera sem halda \u00fe\u00ednum b\u00f6rnum herteknum. \u00dev\u00ed a\u00f0 eins so sem h\u00fan fagna\u00f0i yfir \u00feinni hrasan og var gl\u00f6\u00f0 af \u00feinni fordj\u00f6rfun l\u00edka so skal h\u00fan vera hrygg \u00feegar h\u00fan ver\u00f0ur ey\u00f0il\u00f6g\u00f0. Og eg vil burtu svipta hennar magt af hverri h\u00fan drambar og hennar hr\u00f3san vil eg umsn\u00faa \u00ed hrygg\u00f0. \u00dev\u00ed a\u00f0 yfir hana mun koma einn eldur af \u00deeim eil\u00edfa um marga daga og dj\u00f6flar munu byggja \u00ed henni um langan t\u00edma.<\/p>\n","protected":false},"excerpt":{"rendered":"<p>IIII. Vertu me\u00f0 g\u00f3\u00f0u ge\u00f0i, mitt f\u00f3lk, \u00fe\u00fa \u00cdsraels pr\u00eds. \u00de\u00e9r eru\u00f0 hei\u00f0ingjunum seldir, ei til fordj\u00f6rfunar heldur af \u00fev\u00ed a\u00f0 \u00fe\u00e9r stygg\u00f0u\u00f0 Gu\u00f0 \u00fe\u00e1 eru \u00fe\u00e9r \u00ed y\u00f0vara \u00f3vina vald gefnir. \u00dev\u00ed \u00fe\u00e9r hafi\u00f0 til rei\u00f0i reitt \u00feann sem y\u00f0ur skapa\u00f0i, \u00ed \u00fev\u00ed a\u00f0 \u00fe\u00e9r f\u00f3rnir f\u00e6r\u00f0u\u00f0 ekki Gu\u00f0i heldur dj\u00f6flinum. \u00de\u00e9r forgleymdu\u00f0 \u00feeim eil\u00edfa Gu\u00f0i sem y\u00f0ur skapa\u00f0i og \u00fe\u00e9r hrygg\u00f0u\u00f0 Jer\u00fasalem sem f\u00e6ddi y\u00f0ur upp. \u00dev\u00ed a\u00f0 h\u00fan hefur s\u00e9\u00f0 \u00fe\u00e1 Gu\u00f0s rei\u00f0i sem koma skyldi yfir y\u00f0ur, segjandi: Heyri, \u00fe\u00e9r innbyggjendur \u00ed S\u00edon. Gu\u00f0 hefur sent m\u00e9r st\u00f3ra h\u00f6rmung \u00fev\u00ed eg hefi s\u00e9\u00f0 hertekning minna sona <a href=\"https:\/\/biblian.is\/gudbrandsbiblia\/baruksbok-4-kafli\/\"> [&#8230;]<\/a><\/p>\n","protected":false},"author":1,"featured_media":0,"parent":0,"menu_order":0,"comment_status":"open","ping_status":"open","template":"bibliukaflar.php","meta":{"footnotes":""},"class_list":["post-3743","page","type-page","status-publish","hentry"],"_links":{"self":[{"href":"https:\/\/biblian.is\/gudbrandsbiblia\/wp-json\/wp\/v2\/pages\/3743","targetHints":{"allow":["GET"]}}],"collection":[{"href":"https:\/\/biblian.is\/gudbrandsbiblia\/wp-json\/wp\/v2\/pages"}],"about":[{"href":"https:\/\/biblian.is\/gudbrandsbiblia\/wp-json\/wp\/v2\/types\/page"}],"author":[{"embeddable":true,"href":"https:\/\/biblian.is\/gudbrandsbiblia\/wp-json\/wp\/v2\/users\/1"}],"replies":[{"embeddable":true,"href":"https:\/\/biblian.is\/gudbrandsbiblia\/wp-json\/wp\/v2\/comments?post=3743"}],"version-history":[{"count":0,"href":"https:\/\/biblian.is\/gudbrandsbiblia\/wp-json\/wp\/v2\/pages\/3743\/revisions"}],"wp:attachment":[{"href":"https:\/\/biblian.is\/gudbrandsbiblia\/wp-json\/wp\/v2\/media?parent=3743"}],"curies":[{"name":"wp","href":"https:\/\/api.w.org\/{rel}","templated":true}]}}