{"id":3739,"date":"2017-12-18T18:34:35","date_gmt":"2017-12-18T18:34:35","guid":{"rendered":"http:\/\/biblian.is\/gudbrandsbiblia\/siraksbok-51-kafli\/"},"modified":"2017-12-18T19:50:32","modified_gmt":"2017-12-18T19:50:32","slug":"siraksbok-51-kafli","status":"publish","type":"page","link":"https:\/\/biblian.is\/gudbrandsbiblia\/siraksbok-51-kafli\/","title":{"rendered":"S\u00edraksb\u00f3k 51. kafli"},"content":{"rendered":"<p><em>\u00cd eldri framsetningu \u00e1 S\u00edraksb\u00f3k \u00far Gu\u00f0brandsbibl\u00edu, er B\u00e6n Jes\u00fa sonar S\u00edraks h\u00f6f\u00f0 \u00ed lok 50. kafla. Til a\u00f0 samr\u00e6ma framsetningu er b\u00e6n Jes\u00fa sonar S\u00edraks n\u00fa \u00ed 51. kafla S\u00edraksb\u00f3kar.<\/em><\/p>\n<p>B\u00e6n Jes\u00fa sonar S\u00edraks <\/p>\n<p>\u00deakkir gj\u00f6ri eg \u00fe\u00e9r, Drottinn k\u00f3ngur, og lofa \u00feig Gu\u00f0, minn heilsugjafara. Eg \u00feakka \u00fe\u00ednu nafni a\u00f0 \u00fe\u00fa ert minn hl\u00edfari og hj\u00e1lp og hefur frelsa\u00f0 l\u00edf mitt fr\u00e1 fordj\u00f6rfun og fr\u00e1 sn\u00f6ru <span class=\"athugasemd\" title=\"a Falskrar) \/ Fyrir Gu\u00f0s or\u00f0s sakir hlj\u00f3ta menn alls h\u00e1ttar a\u00f0 l\u00ed\u00f0a, sem er falsl\u00e6rendur, h\u00e1\u00f0ungarmenn, ofr\u00edkismenn, fj\u00f6tur og fangelsi, en fr\u00e1 \u00feessu \u00f6llu hj\u00e1lpar Gu\u00f0 tr\u00falega\">[<\/span> falskrar tungu og lj\u00fagmunna.<\/p>\n<p>\tOg \u00fe\u00fa hefur hj\u00e1lpa\u00f0 m\u00e9r \u00ed m\u00f3ti \u00f3vinunum og frelsa\u00f0 mig eftir \u00feinni margfaldlegri miskunn af grenjan \u00feeirra er mig vildu svelgja, af hendi \u00feeirra er s\u00f3ttu eftir m\u00ednu l\u00edfi, af m\u00f6rgum harmkv\u00e6lum \u00fear eg l\u00e1, af loganum sem mig umkringt haf\u00f0i, \u00far mi\u00f0jum eldinum so eg brann ekki \u00fear \u00ed, af dj\u00fapu helv\u00edtisgini, fr\u00e1 f\u00f6lskum bakm\u00e6lurum og lygnum munni, fyrir k\u00f3nginum og r\u00f6ngum d\u00f3mi.<\/p>\n<p>\tEg var harla n\u00e1l\u00e6gur dau\u00f0anum og mitt l\u00edf var so n\u00e6rri sem sokki\u00f0 til helv\u00edtis. Eg var umkringdur og enginn hj\u00e1lpa\u00f0i m\u00e9r. Eg leita\u00f0i hj\u00e1lpar hj\u00e1 m\u00f6nnum og fann \u00f6ngva. \u00de\u00e1 minntist eg, Drottinn, \u00e1 miskunn \u00fe\u00edna og hversu \u00fe\u00fa allt\u00ed\u00f0 hj\u00e1lpa\u00f0 hefur. \u00dev\u00ed a\u00f0 \u00fe\u00fa frelsar alla \u00fe\u00e1 sem upp \u00e1 \u00feig vona og leysir \u00fe\u00e1 af h\u00f6ndum hei\u00f0ingjanna. Eg ba\u00f0 til Gu\u00f0s m\u00f3ti \u00feeirra grimmd og beiddi um frelsan fr\u00e1 dau\u00f0a og kalla\u00f0i \u00e1 Drottin minn f\u00f6\u00f0ur og stj\u00f3rnara a\u00f0 hann fyrirl\u00e9ti mig ekki \u00ed ney\u00f0 og \u00feegar hinir drambl\u00e1tu dreissu\u00f0u og eg haf\u00f0i \u00f6ngva hj\u00e1lp. Eg lofa nafn \u00feitt \u00e1n afl\u00e1ti og eg pr\u00edsa og \u00feakkir gj\u00f6ri \u00fe\u00e9r \u00fev\u00ed a\u00f0 m\u00edn b\u00e6n er alheyr\u00f0 og \u00fe\u00fa leysir mig fr\u00e1 gl\u00f6tun og \u00f6llu illu. \u00dear fyrir, Drottinn, vil eg \u00fe\u00e9r lof segja og \u00feakka og \u00feitt nafn pr\u00edsa.<\/p>\n<p>\t\u00de\u00e1 eg var ungur, \u00e1\u00f0ur eg var villtur, leita\u00f0i eg spekinnar djarflega me\u00f0 minni b\u00e6n. <span class=\"athugasemd\" title=\"Speki\">[<\/span> \u00cd musterinu ba\u00f0 eg \u00fear um og vil eg hennar leita allt til m\u00edns enda. Mitt hjarta fagnar yfir henni l\u00edka sem \u00fe\u00e1 v\u00ednber fullvaxa. Eg gekk strax til hennar og spur\u00f0i eftir henni allt fr\u00e1 barn\u00e6sku. Eg hlusta\u00f0i \u00fear til og me\u00f0t\u00f3k hana. \u00de\u00e1 l\u00e6r\u00f0i eg vel og j\u00f3k miklu vi\u00f0 fyrir hana. \u00dear fyrir gj\u00f6ri eg \u00feeim \u00feakkir sem m\u00e9r gaf v\u00edsd\u00f3m.<\/p>\n<p>\tEg einsetta m\u00e9r a\u00f0 gj\u00f6ra \u00fear eftir og gott a\u00f0 \u00e1stunda og \u00fear yfir var\u00f0 eg ekki sneyptur. <span class=\"athugasemd\" title=\"S\u00e1l.\">[<\/span> Eg kepptist eftir \u00fev\u00ed af hjarta og eg var g\u00e6tinn a\u00f0 gj\u00f6ra \u00fear eftir. Eg h\u00f3f hendur m\u00ednar upp til himins, \u00fe\u00e1 upplyftist m\u00edn \u00f6nd af v\u00edsd\u00f3mi svo eg bar kennslu \u00e1 m\u00edna heimsku. Eg stunda\u00f0i eftir henni af alv\u00f6ru. H\u00fan og eg ur\u00f0um eitt hjarta fr\u00e1 upphafi og eg fann hana hreina. \u00dear fyrir mun eg ekki ver\u00f0a <span class=\"athugasemd\" title=\"b r\u00e6kur) \/ Heldur \u00fatvaldur, k\u00e6r og velvir\u00f0ur fyrir Gu\u00f0i og m\u00f6nnum\">[<\/span> r\u00e6kur.<\/p>\n<p>\tMitt hjarta langa\u00f0i eftir henni og eg f\u00e9kk einn g\u00f3\u00f0an f\u00e9sj\u00f3\u00f0, Drottinn hefur m\u00e9r gefi\u00f0 fyrir hana n\u00fdja tungu, \u00fear vil eg hann me\u00f0 lofa.<\/p>\n<p>\tN\u00e1lgist hinga\u00f0 til m\u00edn, \u00fe\u00e9r \u00f3l\u00e6r\u00f0ir, og komi\u00f0 \u00ed minn sk\u00f3la og hva\u00f0 ykkur brestur \u00fea\u00f0 megi \u00fe\u00e9r h\u00e9r l\u00e6ra \u00fev\u00ed a\u00f0 sannlega eru \u00fe\u00e9r mj\u00f6g \u00feyrstir. Eg hefi upploki\u00f0 m\u00ednum munni og kennt. Hugsi\u00f0 n\u00fa og kaupi\u00f0 y\u00f0ur visku \u00e1 me\u00f0an \u00fe\u00e9r megi\u00f0 hafa hana \u00e1n peninga og l\u00e6gi\u00f0 h\u00e1ls y\u00f0ar undir hennar ok og l\u00e1ti\u00f0 y\u00f0ur undirv\u00edsa. Menn finna hana n\u00fa \u00ed n\u00e1nd. Sj\u00e1i\u00f0 mig, eg hefi eina litla stund m\u00e6\u00f0u og erfi\u00f0i haft og hefi eg fundi\u00f0 mikla huggun. Me\u00f0taki\u00f0 l\u00e6rd\u00f3m so sem einn mikinn f\u00e9sj\u00f3\u00f0 silfurs og haldi\u00f0 honum l\u00edka so sem st\u00f3rri gullhr\u00fagu.<\/p>\n<p>\tGle\u00f0ji\u00f0 y\u00f0ur af miskunn Gu\u00f0s og <span class=\"athugasemd\" title=\"c \/ Gu\u00f0s or\u00f0 a\u00f0 me\u00f0kenna er fyrir heiminum sk\u00f6mm, j\u00e1, ska\u00f0i og vo\u00f0i\">[<\/span> skammist y\u00f0ar ei \u00ed hans lofi. Gj\u00f6ri\u00f0 \u00fea\u00f0 sem y\u00f0ur bo\u00f0i\u00f0 er \u00e1 me\u00f0an \u00fe\u00e9r hafi\u00f0 t\u00f3mstund, \u00fe\u00e1 mun hann y\u00f0ur \u00fea\u00f0 vel launa \u00e1 s\u00ednum t\u00edma. <\/p>\n<p>Ending \u00e1 Jes\u00fa S\u00edraksb\u00f3k<\/p>\n","protected":false},"excerpt":{"rendered":"<p>\u00cd eldri framsetningu \u00e1 S\u00edraksb\u00f3k \u00far Gu\u00f0brandsbibl\u00edu, er B\u00e6n Jes\u00fa sonar S\u00edraks h\u00f6f\u00f0 \u00ed lok 50. kafla. Til a\u00f0 samr\u00e6ma framsetningu er b\u00e6n Jes\u00fa sonar S\u00edraks n\u00fa \u00ed 51. kafla S\u00edraksb\u00f3kar. B\u00e6n Jes\u00fa sonar S\u00edraks \u00deakkir gj\u00f6ri eg \u00fe\u00e9r, Drottinn k\u00f3ngur, og lofa \u00feig Gu\u00f0, minn heilsugjafara. Eg \u00feakka \u00fe\u00ednu nafni a\u00f0 \u00fe\u00fa ert minn hl\u00edfari og hj\u00e1lp og hefur frelsa\u00f0 l\u00edf mitt fr\u00e1 fordj\u00f6rfun og fr\u00e1 sn\u00f6ru [ falskrar tungu og lj\u00fagmunna. Og \u00fe\u00fa hefur hj\u00e1lpa\u00f0 m\u00e9r \u00ed m\u00f3ti \u00f3vinunum og frelsa\u00f0 mig eftir \u00feinni margfaldlegri miskunn af grenjan \u00feeirra er mig vildu svelgja, af hendi \u00feeirra er s\u00f3ttu <a href=\"https:\/\/biblian.is\/gudbrandsbiblia\/siraksbok-51-kafli\/\"> [&#8230;]<\/a><\/p>\n","protected":false},"author":1,"featured_media":0,"parent":0,"menu_order":0,"comment_status":"open","ping_status":"open","template":"bibliukaflar.php","meta":{"footnotes":""},"class_list":["post-3739","page","type-page","status-publish","hentry"],"_links":{"self":[{"href":"https:\/\/biblian.is\/gudbrandsbiblia\/wp-json\/wp\/v2\/pages\/3739","targetHints":{"allow":["GET"]}}],"collection":[{"href":"https:\/\/biblian.is\/gudbrandsbiblia\/wp-json\/wp\/v2\/pages"}],"about":[{"href":"https:\/\/biblian.is\/gudbrandsbiblia\/wp-json\/wp\/v2\/types\/page"}],"author":[{"embeddable":true,"href":"https:\/\/biblian.is\/gudbrandsbiblia\/wp-json\/wp\/v2\/users\/1"}],"replies":[{"embeddable":true,"href":"https:\/\/biblian.is\/gudbrandsbiblia\/wp-json\/wp\/v2\/comments?post=3739"}],"version-history":[{"count":0,"href":"https:\/\/biblian.is\/gudbrandsbiblia\/wp-json\/wp\/v2\/pages\/3739\/revisions"}],"wp:attachment":[{"href":"https:\/\/biblian.is\/gudbrandsbiblia\/wp-json\/wp\/v2\/media?parent=3739"}],"curies":[{"name":"wp","href":"https:\/\/api.w.org\/{rel}","templated":true}]}}