{"id":3735,"date":"2017-12-18T18:34:32","date_gmt":"2017-12-18T18:34:32","guid":{"rendered":"http:\/\/biblian.is\/gudbrandsbiblia\/siraksbok-47-kafli\/"},"modified":"2017-12-18T18:34:32","modified_gmt":"2017-12-18T18:34:32","slug":"siraksbok-47-kafli","status":"publish","type":"page","link":"https:\/\/biblian.is\/gudbrandsbiblia\/siraksbok-47-kafli\/","title":{"rendered":"S\u00edraksb\u00f3k 47. kafli"},"content":{"rendered":"<p>XLVII.<\/p>\n<p>\u00dear eftir \u00e1 d\u00f6gum Dav\u00ed\u00f0s sp\u00e1\u00f0i Natan og Dav\u00ed\u00f0 var me\u00f0al Israelissona \u00fatvaldur so sem \u00fea\u00f0 feita \u00e1 f\u00f3rninni Gu\u00f0i eigna\u00f0 er. <span class=\"athugasemd\" title=\"Natan \/ Dav\u00ed\u00f0 \/ ii. Reg. xii. \/ i. Reg. xvii.\">[<\/span> Hann umgekkst me\u00f0 le\u00f3num r\u00e9tt sem l\u00e9ki hann s\u00e9r vi\u00f0 ki\u00f0af\u00f3rn og me\u00f0 bjarnd\u00fdrum svo sem me\u00f0 l\u00f6mbum. \u00cd s\u00ednu ungd\u00e6mi sl\u00f3 hann risann \u00ed hel og burt t\u00f3k br\u00edgsli af s\u00ednu f\u00f3lki. Hann upph\u00f3f s\u00edna h\u00f6nd og snara\u00f0i me\u00f0 sl\u00f6ngunni og sl\u00f3 til jar\u00f0ar \u00feann stolta Gol\u00edat. \u00dev\u00ed a\u00f0 hann \u00e1kalla\u00f0i nafn hins h\u00e6sta Drottins. <span class=\"athugasemd\" title=\"i. Reg. xviii.\">[<\/span> Hann styrkti hans h\u00f6nd svo hann drap \u00feann sterka str\u00ed\u00f0smann og upph\u00f3f horn s\u00edns f\u00f3lks. Hann l\u00e9t pr\u00edsa hann svo sem t\u00edu \u00fe\u00fasund manna ver\u00f0an og hei\u00f0ra\u00f0i hann me\u00f0 gu\u00f0d\u00f3mlegri blessan so a\u00f0 hann hreppti k\u00f3nglega k\u00f3r\u00f3nu. Hann sl\u00f3 \u00f3vinina alla vegna og afm\u00e1\u00f0i Philisteos, s\u00edna m\u00f3tstandara, og braut \u00ed sundur \u00feeirra horn so sem \u00fea\u00f0 er enn \u00ed dag sundurbroti\u00f0.<\/p>\n<p>\tFyrir s\u00e9rhvert verk gj\u00f6r\u00f0i hann \u00feakkir \u00deeim heilaga, \u00deeim h\u00e6\u00f0sta, me\u00f0 einum f\u00f6grum dikt. <span class=\"athugasemd\" title=\"i. Paral. xxv.\">[<\/span> Hann s\u00f6ng af \u00f6llu hjarta og elska\u00f0i \u00feann sem hann haf\u00f0i skapa\u00f0. Hann setti s\u00f6ngmenn vi\u00f0 altari\u00f0 og l\u00e9t \u00fe\u00e1 syngja s\u00edna s\u00e6tu dikta og skipa\u00f0i h\u00e1t\u00ed\u00f0isdagana hei\u00f0arlega a\u00f0 halda og a\u00f0 menn \u00e1rlegar h\u00e1t\u00ed\u00f0ir um allt \u00e1ri\u00f0 skyldu fagurlega halda, lofandi nafn Drottins og syngja \u00ed helgid\u00f3minum um mornana. Drottinn fyrirgaf honum s\u00ednar syndir og upphaf\u00f0i hans horn eil\u00edflega og gj\u00f6r\u00f0i vi\u00f0 hann s\u00e1ttm\u00e1l a\u00f0 \u00fea\u00f0 k\u00f3ngsr\u00edki og konungsst\u00f3ll \u00ed \u00cdsrael skyldi hj\u00e1 honum bl\u00edfa.<\/p>\n<p>\tEftir hann var\u00f0 k\u00f3ngur hans vitri son Sal\u00f3mon, hverjum fa\u00f0irinn haf\u00f0i fengi\u00f0 g\u00f3\u00f0ar n\u00e1\u00f0ir, a\u00f0 hann r\u00edkti \u00ed fri\u00f0i. <span class=\"athugasemd\" title=\"Sal\u00f3mon \/ i. Reg. iiii.\">[<\/span> \u00dev\u00ed a\u00f0 Gu\u00f0 haf\u00f0i allt \u00ed kring stillt til fri\u00f0s upp \u00e1 \u00fea\u00f0 hann skyldi byggja s\u00ednu nafni h\u00fas og uppbygg\u00f0i \u00fean helgid\u00f3m sem um aldur og \u00e6vi st\u00e6\u00f0i. \u00d3, hva\u00f0 l\u00e6r\u00f0ir \u00fe\u00fa vel \u00e1 unga aldri og vart fullur skilnings! L\u00edka sem eitt vatn \u00fea\u00f0 landi\u00f0 hylur. Og \u00fe\u00fa hefur alla sta\u00f0i uppfyllt me\u00f0 spakm\u00e6lum og kenningum og \u00feitt nafn var\u00f0 v\u00ed\u00f0fr\u00e6gt \u00e1 fjarl\u00e6gum eyl\u00f6ndum og fyrir \u00fe\u00edns fri\u00f0ar sakir varstu haldinn k\u00e6r og ver\u00f0ugur. \u00d6ll l\u00f6nd undru\u00f0ust \u00fe\u00edna dikta, spakm\u00e6li, d\u00e6mis\u00f6gur og \u00fatlagningar og d\u00fdrku\u00f0u Drottin hver a\u00f0 heitir Gu\u00f0 \u00cdsraels. \u00de\u00fa samansafna\u00f0ir so miklu gulli sem tin og so miklu silfri sem bl\u00fd.<\/p>\n<p>\t\u00deitt hjarta hneig\u00f0ist til kvenna og l\u00e9st \u00fe\u00e6r villa \u00feig og hengdir upp \u00e1 \u00feinn hei\u00f0ur einn skemmdarflekk og gj\u00f6r\u00f0ir \u00fea\u00f0 a\u00f0 \u00fe\u00edn b\u00f6rn ur\u00f0u a\u00f0 vera \u00fatrekin og rei\u00f0in gekk yfir \u00fe\u00edna eftirkomendur til hefndar \u00feinnar heimsku, \u00fe\u00e1 a\u00f0 k\u00f3ngsr\u00edki\u00f0 var\u00f0 \u00ed sundur skipt og \u00ed Efra\u00edm upph\u00f3fst sk\u00fargo\u00f0abl\u00f3tsamt k\u00f3ngsr\u00edki.<\/p>\n<p>\tEn Drottinn sner s\u00e9r ekki fr\u00e1 sinni miskunn og umbreytti ekki s\u00ednu fyrirheitnu verki og afm\u00e1\u00f0i ekki me\u00f0 \u00f6llu eftirkomendur s\u00edns hins \u00fatvalda og svipti eigi burt s\u00e6\u00f0i s\u00edns elskulega heldur h\u00e9lt hann nokkru eftir af f\u00f3lki Jakobs og einni r\u00f3t af Dav\u00ed\u00f0.<\/p>\n<p>\tOg Sal\u00f3mon sofna\u00f0i me\u00f0 fe\u00f0rum s\u00ednum og l\u00e9t eftir af s\u00ednu s\u00e1\u00f0i R\u00f3b\u00f3am, einn f\u00e1v\u00edsan mann, f\u00f3lkinu a\u00f0 st\u00fdra s\u00e1 \u00f6ngva skynsemd haf\u00f0i, hver e\u00f0 l\u00fd\u00f0inn gj\u00f6r\u00f0i fr\u00e1horfinn me\u00f0 s\u00ednu eigin sinni. <span class=\"athugasemd\" title=\"R\u00f3b\u00f3am\">[<\/span> H\u00e9r a\u00f0 auk Jer\u00f3b\u00f3am son Nebat, hver a\u00f0 kom \u00cdsraelsl\u00fd\u00f0 til sk\u00fargo\u00f0avillu og f\u00e6r\u00f0i Efra\u00edm \u00ed syndir og \u00feeirra syndir ur\u00f0u ofsa margar so \u00feeir ur\u00f0u me\u00f0 s\u00ed\u00f0sta af sinni \u00e6ttj\u00f6r\u00f0 \u00fatreknir. <span class=\"athugasemd\" title=\"Jer\u00f3b\u00f3am\">[<\/span> \u00dev\u00ed a\u00f0 \u00feeir uppleitu\u00f0u alls kyns bl\u00f3tskap allt \u00fear til yfir \u00fe\u00e1 kom hefndin.<\/p>\n","protected":false},"excerpt":{"rendered":"<p>XLVII. \u00dear eftir \u00e1 d\u00f6gum Dav\u00ed\u00f0s sp\u00e1\u00f0i Natan og Dav\u00ed\u00f0 var me\u00f0al Israelissona \u00fatvaldur so sem \u00fea\u00f0 feita \u00e1 f\u00f3rninni Gu\u00f0i eigna\u00f0 er. [ Hann umgekkst me\u00f0 le\u00f3num r\u00e9tt sem l\u00e9ki hann s\u00e9r vi\u00f0 ki\u00f0af\u00f3rn og me\u00f0 bjarnd\u00fdrum svo sem me\u00f0 l\u00f6mbum. \u00cd s\u00ednu ungd\u00e6mi sl\u00f3 hann risann \u00ed hel og burt t\u00f3k br\u00edgsli af s\u00ednu f\u00f3lki. Hann upph\u00f3f s\u00edna h\u00f6nd og snara\u00f0i me\u00f0 sl\u00f6ngunni og sl\u00f3 til jar\u00f0ar \u00feann stolta Gol\u00edat. \u00dev\u00ed a\u00f0 hann \u00e1kalla\u00f0i nafn hins h\u00e6sta Drottins. [ Hann styrkti hans h\u00f6nd svo hann drap \u00feann sterka str\u00ed\u00f0smann og upph\u00f3f horn s\u00edns f\u00f3lks. Hann l\u00e9t pr\u00edsa hann <a href=\"https:\/\/biblian.is\/gudbrandsbiblia\/siraksbok-47-kafli\/\"> [&#8230;]<\/a><\/p>\n","protected":false},"author":1,"featured_media":0,"parent":0,"menu_order":0,"comment_status":"open","ping_status":"open","template":"bibliukaflar.php","meta":{"footnotes":""},"class_list":["post-3735","page","type-page","status-publish","hentry"],"_links":{"self":[{"href":"https:\/\/biblian.is\/gudbrandsbiblia\/wp-json\/wp\/v2\/pages\/3735","targetHints":{"allow":["GET"]}}],"collection":[{"href":"https:\/\/biblian.is\/gudbrandsbiblia\/wp-json\/wp\/v2\/pages"}],"about":[{"href":"https:\/\/biblian.is\/gudbrandsbiblia\/wp-json\/wp\/v2\/types\/page"}],"author":[{"embeddable":true,"href":"https:\/\/biblian.is\/gudbrandsbiblia\/wp-json\/wp\/v2\/users\/1"}],"replies":[{"embeddable":true,"href":"https:\/\/biblian.is\/gudbrandsbiblia\/wp-json\/wp\/v2\/comments?post=3735"}],"version-history":[{"count":0,"href":"https:\/\/biblian.is\/gudbrandsbiblia\/wp-json\/wp\/v2\/pages\/3735\/revisions"}],"wp:attachment":[{"href":"https:\/\/biblian.is\/gudbrandsbiblia\/wp-json\/wp\/v2\/media?parent=3735"}],"curies":[{"name":"wp","href":"https:\/\/api.w.org\/{rel}","templated":true}]}}