{"id":3734,"date":"2017-12-18T18:34:32","date_gmt":"2017-12-18T18:34:32","guid":{"rendered":"http:\/\/biblian.is\/gudbrandsbiblia\/siraksbok-46-kafli\/"},"modified":"2017-12-18T18:34:32","modified_gmt":"2017-12-18T18:34:32","slug":"siraksbok-46-kafli","status":"publish","type":"page","link":"https:\/\/biblian.is\/gudbrandsbiblia\/siraksbok-46-kafli\/","title":{"rendered":"S\u00edraksb\u00f3k 46. kafli"},"content":{"rendered":"<p>XLVI.<\/p>\n<p>Jes\u00fas sonur Nave var sterkur \u00ed str\u00ed\u00f0i og einn sp\u00e1ma\u00f0ur eftir M\u00f3ses, hver a\u00f0 mikinn sigur vann fyrir Gu\u00f0s \u00fatvalda (so sem hans nafn hl\u00fd\u00f0ir) og hefndi \u00feeirra \u00e1 \u00f3vinunum af hverjum \u00feeir ur\u00f0u ofs\u00f3ttir so a\u00f0 \u00cdsraelsl\u00fd\u00f0ur fengi s\u00edna erf\u00f0. <span class=\"athugasemd\" title=\"Jes\u00fas Nave\">[<\/span> <span class=\"athugasemd\" title=\"Jes\u00fas) \/ \u00de\u00fd\u00f0ist Heilsugjafari e\u00f0ur Sigurvegari \u00ed bardaga\">[<\/span> Hann hefur hei\u00f0ur hloti\u00f0 \u00fe\u00e1 hann \u00fatr\u00e9tti s\u00edna h\u00f6nd og rykkti sver\u00f0inu \u00ed m\u00f3ti borgunum. Hver hefur nokkurn t\u00edma sta\u00f0i\u00f0 so hugdjarfur? Hann hert\u00f3k \u00f3vini Drottins. Fyrir hans skuld st\u00f3\u00f0 kyrr s\u00f3lin og einn dagur var\u00f0 so langur sem tveir. <\/p>\n<p>\tHann \u00e1kalla\u00f0i Hinn h\u00e6sta og alm\u00e1ttuga \u00fe\u00e1 hans \u00f3vinir alla vega a\u00f0 honum \u00ferengdu og s\u00e1 mikli Drottinn b\u00e6nheyr\u00f0i hann og l\u00e9t harla st\u00f3ra haglsteina falla yfir \u00f3vinina og \u00ed hel sl\u00f3 hans m\u00f3tst\u00f6\u00f0umenn \u00fe\u00e1 \u00feeir ofan f\u00f3ru. <span class=\"athugasemd\" title=\"Num. iiii.\">[<\/span> Og hei\u00f0ingjar ur\u00f0u varir hva\u00f0 \u00feessir h\u00f6f\u00f0u fyrir skot og a\u00f0 Drottinn sj\u00e1lfur \u00ed bardaganum n\u00e1l\u00e6gur v\u00e6ri og hann elti \u00fe\u00e1 hinu m\u00e1ttugu.<\/p>\n<p>\tOg \u00e1 d\u00f6gum Mosis \u00fe\u00e1 gj\u00f6r\u00f0i hann og Kaleb, sonur Jephonie, eitt gott verk \u00fe\u00e1 \u00feeir st\u00f3\u00f0u \u00ed m\u00f3ti h\u00f3pnum og b\u00f6nnu\u00f0u f\u00f3lkinu a\u00f0 syndgast og stilltu \u00fea\u00f0 ska\u00f0samlega upphlaup. <span class=\"athugasemd\" title=\"Kaleb\">[<\/span> \u00dear fyrir eru \u00feeir b\u00e1\u00f0ir var\u00f0veittir \u00e1 me\u00f0al sex hundru\u00f0 \u00fe\u00fasund manna og hafa l\u00fd\u00f0inn til erf\u00f0ar f\u00e6rt \u00ed \u00fea\u00f0 land \u00fear mj\u00f3lk og hunang innifl\u00fdtur. Og Drottinn h\u00e9lt Kaleb vi\u00f0 sinn l\u00edkamsstyrkleika allt til ellidaga og hann uppst\u00e9 \u00ed landsins fjallbygg\u00f0ir og hans s\u00e1\u00f0 \u00f6\u00f0la\u00f0ist erf\u00f0ina so a\u00f0 allir \u00cdsraelssynir s\u00e6i hva\u00f0 gott \u00fea\u00f0 er a\u00f0 hl\u00fd\u00f0a Drottni.<\/p>\n<p>\tOg d\u00f3mendurnir, s\u00e9rhver me\u00f0 s\u00ednu nafni, hverjir \u00f6ngva sk\u00fargo\u00f0avillu fr\u00f6mdu n\u00e9 snerust fr\u00e1 Drottni ver\u00f0a og einnin pr\u00edsa\u00f0ir. <span class=\"athugasemd\" title=\"D\u00f3mendur\">[<\/span> \u00deeirra bein bl\u00f3mgast enn n\u00fa \u00fear sem \u00feau liggja og \u00feeirra nafn ver\u00f0ur pr\u00edsa\u00f0 \u00e1 \u00feeirra b\u00f6rnum hverjum \u00fea\u00f0 er til erf\u00f0a falli\u00f0.<\/p>\n<p>\tOg Sam\u00fael sp\u00e1ma\u00f0ur Drottins, af s\u00ednum Gu\u00f0i elska\u00f0ur, uppreisti eitt k\u00f3ngsr\u00edki og smur\u00f0i h\u00f6f\u00f0ingja yfir sinn l\u00fd\u00f0. <span class=\"athugasemd\" title=\"Sam\u00fael\">[<\/span> Hann d\u00e6mdi s\u00f6fnu\u00f0inn eftir l\u00f6gm\u00e1li Drottins og Drottinn leit aftur til Jakobs. Og s\u00e1 sp\u00e1ma\u00f0ur var\u00f0 r\u00e9ttfer\u00f0ugur og tr\u00far fundinn og menn vi\u00f0urkenndu a\u00f0 hans sp\u00e1r voru sannar. <span class=\"athugasemd\" title=\"i. Reg. vii.\">[<\/span> Hann \u00e1kalla\u00f0i Drottin \u00feann alm\u00e1ttiga \u00fe\u00e1 hann a\u00f0 s\u00ednu \u00f3vinum \u00e1 alla vegu \u00ferengdi og f\u00f3rnf\u00e6r\u00f0i ung l\u00f6mb. Og Drottinn l\u00e9t rei\u00f0ar\u00ferumur ver\u00f0a af himni og gj\u00f6r\u00f0i sig so heyrumkunnan \u00ed miklum stormi og sl\u00f3 h\u00f6f\u00f0ingjana \u00ed Tyrus og alla herra Philistinorum.<\/p>\n<p>\tOg fyrir sitt endad\u00e6gur \u00e1\u00f0ur hann dey\u00f0i vitna\u00f0i hann fyrir Drottni og hans smur\u00f0a a\u00f0 hann fr\u00e1 \u00f6ngvum manni pening og ekki einn sk\u00f3 teki\u00f0 hef\u00f0i. Og enginn ma\u00f0ur kunni hann um nokku\u00f0 a\u00f0 \u00e1saka. Og \u00fe\u00e1 e\u00f0 hann var n\u00fa sofna\u00f0ur <span class=\"athugasemd\" title=\"a \/ sp\u00e1\u00f0i) \/ \u00fea\u00f0 gj\u00f6r\u00f0i Sam\u00fael ekki, so sem hann meinar eftir skilningi Gy\u00f0inga, heldur andi nokkur \u00ed Samuelis nafni\">[<\/span> sp\u00e1\u00f0i hann og bo\u00f0a\u00f0i k\u00f3nginum sinn l\u00edfsenda og l\u00e9t sig heyra upp \u00far j\u00f6r\u00f0unni og fyrirsp\u00e1\u00f0i a\u00f0 \u00feeir \u00f3gu\u00f0legu mundu fyrirfarast.<\/p>\n","protected":false},"excerpt":{"rendered":"<p>XLVI. Jes\u00fas sonur Nave var sterkur \u00ed str\u00ed\u00f0i og einn sp\u00e1ma\u00f0ur eftir M\u00f3ses, hver a\u00f0 mikinn sigur vann fyrir Gu\u00f0s \u00fatvalda (so sem hans nafn hl\u00fd\u00f0ir) og hefndi \u00feeirra \u00e1 \u00f3vinunum af hverjum \u00feeir ur\u00f0u ofs\u00f3ttir so a\u00f0 \u00cdsraelsl\u00fd\u00f0ur fengi s\u00edna erf\u00f0. [ [ Hann hefur hei\u00f0ur hloti\u00f0 \u00fe\u00e1 hann \u00fatr\u00e9tti s\u00edna h\u00f6nd og rykkti sver\u00f0inu \u00ed m\u00f3ti borgunum. Hver hefur nokkurn t\u00edma sta\u00f0i\u00f0 so hugdjarfur? Hann hert\u00f3k \u00f3vini Drottins. Fyrir hans skuld st\u00f3\u00f0 kyrr s\u00f3lin og einn dagur var\u00f0 so langur sem tveir. Hann \u00e1kalla\u00f0i Hinn h\u00e6sta og alm\u00e1ttuga \u00fe\u00e1 hans \u00f3vinir alla vega a\u00f0 honum \u00ferengdu og s\u00e1 <a href=\"https:\/\/biblian.is\/gudbrandsbiblia\/siraksbok-46-kafli\/\"> [&#8230;]<\/a><\/p>\n","protected":false},"author":1,"featured_media":0,"parent":0,"menu_order":0,"comment_status":"open","ping_status":"open","template":"bibliukaflar.php","meta":{"footnotes":""},"class_list":["post-3734","page","type-page","status-publish","hentry"],"_links":{"self":[{"href":"https:\/\/biblian.is\/gudbrandsbiblia\/wp-json\/wp\/v2\/pages\/3734","targetHints":{"allow":["GET"]}}],"collection":[{"href":"https:\/\/biblian.is\/gudbrandsbiblia\/wp-json\/wp\/v2\/pages"}],"about":[{"href":"https:\/\/biblian.is\/gudbrandsbiblia\/wp-json\/wp\/v2\/types\/page"}],"author":[{"embeddable":true,"href":"https:\/\/biblian.is\/gudbrandsbiblia\/wp-json\/wp\/v2\/users\/1"}],"replies":[{"embeddable":true,"href":"https:\/\/biblian.is\/gudbrandsbiblia\/wp-json\/wp\/v2\/comments?post=3734"}],"version-history":[{"count":0,"href":"https:\/\/biblian.is\/gudbrandsbiblia\/wp-json\/wp\/v2\/pages\/3734\/revisions"}],"wp:attachment":[{"href":"https:\/\/biblian.is\/gudbrandsbiblia\/wp-json\/wp\/v2\/media?parent=3734"}],"curies":[{"name":"wp","href":"https:\/\/api.w.org\/{rel}","templated":true}]}}