{"id":3733,"date":"2017-12-18T18:34:32","date_gmt":"2017-12-18T18:34:32","guid":{"rendered":"http:\/\/biblian.is\/gudbrandsbiblia\/siraksbok-45-kafli\/"},"modified":"2017-12-18T18:34:32","modified_gmt":"2017-12-18T18:34:32","slug":"siraksbok-45-kafli","status":"publish","type":"page","link":"https:\/\/biblian.is\/gudbrandsbiblia\/siraksbok-45-kafli\/","title":{"rendered":"S\u00edraksb\u00f3k 45. kafli"},"content":{"rendered":"<p>XLV.<\/p>\n<p>Hann hefur fr\u00e1 honum koma l\u00e1ti\u00f0 \u00feann helga mann Moysen hver allri ver\u00f6ldunni var k\u00e6r og mikilsvirtur, hverjum b\u00e6\u00f0i Gu\u00f0 og menn voru hollir, hans nafn a\u00f0 mj\u00f6g pr\u00edsa\u00f0 ver\u00f0ur. <span class=\"athugasemd\" title=\"M\u00f3ses \/ Exo. xi.\">[<\/span> Hann hefur honum hei\u00f0ur veitt so sem hinum helgum fe\u00f0rum og h\u00e1tt upphafi\u00f0 so a\u00f0 hans \u00f3vinir ur\u00f0u hann a\u00f0 \u00f3ttast. Hann l\u00e9t hann me\u00f0 or\u00f0um gj\u00f6ra m\u00f6rg t\u00e1kn. Hann gj\u00f6r\u00f0i hann d\u00fdr\u00f0legan \u00ed k\u00f3nganna augs\u00fdn og gaf honum b\u00edfalning vi\u00f0 sinn l\u00fd\u00f0 og s\u00fdndi honum s\u00edna d\u00fdr\u00f0. Hann hefur kosi\u00f0 hann til heilagrar <span class=\"athugasemd\" title=\"a St\u00e9ttar) \/ a\u00f0 hann skyldi alleina Gu\u00f0i \u00fej\u00f3na\">[<\/span> st\u00e9ttar sakir s\u00edns tr\u00faskapar og h\u00f3gv\u00e6ri og af \u00f6llum m\u00f6nnum hann \u00fatvali\u00f0. Hann l\u00e9t hann heyra s\u00edna r\u00f6dd og leiddi hann \u00ed myrkvan sk\u00fdfl\u00f3ka. Hann hefur honum n\u00e1l\u00e6gur bo\u00f0or\u00f0in gefi\u00f0, sem er l\u00f6gm\u00e1l l\u00edfsins og viskunnar, a\u00f0 hann skyldi Jakob s\u00e1ttm\u00e1lann kenna og \u00cdsrael s\u00edna d\u00f3ma.<\/p>\n<p>\tHann hefur Aaron, hans br\u00f3\u00f0ur, af \u00fev\u00ed sama kyni Lev\u00ed upphafi\u00f0 og hann einnin l\u00edka \u00fatvali\u00f0. <span class=\"athugasemd\" title=\"Aaron \/ Exo. xxiiii. \/ xxviii.\">[<\/span> Hann gj\u00f6r\u00f0i vi\u00f0 hann eil\u00edfan s\u00e1ttm\u00e1la og gaf honum kennimannsskap me\u00f0al l\u00fd\u00f0sins. Hann hefur hann fagurlega og hei\u00f0arlega kl\u00e6ddan og f\u00e6r\u00f0i hann \u00ed ni\u00f0urkl\u00e6\u00f0i\u00f0, s\u00ed\u00f0stakkinn og l\u00edfkyrtilinn og festi margar gullbj\u00f6llur og hnappa \u00e1 hann \u00ed kring so \u00fe\u00e6r hlj\u00f3\u00f0 g\u00e6fi \u00fe\u00e1 hann \u00fat e\u00f0ur inn gekk og hlj\u00f3murinn heyr\u00f0ur yr\u00f0i \u00ed helgid\u00f3minum so a\u00f0 l\u00fd\u00f0sins yr\u00f0i \u00ed Gu\u00f0s augliti minnst. J\u00e1, \u00feann helga kyrtil me\u00f0 gulli, gulu silki og gu\u00f0vef skikka\u00f0an, magtarskj\u00f6ld \u00e1 brj\u00f3sti, me\u00f0 lj\u00f3si\u00f0 og r\u00e9ttinn listilega gj\u00f6rt me\u00f0 gimsteinum, \u00fear \u00e1 n\u00f6fn t\u00f3lf kynkv\u00edsla \u00cdsraels voru \u00e1 grafin og \u00ed gulli greypt fyrir sneinsn\u00ed\u00f0arann so a\u00f0 \u00feeirra v\u00e6ri minning gj\u00f6r\u00f0 fyrir Gu\u00f0i, \u00fe\u00e1 gulllegu ennissp\u00f6ng \u00e1 m\u00edtrinu \u00fear \u00fea\u00f0 heilaga h\u00e1leita nafn var \u00e1grafi\u00f0, hva\u00f0 allt var hei\u00f0ursamlegt, kostulegt, lj\u00faflegt og fagurt. <span class=\"athugasemd\" title=\"Exo. xxviii.\">[<\/span> Menn hafa aldreigi \u00fev\u00edl\u00edkt s\u00e9\u00f0 fyrri, so m\u00e1tti enginn \u00feessu kl\u00e6\u00f0ast nema alleina hans synir og eftirkomendur \u00e6vinlega. Hans offur ur\u00f0u daglega tvisvar fullkomnu\u00f0. M\u00f3ses fylldi hendur hans og smur\u00f0i hann me\u00f0 helgu vi\u00f0smj\u00f6ri. <span class=\"athugasemd\" title=\"Levit. viii.\">[<\/span> <\/p>\n<p>\tVi\u00f0 hann var \u00fea\u00f0 s\u00e1ttm\u00e1l gj\u00f6rt a\u00f0 hann og hans synir skyldu \u00e6vinlega, svo lengi sem dagar heimsins vara, honum \u00fej\u00f3na, kennimenn vera og hans l\u00fd\u00f0 \u00ed hans nafni blessa. Hann hefur \u00fatvali\u00f0 hann af \u00f6llum lif\u00f6ndum a\u00f0 hann skyldi f\u00f3rnf\u00e6ra Drottni f\u00e6\u00f0sluoffur til s\u00e6ts ilms og minningar, til forl\u00edkunar fyrir f\u00f3lki\u00f0. Hann b\u00edfala\u00f0i honum emb\u00e6ttisins or\u00f0 \u00fea\u00f0 hann skyldi kenna Jakob s\u00edna vitnisbur\u00f0i og uppl\u00fdsa \u00cdsrael me\u00f0 s\u00ednu l\u00f6gm\u00e1li. <\/p>\n<p>\t\u00dear upph\u00f3fu sig a\u00f0rir \u00ed m\u00f3ti honum og \u00f6fundu\u00f0u hann \u00ed ey\u00f0im\u00f6rkinni, s\u00e9rlega \u00feeir sem me\u00f0 Datan og Ab\u00edram voru og s\u00e1 galdi selskapur K\u00f3ra. <span class=\"athugasemd\" title=\"Datam \/ Ab\u00edram \/ K\u00f3ra \/ Num. xvi.\">[<\/span> En Drottinn s\u00e1 \u00fea\u00f0 og \u00fea\u00f0 l\u00edka\u00f0i honum ekki. Og \u00feeir ur\u00f0u gleyptir af grimmri rei\u00f0i. Hann s\u00fdndi \u00f3gurleg undur \u00e1 \u00feeim og svelgdi \u00fe\u00e1 me\u00f0 s\u00ednum eldi.<\/p>\n<p>\tHann hei\u00f0ra\u00f0i Aaron enn meir og gaf honum arfskipti, einkum allar frumf\u00f3rnir skipti hann honum. Um allt anna\u00f0 fram skikka\u00f0i hann honum \u00ed fyrstu brau\u00f0sn\u00e6g\u00f0 \u00fea\u00f0 \u00feeir skyldu neyta offurs Drottins sem hann gaf honum og hans s\u00e1\u00f0i. En \u00feeir m\u00e1ttu ekki af landinu neitt hlutskipti hafa e\u00f0ur me\u00f0 f\u00f3lkinu erf\u00f0 taka heldur var Drottinn \u00feeirra hlutdeild og arfur.<\/p>\n<p>\tP\u00edneas sonur Eleasar var hinn \u00feri\u00f0ji \u00ed sl\u00edkum hei\u00f0ri. <span class=\"athugasemd\" title=\"P\u00edneas \/ Num. xxv.\">[<\/span> Hann vandl\u00e6tti af gu\u00f0hr\u00e6\u00f0slu. Og \u00fe\u00e1 e\u00f0 l\u00fd\u00f0urinn fr\u00e1hverf\u00f0ist st\u00f3\u00f0 hann tr\u00falega st\u00f6\u00f0ugur og djarfur og forl\u00edkti \u00cdsrael. \u00dear fyrir var\u00f0 honum gefinn fri\u00f0arins s\u00e1ttm\u00e1li \u00fea\u00f0 hann skyldi helgid\u00f3minum og l\u00fd\u00f0num forst\u00f6\u00f0u veita, hann og hans s\u00e1\u00f0 skyldi \u00e6vinlega kennimannstign hafa. L\u00edka sem vi\u00f0 Dav\u00ed\u00f0 af kyni J\u00fada er s\u00e1ttm\u00e1li gj\u00f6r\u00f0ur og alleina af hans sonum skal einn k\u00f3ngur ver\u00f0a, so skal og Aaron og hans s\u00e1\u00f0 erfingjar vera a\u00f0 \u00feeir oss v\u00edsd\u00f3m kenni og s\u00ednu f\u00f3lki r\u00e9ttilega sk\u00fdri upp \u00e1 \u00fea\u00f0 a\u00f0 \u00feeirra st\u00e9tt og hei\u00f0ur ekki fyrirfarist heldur um aldur og \u00e6vi hj\u00e1 honum bl\u00edfi.<\/p>\n","protected":false},"excerpt":{"rendered":"<p>XLV. Hann hefur fr\u00e1 honum koma l\u00e1ti\u00f0 \u00feann helga mann Moysen hver allri ver\u00f6ldunni var k\u00e6r og mikilsvirtur, hverjum b\u00e6\u00f0i Gu\u00f0 og menn voru hollir, hans nafn a\u00f0 mj\u00f6g pr\u00edsa\u00f0 ver\u00f0ur. [ Hann hefur honum hei\u00f0ur veitt so sem hinum helgum fe\u00f0rum og h\u00e1tt upphafi\u00f0 so a\u00f0 hans \u00f3vinir ur\u00f0u hann a\u00f0 \u00f3ttast. Hann l\u00e9t hann me\u00f0 or\u00f0um gj\u00f6ra m\u00f6rg t\u00e1kn. Hann gj\u00f6r\u00f0i hann d\u00fdr\u00f0legan \u00ed k\u00f3nganna augs\u00fdn og gaf honum b\u00edfalning vi\u00f0 sinn l\u00fd\u00f0 og s\u00fdndi honum s\u00edna d\u00fdr\u00f0. Hann hefur kosi\u00f0 hann til heilagrar [ st\u00e9ttar sakir s\u00edns tr\u00faskapar og h\u00f3gv\u00e6ri og af \u00f6llum m\u00f6nnum hann \u00fatvali\u00f0. Hann <a href=\"https:\/\/biblian.is\/gudbrandsbiblia\/siraksbok-45-kafli\/\"> [&#8230;]<\/a><\/p>\n","protected":false},"author":1,"featured_media":0,"parent":0,"menu_order":0,"comment_status":"open","ping_status":"open","template":"bibliukaflar.php","meta":{"footnotes":""},"class_list":["post-3733","page","type-page","status-publish","hentry"],"_links":{"self":[{"href":"https:\/\/biblian.is\/gudbrandsbiblia\/wp-json\/wp\/v2\/pages\/3733","targetHints":{"allow":["GET"]}}],"collection":[{"href":"https:\/\/biblian.is\/gudbrandsbiblia\/wp-json\/wp\/v2\/pages"}],"about":[{"href":"https:\/\/biblian.is\/gudbrandsbiblia\/wp-json\/wp\/v2\/types\/page"}],"author":[{"embeddable":true,"href":"https:\/\/biblian.is\/gudbrandsbiblia\/wp-json\/wp\/v2\/users\/1"}],"replies":[{"embeddable":true,"href":"https:\/\/biblian.is\/gudbrandsbiblia\/wp-json\/wp\/v2\/comments?post=3733"}],"version-history":[{"count":0,"href":"https:\/\/biblian.is\/gudbrandsbiblia\/wp-json\/wp\/v2\/pages\/3733\/revisions"}],"wp:attachment":[{"href":"https:\/\/biblian.is\/gudbrandsbiblia\/wp-json\/wp\/v2\/media?parent=3733"}],"curies":[{"name":"wp","href":"https:\/\/api.w.org\/{rel}","templated":true}]}}