{"id":3732,"date":"2017-12-18T18:34:32","date_gmt":"2017-12-18T18:34:32","guid":{"rendered":"http:\/\/biblian.is\/gudbrandsbiblia\/siraksbok-44-kafli\/"},"modified":"2017-12-18T18:34:32","modified_gmt":"2017-12-18T18:34:32","slug":"siraksbok-44-kafli","status":"publish","type":"page","link":"https:\/\/biblian.is\/gudbrandsbiblia\/siraksbok-44-kafli\/","title":{"rendered":"S\u00edraksb\u00f3k 44. kafli"},"content":{"rendered":"<p>XLIIII.<\/p>\n<p>V\u00e9r viljum lofa \u00fe\u00e1 nafnfr\u00e6gu menn og fe\u00f0ur vora hvern eftir annan. <span class=\"athugasemd\" title=\"Tala nafnfr\u00e6gra manna \u00e1 me\u00f0al Gu\u00f0s l\u00fd\u00f0s\">[<\/span><\/p>\n<p>\tMarga d\u00fdr\u00f0lega hluti hefur Drottinn gj\u00f6rt fyrir \u00fe\u00e1 fr\u00e1 upphafi fyrir s\u00edna miklu magt. \u00deeir hafa s\u00ednum k\u00f3ngar\u00edkjum vel stj\u00f3rna\u00f0 og lofleg verk gj\u00f6rt. \u00deeir hafa veri\u00f0 v\u00edsir, r\u00e1\u00f0hyggnir og forsp\u00e1ir. \u00deeir hafa l\u00f6ndunum og l\u00fd\u00f0unum stj\u00f3rna\u00f0 me\u00f0 r\u00e1\u00f0um og skilningi skriftarinnar. \u00deeir hafa l\u00e6rt s\u00f6nglist og dikta\u00f0 andlega hr\u00f3\u00f0ra. \u00deeir voru og r\u00edkir og hafa haft mikil au\u00f0\u00e6fi h\u00e9r. So hafa \u00feeir allir \u00e1 s\u00ednum t\u00edma lofsamlegir veri\u00f0 og pr\u00edsa\u00f0ir \u00ed s\u00ednu l\u00edfi og hafa eitt \u00e6rlegt nafn eftirl\u00e1ti\u00f0. En hinir a\u00f0rir hafa \u00f6ngvan pr\u00eds og fyrirf\u00f3rust r\u00e9tt sem \u00feeir hef\u00f0u aldrei veri\u00f0. Og enn \u00fe\u00e1 \u00feeir lif\u00f0u voru \u00feeir r\u00e9tt sem lif\u00f0u \u00feeir ekki og l\u00edka einnin \u00feeirra b\u00f6rn eftir \u00fe\u00e1. En \u00feeim helgum m\u00f6nnum (hverra r\u00e9ttl\u00e6ti a\u00f0 ekki gleymt ver\u00f0ur) er einn g\u00f3\u00f0ur arfur eftirl\u00e1tinn og \u00feeirra b\u00f6rnum. \u00deeirra eftirkomendur hafa \u00ed s\u00e1ttm\u00e1lanum sta\u00f0i\u00f0 og fyrir \u00feeirra skuld hafa \u00feeirra barnab\u00f6rn blifi\u00f0 \u00e6vinlega og \u00feeirra lof mun ei dv\u00edna. \u00deeir eru \u00ed fri\u00f0i greftra\u00f0ir en nafn \u00feeirra lifir eil\u00edflega. L\u00fd\u00f0ir munu segja af \u00feeirra visku og s\u00f6fnu\u00f0urinn bo\u00f0ar \u00feeirra lof.<\/p>\n<p>\tEnok l\u00edka\u00f0i Drottni vel og er burtnuminn so a\u00f0 hann v\u00e6ri ver\u00f6ldunni ein i\u00f0ranar\u00e1minning. <span class=\"athugasemd\" title=\"Enok \/ Gen. v.\">[<\/span><\/p>\n<p>\tN\u00f3i var \u00f3straffanlegur fundinn og \u00e1 rei\u00f0innar t\u00edma hefur hann n\u00e1\u00f0 fundi\u00f0 og er eftir blifinn \u00e1 j\u00f6r\u00f0unni \u00fe\u00e1 fl\u00f3\u00f0i\u00f0 kom. <span class=\"athugasemd\" title=\"N\u00f3i \/ Gen. vii.\">[<\/span> Hann me\u00f0t\u00f3k s\u00e1ttm\u00e1lann vegna veraldarinnar, a\u00f0 upp \u00fea\u00f0an skyldi allt hold ekki \u00ed vatsfl\u00f3\u00f0i afm\u00e1\u00f0 ver\u00f0a.<\/p>\n<p>\tAbraham, hinn loflegasti fa\u00f0ir margra \u00fej\u00f3\u00f0a, hefur ekki sinn l\u00edka \u00ed d\u00fdr\u00f0inni. <span class=\"athugasemd\" title=\"Abraham \/ Gen. xvii.\">[<\/span> Hann h\u00e9lt l\u00f6gm\u00e1l Hins h\u00e6\u00f0sta og Gu\u00f0 gj\u00f6r\u00f0i s\u00e1ttm\u00e1l vi\u00f0 hann og setti \u00fea\u00f0 sama s\u00e1ttm\u00e1l \u00e1 hans hold. Og hann fannst tr\u00far \u00fe\u00e1 hann var\u00f0 freista\u00f0ur. \u00dear fyrir h\u00e9t Gu\u00f0 honum me\u00f0 svardaga a\u00f0 fyrir hans s\u00e6\u00f0i skyldu hei\u00f0nar \u00fej\u00f3\u00f0ir blessa\u00f0ar ver\u00f0a og a\u00f0 hans s\u00e1\u00f0 skyldi margfaldast sem duft jar\u00f0ar og upphefjast sem stj\u00f6rnur og arftakandi ver\u00f0a fr\u00e1 einu hafi til annars og \u00ed fr\u00e1 Vatninu til heimsenda.<\/p>\n<p>\tOg hefur \u00fe\u00e1 s\u00f6mu blessan yfir alla menn og einnin s\u00e1ttm\u00e1lann sta\u00f0fest vi\u00f0 \u00cdsaak fyrir skuld s\u00edns f\u00f6\u00f0urs Abraham og hefur \u00fea\u00f0 l\u00e1ti\u00f0 koma og bl\u00edfa yfir Jakob. <span class=\"athugasemd\" title=\"\u00cdsaak \/ Jakob \/ Gen. xxix.\">[<\/span> Honum hefur hann n\u00e1\u00f0uglega blessa\u00f0 og gefi\u00f0 honum arf og hans hlutskipti \u00ed sundurgreint og \u00ed t\u00f3lf \u00e6ttkv\u00edslir skipt.<\/p>\n","protected":false},"excerpt":{"rendered":"<p>XLIIII. V\u00e9r viljum lofa \u00fe\u00e1 nafnfr\u00e6gu menn og fe\u00f0ur vora hvern eftir annan. [ Marga d\u00fdr\u00f0lega hluti hefur Drottinn gj\u00f6rt fyrir \u00fe\u00e1 fr\u00e1 upphafi fyrir s\u00edna miklu magt. \u00deeir hafa s\u00ednum k\u00f3ngar\u00edkjum vel stj\u00f3rna\u00f0 og lofleg verk gj\u00f6rt. \u00deeir hafa veri\u00f0 v\u00edsir, r\u00e1\u00f0hyggnir og forsp\u00e1ir. \u00deeir hafa l\u00f6ndunum og l\u00fd\u00f0unum stj\u00f3rna\u00f0 me\u00f0 r\u00e1\u00f0um og skilningi skriftarinnar. \u00deeir hafa l\u00e6rt s\u00f6nglist og dikta\u00f0 andlega hr\u00f3\u00f0ra. \u00deeir voru og r\u00edkir og hafa haft mikil au\u00f0\u00e6fi h\u00e9r. So hafa \u00feeir allir \u00e1 s\u00ednum t\u00edma lofsamlegir veri\u00f0 og pr\u00edsa\u00f0ir \u00ed s\u00ednu l\u00edfi og hafa eitt \u00e6rlegt nafn eftirl\u00e1ti\u00f0. En hinir a\u00f0rir hafa \u00f6ngvan pr\u00eds <a href=\"https:\/\/biblian.is\/gudbrandsbiblia\/siraksbok-44-kafli\/\"> [&#8230;]<\/a><\/p>\n","protected":false},"author":1,"featured_media":0,"parent":0,"menu_order":0,"comment_status":"open","ping_status":"open","template":"bibliukaflar.php","meta":{"footnotes":""},"class_list":["post-3732","page","type-page","status-publish","hentry"],"_links":{"self":[{"href":"https:\/\/biblian.is\/gudbrandsbiblia\/wp-json\/wp\/v2\/pages\/3732","targetHints":{"allow":["GET"]}}],"collection":[{"href":"https:\/\/biblian.is\/gudbrandsbiblia\/wp-json\/wp\/v2\/pages"}],"about":[{"href":"https:\/\/biblian.is\/gudbrandsbiblia\/wp-json\/wp\/v2\/types\/page"}],"author":[{"embeddable":true,"href":"https:\/\/biblian.is\/gudbrandsbiblia\/wp-json\/wp\/v2\/users\/1"}],"replies":[{"embeddable":true,"href":"https:\/\/biblian.is\/gudbrandsbiblia\/wp-json\/wp\/v2\/comments?post=3732"}],"version-history":[{"count":0,"href":"https:\/\/biblian.is\/gudbrandsbiblia\/wp-json\/wp\/v2\/pages\/3732\/revisions"}],"wp:attachment":[{"href":"https:\/\/biblian.is\/gudbrandsbiblia\/wp-json\/wp\/v2\/media?parent=3732"}],"curies":[{"name":"wp","href":"https:\/\/api.w.org\/{rel}","templated":true}]}}