{"id":3731,"date":"2017-12-18T18:34:32","date_gmt":"2017-12-18T18:34:32","guid":{"rendered":"http:\/\/biblian.is\/gudbrandsbiblia\/siraksbok-43-kafli\/"},"modified":"2017-12-18T18:34:32","modified_gmt":"2017-12-18T18:34:32","slug":"siraksbok-43-kafli","status":"publish","type":"page","link":"https:\/\/biblian.is\/gudbrandsbiblia\/siraksbok-43-kafli\/","title":{"rendered":"S\u00edraksb\u00f3k 43. kafli"},"content":{"rendered":"<p>XLIII.<\/p>\n<p>N\u00fa vil eg pr\u00edsa verk Drottins og \u00fat af heilagri skrift bo\u00f0a hans verk sem eg hefi \u00feau lesi\u00f0.  <span class=\"athugasemd\" title=\"\u00deakkargj\u00f6r\u00f0 fyrir skepnunar\">[<\/span><\/p>\n<p>\tS\u00f3lin gefur lj\u00f3si\u00f0 allri ver\u00f6ld og hennar lj\u00f3s er \u00fea\u00f0 sk\u00e6rasta lj\u00f3s. <span class=\"athugasemd\" title=\"S\u00f3lin\">[<\/span><\/p>\n<p>\t\u00dea\u00f0 hefur og enn helgum m\u00f6nnum aldrei gefi\u00f0 veri\u00f0 af Drottni a\u00f0 \u00feeir kynni allar hans d\u00e1semdir \u00fat a\u00f0 segja \u00fev\u00ed a\u00f0 Drottinn alm\u00e1ttigur hefur \u00fe\u00e6r so miklar gj\u00f6rt og allir hlutir eru so mikillega eftir \u00feeirra ver\u00f0ugleik lofandi.<\/p>\n<p>\tHann alleina rannsakar undirdj\u00fapi\u00f0 og hj\u00f6rtun mannanna og veit hva\u00f0 \u00feeir hugsa. \u00dev\u00ed a\u00f0 Drottinn veit alla hluti og s\u00e9r \u00e1 hverjum t\u00edma hver hlutur ske skal. Hann bo\u00f0ar hva\u00f0 umli\u00f0i\u00f0 er og \u00f3komandi og opinberar hva\u00f0 leynt er. Hann skilur allan heimugleik og honum er ekkert efni duli\u00f0. Hann au\u00f0s\u00fdnir s\u00edna miklu speki d\u00fdr\u00f0arlega og hann er fr\u00e1 eil\u00edf\u00f0 til eil\u00edf\u00f0ar. Menn kunna hann hverki a\u00f0 gj\u00f6ra st\u00e6rra n\u00e9 minna og hann \u00fearf einskis r\u00e1\u00f0.<\/p>\n<p>\tHva\u00f0 elskuleg a\u00f0 eru \u00f6ll hans verk \u00fe\u00f3tt a\u00f0 menn eigi utan einn neista \u00fear \u00fat af \u00feekkja kunni! \u00deau lifa jafnan og bl\u00edfi \u00e6t\u00ed\u00f0 og hvar til sem hann \u00feeirra \u00fearf \u00fe\u00e1 eru \u00feau \u00f6ll hl\u00fd\u00f0in. \u00deau eru jafnan tv\u00f6 \u00ed m\u00f3ts vi\u00f0 tv\u00f6 og eitt \u00ed m\u00f3ti einu og hva\u00f0 hann gj\u00f6rir \u00fear er enginn brestur \u00e1 og hefur s\u00e9rhva\u00f0 tilsett hvar til \u00fea\u00f0 skal s\u00e9rdeilis nytsamlegt vera.<\/p>\n<p>\tOg hver kann sig af hans d\u00fdr\u00f0 saddan a\u00f0 sj\u00e1? Menn sj\u00e1 hans d\u00fdr\u00f0 af \u00feeirri megtugu miklu h\u00e6\u00f0 \u00e1 \u00feeirri kl\u00e1ru festing himinsins \u00e1 \u00feeim fagra himni. <span class=\"athugasemd\" title=\"Festingarhiminn\">[<\/span><\/p>\n<p>\t\u00deegar s\u00f3lin kemur upp so bo\u00f0ar h\u00fan daginn. <span class=\"athugasemd\" title=\"S\u00f3lin\">[<\/span> H\u00fan er eitt d\u00e1semdarverk Hins h\u00e6sta. Um mi\u00f0degi \u00feurrkar h\u00fan j\u00f6r\u00f0ina og hver kann fyrir hennar hita a\u00f0 standa? H\u00fan gj\u00f6rir heitara en margir ofnar og brennir fj\u00f6llin og bl\u00e6s fr\u00e1 s\u00e9r einum saman hitanum og gefur af s\u00e9r sl\u00edka sk\u00e6ra geisla a\u00f0 h\u00fan blindar augun. \u00dea\u00f0 hl\u00fdtur a\u00f0 vera einn mikill herra sem hana hefur gj\u00f6rt og henni hefur skipa\u00f0 so hart a\u00f0 hlaupa.<\/p>\n<p>\tOg tungli\u00f0 hl\u00fdtur um alla ver\u00f6ldina a\u00f0 sk\u00edna \u00ed sinn t\u00edma og m\u00e1nu\u00f0ina \u00ed sundur a\u00f0 greina og \u00e1rinu \u00fat a\u00f0 skipta. <span class=\"athugasemd\" title=\"Tungli\u00f0\">[<\/span> Eftir tunglinu reikna menn h\u00e1t\u00ed\u00f0arh\u00f6ldin. \u00dea\u00f0 er eitt lj\u00f3s sem minnkar og aftur vex. \u00dea\u00f0 gj\u00f6rir m\u00e1nu\u00f0ina, \u00fea\u00f0 vex og umbreytist undarlega.   <\/p>\n<p>\tSo og l\u00fdsir allur himneskur her \u00ed h\u00e6\u00f0inni \u00e1 festing himinsins og \u00fe\u00e6r sk\u00e6ru stj\u00f6rnur pr\u00fd\u00f0a himininn. <span class=\"athugasemd\" title=\"Stj\u00f6rnunar\">[<\/span> So hefur Drottinn bo\u00f0i\u00f0 \u00feeim \u00ed h\u00e6\u00f0inni ver\u00f6ldina a\u00f0 uppbirta. Fyrir Gu\u00f0s or\u00f0 halda \u00fe\u00e6r sinni skikkan og \u00fereytast ekki \u00ed sinni v\u00f6ku.<\/p>\n<p>\tSko\u00f0a \u00fe\u00fa regnbogann og lofa \u00feann sem hann hefur gj\u00f6rt \u00fev\u00ed a\u00f0 hann hefur fagra litu. <span class=\"athugasemd\" title=\"Regnboginn\">[<\/span> <\/p>\n<p>\tHann hefur himininn f\u00ednlega kringl\u00f3ttan gj\u00f6rt og h\u00f6nd Hins h\u00e6\u00f0sta hefur hann \u00fatv\u00edkka\u00f0. <span class=\"athugasemd\" title=\"Himinninn\">[<\/span>  <\/p>\n<p>\tFyrir hans or\u00f0 fellur mikill snj\u00f3r og hann l\u00e6tur \u00fear undarlegar eldingar hvorar \u00ed m\u00f3ts vi\u00f0 a\u00f0rar ver\u00f0a so a\u00f0 himinninn opnast. <span class=\"athugasemd\" title=\"Snj\u00f3rinn \/ Eldingar\">[<\/span> Sk\u00fdin sveima l\u00edka sem \u00fe\u00e1 fuglar flj\u00faga, af krafti s\u00ednum gj\u00f6rir hann sk\u00fdin \u00feykk so \u00fear hr\u00fdtur hagl af. <span class=\"athugasemd\" title=\"Hagl\">[<\/span> Hans rei\u00f0ar\u00ferumur skelfa j\u00f6r\u00f0ina og fj\u00f6llin bifast fyrir honum. <span class=\"athugasemd\" title=\"Rei\u00f0ar\u00ferumur\">[<\/span><\/p>\n<p>\tFyrir hans vilja bl\u00e6s sunnanvindur og nor\u00f0anvindur og l\u00edka sem fuglar flj\u00faga so sn\u00faa s\u00e9r vindarnir og dreifa um allt snj\u00f3num a\u00f0 hann sl\u00e6r s\u00e9r \u00ed driftir l\u00edka sem \u00fe\u00e1 grashoppur falla ni\u00f0ur. <span class=\"athugasemd\" title=\"Vindur \/ Snj\u00f3r\">[<\/span> Hann er svo hv\u00edtur a\u00f0 hann blindar augun og hjarta\u00f0 hl\u00fdtur a\u00f0 undrast so sjalds\u00e9\u00f0 regn. <\/p>\n<p>\tHann dreifir h\u00e9lunni \u00e1 j\u00f6r\u00f0ina so sem salti og \u00feegar fr\u00fds so ver\u00f0a \u00edsdringlar so sem hvassir stafsoddar. <span class=\"athugasemd\" title=\"H\u00e9lan\">[<\/span> Og \u00feegar kaldur nor\u00f0anvindur bl\u00e6s so ver\u00f0ur vatni\u00f0 a\u00f0 \u00edsi. <span class=\"athugasemd\" title=\"\u00cdsinn\">[<\/span> Hvar vatn er \u00fear bl\u00e6s hann yfir og f\u00e6rir vatni\u00f0 svo sem \u00ed eina harneskju. Hann grasey\u00f0ir fj\u00f6llin og brennir ey\u00f0imerkur og visi\u00f0 gj\u00f6rir allt \u00fea\u00f0sem gr\u00e6nt er sem annar eldur. \u00dear \u00ed m\u00f3t hj\u00e1lpar dimm \u00feoka og d\u00f6gg eftir hitann, h\u00fan n\u00e6rir allt aftur.<\/p>\n<p>\tMe\u00f0 s\u00ednu or\u00f0i ver hann sj\u00f3num a\u00f0 hann sig ei \u00fatbrj\u00f3ti og hefur \u00fear eyl\u00f6nd innsett. <span class=\"athugasemd\" title=\"Hafi\u00f0\">[<\/span>  \u00deeir sem sj\u00f3fer\u00f0ast segja af hans h\u00e1ska og v\u00e9r sem heyrum \u00fea\u00f0 undrust \u00fea\u00f0. <span class=\"athugasemd\" title=\"Hafsins vindur\">[<\/span> \u00dear eru sjalds\u00e9n undur, margs konar kvikindi og hvalfiskar, millum \u00feeirra s\u00f6mu skipfer\u00f0ast menn.<\/p>\n<p>\tSnart a\u00f0 segja, fyrir hans or\u00f0 standa allir hlutir. \u00de\u00f3 v\u00e9r alla rei\u00f0u margt skr\u00f6fum \u00fe\u00e1 kunnum v\u00e9r \u00fev\u00ed \u00fe\u00f3 ekki a\u00f0 n\u00e1. Stuttlega a\u00f0 segja, hann er allt saman. \u00de\u00f3tt v\u00e9r hr\u00f3sum mj\u00f6g \u00f6llum hlutum, hva\u00f0 skal \u00fea\u00f0? \u00dev\u00ed hann er \u00fe\u00f3 miklu h\u00e6rri en \u00f6ll hans verk. Drottinn er \u00f3umr\u00e6\u00f0ilega mikill og hans m\u00e1ttur er d\u00e1samlegur. Lofi\u00f0 og d\u00fdrki\u00f0 Drottin, so miki\u00f0 sem \u00fe\u00e9r megi\u00f0, \u00fe\u00f3 er hann enn h\u00e6rri. Pr\u00edsi\u00f0 hann af \u00f6llum kr\u00f6ftum \u00e1n afl\u00e1ti, \u00fe\u00f3 munu \u00fe\u00e9r \u00fea\u00f0 ekki h\u00f6ndla\u00f0 geta. Hver hefur s\u00e9\u00f0 hann \u00fea\u00f0 hann kunni af honum a\u00f0 segja? <\/p>\n<p>\tHver kann so a\u00f0 vegsama hann sem hann er? V\u00e9r sj\u00e1um hinn minnsta part af hans verkum. \u00dev\u00ed a\u00f0 miklu fleiri eru enn fyrir oss dulin. \u00dev\u00ed a\u00f0 allt \u00fea\u00f0 sem er \u00fea hefur Drottinn gj\u00f6rt og gefur \u00fea\u00f0 gu\u00f0hr\u00e6ddum a\u00f0 vita.<\/p>\n","protected":false},"excerpt":{"rendered":"<p>XLIII. N\u00fa vil eg pr\u00edsa verk Drottins og \u00fat af heilagri skrift bo\u00f0a hans verk sem eg hefi \u00feau lesi\u00f0. [ S\u00f3lin gefur lj\u00f3si\u00f0 allri ver\u00f6ld og hennar lj\u00f3s er \u00fea\u00f0 sk\u00e6rasta lj\u00f3s. [ \u00dea\u00f0 hefur og enn helgum m\u00f6nnum aldrei gefi\u00f0 veri\u00f0 af Drottni a\u00f0 \u00feeir kynni allar hans d\u00e1semdir \u00fat a\u00f0 segja \u00fev\u00ed a\u00f0 Drottinn alm\u00e1ttigur hefur \u00fe\u00e6r so miklar gj\u00f6rt og allir hlutir eru so mikillega eftir \u00feeirra ver\u00f0ugleik lofandi. Hann alleina rannsakar undirdj\u00fapi\u00f0 og hj\u00f6rtun mannanna og veit hva\u00f0 \u00feeir hugsa. \u00dev\u00ed a\u00f0 Drottinn veit alla hluti og s\u00e9r \u00e1 hverjum t\u00edma hver hlutur ske skal. <a href=\"https:\/\/biblian.is\/gudbrandsbiblia\/siraksbok-43-kafli\/\"> [&#8230;]<\/a><\/p>\n","protected":false},"author":1,"featured_media":0,"parent":0,"menu_order":0,"comment_status":"open","ping_status":"open","template":"bibliukaflar.php","meta":{"footnotes":""},"class_list":["post-3731","page","type-page","status-publish","hentry"],"_links":{"self":[{"href":"https:\/\/biblian.is\/gudbrandsbiblia\/wp-json\/wp\/v2\/pages\/3731","targetHints":{"allow":["GET"]}}],"collection":[{"href":"https:\/\/biblian.is\/gudbrandsbiblia\/wp-json\/wp\/v2\/pages"}],"about":[{"href":"https:\/\/biblian.is\/gudbrandsbiblia\/wp-json\/wp\/v2\/types\/page"}],"author":[{"embeddable":true,"href":"https:\/\/biblian.is\/gudbrandsbiblia\/wp-json\/wp\/v2\/users\/1"}],"replies":[{"embeddable":true,"href":"https:\/\/biblian.is\/gudbrandsbiblia\/wp-json\/wp\/v2\/comments?post=3731"}],"version-history":[{"count":0,"href":"https:\/\/biblian.is\/gudbrandsbiblia\/wp-json\/wp\/v2\/pages\/3731\/revisions"}],"wp:attachment":[{"href":"https:\/\/biblian.is\/gudbrandsbiblia\/wp-json\/wp\/v2\/media?parent=3731"}],"curies":[{"name":"wp","href":"https:\/\/api.w.org\/{rel}","templated":true}]}}