{"id":3730,"date":"2017-12-18T18:34:32","date_gmt":"2017-12-18T18:34:32","guid":{"rendered":"http:\/\/biblian.is\/gudbrandsbiblia\/siraksbok-42-kafli\/"},"modified":"2017-12-18T18:34:32","modified_gmt":"2017-12-18T18:34:32","slug":"siraksbok-42-kafli","status":"publish","type":"page","link":"https:\/\/biblian.is\/gudbrandsbiblia\/siraksbok-42-kafli\/","title":{"rendered":"S\u00edraksb\u00f3k 42. kafli"},"content":{"rendered":"<p>XLII.<\/p>\n<p>B\u00f6rn \u00f3gu\u00f0legra manna og \u00feeir sig samlaga vi\u00f0 \u00f3gu\u00f0r\u00e6ka ver\u00f0a ekki utan sv\u00edvir\u00f0ing. <span class=\"athugasemd\" title=\"\u00d3gu\u00f0r\u00e6kinna manna b\u00f6rn\">[<\/span><\/p>\n<p>\t\u00d3gu\u00f0r\u00e6kinna barna arfag\u00f3ss fyrirferst og \u00feeirra eftirkomendur hlj\u00f3ta forsm\u00e1\u00f0ir a\u00f0 ver\u00f0a.<\/p>\n<p>\tB\u00f6rnin hlj\u00f3ta a\u00f0 \u00e1saka sinn \u00f3gu\u00f0r\u00e6kinn f\u00f6\u00f0ur \u00fev\u00ed a\u00f0 fyrir hans skuld eru \u00feau for\u00f6ktu\u00f0.<\/p>\n<p>\tVei y\u00f0ur \u00f3gu\u00f0legum sem forl\u00e1ti\u00f0 l\u00f6gm\u00e1l Hins h\u00e6\u00f0sta! Hvert heldur \u00fe\u00e9r lifi\u00f0 e\u00f0ur deyi\u00f0 so eru \u00fe\u00e9r b\u00f6lva\u00f0ir.<\/p>\n<p>\tL\u00edka sem allt \u00fea\u00f0 er kemur af j\u00f6r\u00f0unni aftur a\u00f0 n\u00fdju a\u00f0 j\u00f6r\u00f0u ver\u00f0ur so koma \u00f3gu\u00f0hr\u00e6ddir af b\u00f6lvan til fyrird\u00e6mingarinnar.<\/p>\n<p>\tM\u00f3tgang manns (m\u00e1 vel ske) varir so lengi sem hann lifir en nafn \u00f3gu\u00f0legra hl\u00fdtur a\u00f0 afm\u00e1st \u00fev\u00ed a\u00f0 \u00fea\u00f0 dugir ekki.<\/p>\n<p>\tSj\u00e1 \u00fe\u00fa til a\u00f0 \u00fe\u00fa haldir g\u00f3\u00f0u nafni. \u00dea\u00f0 bl\u00edfur \u00f6ruggara en \u00fe\u00fasund margir f\u00e9sj\u00f3\u00f0ir.<\/p>\n<p>\tL\u00edfi\u00f0 \u00fea\u00f0 s\u00e9 so gott sem \u00fe\u00fa vill, \u00fe\u00f3 varir \u00fea\u00f0 um l\u00edtinn t\u00edma, en eitt gott nafn bl\u00edfur \u00e6vinlega.<\/p>\n<p>\tB\u00f6rn m\u00edn, n\u00e6r y\u00f0ur vel gengur sj\u00e1i\u00f0 til og bl\u00edfi\u00f0 \u00ed Gu\u00f0s \u00f3tta. Hvar fyrir skammist \u00fe\u00e9r minna or\u00f0a? Menn skammast s\u00edn oft \u00fear menn skyldu s\u00edn ekki skammast og sam\u00feykkja oft \u00fea\u00f0 ei skal sam\u00feykkjast.<\/p>\n<p>\tFa\u00f0ir og m\u00f3\u00f0ir skammist s\u00edn af h\u00f3rd\u00f3mi, einn h\u00f6f\u00f0ingi og herra af lygum, einn d\u00f3mari og r\u00e1\u00f0uneyti af rangindum, al\u00fe\u00fd\u00f0uf\u00f3lk af \u00f3hl\u00fd\u00f0ni, einn n\u00e1ungi og vinnur mein a\u00f0 gj\u00f6ra, einn n\u00e1granni a\u00f0 stela. <span class=\"athugasemd\" title=\"Hvers menn skulu skammast\">[<\/span> Skammast \u00fe\u00ed a\u00f0 \u00fe\u00fa liggur me\u00f0 \u00fe\u00ednum armleggjum yfir brau\u00f0inu \u00e1 bor\u00f0inu. Skammast \u00fe\u00edn a\u00f0 kannt ei a\u00f0 standa \u00feinn reikningsskap og ansar ekki \u00feegar mann heilsar \u00e1 \u00feig. Skammast \u00fe\u00edn eftir sk\u00e6kjum a\u00f0 l\u00edta og \u00feinni \u00e1sj\u00f3nu fr\u00e1 \u00fe\u00e9r skyldum manni a\u00f0 sn\u00faa. Skammast \u00fe\u00edn arfskipti og morgungj\u00f6f fr\u00e1 a\u00f0 taka annars manns eiginkonu a\u00f0 girnast. Skammast \u00fe\u00fa \u00fe\u00edn annars amb\u00e1tt a\u00f0 girnast og vi\u00f0 hennar s\u00e6ng a\u00f0 standa. Skammst \u00fe\u00fa \u00fe\u00ednum vin um nokku\u00f0 a\u00f0 br\u00edgsla og n\u00e6r \u00fe\u00fa gefur honum nokku\u00f0 so tel \u00fea\u00f0 ekki eftir honum. Skammast \u00fe\u00fa \u00fe\u00edn eftir a\u00f0 segja allt \u00fea\u00f0 \u00fe\u00fa heyrt hefur og a\u00f0 opinbera leynilegt tr\u00fana\u00f0arm\u00e1l. So skammast \u00fe\u00fa \u00fe\u00edn r\u00e9ttilega og ver\u00f0ur \u00f6llum m\u00f6nnum lj\u00fafur og vel virtur.<\/p>\n<p>\tEn \u00feessara hluta skammast \u00fe\u00fa \u00fe\u00edn ei og gj\u00f6r fyrir einkis manns skuld rangt, sem er: L\u00f6gm\u00e1l og s\u00e1ttm\u00e1li Hins h\u00e6\u00f0sta, a\u00f0 hj\u00e1lpa \u00feeim gu\u00f0hr\u00e6dda til r\u00e9ttinda, tr\u00falega a\u00f0 h\u00f6ndla \u00feinn n\u00e1unga og f\u00e9laga, vinum arfskiptinu til a\u00f0 sn\u00faa, g\u00e6tnum a\u00f0 vera, r\u00e9ttan m\u00e6lir og vigt a\u00f0 halda, a\u00f0 vera til fri\u00f0s hvert sem \u00fe\u00fa aflar miki\u00f0 e\u00f0ur l\u00edti\u00f0, r\u00e9ttilega a\u00f0 handt\u00e9ra me\u00f0 veraldleg au\u00f0\u00e6fi \u00ed kaupi og s\u00f6lu, b\u00f6rn me\u00f0 athygli upp a\u00f0 ala, vondan \u00fer\u00e6l vel a\u00f0 str\u00fdkja, fyrir illri konu \u00fea\u00f0 \u00feitt er vel a\u00f0 geyma, fyrir hrissunars\u00f6mum h\u00f6ndum alla hluti vel a\u00f0 l\u00e6sa, hva\u00f0 mann ver\u00f0ur \u00feeim \u00ed hendur a\u00f0 f\u00e1, telja allt og vega, allt \u00fatgjald og inntekt upp a\u00f0 skrifa, \u00f3skyns\u00f6mum og heimskum a\u00f0 kenna, einnin og afg\u00f6mlu f\u00f3lki, a\u00f0 eila ei vi\u00f0 ungmenni. <span class=\"athugasemd\" title=\"Hvers menn skulu eigi skammast\">[<\/span> Svo ver\u00f0ur \u00fe\u00fa snarlega vel skikka\u00f0ur ma\u00f0ur og af \u00f6llum lofa\u00f0ur.  <\/p>\n<p>\tEin d\u00f3ttir s\u00fa \u00f3gefin er h\u00fan gj\u00f6rir f\u00f6\u00f0urnum miklar v\u00f6kur og \u00e1hyggja fyrir henni sviptir hann miklum svefni. <span class=\"athugasemd\" title=\"D\u00e6tur\">[<\/span> \u00c1 me\u00f0an h\u00fan er ung a\u00f0 h\u00fan megi ver\u00f0a g\u00f6mul og \u00feegar h\u00fan giftist a\u00f0 hennar ma\u00f0ur megi henni gramur ver\u00f0a, e\u00f0ur \u00e1 me\u00f0an h\u00fan heldur meyd\u00f3minum a\u00f0 h\u00fan megi ver\u00f0a sk\u00f6mmu\u00f0 og \u00ed s\u00edns f\u00f6\u00f0urs h\u00fasi \u00f3l\u00e9tt, e\u00f0ur \u00feegar h\u00fan er hj\u00e1 manni megi h\u00fan sig ekki vel halda e\u00f0ur hann kunni eigi b\u00f6rn vi\u00f0 henni a\u00f0 eiga.<\/p>\n<p>\tL\u00edt ekki \u00ed kringum \u00feig eftir fr\u00ed\u00f0um kvenmanni og vert ekki so gjarna hj\u00e1 konum. \u00dev\u00ed a\u00f0 l\u00edka sem \u00far kl\u00e6\u00f0unum kemur motti so kemur og af konunum miki\u00f0 illt. H\u00e1skalausara er a\u00f0 vera hj\u00e1 illum manni en hj\u00e1 vinsamlegri konu sem gj\u00f6rir manni h\u00e1\u00f0ung og spott.<\/p>\n","protected":false},"excerpt":{"rendered":"<p>XLII. B\u00f6rn \u00f3gu\u00f0legra manna og \u00feeir sig samlaga vi\u00f0 \u00f3gu\u00f0r\u00e6ka ver\u00f0a ekki utan sv\u00edvir\u00f0ing. [ \u00d3gu\u00f0r\u00e6kinna barna arfag\u00f3ss fyrirferst og \u00feeirra eftirkomendur hlj\u00f3ta forsm\u00e1\u00f0ir a\u00f0 ver\u00f0a. B\u00f6rnin hlj\u00f3ta a\u00f0 \u00e1saka sinn \u00f3gu\u00f0r\u00e6kinn f\u00f6\u00f0ur \u00fev\u00ed a\u00f0 fyrir hans skuld eru \u00feau for\u00f6ktu\u00f0. Vei y\u00f0ur \u00f3gu\u00f0legum sem forl\u00e1ti\u00f0 l\u00f6gm\u00e1l Hins h\u00e6\u00f0sta! Hvert heldur \u00fe\u00e9r lifi\u00f0 e\u00f0ur deyi\u00f0 so eru \u00fe\u00e9r b\u00f6lva\u00f0ir. L\u00edka sem allt \u00fea\u00f0 er kemur af j\u00f6r\u00f0unni aftur a\u00f0 n\u00fdju a\u00f0 j\u00f6r\u00f0u ver\u00f0ur so koma \u00f3gu\u00f0hr\u00e6ddir af b\u00f6lvan til fyrird\u00e6mingarinnar. M\u00f3tgang manns (m\u00e1 vel ske) varir so lengi sem hann lifir en nafn \u00f3gu\u00f0legra hl\u00fdtur a\u00f0 afm\u00e1st \u00fev\u00ed a\u00f0 \u00fea\u00f0 <a href=\"https:\/\/biblian.is\/gudbrandsbiblia\/siraksbok-42-kafli\/\"> [&#8230;]<\/a><\/p>\n","protected":false},"author":1,"featured_media":0,"parent":0,"menu_order":0,"comment_status":"open","ping_status":"open","template":"bibliukaflar.php","meta":{"footnotes":""},"class_list":["post-3730","page","type-page","status-publish","hentry"],"_links":{"self":[{"href":"https:\/\/biblian.is\/gudbrandsbiblia\/wp-json\/wp\/v2\/pages\/3730","targetHints":{"allow":["GET"]}}],"collection":[{"href":"https:\/\/biblian.is\/gudbrandsbiblia\/wp-json\/wp\/v2\/pages"}],"about":[{"href":"https:\/\/biblian.is\/gudbrandsbiblia\/wp-json\/wp\/v2\/types\/page"}],"author":[{"embeddable":true,"href":"https:\/\/biblian.is\/gudbrandsbiblia\/wp-json\/wp\/v2\/users\/1"}],"replies":[{"embeddable":true,"href":"https:\/\/biblian.is\/gudbrandsbiblia\/wp-json\/wp\/v2\/comments?post=3730"}],"version-history":[{"count":0,"href":"https:\/\/biblian.is\/gudbrandsbiblia\/wp-json\/wp\/v2\/pages\/3730\/revisions"}],"wp:attachment":[{"href":"https:\/\/biblian.is\/gudbrandsbiblia\/wp-json\/wp\/v2\/media?parent=3730"}],"curies":[{"name":"wp","href":"https:\/\/api.w.org\/{rel}","templated":true}]}}