{"id":3726,"date":"2017-12-18T18:34:32","date_gmt":"2017-12-18T18:34:32","guid":{"rendered":"http:\/\/biblian.is\/gudbrandsbiblia\/siraksbok-38-kafli\/"},"modified":"2017-12-18T18:34:32","modified_gmt":"2017-12-18T18:34:32","slug":"siraksbok-38-kafli","status":"publish","type":"page","link":"https:\/\/biblian.is\/gudbrandsbiblia\/siraksbok-38-kafli\/","title":{"rendered":"S\u00edraksb\u00f3k 38. kafli"},"content":{"rendered":"<p>XXXVIII.<\/p>\n<p>Son minn, pr\u00f3fa hva\u00f0 heiln\u00e6mt er \u00fe\u00ednu l\u00edfi og sj\u00e1 hva\u00f0 \u00fev\u00ed er \u00f3heiln\u00e6mt, \u00fea\u00f0 gef \u00fev\u00ed ekki. \u00dev\u00ed a\u00f0 alls konar \u00fe\u00e9nar ekki hverjum manni, so hentar eigi hverjum manni alls kyns.<\/p>\n<p>\tOffyll \u00feig eigi af alls konar neyslulegri f\u00e6\u00f0u og neyttu ekki gr\u00e1\u00f0uglega \u00fev\u00ed a\u00f0 miki\u00f0 \u00e1t gj\u00f6rir sj\u00fakleik og \u00f3se\u00f0janlegur \u00e1tma\u00f0ur f\u00e6r innant\u00f6kur. <span class=\"athugasemd\" title=\"Sparn\u00fdtni\">[<\/span><\/p>\n<p>\tMargir hafa sig til dau\u00f0s eti\u00f0 en s\u00e1 sem h\u00f3flega etur lifir \u00feess lengur.<\/p>\n<p>\tHei\u00f0ra l\u00e6knarann me\u00f0 tilheyrilegum hei\u00f0ri so \u00fe\u00fa hafir hann \u00fe\u00e9r v\u00edsan \u00ed nau\u00f0syn. <span class=\"athugasemd\" title=\"L\u00e6knarann\">[<\/span> \u00dev\u00ed a\u00f0 Drottinn hefur skapa\u00f0 hann og l\u00e6kningslistin kemur af Hinum h\u00e6sta og konungarnir hei\u00f0ra hann. Listin l\u00e6knisins upphefur hann og gj\u00f6rir hann mikinn hj\u00e1 h\u00f6f\u00f0ingjum og herrum.<\/p>\n<p>\tDrottinn l\u00e6tur l\u00e6kningina af j\u00f6r\u00f0unni vaxa og einn skynsamur ma\u00f0ur foraktar hana ekki. Var\u00f0 \u00fe\u00f3 \u00fea\u00f0 beiska vatni\u00f0 s\u00e6tt af einu tr\u00e9 so a\u00f0 menn skyldu kenna hans kraft. Og hann hefur sl\u00edka list m\u00f6nnum gefi\u00f0 so a\u00f0 hann ver\u00f0i d\u00fdrka\u00f0ur fyrir s\u00ednar d\u00e1semdir. \u00dear l\u00e6knar hann me\u00f0 og minnkar s\u00e1rindin og smyrslamakarinn gj\u00f6rir \u00fear af l\u00e6knislyf. Sn\u00f6ggt a\u00f0 segja: Gu\u00f0s verk kunna menn eigi \u00f6ll a\u00f0 greina og hann gefur allt \u00fea\u00f0 gott sem \u00e1 j\u00f6r\u00f0unni er.<\/p>\n<p>\tSon minn, fyrirl\u00edt \u00feig ekki \u00fe\u00e1 \u00fe\u00fa ert sj\u00fakur. <span class=\"athugasemd\" title=\"Hvernin menn skuli s\u00e9r heg\u00f0a \u00ed krankleika\">[<\/span> Bi\u00f0 \u00fe\u00fa heldur Drottin, \u00fe\u00e1 mun hann l\u00e6kna \u00feig. <span class=\"athugasemd\" title=\"a L\u00e1ttu) \/ \u00dea\u00f0 er, gj\u00f6r fyrst i\u00f0ran, \u00fear n\u00e6st l\u00e1ttu bi\u00f0ja fyrir \u00fe\u00e9r, \u00ed \u00feri\u00f0ja m\u00e1ta neyttu l\u00e6knisins\">[<\/span> L\u00e1ttu af syndum og gj\u00f6r hendur \u00fe\u00ednar \u00f3straffanlegar og hreinsa hjarta \u00feitt af allri misgj\u00f6r\u00f0. Offra s\u00e6tan ilm og hveitissalla til minnisf\u00f3rnar og gef \u00fe\u00fa feita f\u00f3rn r\u00e9tt sem eigir \u00fe\u00fa \u00fe\u00e1 h\u00e9\u00f0an. S\u00ed\u00f0an l\u00e1ttu l\u00e6knarann koma til \u00fe\u00edn. \u00dev\u00ed a\u00f0 Drottinn hefur skapa\u00f0 hann og l\u00e1t hann eigi burt fr\u00e1 \u00fe\u00e9r me\u00f0an \u00fe\u00fa \u00fearft hans vi\u00f0.<\/p>\n<p>\tS\u00fa stund kann koma a\u00f0 hinum sj\u00faka alleina fyrir hinna hj\u00e1lp veitist \u00feegar \u00feeir bi\u00f0ja Drottin a\u00f0 hann skuli batna og s\u00e1 heilbrig\u00f0i lengur a\u00f0 lifa.<\/p>\n<p>\tHver hann syndgast fyrir s\u00ednum skapara s\u00e1 hl\u00fdtur undir l\u00e6knarans hendur a\u00f0 koma.<\/p>\n<p>\tSon minn, \u00feegar nokkur andast so gr\u00e1t \u00fe\u00fa hann og harma sem \u00fe\u00e9r hafi miki\u00f0 \u00e1 m\u00f3ti gengi\u00f0 og sveipa hans l\u00edkama eftir venjulegum h\u00e6tti og veit honum \u00e6rlegan gr\u00f6ft. <span class=\"athugasemd\" title=\"Sorg eftir \u00fe\u00e1 framli\u00f0nu\">[<\/span> \u00de\u00fa skalt beisklega gr\u00e1ta og af hjarta hryggur vera og bera harm eftir \u00fev\u00ed sem hann hefur veri\u00f0 hi\u00f0 allra minnsta einn dag e\u00f0ur tvo so a\u00f0 menn megi ekki neitt vont til \u00fe\u00edn leggja. Og hugga \u00feig einnin aftur svo a\u00f0 \u00fe\u00fa hryggist ekki \u00fev\u00ed a\u00f0 af hrygg\u00f0 kemur dau\u00f0i og hjartans hrygg\u00f0 minnkar m\u00e1ttinn.<\/p>\n<p>\tHrygg\u00f0 og f\u00e1t\u00e6kt gj\u00f6rir angur \u00ed hjartanu \u00ed freistninni og <span class=\"athugasemd\" title=\"b Yfirgengur) \/ \u00dea\u00f0 er, hefur \u00f6ngvan m\u00e1ta\">[<\/span> yfirgengur.<\/p>\n<p>\tL\u00e1t hrygg\u00f0ina eigi koma \u00ed \u00feitt hjarta heldur hrind \u00fe\u00fa henni fr\u00e1 \u00fe\u00e9r og hugsa \u00e1 <span class=\"athugasemd\" title=\"c Endann) \/ Svo sem gj\u00f6r\u00f0i Dav\u00ed\u00f0 yfir s\u00ednu barni og sag\u00f0i: &#8222;Eg hl\u00fdt til hans a\u00f0 fara, hann hverfur ei aftur til m\u00edn.&#8220; M\u00e9r \u00ed g\u00e6r, \u00fe\u00e9r \u00ed dag.\">[<\/span> endann og gleym \u00fev\u00ed eigi \u00fev\u00ed \u00fear er ekki afturhvarf, \u00fea\u00f0 hj\u00e1lpar honum eigi og \u00fe\u00fa gj\u00f6rir \u00fe\u00e9r ska\u00f0a. Hugsa til hans: L\u00edka sem hann hefur d\u00e1i\u00f0 so hl\u00fdtur \u00fe\u00fa a\u00f0 deyja. \u00cd g\u00e6r var \u00fea\u00f0 \u00e1 m\u00e9r, \u00ed dag er \u00fea\u00f0 \u00e1 \u00fe\u00e9r.<\/p>\n<p>\t\u00c1 me\u00f0an s\u00e1 dau\u00f0i liggur \u00ed hv\u00edld so gef \u00fe\u00fa einnin upp til hans a\u00f0 hugsa og hugga \u00feig aftur yfir honum fyrst hans \u00f6nd er h\u00e9\u00f0an vi\u00f0 skilin.<\/p>\n","protected":false},"excerpt":{"rendered":"<p>XXXVIII. Son minn, pr\u00f3fa hva\u00f0 heiln\u00e6mt er \u00fe\u00ednu l\u00edfi og sj\u00e1 hva\u00f0 \u00fev\u00ed er \u00f3heiln\u00e6mt, \u00fea\u00f0 gef \u00fev\u00ed ekki. \u00dev\u00ed a\u00f0 alls konar \u00fe\u00e9nar ekki hverjum manni, so hentar eigi hverjum manni alls kyns. Offyll \u00feig eigi af alls konar neyslulegri f\u00e6\u00f0u og neyttu ekki gr\u00e1\u00f0uglega \u00fev\u00ed a\u00f0 miki\u00f0 \u00e1t gj\u00f6rir sj\u00fakleik og \u00f3se\u00f0janlegur \u00e1tma\u00f0ur f\u00e6r innant\u00f6kur. [ Margir hafa sig til dau\u00f0s eti\u00f0 en s\u00e1 sem h\u00f3flega etur lifir \u00feess lengur. Hei\u00f0ra l\u00e6knarann me\u00f0 tilheyrilegum hei\u00f0ri so \u00fe\u00fa hafir hann \u00fe\u00e9r v\u00edsan \u00ed nau\u00f0syn. [ \u00dev\u00ed a\u00f0 Drottinn hefur skapa\u00f0 hann og l\u00e6kningslistin kemur af Hinum h\u00e6sta og konungarnir <a href=\"https:\/\/biblian.is\/gudbrandsbiblia\/siraksbok-38-kafli\/\"> [&#8230;]<\/a><\/p>\n","protected":false},"author":1,"featured_media":0,"parent":0,"menu_order":0,"comment_status":"open","ping_status":"open","template":"bibliukaflar.php","meta":{"footnotes":""},"class_list":["post-3726","page","type-page","status-publish","hentry"],"_links":{"self":[{"href":"https:\/\/biblian.is\/gudbrandsbiblia\/wp-json\/wp\/v2\/pages\/3726","targetHints":{"allow":["GET"]}}],"collection":[{"href":"https:\/\/biblian.is\/gudbrandsbiblia\/wp-json\/wp\/v2\/pages"}],"about":[{"href":"https:\/\/biblian.is\/gudbrandsbiblia\/wp-json\/wp\/v2\/types\/page"}],"author":[{"embeddable":true,"href":"https:\/\/biblian.is\/gudbrandsbiblia\/wp-json\/wp\/v2\/users\/1"}],"replies":[{"embeddable":true,"href":"https:\/\/biblian.is\/gudbrandsbiblia\/wp-json\/wp\/v2\/comments?post=3726"}],"version-history":[{"count":0,"href":"https:\/\/biblian.is\/gudbrandsbiblia\/wp-json\/wp\/v2\/pages\/3726\/revisions"}],"wp:attachment":[{"href":"https:\/\/biblian.is\/gudbrandsbiblia\/wp-json\/wp\/v2\/media?parent=3726"}],"curies":[{"name":"wp","href":"https:\/\/api.w.org\/{rel}","templated":true}]}}