{"id":3724,"date":"2017-12-18T18:34:32","date_gmt":"2017-12-18T18:34:32","guid":{"rendered":"http:\/\/biblian.is\/gudbrandsbiblia\/siraksbok-36-kafli\/"},"modified":"2017-12-18T18:34:32","modified_gmt":"2017-12-18T18:34:32","slug":"siraksbok-36-kafli","status":"publish","type":"page","link":"https:\/\/biblian.is\/gudbrandsbiblia\/siraksbok-36-kafli\/","title":{"rendered":"S\u00edraksb\u00f3k 36. kafli"},"content":{"rendered":"<p>XXXVI.<\/p>\n<p>Alm\u00e1ttugur Gu\u00f0 Drottinn, miskunna \u00fe\u00fa oss. <span class=\"athugasemd\" title=\"\u00c1g\u00e6t b\u00e6n\">[<\/span> L\u00edt til vor og skelf allar \u00fej\u00f3\u00f0ir \u00fe\u00e6r \u00fe\u00edn ei leita. Upphef \u00fe\u00edna h\u00f6nd yfir \u00fe\u00e1 inu annarlegu a\u00f0 \u00feeir sj\u00e1i \u00fe\u00edna magt, l\u00edka so sem fyrir \u00feeirra augum \u00fe\u00fa hj\u00e1 oss helga\u00f0ur ver\u00f0ur. So tj\u00e1 \u00fe\u00fa \u00feig herlegan \u00e1 \u00feeim fyrir vorum augum so a\u00f0 \u00feeir vi\u00f0urkenni l\u00edka sem v\u00e9r vi\u00f0urkennum a\u00f0 engi er annar Gu\u00f0 en \u00fe\u00fa Drottinn alleina. Gj\u00f6r n\u00fd t\u00e1kn og n\u00fd st\u00f3rmerki, au\u00f0s\u00fdn \u00fe\u00edna h\u00f6nd og \u00feinn h\u00e6gra arm d\u00fdr\u00f0legan. Uppvek grimmdina og \u00fathell rei\u00f0inni, snara \u00ed burt m\u00f3tstandaranum og sundurmer \u00fe\u00fa \u00f3vininn og fl\u00fdt \u00fe\u00e9r \u00fear me\u00f0 og minnstu \u00e1 \u00fe\u00edn s\u00e6ri so a\u00f0 menn pr\u00edsi \u00fe\u00ednar d\u00e1semdir. Rei\u00f0i logans svelgi \u00fe\u00e1 sem svo athugalausir lifa og a\u00f0 \u00feeir sem \u00fe\u00ednu f\u00f3lki mein gj\u00f6ra hlj\u00f3ti a\u00f0 fyrirfarast. Sundurmola h\u00f6fu\u00f0 h\u00f6f\u00f0ingjanna sem eru vorir \u00f3vinir og segja: &#8222;V\u00e9r erum <span class=\"athugasemd\" title=\"a \/ Alleina) \/ Gu\u00f0 er ekkert\">[<\/span> alleina.&#8220;<\/p>\n<p>\tSamansafna \u00f6llum \u00e6ttkv\u00edslum Jakobs og l\u00e1t \u00fe\u00e6r vera \u00fe\u00edna erf\u00f0, l\u00edka sem af upphafi. Miskunna \u00fe\u00fa l\u00fd\u00f0 \u00fe\u00ednum, \u00feeim af \u00fe\u00e9r hefur nafn, og \u00cdsrael, \u00feann \u00fe\u00fa kallar \u00feinn frumgetinn son. Miskunna \u00fe\u00fa borginni Jer\u00fasalem \u00fear \u00feinn helgid\u00f3mur er og \u00fear \u00fe\u00fa b\u00fdr. Reis \u00fe\u00fa S\u00edon upp aftur svo a\u00f0 \u00ed \u00feeim sama sta\u00f0 \u00feitt or\u00f0 a\u00f0 n\u00fdju upp gangi, a\u00f0 \u00fe\u00edn d\u00fdr\u00f0 \u00e1 me\u00f0al l\u00fd\u00f0sins ver\u00f0i mikil. Birt \u00feig vi\u00f0 \u00fe\u00e1 sem veri\u00f0 hafa fr\u00e1 upphafi \u00fe\u00edn eigin eign og uppfyll \u00fe\u00e6r sp\u00e1s\u00f6gur sem \u00ed \u00fe\u00ednu nafni bo\u00f0a\u00f0ar eru. Gjald \u00fe\u00fa \u00feeim \u00f6mbun sem upp \u00e1 \u00feig v\u00e6nta svo a\u00f0 sp\u00e1menn \u00fe\u00ednir finnist sannor\u00f0ir. Heyr \u00fe\u00fa, Drottinn, b\u00e6nir \u00feeirra er \u00feig \u00e1kalla eftir blessan <span class=\"athugasemd\" title=\"b \/ Aarons) \/ So sem stendur Numeri vi. a\u00f0 \u00feeir skyldu blessa l\u00fd\u00f0inn \u00ed Gu\u00f0s nafni\">[<\/span> Aarons yfir \u00feinn l\u00fd\u00f0 so a\u00f0 allir \u00feeir sem \u00e1 j\u00f6r\u00f0u byggja vi\u00f0urkenni a\u00f0 \u00fe\u00fa, Drottinn, ert eil\u00edfur Gu\u00f0.<\/p>\n","protected":false},"excerpt":{"rendered":"<p>XXXVI. Alm\u00e1ttugur Gu\u00f0 Drottinn, miskunna \u00fe\u00fa oss. [ L\u00edt til vor og skelf allar \u00fej\u00f3\u00f0ir \u00fe\u00e6r \u00fe\u00edn ei leita. Upphef \u00fe\u00edna h\u00f6nd yfir \u00fe\u00e1 inu annarlegu a\u00f0 \u00feeir sj\u00e1i \u00fe\u00edna magt, l\u00edka so sem fyrir \u00feeirra augum \u00fe\u00fa hj\u00e1 oss helga\u00f0ur ver\u00f0ur. So tj\u00e1 \u00fe\u00fa \u00feig herlegan \u00e1 \u00feeim fyrir vorum augum so a\u00f0 \u00feeir vi\u00f0urkenni l\u00edka sem v\u00e9r vi\u00f0urkennum a\u00f0 engi er annar Gu\u00f0 en \u00fe\u00fa Drottinn alleina. Gj\u00f6r n\u00fd t\u00e1kn og n\u00fd st\u00f3rmerki, au\u00f0s\u00fdn \u00fe\u00edna h\u00f6nd og \u00feinn h\u00e6gra arm d\u00fdr\u00f0legan. Uppvek grimmdina og \u00fathell rei\u00f0inni, snara \u00ed burt m\u00f3tstandaranum og sundurmer \u00fe\u00fa \u00f3vininn og fl\u00fdt \u00fe\u00e9r \u00fear <a href=\"https:\/\/biblian.is\/gudbrandsbiblia\/siraksbok-36-kafli\/\"> [&#8230;]<\/a><\/p>\n","protected":false},"author":1,"featured_media":0,"parent":0,"menu_order":0,"comment_status":"open","ping_status":"open","template":"bibliukaflar.php","meta":{"footnotes":""},"class_list":["post-3724","page","type-page","status-publish","hentry"],"_links":{"self":[{"href":"https:\/\/biblian.is\/gudbrandsbiblia\/wp-json\/wp\/v2\/pages\/3724","targetHints":{"allow":["GET"]}}],"collection":[{"href":"https:\/\/biblian.is\/gudbrandsbiblia\/wp-json\/wp\/v2\/pages"}],"about":[{"href":"https:\/\/biblian.is\/gudbrandsbiblia\/wp-json\/wp\/v2\/types\/page"}],"author":[{"embeddable":true,"href":"https:\/\/biblian.is\/gudbrandsbiblia\/wp-json\/wp\/v2\/users\/1"}],"replies":[{"embeddable":true,"href":"https:\/\/biblian.is\/gudbrandsbiblia\/wp-json\/wp\/v2\/comments?post=3724"}],"version-history":[{"count":0,"href":"https:\/\/biblian.is\/gudbrandsbiblia\/wp-json\/wp\/v2\/pages\/3724\/revisions"}],"wp:attachment":[{"href":"https:\/\/biblian.is\/gudbrandsbiblia\/wp-json\/wp\/v2\/media?parent=3724"}],"curies":[{"name":"wp","href":"https:\/\/api.w.org\/{rel}","templated":true}]}}