{"id":3722,"date":"2017-12-18T18:34:32","date_gmt":"2017-12-18T18:34:32","guid":{"rendered":"http:\/\/biblian.is\/gudbrandsbiblia\/siraksbok-34-kafli\/"},"modified":"2017-12-18T18:34:32","modified_gmt":"2017-12-18T18:34:32","slug":"siraksbok-34-kafli","status":"publish","type":"page","link":"https:\/\/biblian.is\/gudbrandsbiblia\/siraksbok-34-kafli\/","title":{"rendered":"S\u00edraksb\u00f3k 34. kafli"},"content":{"rendered":"<p>XXXIIII.<\/p>\n<p>F\u00e1visir menn sv\u00edkja sig sj\u00e1lfa me\u00f0 heimsklegri von og heimskir menn treysta upp \u00e1 drauma. <span class=\"athugasemd\" title=\"Draumar\">[<\/span><\/p>\n<p>\tHver \u00e1 draumunum tekur vara hann gr\u00edpur eftir skugganum og vill h\u00f6ndla vindinn. Draumar eru ekki utan mynd \u00e1n ath\u00e6fis. \u00dea\u00f0 <span class=\"athugasemd\" title=\"a \/ \u00d3hreint) \/ Draumarnir eru \u00f3hreinir og lygnir. Hva\u00f0 kann heilagt e\u00f0ur gott \u00ed \u00feeim a\u00f0 b\u00faa?\">[<\/span> \u00f3hreint er, hversu m\u00e1 \u00fea\u00f0 hreint vera? Og hva\u00f0 \u00f3satt er, hversu kann \u00fea\u00f0 satt a\u00f0 vera? <\/p>\n<p>\tEigin sp\u00e1d\u00f3mur, \u00fe\u00fd\u00f0ingar og draumar eru \u00f3n\u00fdtir og gj\u00f6ra \u00fe\u00f3 einum \u00feungar hugsanir. Og ef \u00feeir koma ekki fyrir innbl\u00e1stur Hins h\u00e6sta so haltu \u00fear ei \u00fat af \u00fev\u00ed a\u00f0 draumar sv\u00edkja marga menn og breg\u00f0ast \u00feeim sem \u00fear upp \u00e1 hyggja.<\/p>\n<p>\tMenn \u00feurfa \u00f6ngra lyga vi\u00f0 til \u00feess a\u00f0 menn haldi bo\u00f0or\u00f0in og Gu\u00f0s or\u00f0 m\u00e1 n\u00e6gja \u00feegar menn vilja r\u00e9tt kenna.<\/p>\n<p>\tEinn vel reyndur ma\u00f0ur skilur margt og einn vel fors\u00f3ttur mann kann af visku a\u00f0 tala. En hver \u00f3fors\u00f3ttur er hann skilur l\u00edti\u00f0 og \u00feeir villufarandi andar koma upp miklu illu.<\/p>\n<p>\t\u00deegar eg var \u00ed villunni vafinn kunni eg so margt a\u00f0 kenna og var so l\u00e6r\u00f0ur a\u00f0 eg kunni \u00fea\u00f0 eigi allt a\u00f0 segja og em oftlega \u00ed dau\u00f0ans h\u00e1ska \u00fear fyrir kominn, allt til \u00feess eg er \u00fear af frelsa\u00f0ur or\u00f0inn. N\u00fa s\u00e9 eg a\u00f0 gu\u00f0hr\u00e6ddir menn hafa r\u00e9ttilegan anda \u00fev\u00ed a\u00f0 \u00feeirra von stendur af \u00feeim sem \u00feeim kann a\u00f0 hj\u00e1lpa.<\/p>\n<p>\tHver hann \u00f3ttast Drottin \u00fearf fyrir \u00f6ngvu a\u00f0 skelfast n\u00e9 hr\u00e6ddur a\u00f0 vera \u00fev\u00ed a\u00f0 hann er hans traust. <span class=\"athugasemd\" title=\"Gu\u00f0 a\u00f0 \u00f3ttast\">[<\/span><\/p>\n<p>\tS\u00e6ll er s\u00e1 sem \u00f3ttast Drottin, upp \u00e1 hva\u00f0 forl\u00e6tur hann sig? Hver er hans styrkur? Augu Drottins sj\u00e1 yfir \u00fe\u00e1 sem hann elska. Hann er voldugur verndari, st\u00f3r styrkur og hl\u00edf\u00f0 \u00ed m\u00f3ti hitanum, ein tjaldb\u00fa\u00f0 \u00ed m\u00f3ti hita mi\u00f0dagsins, einn geymari \u00ed m\u00f3ti r\u00e1sinu, ein hj\u00e1lp \u00ed m\u00f3ti fallinu, hver af f\u00f6gnu\u00f0i fyllir hjarta\u00f0 og glatt gj\u00f6rir andliti\u00f0 og gefur heilbrig\u00f0i, l\u00edf og blessan.<\/p>\n","protected":false},"excerpt":{"rendered":"<p>XXXIIII. F\u00e1visir menn sv\u00edkja sig sj\u00e1lfa me\u00f0 heimsklegri von og heimskir menn treysta upp \u00e1 drauma. [ Hver \u00e1 draumunum tekur vara hann gr\u00edpur eftir skugganum og vill h\u00f6ndla vindinn. Draumar eru ekki utan mynd \u00e1n ath\u00e6fis. \u00dea\u00f0 [ \u00f3hreint er, hversu m\u00e1 \u00fea\u00f0 hreint vera? Og hva\u00f0 \u00f3satt er, hversu kann \u00fea\u00f0 satt a\u00f0 vera? Eigin sp\u00e1d\u00f3mur, \u00fe\u00fd\u00f0ingar og draumar eru \u00f3n\u00fdtir og gj\u00f6ra \u00fe\u00f3 einum \u00feungar hugsanir. Og ef \u00feeir koma ekki fyrir innbl\u00e1stur Hins h\u00e6sta so haltu \u00fear ei \u00fat af \u00fev\u00ed a\u00f0 draumar sv\u00edkja marga menn og breg\u00f0ast \u00feeim sem \u00fear upp \u00e1 hyggja. Menn \u00feurfa <a href=\"https:\/\/biblian.is\/gudbrandsbiblia\/siraksbok-34-kafli\/\"> [&#8230;]<\/a><\/p>\n","protected":false},"author":1,"featured_media":0,"parent":0,"menu_order":0,"comment_status":"open","ping_status":"open","template":"bibliukaflar.php","meta":{"footnotes":""},"class_list":["post-3722","page","type-page","status-publish","hentry"],"_links":{"self":[{"href":"https:\/\/biblian.is\/gudbrandsbiblia\/wp-json\/wp\/v2\/pages\/3722","targetHints":{"allow":["GET"]}}],"collection":[{"href":"https:\/\/biblian.is\/gudbrandsbiblia\/wp-json\/wp\/v2\/pages"}],"about":[{"href":"https:\/\/biblian.is\/gudbrandsbiblia\/wp-json\/wp\/v2\/types\/page"}],"author":[{"embeddable":true,"href":"https:\/\/biblian.is\/gudbrandsbiblia\/wp-json\/wp\/v2\/users\/1"}],"replies":[{"embeddable":true,"href":"https:\/\/biblian.is\/gudbrandsbiblia\/wp-json\/wp\/v2\/comments?post=3722"}],"version-history":[{"count":0,"href":"https:\/\/biblian.is\/gudbrandsbiblia\/wp-json\/wp\/v2\/pages\/3722\/revisions"}],"wp:attachment":[{"href":"https:\/\/biblian.is\/gudbrandsbiblia\/wp-json\/wp\/v2\/media?parent=3722"}],"curies":[{"name":"wp","href":"https:\/\/api.w.org\/{rel}","templated":true}]}}