{"id":3720,"date":"2017-12-18T18:34:32","date_gmt":"2017-12-18T18:34:32","guid":{"rendered":"http:\/\/biblian.is\/gudbrandsbiblia\/siraksbok-32-kafli\/"},"modified":"2017-12-18T18:34:32","modified_gmt":"2017-12-18T18:34:32","slug":"siraksbok-32-kafli","status":"publish","type":"page","link":"https:\/\/biblian.is\/gudbrandsbiblia\/siraksbok-32-kafli\/","title":{"rendered":"S\u00edraksb\u00f3k 32. kafli"},"content":{"rendered":"<p>XXXII.<\/p>\n<p>Minn son, heyr mig og forsm\u00e1 mig ei so a\u00f0 me\u00f0 seinsta ver\u00f0ir \u00fe\u00fa ekki var vi\u00f0 m\u00edn or\u00f0. Legg \u00fe\u00fa nokku\u00f0 fyrir \u00feig a\u00f0 i\u00f0ja, svo undirleggur \u00feig ekki neinn krankleiki. <span class=\"athugasemd\" title=\"Erfi\u00f0i\">[<\/span> Einn matarmildan mann lofar al\u00fe\u00fd\u00f0an og segja hann s\u00e9 \u00e6rlegur mann og sl\u00edkt er g\u00f3\u00f0ur pr\u00eds en af einum brj\u00f3stleysingi talar illt \u00f6ll bygg\u00f0in og menn segja \u00fea\u00f0 r\u00e9tt. <span class=\"athugasemd\" title=\"Matarmildi \/ T\u00edmileysi\">[<\/span> Vertu enginn v\u00ednsvelgur \u00fev\u00ed a\u00f0 v\u00edni\u00f0 fyrirkemur m\u00f6rgum. Eldurinn reynir j\u00e1rni\u00f0, svo reynir v\u00edni\u00f0 forsug hj\u00f6rtu \u00fe\u00e1 \u00feau eru drukkin.<\/p>\n<p>\tV\u00edni\u00f0 n\u00e6rir mannsins l\u00edf ef menn drekka \u00fea\u00f0 me\u00f0 h\u00f3fi og hva\u00f0a l\u00edf er \u00fea\u00f0 \u00fear sem ekkert v\u00edn er? <span class=\"athugasemd\" title=\"Ofdrykkja\">[<\/span> V\u00edn er skapa\u00f0 til \u00feess a\u00f0 \u00fea\u00f0 skal gj\u00f6ra mann gla\u00f0an og v\u00edn eftir \u00fe\u00f6rf drukki\u00f0 gle\u00f0ur l\u00edf og s\u00e1l en ef menn drekka \u00fea\u00f0 of miki\u00f0 aflar \u00fea\u00f0 hjartans trega.<\/p>\n<p>\tOfdrykkjar gj\u00f6rir galinn afglapa enn galdara a\u00f0 hann trassar og skvaldrar allt \u00fear til hann ver\u00f0ur barinn, sleginn og s\u00e6r\u00f0ur.<\/p>\n<p>\tSkammyrtu ekki \u00feinn n\u00e1unga vi\u00f0 v\u00edndrykk og veittu honum \u00f6ngva h\u00e6\u00f0ni \u00ed hans fagna\u00f0i. <span class=\"athugasemd\" title=\"H\u00e6verska \u00ed gestabo\u00f0um\">[<\/span> Gef honum engin vond or\u00f0 og gegn honum ekki me\u00f0 h\u00f6r\u00f0um or\u00f0um. Haltu \u00feig l\u00edka sem \u00feeir og heg\u00f0a \u00fe\u00e9r eftir \u00feeim, so situr \u00fe\u00fa r\u00e9tt. Gef \u00fea\u00f0 \u00fe\u00e9r ber og viljir \u00fe\u00fa og me\u00f0 sitja so a\u00f0 \u00feeir megi vi\u00f0 \u00feig gla\u00f0ir vera og \u00fe\u00fa f\u00e1ir \u00fear af hei\u00f0ur og menn kalli \u00feig si\u00f0saman og vingjarnlegan mann.<\/p>\n<p>\tHinn elsti skal tala \u00fev\u00ed a\u00f0 honum heyrir \u00fea\u00f0 sem \u00feeim e\u00f0 fors\u00f3ttur er og hindra ekki spilmennina. <span class=\"athugasemd\" title=\"Ungd\u00f3ms h\u00e6verska\">[<\/span> Og \u00fe\u00e1 menn kve\u00f0a v\u00edsur \u00fev\u00e6ttu ekki \u00fear fram \u00ed og spar \u00feinn fr\u00f3\u00f0leik til \u00feess \u00ed annan t\u00edma. So sem einn carbunculus l\u00fdsir \u00ed f\u00f6gru gulli so pr\u00fd\u00f0ir kve\u00f0skapurinn gestabo\u00f0i\u00f0. Og so sem smaragdus \u00ed f\u00f6gru gulli svo pr\u00fd\u00f0ir v\u00edsnas\u00f6ngurinn samdrykkjuna.<\/p>\n<p>\tEitt ungmenni m\u00e1 vel tala einn t\u00edma e\u00f0ur tvisvar \u00feegar honum er \u00feess \u00fe\u00f6rf og \u00fe\u00e1 menn spyrja hann skal hann segja sn\u00f6ggt fram og l\u00e1ta sem ekki viti hann margt og \u00feegi heldur og skal ei telja sig jafnan herranum og n\u00e6r aldra\u00f0ur ma\u00f0ur talar \u00fev\u00e6tti eigi \u00fear fram \u00ed.<\/p>\n<p>\tRei\u00f0ar\u00ferumur gj\u00f6ra miklar eldingar en blj\u00fagheit gj\u00f6ra st\u00f3ra hylli.<\/p>\n<p>\tStattu upp \u00ed t\u00edma og ver eigi hinn seinasti. Far \u00fe\u00fa heldur flj\u00f3tt heim og leik \u00fe\u00e9r \u00fear og gj\u00f6r hva\u00f0 \u00fe\u00fa vilt \u00fe\u00f3 so a\u00f0 \u00fe\u00fa gj\u00f6rir ekki neitt illt og deilir vi\u00f0 <span class=\"athugasemd\" title=\"a \u00f6ngvan) \/ \u00dea\u00f0 er, \u00feitt heimaf\u00f3lk og eiginkonu ei berjir\">[<\/span> \u00f6ngvan. \u00deakka heldur fyrir allt \u00feeim sem \u00feig hefur skapa\u00f0 og me\u00f0 s\u00ednum au\u00f0\u00e6fum saddan hefur.<\/p>\n","protected":false},"excerpt":{"rendered":"<p>XXXII. Minn son, heyr mig og forsm\u00e1 mig ei so a\u00f0 me\u00f0 seinsta ver\u00f0ir \u00fe\u00fa ekki var vi\u00f0 m\u00edn or\u00f0. Legg \u00fe\u00fa nokku\u00f0 fyrir \u00feig a\u00f0 i\u00f0ja, svo undirleggur \u00feig ekki neinn krankleiki. [ Einn matarmildan mann lofar al\u00fe\u00fd\u00f0an og segja hann s\u00e9 \u00e6rlegur mann og sl\u00edkt er g\u00f3\u00f0ur pr\u00eds en af einum brj\u00f3stleysingi talar illt \u00f6ll bygg\u00f0in og menn segja \u00fea\u00f0 r\u00e9tt. [ Vertu enginn v\u00ednsvelgur \u00fev\u00ed a\u00f0 v\u00edni\u00f0 fyrirkemur m\u00f6rgum. Eldurinn reynir j\u00e1rni\u00f0, svo reynir v\u00edni\u00f0 forsug hj\u00f6rtu \u00fe\u00e1 \u00feau eru drukkin. V\u00edni\u00f0 n\u00e6rir mannsins l\u00edf ef menn drekka \u00fea\u00f0 me\u00f0 h\u00f3fi og hva\u00f0a l\u00edf er \u00fea\u00f0 \u00fear <a href=\"https:\/\/biblian.is\/gudbrandsbiblia\/siraksbok-32-kafli\/\"> [&#8230;]<\/a><\/p>\n","protected":false},"author":1,"featured_media":0,"parent":0,"menu_order":0,"comment_status":"open","ping_status":"open","template":"bibliukaflar.php","meta":{"footnotes":""},"class_list":["post-3720","page","type-page","status-publish","hentry"],"_links":{"self":[{"href":"https:\/\/biblian.is\/gudbrandsbiblia\/wp-json\/wp\/v2\/pages\/3720","targetHints":{"allow":["GET"]}}],"collection":[{"href":"https:\/\/biblian.is\/gudbrandsbiblia\/wp-json\/wp\/v2\/pages"}],"about":[{"href":"https:\/\/biblian.is\/gudbrandsbiblia\/wp-json\/wp\/v2\/types\/page"}],"author":[{"embeddable":true,"href":"https:\/\/biblian.is\/gudbrandsbiblia\/wp-json\/wp\/v2\/users\/1"}],"replies":[{"embeddable":true,"href":"https:\/\/biblian.is\/gudbrandsbiblia\/wp-json\/wp\/v2\/comments?post=3720"}],"version-history":[{"count":0,"href":"https:\/\/biblian.is\/gudbrandsbiblia\/wp-json\/wp\/v2\/pages\/3720\/revisions"}],"wp:attachment":[{"href":"https:\/\/biblian.is\/gudbrandsbiblia\/wp-json\/wp\/v2\/media?parent=3720"}],"curies":[{"name":"wp","href":"https:\/\/api.w.org\/{rel}","templated":true}]}}