{"id":3718,"date":"2017-12-18T18:34:32","date_gmt":"2017-12-18T18:34:32","guid":{"rendered":"http:\/\/biblian.is\/gudbrandsbiblia\/siraksbok-30-kafli\/"},"modified":"2017-12-18T18:34:32","modified_gmt":"2017-12-18T18:34:32","slug":"siraksbok-30-kafli","status":"publish","type":"page","link":"https:\/\/biblian.is\/gudbrandsbiblia\/siraksbok-30-kafli\/","title":{"rendered":"S\u00edraksb\u00f3k 30. kafli"},"content":{"rendered":"<p>XXX.<\/p>\n<p>Hver hann elskar sitt barn s\u00e1 heldur \u00fev\u00ed jafnan undir v\u00f6ndinn so a\u00f0 hann seinna meir af \u00fev\u00ed f\u00f6gnu\u00f0 hafi. <span class=\"athugasemd\" title=\"Barnaaginn\">[<\/span><\/p>\n<p>\tHver hann heldur s\u00ednu barni undir agann s\u00e1 mun af \u00fev\u00ed gle\u00f0jast og \u00feurfa eigi \u00feess vegna s\u00edn a\u00f0 skammast hj\u00e1 s\u00ednum kunningjum.<\/p>\n<p>\tN\u00e6r e\u00f0 nokkur ma\u00f0ur r\u00e9ttilega upptyttir sitt barn \u00fea\u00f0 misl\u00edkar hans \u00f3vin og gle\u00f0ur hans vini. \u00dev\u00ed a\u00f0 \u00fe\u00f3 fa\u00f0ir hans deyi so er \u00fea\u00f0 sem hann s\u00e9 ekki dau\u00f0ur \u00fev\u00ed a\u00f0 hann hefur sinn l\u00edka eftir l\u00e1ti\u00f0. \u00de\u00e1 hann lif\u00f0i s\u00e1 hann s\u00edna lyst og haf\u00f0i f\u00f6gnu\u00f0 af honum, \u00feegar hann dey\u00f0i \u00feurfti hann ekki a\u00f0 sorga \u00fev\u00ed a\u00f0 henn hefur verndarmann eftirl\u00e1ti\u00f0 \u00ed m\u00f3ti s\u00ednum \u00f3vinum og \u00feann sem vinunum kann eftir hann a\u00f0 \u00fej\u00f3na.<\/p>\n<p>\tEn s\u00e1 hann er oflinur s\u00ednu barni hann vorkynnir \u00feess benjar og sturlast so oft sem \u00fea\u00f0 gr\u00e6tur.<\/p>\n<p>\tEitt \u00f6gunarlaust barn ver\u00f0ur \u00f3fyrirl\u00e1tsamt so sem galinn hestur.<\/p>\n<p>\tHampar \u00fe\u00fa syni \u00fe\u00ednum so hl\u00fdtur \u00fe\u00fa s\u00ed\u00f0ar meir hann a\u00f0 \u00f3ttast. Leikur \u00fe\u00fa vi\u00f0 hann so mun \u00feig \u00feess i\u00f0ra seinna meir.<\/p>\n<p>\tHl\u00e6 ekki me\u00f0 honum so \u00fe\u00fa hlj\u00f3tir me\u00f0 honum hryggur a\u00f0 vera og me\u00f0 s\u00ed\u00f0sta hlj\u00f3tir \u00fe\u00fa \u00fe\u00ednum t\u00f6nnum a\u00f0 gn\u00edsta.<\/p>\n<p>\tL\u00e1t hann ekki hafa sinn vilja \u00ed ungd\u00f3minum og afsaka ekki hans heimsku. Sveig \u00fe\u00fa hans h\u00e1ls \u00e1 me\u00f0an hann er ungur so hann ver\u00f0i \u00fe\u00e9r eigi har\u00f0sv\u00edra\u00f0ur og \u00f3hl\u00fd\u00f0inn. H\u00fd\u00f0 \u00fe\u00fa hans hrygg \u00e1 me\u00f0an hann er l\u00edtill.<\/p>\n<p>\tUndirv\u00edsa barni \u00fe\u00ednu og l\u00e1t \u00fea\u00f0 eigi i\u00f0julaust vera so \u00fe\u00fa eigi \u00feess vegna til sm\u00e1nar ver\u00f0ir. <\/p>\n<p>\t\u00dea\u00f0 er einum bera a\u00f0 hann s\u00e9 f\u00e1t\u00e6kur, hraustur og heilbrig\u00f0ur \u00fear me\u00f0 heldur en r\u00edkur og vanheill. <span class=\"athugasemd\" title=\"Heilbrig\u00f0ur l\u00edkami\">[<\/span> Heilbrig\u00f0ur og hraustur a\u00f0 vera er betra en gull og heilbrig\u00f0ur l\u00edkami betri en mikil au\u00f0\u00e6fi. Enginn r\u00edkd\u00f3mur er heilbrig\u00f0um l\u00edkama samjafnandi og enginn f\u00f6gnu\u00f0ur l\u00edkur hjartans f\u00f6gnu\u00f0i.<\/p>\n<p>\tDau\u00f0i er beri en sj\u00fakt l\u00edf e\u00f0a i\u00f0julegur krankleikur. \u00dea\u00f0 er so sem g\u00f3\u00f0ur r\u00e9ttur fyrir \u00feeim munni sem ekki getur eti\u00f0 og so sem s\u00e1 matur sem menn setja vi\u00f0 dau\u00f0s manns lei\u00f0i. \u00dev\u00ed til hvers gagns er sk\u00fargo\u00f0unum offri\u00f0? \u00deau kunna hverki a\u00f0 eta n\u00e9 \u00feefa. So er l\u00edka \u00feeim r\u00edkum manni sem Gu\u00f0 krenkir, hann s\u00e9r \u00fea\u00f0 vel me\u00f0 augunum og stynur \u00fear eftir og er so sem annar geldingur s\u00e1 er liggur hj\u00e1 einni p\u00edku og andvarpar.<\/p>\n<p>\tGj\u00f6r \u00feig sj\u00e1lfur ekki hryggvan og kvel \u00feig eigi sj\u00e1lfur me\u00f0 \u00fe\u00ednum hugrenningum. <span class=\"athugasemd\" title=\"Sorg skal mann for\u00f0ast\">[<\/span> \u00dev\u00ed a\u00f0 glatt hjarta er mannsins l\u00edf og \u00feess f\u00f6gnu\u00f0ur er hans langl\u00edfi. Gj\u00f6r vel vi\u00f0 \u00feig og hugga \u00feitt hjarta og rek hrygg\u00f0ina langt fr\u00e1 \u00fe\u00e9r \u00fev\u00ed a\u00f0 hrygg\u00f0in drepur margan mann og er \u00fe\u00f3 a\u00f0 \u00f6ngvu n\u00fdt. <\/p>\n<p>\tVandl\u00e6ting og rei\u00f0i styttir l\u00edfdagana og \u00e1hyggjan gj\u00f6rir mann gamlan fyrir t\u00edmann. Einu gla\u00f0v\u00e6ru hjarta smakkar allt vel sem \u00fea\u00f0 etur.<\/p>\n","protected":false},"excerpt":{"rendered":"<p>XXX. Hver hann elskar sitt barn s\u00e1 heldur \u00fev\u00ed jafnan undir v\u00f6ndinn so a\u00f0 hann seinna meir af \u00fev\u00ed f\u00f6gnu\u00f0 hafi. [ Hver hann heldur s\u00ednu barni undir agann s\u00e1 mun af \u00fev\u00ed gle\u00f0jast og \u00feurfa eigi \u00feess vegna s\u00edn a\u00f0 skammast hj\u00e1 s\u00ednum kunningjum. N\u00e6r e\u00f0 nokkur ma\u00f0ur r\u00e9ttilega upptyttir sitt barn \u00fea\u00f0 misl\u00edkar hans \u00f3vin og gle\u00f0ur hans vini. \u00dev\u00ed a\u00f0 \u00fe\u00f3 fa\u00f0ir hans deyi so er \u00fea\u00f0 sem hann s\u00e9 ekki dau\u00f0ur \u00fev\u00ed a\u00f0 hann hefur sinn l\u00edka eftir l\u00e1ti\u00f0. \u00de\u00e1 hann lif\u00f0i s\u00e1 hann s\u00edna lyst og haf\u00f0i f\u00f6gnu\u00f0 af honum, \u00feegar hann dey\u00f0i \u00feurfti hann <a href=\"https:\/\/biblian.is\/gudbrandsbiblia\/siraksbok-30-kafli\/\"> [&#8230;]<\/a><\/p>\n","protected":false},"author":1,"featured_media":0,"parent":0,"menu_order":0,"comment_status":"open","ping_status":"open","template":"bibliukaflar.php","meta":{"footnotes":""},"class_list":["post-3718","page","type-page","status-publish","hentry"],"_links":{"self":[{"href":"https:\/\/biblian.is\/gudbrandsbiblia\/wp-json\/wp\/v2\/pages\/3718","targetHints":{"allow":["GET"]}}],"collection":[{"href":"https:\/\/biblian.is\/gudbrandsbiblia\/wp-json\/wp\/v2\/pages"}],"about":[{"href":"https:\/\/biblian.is\/gudbrandsbiblia\/wp-json\/wp\/v2\/types\/page"}],"author":[{"embeddable":true,"href":"https:\/\/biblian.is\/gudbrandsbiblia\/wp-json\/wp\/v2\/users\/1"}],"replies":[{"embeddable":true,"href":"https:\/\/biblian.is\/gudbrandsbiblia\/wp-json\/wp\/v2\/comments?post=3718"}],"version-history":[{"count":0,"href":"https:\/\/biblian.is\/gudbrandsbiblia\/wp-json\/wp\/v2\/pages\/3718\/revisions"}],"wp:attachment":[{"href":"https:\/\/biblian.is\/gudbrandsbiblia\/wp-json\/wp\/v2\/media?parent=3718"}],"curies":[{"name":"wp","href":"https:\/\/api.w.org\/{rel}","templated":true}]}}