{"id":3716,"date":"2017-12-18T18:34:28","date_gmt":"2017-12-18T18:34:28","guid":{"rendered":"http:\/\/biblian.is\/gudbrandsbiblia\/siraksbok-28-kafli\/"},"modified":"2017-12-18T18:34:28","modified_gmt":"2017-12-18T18:34:28","slug":"siraksbok-28-kafli","status":"publish","type":"page","link":"https:\/\/biblian.is\/gudbrandsbiblia\/siraksbok-28-kafli\/","title":{"rendered":"S\u00edraksb\u00f3k 28. kafli"},"content":{"rendered":"<p>XXVIII.<\/p>\n<p>Hver a\u00f0 steini upp \u00ed loft kastar, \u00ed h\u00f6fu\u00f0 \u00e1 \u00feeim dettur hann. Hver leynilega stingur s\u00e6rir sj\u00e1lfan sig. Hver hann grefur gr\u00f6fina s\u00e1 fellur \u00fear \u00ed sj\u00e1lfur og hann fyrir annan sn\u00f6runa leggur s\u00e1 fangar sig sj\u00e1lfan. Hver hann vill \u00f6\u00f0rum ska\u00f0a gj\u00f6ra \u00feeim kemur hann sj\u00e1lfum yfir hans h\u00e1ls svo a\u00f0 hann veit ekki hva\u00f0an hann kemur.<\/p>\n<p>\tDrambl\u00e1tir menn h\u00e6\u00f0a og spotta en hefndin umsitur \u00fe\u00e1 so sem anna\u00f0 \u00f3argad\u00fdr.<\/p>\n<p>\t\u00deeir sem fagna yfir \u00f3f\u00f6rum annarra manna r\u00e9ttfer\u00f0ugra \u00feeir ver\u00f0a \u00ed sn\u00f6ru teknir, hjartans angur mun l\u00faka \u00feeim \u00e1\u00f0ur \u00feeir deyja.<\/p>\n<p>\tRei\u00f0i og grimmd eru sv\u00edvir\u00f0ilegar og \u00f3gu\u00f0r\u00e6kinn ma\u00f0ur fremur \u00fea\u00f0 hverttveggja. <span class=\"athugasemd\" title=\"Rei\u00f0i\">[<\/span> <\/p>\n<p>\tHver s\u00edn sj\u00e1lfur hefnir \u00e1 \u00feeim mun Drottinn aftur hefna og honum einnin hans syndir var\u00f0veita. <span class=\"athugasemd\" title=\"Hefnd\">[<\/span> <\/p>\n<p>\tFyrirgef \u00fe\u00ednum n\u00e1unga \u00fea\u00f0 sem hann hefur misgj\u00f6rt vi\u00f0 \u00feig og bi\u00f0 \u00fe\u00e1, so mun \u00fe\u00e9r og l\u00edka \u00fe\u00ednar syndir ver\u00f0a fyrirgefnar. <span class=\"athugasemd\" title=\"Fyrirgefning\">[<\/span> <\/p>\n<p>\tEinn ma\u00f0ur heldur rei\u00f0inni vi\u00f0 annan og vill leita n\u00e1\u00f0ar hj\u00e1 Drottni. Hann er \u00f3miskunnsamur vi\u00f0 sinn l\u00edka og vill bi\u00f0ja fyrir s\u00ednum syndum. Hann er ei nema hold og bl\u00f3\u00f0 og heldur heiftinni. Hver vill honum \u00fe\u00e1 hans syndir fyrirgefa? <\/p>\n<p>\tHugsa \u00fe\u00fa um endann og l\u00e1ttu fjandskapinn sem a\u00f0 leitar dau\u00f0ans og fordj\u00f6rfunarinnar og bl\u00edf \u00ed bo\u00f0or\u00f0unum. Minnstu \u00e1 bo\u00f0or\u00f0i\u00f0 og l\u00e1t af h\u00f3taninni \u00ed gegn \u00fe\u00ednum n\u00e1unga. Minnstu \u00e1 s\u00e1ttm\u00e1la Hins h\u00e6\u00f0sta og fyrirgef f\u00e1viskuna. Haltu \u00feig fr\u00e1 k\u00edfi, so ver\u00f0ur s\u00e9\u00f0 vi\u00f0 m\u00f6rgum syndum. \u00dev\u00ed a\u00f0 heiftugur ma\u00f0ur kveikir deilur og \u00f3gu\u00f0r\u00e6kinn ma\u00f0ur sturlar g\u00f3\u00f0a vini og hvetur hvern \u00ed m\u00f3ts vi\u00f0 annan \u00feeirra sem hafa g\u00f3\u00f0an fri\u00f0.<\/p>\n<p>\t\u00deegar mikill er eldivi\u00f0urinn \u00fe\u00e1 ver\u00f0ur \u00feess meiri eldurinn og \u00feegar menn eru megtugir ver\u00f0ur \u00fev\u00ed meiri rei\u00f0in og \u00feegar menn eru r\u00edkir ver\u00f0ur rei\u00f0in \u00feess heiftugri og \u00feegar hatri\u00f0 lengi helst so brennur \u00fea\u00f0 \u00feess meir.<\/p>\n<p>\tS\u00e1 gjarn er til a\u00f0 deila kveikir eld upp og s\u00e1 \u00fer\u00e6tugjarn er \u00fathellir bl\u00f3\u00f0i. <span class=\"athugasemd\" title=\"Deilur\">[<\/span> <\/p>\n<p>\tBl\u00e1sir \u00fe\u00fa \u00e1 gneistann svo ver\u00f0ur \u00fear af mikill eldur en ef \u00fe\u00fa hr\u00e6kir \u00e1 gneistann \u00fe\u00e1 slokknar hann og hverttveggja m\u00e1 koma af \u00fe\u00ednum munni. <\/p>\n<p>\tSauguv\u00edsir og illir falsmunnar eru b\u00f6lva\u00f0ir \u00fev\u00ed a\u00f0 \u00feeir sturla marga \u00fe\u00e1 sem hafa g\u00f3\u00f0an fri\u00f0. <span class=\"athugasemd\" title=\"Illar tungur\">[<\/span><\/p>\n<p>\tIll tunga gj\u00f6rir marga menn sundur\u00feykka og rekur \u00fe\u00e1 \u00far einu landi \u00ed anna\u00f0. H\u00fan br\u00fdtur ni\u00f0ur sterkar borgir og ruglar h\u00f6f\u00f0ingsst\u00e9ttunum. Vondur munnur burtrekur \u00e6rlegar <span class=\"athugasemd\" title=\"a Konur) \/ Eftir Mosis l\u00f6gm\u00e1li, \u00fe\u00e1 skilna\u00f0arbr\u00e9fin giltu, var\u00f0 m\u00f6rg kona saklaus \u00fatrekin fyrir sl\u00edkar vondar tungar\">[<\/span> konur og r\u00e6nir \u00fe\u00e6r \u00f6llu sem \u00fe\u00e6r hef\u00f0u miklu kosta\u00f0. Hver sem honum hl\u00fd\u00f0ir hann hefur aldrei hv\u00edld og kann hvergi \u00ed fri\u00f0i a\u00f0 vera.<\/p>\n<p>\tSvipan gj\u00f6rir benjar en ill tunga molar \u00ed sundur bein og alla hluti.<\/p>\n<p>\tMargir hafa falli\u00f0 fyrir sver\u00f0seggjum en hvergi n\u00e6rri so margir sem fyrir vondri tungu.<\/p>\n<p>\tS\u00e6ll er s\u00e1 sem geymdur er fyrir vondri tungu og af henni er \u00f3kvalinn og eigi \u00fearf hennar ok a\u00f0 bera og ekki er bundinn \u00ed hennar sn\u00f6rum. \u00dev\u00ed a\u00f0 hennar ok er j\u00e1rn og hennar sn\u00f6rur af eiri, hennar pl\u00e1ga er beiskar en dau\u00f0i og verri en helv\u00edti.<\/p>\n<p>\tEn \u00feann sem Gu\u00f0 \u00f3ttast mun hann ekki undirleggja og ekki mun hann \u00ed hennar eldi brenna. Hver hann fyrirl\u00e6tur Drottin s\u00e1 mun \u00fear \u00ed falla og \u00fear inni brenna og \u00fea\u00f0 mun eigi sl\u00f6kkt ver\u00f0a. \u00dea\u00f0 mun yfirfalla hann so sem le\u00f3n og uppeta so sem pardus. \u00de\u00fa gir\u00f0ir um \u00feitt g\u00f3ss me\u00f0 \u00feyrnum, hvar fyrir gj\u00f6rir \u00fe\u00fa ekki heldur hur\u00f0 og grind fyrir \u00feinn munn? \u00de\u00fa vegur gull og silfur, hvar fyrir vegur \u00fe\u00fa ekki \u00fe\u00edn or\u00f0 me\u00f0 gullvigtinni? Tak \u00fe\u00e9r vara a\u00f0 \u00fe\u00fa \u00fear fyrir ekki gli\u00f0nir og fallir fyrir \u00fe\u00ednum fjandm\u00f6nnum sem \u00feig umsitja.<\/p>\n","protected":false},"excerpt":{"rendered":"<p>XXVIII. Hver a\u00f0 steini upp \u00ed loft kastar, \u00ed h\u00f6fu\u00f0 \u00e1 \u00feeim dettur hann. Hver leynilega stingur s\u00e6rir sj\u00e1lfan sig. Hver hann grefur gr\u00f6fina s\u00e1 fellur \u00fear \u00ed sj\u00e1lfur og hann fyrir annan sn\u00f6runa leggur s\u00e1 fangar sig sj\u00e1lfan. Hver hann vill \u00f6\u00f0rum ska\u00f0a gj\u00f6ra \u00feeim kemur hann sj\u00e1lfum yfir hans h\u00e1ls svo a\u00f0 hann veit ekki hva\u00f0an hann kemur. Drambl\u00e1tir menn h\u00e6\u00f0a og spotta en hefndin umsitur \u00fe\u00e1 so sem anna\u00f0 \u00f3argad\u00fdr. \u00deeir sem fagna yfir \u00f3f\u00f6rum annarra manna r\u00e9ttfer\u00f0ugra \u00feeir ver\u00f0a \u00ed sn\u00f6ru teknir, hjartans angur mun l\u00faka \u00feeim \u00e1\u00f0ur \u00feeir deyja. Rei\u00f0i og grimmd eru sv\u00edvir\u00f0ilegar og <a href=\"https:\/\/biblian.is\/gudbrandsbiblia\/siraksbok-28-kafli\/\"> [&#8230;]<\/a><\/p>\n","protected":false},"author":1,"featured_media":0,"parent":0,"menu_order":0,"comment_status":"open","ping_status":"open","template":"bibliukaflar.php","meta":{"footnotes":""},"class_list":["post-3716","page","type-page","status-publish","hentry"],"_links":{"self":[{"href":"https:\/\/biblian.is\/gudbrandsbiblia\/wp-json\/wp\/v2\/pages\/3716","targetHints":{"allow":["GET"]}}],"collection":[{"href":"https:\/\/biblian.is\/gudbrandsbiblia\/wp-json\/wp\/v2\/pages"}],"about":[{"href":"https:\/\/biblian.is\/gudbrandsbiblia\/wp-json\/wp\/v2\/types\/page"}],"author":[{"embeddable":true,"href":"https:\/\/biblian.is\/gudbrandsbiblia\/wp-json\/wp\/v2\/users\/1"}],"replies":[{"embeddable":true,"href":"https:\/\/biblian.is\/gudbrandsbiblia\/wp-json\/wp\/v2\/comments?post=3716"}],"version-history":[{"count":0,"href":"https:\/\/biblian.is\/gudbrandsbiblia\/wp-json\/wp\/v2\/pages\/3716\/revisions"}],"wp:attachment":[{"href":"https:\/\/biblian.is\/gudbrandsbiblia\/wp-json\/wp\/v2\/media?parent=3716"}],"curies":[{"name":"wp","href":"https:\/\/api.w.org\/{rel}","templated":true}]}}