{"id":3713,"date":"2017-12-18T18:34:28","date_gmt":"2017-12-18T18:34:28","guid":{"rendered":"http:\/\/biblian.is\/gudbrandsbiblia\/siraksbok-25-kafli\/"},"modified":"2017-12-18T18:34:28","modified_gmt":"2017-12-18T18:34:28","slug":"siraksbok-25-kafli","status":"publish","type":"page","link":"https:\/\/biblian.is\/gudbrandsbiblia\/siraksbok-25-kafli\/","title":{"rendered":"S\u00edraksb\u00f3k 25. kafli"},"content":{"rendered":"<p>XXV.<\/p>\n<p>\u00deeir eru \u00fer\u00edr hlutir fagrir sem b\u00e6\u00f0i Gu\u00f0i og m\u00f6nnum vel \u00fe\u00f3knast: <span class=\"athugasemd\" title=\"N\u00e1grannarnir\">[<\/span> \u00deegar br\u00e6\u00f0ur eru sam\u00feykkir og n\u00e1grannarnir elskast og ma\u00f0ur og kona vel forl\u00edkast.<\/p>\n<p>\t\u00der\u00edr hlutir eru \u00feeir hverjum eg er af hjarta \u00f3vinur og \u00feeirra ath\u00e6fi misl\u00edkar m\u00e9r mj\u00f6g: \u00deegar f\u00e1t\u00e6kur ma\u00f0ur er drambl\u00e1tur og r\u00edkur ma\u00f0ur l\u00fdgur gjarna og einn gamall glappi er h\u00f3rkall.<\/p>\n<p>\t\u00deegar \u00fe\u00fa dregur ekki saman \u00ed ungd\u00e6minu hva\u00f0 viltu \u00fe\u00e1 finna \u00ed ellinni?<\/p>\n<p>\tHva\u00f0 vel \u00fea\u00f0 stendur \u00feegar \u00feau gr\u00e1u h\u00f6fu\u00f0in eru hyggin og \u00f6ldungarnir kl\u00f3kir og herrarnir skynsamir og forsj\u00e1lir!<\/p>\n<p>\t\u00dea\u00f0 er k\u00f3r\u00f3na gamallra ef \u00feeir hafa margt fors\u00f3tt og \u00fea\u00f0 er \u00feeirra hei\u00f0ur \u00feegar \u00feeir \u00f3ttast Gu\u00f0.<\/p>\n<p>\tN\u00edu hlutir eru \u00feeir sem eg held \u00ed m\u00ednu hjarta mj\u00f6g loflega og \u00feann t\u00edunda vil eg me\u00f0 m\u00ednum munni pr\u00edsa: Einn ma\u00f0ur s\u00e1 sem hefur gle\u00f0i af s\u00ednum b\u00f6rnum. <span class=\"athugasemd\" title=\"i.\">[<\/span> Hver hann lifir \u00fea\u00f0 hann s\u00e9r s\u00edna \u00f3vini fyrirfarast. <span class=\"athugasemd\" title=\"ii.\">[<\/span> S\u00e6ll er s\u00e1 sem hefur skynsama eiginkonu. <span class=\"athugasemd\" title=\"iii.\">[<\/span> Hver e\u00f0 \u00ed s\u00ednum or\u00f0um \u00f6ngvan ska\u00f0a gj\u00f6rir. <span class=\"athugasemd\" title=\"iiii.\">[<\/span> Hver ekki \u00fearf \u00feeim a\u00f0 \u00fej\u00f3na sem \u00feess eru \u00f3ver\u00f0ugir. <span class=\"athugasemd\" title=\"v.\">[<\/span> S\u00e6ll er s\u00e1 sem tr\u00fafastan vin hefur. <span class=\"athugasemd\" title=\"vi.\">[<\/span> S\u00e6ll er s\u00e1 sem forsj\u00e1ll er. <span class=\"athugasemd\" title=\"vii.\">[<\/span> Og s\u00e1 e\u00f0 kennir \u00fear sem menn vilja gjarna heyra. <span class=\"athugasemd\" title=\"viii.\">[<\/span> \u00d3, hva\u00f0 mikill s\u00e1 er sem vitur er! <span class=\"athugasemd\" title=\"ix.\">[<\/span> En hver Gu\u00f0 \u00f3ttast yfir honum er enginn. <span class=\"athugasemd\" title=\"x.\">[<\/span> \u00dev\u00ed a\u00f0 Gu\u00f0s \u00f3tti yfirgn\u00e6fir alla hluti. Hver \u00feeim sama fast heldur hverjum skulum v\u00e9r \u00feann samjafna? <\/p>\n<p>\tEkkert angur er so miki\u00f0 sem hjartans angur. \u00dear er enginn kl\u00f3kskapur yfir konunnar kl\u00f3kskap. <span class=\"athugasemd\" title=\"Kvenna kl\u00f3kskapur og rei\u00f0i\">[<\/span> \u00dear er engin ums\u00e1t yfir \u00f6fundsj\u00faks manns ums\u00e1t. \u00dear er engin hefndargirnd yfir fjandmannsins hefndargirnd. \u00dear er ekkert h\u00f6fu\u00f0 so v\u00e9lafullt sem h\u00f6ggormssins h\u00f6fu\u00f0 og \u00fear er engin rei\u00f0i so heiftug sem konunnar rei\u00f0i. Eg vildi heldur b\u00faa hj\u00e1 le\u00f3num og drekum en hj\u00e1 illri konu. \u00deegar h\u00fan ver\u00f0ur ill so skiptir h\u00fan s\u00ednu yfirbrag\u00f0i og ver\u00f0ur skessileg so sem einn sekkur. Hennar ma\u00f0ur hl\u00fdtur s\u00edn hennar a\u00f0 skammast og \u00feegar menn breg\u00f0a honum \u00fear um so f\u00e6r hann \u00fear af angur \u00ed hjarta\u00f0. \u00d6ll illska er l\u00edtil hj\u00e1 konunnar illsku, ske hana \u00fea\u00f0 sem \u00f3gu\u00f0r\u00e6kinn mann ske\u00f0ur.<\/p>\n<p>\tEin m\u00e1lug kona er h\u00f3glyndum manni l\u00edka sem sandvegur upp \u00e1 m\u00f3ti g\u00f6mlum manni a\u00f0 ganga. <span class=\"athugasemd\" title=\"Fj\u00f6lm\u00e1lug kona\">[<\/span> L\u00e1ttu hana ekki blekkja \u00feig \u00fe\u00f3 a\u00f0 \u00fe\u00fa s\u00e9 v\u00e6n og girnstu hana ekki fyrir \u00feann skuld.<\/p>\n<p>\t\u00deegar konan gj\u00f6rir manninn r\u00edkan so er \u00fear og ei utan agg, forsm\u00e1n og st\u00f3r br\u00edgsli. Ein vond kona gj\u00f6rir hryggt hjarta, dapurt yfirlit og hjartans angur. Ein kona s\u00fa ma\u00f0urinn hefur \u00f6ngva gle\u00f0i af, h\u00fan gj\u00f6rir honum alla hluti lei\u00f0a.<\/p>\n<p>\tSyndin er af konunni komin til og fyrir hennar skuld hlj\u00f3tum v\u00e9r allir a\u00f0 deyja. L\u00edka sem menn skulu eigi vatni\u00f0 l\u00e1ta gang hafa, so skulu menn og ekki l\u00e1ta konuna sinn vilja hafa. Vilji h\u00fan ekki ganga eftir \u00feinni h\u00f6nd so <span class=\"athugasemd\" title=\"b Skil) \/ \u00dea\u00f0 er tala\u00f0 eftir M\u00f3ses l\u00f6gum\">[<\/span> skil vi\u00f0 hana.<\/p>\n","protected":false},"excerpt":{"rendered":"<p>XXV. \u00deeir eru \u00fer\u00edr hlutir fagrir sem b\u00e6\u00f0i Gu\u00f0i og m\u00f6nnum vel \u00fe\u00f3knast: [ \u00deegar br\u00e6\u00f0ur eru sam\u00feykkir og n\u00e1grannarnir elskast og ma\u00f0ur og kona vel forl\u00edkast. \u00der\u00edr hlutir eru \u00feeir hverjum eg er af hjarta \u00f3vinur og \u00feeirra ath\u00e6fi misl\u00edkar m\u00e9r mj\u00f6g: \u00deegar f\u00e1t\u00e6kur ma\u00f0ur er drambl\u00e1tur og r\u00edkur ma\u00f0ur l\u00fdgur gjarna og einn gamall glappi er h\u00f3rkall. \u00deegar \u00fe\u00fa dregur ekki saman \u00ed ungd\u00e6minu hva\u00f0 viltu \u00fe\u00e1 finna \u00ed ellinni? Hva\u00f0 vel \u00fea\u00f0 stendur \u00feegar \u00feau gr\u00e1u h\u00f6fu\u00f0in eru hyggin og \u00f6ldungarnir kl\u00f3kir og herrarnir skynsamir og forsj\u00e1lir! \u00dea\u00f0 er k\u00f3r\u00f3na gamallra ef \u00feeir hafa margt fors\u00f3tt og <a href=\"https:\/\/biblian.is\/gudbrandsbiblia\/siraksbok-25-kafli\/\"> [&#8230;]<\/a><\/p>\n","protected":false},"author":1,"featured_media":0,"parent":0,"menu_order":0,"comment_status":"open","ping_status":"open","template":"bibliukaflar.php","meta":{"footnotes":""},"class_list":["post-3713","page","type-page","status-publish","hentry"],"_links":{"self":[{"href":"https:\/\/biblian.is\/gudbrandsbiblia\/wp-json\/wp\/v2\/pages\/3713","targetHints":{"allow":["GET"]}}],"collection":[{"href":"https:\/\/biblian.is\/gudbrandsbiblia\/wp-json\/wp\/v2\/pages"}],"about":[{"href":"https:\/\/biblian.is\/gudbrandsbiblia\/wp-json\/wp\/v2\/types\/page"}],"author":[{"embeddable":true,"href":"https:\/\/biblian.is\/gudbrandsbiblia\/wp-json\/wp\/v2\/users\/1"}],"replies":[{"embeddable":true,"href":"https:\/\/biblian.is\/gudbrandsbiblia\/wp-json\/wp\/v2\/comments?post=3713"}],"version-history":[{"count":0,"href":"https:\/\/biblian.is\/gudbrandsbiblia\/wp-json\/wp\/v2\/pages\/3713\/revisions"}],"wp:attachment":[{"href":"https:\/\/biblian.is\/gudbrandsbiblia\/wp-json\/wp\/v2\/media?parent=3713"}],"curies":[{"name":"wp","href":"https:\/\/api.w.org\/{rel}","templated":true}]}}