{"id":3711,"date":"2017-12-18T18:34:28","date_gmt":"2017-12-18T18:34:28","guid":{"rendered":"http:\/\/biblian.is\/gudbrandsbiblia\/siraksbok-24-kafli\/"},"modified":"2017-12-18T18:34:28","modified_gmt":"2017-12-18T18:34:28","slug":"siraksbok-24-kafli","status":"publish","type":"page","link":"https:\/\/biblian.is\/gudbrandsbiblia\/siraksbok-24-kafli\/","title":{"rendered":"S\u00edraksb\u00f3k 24. kafli"},"content":{"rendered":"<p>XXIIII.<\/p>\n<p>Viskan pr\u00edsar sig og \u00e1 me\u00f0al f\u00f3lksins hr\u00f3sar h\u00fan s\u00e9r. <span class=\"athugasemd\" title=\"Gu\u00f0s speki\">[<\/span> H\u00fan pr\u00e9dikar \u00ed Gu\u00f0s s\u00f6fnu\u00f0i og lofar sig \u00ed s\u00ednu r\u00edki og segir so: Eg er Gu\u00f0s or\u00f0 og sveima yfir alla j\u00f6r\u00f0ina l\u00edka sem sk\u00fd. M\u00edn tjaldb\u00fa\u00f0 er \u00ed h\u00e6\u00f0unum og minn st\u00f3ll \u00ed sk\u00fdjunum. Eg ein er alls sta\u00f0ar, svo v\u00edtt sem himinninn er og so dj\u00fapt sem undirdj\u00fapi\u00f0 er, alls sta\u00f0ar \u00ed sj\u00f3num, alls sta\u00f0ar \u00e1 j\u00f6r\u00f0unni, \u00e1 me\u00f0al alls f\u00f3lks, \u00e1 me\u00f0al allra hei\u00f0ingja. Hj\u00e1 \u00feessum \u00f6llum hefi eg bygg\u00f0ar leita\u00f0 a\u00f0 eg fyndi m\u00e9r sta\u00f0. \u00de\u00e1 bau\u00f0 m\u00e9r skapari allra hluta og s\u00e1 mig skapa\u00f0 hefur skikka\u00f0 m\u00e9r b\u00fasta\u00f0 og sag\u00f0i: &#8222;Me\u00f0al Jakobs skaltu b\u00faa og \u00cdsrael skal vera \u00fe\u00edn erf\u00f0.<\/p>\n<p>\tFyrir veraldar upphaf er eg sk\u00f6pu\u00f0 og mun eg eil\u00edflega vera og hef fyrir honum \u00ed tjaldb\u00fa\u00f0 \u00fej\u00f3na\u00f0, eftir \u00fea\u00f0 \u00ed S\u00edon vissan sta\u00f0 fengi\u00f0 og hann hefur sett mig \u00ed \u00feann heilaga sta\u00f0 \u00fea\u00f0 eg skyldi \u00ed Jer\u00fasalem r\u00edkja. <span class=\"athugasemd\" title=\"Gu\u00f0s or\u00f0\">[<\/span> Eg hefi innr\u00e6ttst hj\u00e1 einu hei\u00f0arlegu f\u00f3lki \u00fea\u00f0 sem Gu\u00f0s erf\u00f0ardeild er. Eg er h\u00e1tt vaxin so sem sedrustr\u00e9 \u00e1 Libanusfjalli og so sem cypressusvi\u00f0ur \u00e1 fjallinu Hermon. Eg em uppvaxin l\u00edka sem p\u00e1lmvi\u00f0artr\u00e9 vi\u00f0 vatn og so sem \u00feau rosatr\u00e9 er vaxa \u00ed Jer\u00edk\u00f3, so sem eitt fagurt vi\u00f0smj\u00f6rstr\u00e9 \u00e1 v\u00ed\u00f0um velli. Eg em uppvaxin sem platanustr\u00e9. Eg gaf elskulegan ilm af m\u00e9r so sem cinamomum og kostuleg krydd og sem s\u00fa besta mirra, so sem galbanum og onychium og mirra og svo sem reykelsi \u00ed musteri.<\/p>\n<p>\tEg \u00fatbreiddi m\u00edna kvisti sem ein eik og m\u00ednir kvistir eru fagrir og lystilegir. Eg gaf s\u00e6tlegan ilm af m\u00e9r so sem v\u00ednvi\u00f0ur og m\u00edn bl\u00f3mstur b\u00e1ru \u00e6rlegan og r\u00edkuglegan \u00e1v\u00f6xt.<\/p>\n<p>\tKomi\u00f0 h\u00e9r til m\u00edn, allir \u00fe\u00e9r sem m\u00edn girnist, og se\u00f0ji\u00f0 y\u00f0ur af m\u00ednum \u00e1v\u00f6xtum. <span class=\"athugasemd\" title=\"Pr\u00e9dikan Gu\u00f0s or\u00f0s\">[<\/span> M\u00edn pr\u00e9dikun er s\u00e6tari en hunang og m\u00edn g\u00e1fa s\u00e6tari en hunangseimur. Hver af m\u00e9r etur \u00feann hungrar jafnan eftir m\u00e9r og hver af m\u00e9r drekkur \u00feann \u00feyrstir jafnan eftir m\u00e9r. Hver m\u00e9r heyrir s\u00e1 mun ekki ver\u00f0a skamma\u00f0ur og hver s\u00e1 a\u00f0 m\u00e9r fylgir mun saklaus bl\u00edfa.<\/p>\n<p>\tAllt \u00feetta er s\u00fa r\u00e9tta b\u00f3k s\u00e1ttm\u00e1lans sem er vi\u00f0 Hinn allra h\u00e6sta gj\u00f6r\u00f0ur, einkum l\u00f6gm\u00e1li\u00f0, hvert Moyses b\u00edfala\u00f0 hefur h\u00fasi Jakobs til eins f\u00e9sj\u00f3\u00f0s. <span class=\"athugasemd\" title=\"\u00datbrei\u00f0sla Gu\u00f0s or\u00f0s\">[<\/span> \u00dear \u00fat af viskan er \u00fatrunnin so sem \u00e1in P\u00edson \u00fe\u00e1 h\u00fan er mikil og so sem vatn \u00e1rinnar T\u00edgris \u00fe\u00e1 h\u00fan fl\u00f3ir yfir \u00e1 vordag. \u00dear \u00fat af er skilningurinn flotinn l\u00edka sem Euphrates \u00fe\u00e1 h\u00fan er mikil og so sem J\u00f3rdan \u00e1 kornskur\u00f0art\u00edma. \u00dea\u00f0 er komin h\u00e6verskan so sem anna\u00f0 lj\u00f3s og sem \u00e1in Nilus \u00e1 haustin. S\u00e1 hefur aldrei nokkur veri\u00f0 a\u00f0 \u00fea\u00f0 hafi \u00fatl\u00e6rt og mun aldrei \u00fatl\u00e6rt ver\u00f0a s\u00e1 \u00fea\u00f0 kunni \u00fat a\u00f0 grunda. \u00dev\u00ed a\u00f0 hennar skilningur er gn\u00e6gri en nokkur sj\u00f3r og hennar or\u00f0 d\u00fapari en undirdj\u00fapi\u00f0.<\/p>\n<p>\t\u00dear flj\u00b4toa margir l\u00e6kir \u00fat af m\u00e9r \u00ed grasgar\u00f0ana l\u00edka sem veitti menn \u00fear inn vatni. \u00dear v\u00f6kva eg m\u00edna <span class=\"athugasemd\" title=\"b Grasgar\u00f0a) \/ Er kristinna manna samkunda\">[<\/span> grasgar\u00f0a og d\u00f6ggva m\u00ednar engjar. \u00dear ver\u00f0a m\u00ednir bekkir a\u00f0 st\u00f3rum v\u00f6tnum og m\u00edn v\u00f6tn ver\u00f0a miki\u00f0 haf. \u00dev\u00ed a\u00f0 minn l\u00e6rd\u00f3mur l\u00fdsir so v\u00edtt sem lj\u00f3s dagur og sk\u00edn langt, l\u00edka og \u00fathellir minn l\u00e6rd\u00f3mur sp\u00e1s\u00f6gum sem eil\u00edflega hlj\u00f3ta a\u00f0 bl\u00edfa. \u00dear sj\u00e1i \u00fe\u00e9r a\u00f0 eg alleina fyrir mig arfi\u00f0a ei heldur fyrir alla \u00fe\u00e1 sem \u00e1 v\u00edsd\u00f3minn girnast.<\/p>\n","protected":false},"excerpt":{"rendered":"<p>XXIIII. Viskan pr\u00edsar sig og \u00e1 me\u00f0al f\u00f3lksins hr\u00f3sar h\u00fan s\u00e9r. [ H\u00fan pr\u00e9dikar \u00ed Gu\u00f0s s\u00f6fnu\u00f0i og lofar sig \u00ed s\u00ednu r\u00edki og segir so: Eg er Gu\u00f0s or\u00f0 og sveima yfir alla j\u00f6r\u00f0ina l\u00edka sem sk\u00fd. M\u00edn tjaldb\u00fa\u00f0 er \u00ed h\u00e6\u00f0unum og minn st\u00f3ll \u00ed sk\u00fdjunum. Eg ein er alls sta\u00f0ar, svo v\u00edtt sem himinninn er og so dj\u00fapt sem undirdj\u00fapi\u00f0 er, alls sta\u00f0ar \u00ed sj\u00f3num, alls sta\u00f0ar \u00e1 j\u00f6r\u00f0unni, \u00e1 me\u00f0al alls f\u00f3lks, \u00e1 me\u00f0al allra hei\u00f0ingja. Hj\u00e1 \u00feessum \u00f6llum hefi eg bygg\u00f0ar leita\u00f0 a\u00f0 eg fyndi m\u00e9r sta\u00f0. \u00de\u00e1 bau\u00f0 m\u00e9r skapari allra hluta og s\u00e1 <a href=\"https:\/\/biblian.is\/gudbrandsbiblia\/siraksbok-24-kafli\/\"> [&#8230;]<\/a><\/p>\n","protected":false},"author":1,"featured_media":0,"parent":0,"menu_order":0,"comment_status":"open","ping_status":"open","template":"bibliukaflar.php","meta":{"footnotes":""},"class_list":["post-3711","page","type-page","status-publish","hentry"],"_links":{"self":[{"href":"https:\/\/biblian.is\/gudbrandsbiblia\/wp-json\/wp\/v2\/pages\/3711","targetHints":{"allow":["GET"]}}],"collection":[{"href":"https:\/\/biblian.is\/gudbrandsbiblia\/wp-json\/wp\/v2\/pages"}],"about":[{"href":"https:\/\/biblian.is\/gudbrandsbiblia\/wp-json\/wp\/v2\/types\/page"}],"author":[{"embeddable":true,"href":"https:\/\/biblian.is\/gudbrandsbiblia\/wp-json\/wp\/v2\/users\/1"}],"replies":[{"embeddable":true,"href":"https:\/\/biblian.is\/gudbrandsbiblia\/wp-json\/wp\/v2\/comments?post=3711"}],"version-history":[{"count":0,"href":"https:\/\/biblian.is\/gudbrandsbiblia\/wp-json\/wp\/v2\/pages\/3711\/revisions"}],"wp:attachment":[{"href":"https:\/\/biblian.is\/gudbrandsbiblia\/wp-json\/wp\/v2\/media?parent=3711"}],"curies":[{"name":"wp","href":"https:\/\/api.w.org\/{rel}","templated":true}]}}