{"id":3708,"date":"2017-12-18T18:34:28","date_gmt":"2017-12-18T18:34:28","guid":{"rendered":"http:\/\/biblian.is\/gudbrandsbiblia\/siraksbok-21-kafli\/"},"modified":"2017-12-18T18:34:28","modified_gmt":"2017-12-18T18:34:28","slug":"siraksbok-21-kafli","status":"publish","type":"page","link":"https:\/\/biblian.is\/gudbrandsbiblia\/siraksbok-21-kafli\/","title":{"rendered":"S\u00edraksb\u00f3k 21. kafli"},"content":{"rendered":"<p>XXI.<\/p>\n<p>Son minn, hefur \u00fe\u00fa syndgast so l\u00e1ttu af og bi\u00f0 a\u00f0 \u00fe\u00e9r einnin \u00fe\u00e6r inu fyrri fyrirgefnar ver\u00f0i. <span class=\"athugasemd\" title=\"Syndir a\u00f0 for\u00f0ast\">[<\/span> For\u00f0ast \u00fe\u00fa syndina l\u00edka sem annan h\u00f6ggorm \u00fev\u00ed a\u00f0 ef \u00fe\u00fa kemur n\u00e6rri henni \u00fe\u00e1 stingur h\u00fan \u00feig. Hennar tennur eru sem le\u00f3nstennur og drepa manninn.<\/p>\n<p>\tS\u00e9rhver synd er sem biturt sver\u00f0 og s\u00e6rir so \u00fea\u00f0 kann enginn a\u00f0 l\u00e6kna. <\/p>\n<p>\tHver hann gj\u00f6rir <span class=\"athugasemd\" title=\"a Ofr\u00edki) \/ So sem \u00feeir fj\u00e1rpl\u00f3gsmenn og ofr\u00edkis rompanar\">[<\/span> ofr\u00edki og rangindi s\u00e1 ver\u00f0ur me\u00f0 s\u00ed\u00f0sta \u00feurfama\u00f0ur og hver hann er drambv\u00eds s\u00e1 missir me\u00f0 s\u00ed\u00f0sta g\u00f3ss og gar\u00f0a. \u00dev\u00ed a\u00f0 so snart sem hinn aumi kallar heyrir Gu\u00f0 \u00fea\u00f0 og hefndin mun flj\u00f3tt koma. S\u00e1 er ei l\u00e6tur s\u00e9r segjast hann er \u00feegar \u00e1 g\u00f6tu hins <span class=\"athugasemd\" title=\"b \u00d3gu\u00f0r\u00e6ka \/ \u00dea\u00f0 er, \u00feess hins fyrird\u00e6mda sem til refsingar er \u00farskur\u00f0a\u00f0ur\">[<\/span> \u00f3gu\u00f0r\u00e6ka. <\/p>\n<p>\tHver hann \u00f3ttast Gu\u00f0 s\u00e1 tekur \u00fea\u00f0 s\u00e9r til hjarta en s\u00e1 sem \u00fear a\u00f0 auk h\u00e6list um \u00feann s\u00e9r Gu\u00f0 langt til og kl\u00f3kur ma\u00f0ur merkir vel a\u00f0 hann vill fordjarfast.<\/p>\n<p>\tHver sitt h\u00fas byggir me\u00f0 annarra manna eign hann safnar grj\u00f3ti til sinnar eigin grafar.<\/p>\n<p>\tSelskapur \u00f3mildra manna er l\u00edka sem l\u00ednhr\u00faga er \u00e1 eldi brennd ver\u00f0ur.<\/p>\n<p>\t\u00d3gu\u00f0r\u00e6kir menn ganga \u00e1 f\u00f6gru steing\u00f3lfi \u00feess endir a\u00f0 er helv\u00edtis afgrunn.<\/p>\n<p>\tHver Gu\u00f0 bo\u00f0 heldur s\u00e1 fylgir ekki s\u00ednu eigin h\u00f6f\u00f0i og a\u00f0 \u00f3ttast Gu\u00f0 af alv\u00f6ru er viska. <span class=\"athugasemd\" title=\"Gu\u00f0s bo\u00f0or\u00f0 a\u00f0 halda\">[<\/span> <\/p>\n<p>\tHvar enginn skynsemi er inni s\u00e1 l\u00e1ti s\u00e9r undirv\u00edsa. Sumir eru n\u00f3gu skynsamir en reisa \u00fe\u00f3 marga \u00f3lukku \u00fear me\u00f0.<\/p>\n<p>\tEins hyggins manns kenning fl\u00fdtur fram l\u00edka sem flj\u00f3tandi vatn og svo sem lifandi uppspretta. <span class=\"athugasemd\" title=\"Hygginna manna og heimskra b\u00e6\u00f0i or\u00f0 og verk\">[<\/span> <\/p>\n<p>\tF\u00e1v\u00edss manns hjarta er l\u00edka sem pottur s\u00e1 e\u00f0 lekur og kann \u00f6ngum l\u00e6rd\u00f3mi a\u00f0 halda.<\/p>\n<p>\tN\u00e6r einn skynsamur ma\u00f0ur heyrir g\u00f3\u00f0a kenning lofar hann hana og v\u00ed\u00f0fr\u00e6gir. En ef hana heyrir m\u00f3t\u00fer\u00f3unarsamur ma\u00f0ur so misl\u00edkar honum h\u00fan og kastar henni \u00e1 bak s\u00e9r.<\/p>\n<p>\tHeimsks manns straff \u00feyngir l\u00edka sem byr\u00f0i \u00e1 vegi en n\u00e6r hygginn ma\u00f0ur talar \u00fe\u00e1 er \u00fea\u00f0 lj\u00faflegt a\u00f0 heyra.<\/p>\n<p>\t\u00cd samkundum taka menn til vara hva\u00f0 vitur ma\u00f0ur talar og hva\u00f0 hann talar er nokkurs vert. F\u00e1v\u00edss manns r\u00e6\u00f0a er \u00e1l\u00edka a\u00f0 sj\u00e1 og ni\u00f0urfalli\u00f0 h\u00fas og <span class=\"athugasemd\" title=\"c R\u00e1\u00f0) \/ \u00dea\u00f0 er, hans r\u00e1\u00f0 og hugsun\">[<\/span> r\u00e1\u00f0 hins \u00f3skynsama kann mann ekki vita hva\u00f0 \u00fea\u00f0 er.<\/p>\n<p>\t\u00deegar menn vilja kenna hinum heimska \u00fe\u00e1 hgar hann s\u00e9r l\u00edka sem menn vildu fj\u00f6tur \u00e1 hann leggja um hendur og f\u00e6tur. En einn vitur ma\u00f0ur reiknar \u00fea\u00f0 fyrir gulllega pr\u00fd\u00f0i og fyrir sm\u00ed\u00f0isfegur\u00f0 \u00e1 h\u00e6gra arm.<\/p>\n<p>\tHeimskur ma\u00f0ur hleypur til annars h\u00fass en skynsamur ma\u00f0ur for\u00f0ast \u00fea\u00f0. Einn afglapi <span class=\"athugasemd\" title=\"d G\u00e6gist) \/ \u00dea\u00f0 er, s\u00e1 sem fyrir r\u00e1\u00f0stofudyrum stendur, hlustar og hlerar til hva\u00f0 menn tala e\u00f0ur gj\u00f6ra\">[<\/span> g\u00e6gist inn um annarra glugga en forsj\u00e1ll ma\u00f0ur stendur \u00fati.<\/p>\n<p>\t\u00dea\u00f0 er \u00f3skynsamlegt a\u00f0 hlera fyrir hvers manns dyrum og forsj\u00e1ll ma\u00f0ur heldur \u00fea\u00f0 fyrir l\u00fdti.<\/p>\n<p>\tHinir \u00f3n\u00fdtu skrafmenn \u00fev\u00e6tta \u00fea\u00f0 sem \u00f6ngvu n\u00fdtt er e\u00f0ur h\u00e6ft til efnisins en hyggnir menn vega s\u00edn or\u00f0 me\u00f0 gullvigt.<\/p>\n<p>\tHeimskir menn hafa sitt hjarta s\u00e9r \u00ed munni en vitrir menn sinn munn \u00ed hjartanu.<\/p>\n<p>\tHeimskur ma\u00f0ur hl\u00e6r ofurh\u00e1tt en hygginn ma\u00f0ur hl\u00e6r ekki nema l\u00edti\u00f0.<\/p>\n<p>\t\u00de\u00e1 \u00f3gu\u00f0r\u00e6kinn ma\u00f0ur bl\u00f3tar nokkrum sk\u00e1lk \u00fe\u00e1 b\u00f6lvar hann s\u00e9r sj\u00e1lfum.<\/p>\n<p>\tS\u00f6guv\u00edsir menn gj\u00f6ra sj\u00e1lfum s\u00e9r ska\u00f0a og engi hefur \u00fe\u00e1 gjarna hj\u00e1 s\u00e9r.<\/p>\n","protected":false},"excerpt":{"rendered":"<p>XXI. Son minn, hefur \u00fe\u00fa syndgast so l\u00e1ttu af og bi\u00f0 a\u00f0 \u00fe\u00e9r einnin \u00fe\u00e6r inu fyrri fyrirgefnar ver\u00f0i. [ For\u00f0ast \u00fe\u00fa syndina l\u00edka sem annan h\u00f6ggorm \u00fev\u00ed a\u00f0 ef \u00fe\u00fa kemur n\u00e6rri henni \u00fe\u00e1 stingur h\u00fan \u00feig. Hennar tennur eru sem le\u00f3nstennur og drepa manninn. S\u00e9rhver synd er sem biturt sver\u00f0 og s\u00e6rir so \u00fea\u00f0 kann enginn a\u00f0 l\u00e6kna. Hver hann gj\u00f6rir [ ofr\u00edki og rangindi s\u00e1 ver\u00f0ur me\u00f0 s\u00ed\u00f0sta \u00feurfama\u00f0ur og hver hann er drambv\u00eds s\u00e1 missir me\u00f0 s\u00ed\u00f0sta g\u00f3ss og gar\u00f0a. \u00dev\u00ed a\u00f0 so snart sem hinn aumi kallar heyrir Gu\u00f0 \u00fea\u00f0 og hefndin mun flj\u00f3tt koma. <a href=\"https:\/\/biblian.is\/gudbrandsbiblia\/siraksbok-21-kafli\/\"> [&#8230;]<\/a><\/p>\n","protected":false},"author":1,"featured_media":0,"parent":0,"menu_order":0,"comment_status":"open","ping_status":"open","template":"bibliukaflar.php","meta":{"footnotes":""},"class_list":["post-3708","page","type-page","status-publish","hentry"],"_links":{"self":[{"href":"https:\/\/biblian.is\/gudbrandsbiblia\/wp-json\/wp\/v2\/pages\/3708","targetHints":{"allow":["GET"]}}],"collection":[{"href":"https:\/\/biblian.is\/gudbrandsbiblia\/wp-json\/wp\/v2\/pages"}],"about":[{"href":"https:\/\/biblian.is\/gudbrandsbiblia\/wp-json\/wp\/v2\/types\/page"}],"author":[{"embeddable":true,"href":"https:\/\/biblian.is\/gudbrandsbiblia\/wp-json\/wp\/v2\/users\/1"}],"replies":[{"embeddable":true,"href":"https:\/\/biblian.is\/gudbrandsbiblia\/wp-json\/wp\/v2\/comments?post=3708"}],"version-history":[{"count":0,"href":"https:\/\/biblian.is\/gudbrandsbiblia\/wp-json\/wp\/v2\/pages\/3708\/revisions"}],"wp:attachment":[{"href":"https:\/\/biblian.is\/gudbrandsbiblia\/wp-json\/wp\/v2\/media?parent=3708"}],"curies":[{"name":"wp","href":"https:\/\/api.w.org\/{rel}","templated":true}]}}