{"id":3706,"date":"2017-12-18T18:34:28","date_gmt":"2017-12-18T18:34:28","guid":{"rendered":"http:\/\/biblian.is\/gudbrandsbiblia\/siraksbok-19-kafli\/"},"modified":"2017-12-18T18:34:28","modified_gmt":"2017-12-18T18:34:28","slug":"siraksbok-19-kafli","status":"publish","type":"page","link":"https:\/\/biblian.is\/gudbrandsbiblia\/siraksbok-19-kafli\/","title":{"rendered":"S\u00edraksb\u00f3k 19. kafli"},"content":{"rendered":"<p>XIX.<\/p>\n<p>Fylg ekki \u00fe\u00ednum vondum girndum heldur brj\u00f3t \u00feinn vilja. \u00dev\u00ed a\u00f0 ef \u00fe\u00fa fylgir \u00fe\u00ednum girndum so muntu \u00feig sj\u00e1lfan \u00fe\u00ednum \u00f3vinum gj\u00f6ra a\u00f0 h\u00e1\u00f0i. <span class=\"athugasemd\" title=\"Girndir\">[<\/span> <\/p>\n<p>\tVertu enginn matsvelgur og ven \u00feig ekki til drykkjusvalls so \u00fe\u00fa ver\u00f0ir eigi a\u00f0 \u00feurfamanni og \u00feegar \u00fe\u00fa \u00f6ngva peninga \u00ed sj\u00f3\u00f0 hefur hlj\u00f3tir \u00fe\u00fa me\u00f0 okri a\u00f0 me\u00f0taka.  <span class=\"athugasemd\" title=\"Ofneysla \/ Ofdrykkja\">[<\/span> <\/p>\n<p>\tOfdrykkjusamur verkma\u00f0ur ver\u00f0ur ekki r\u00edkur og s\u00e1 eigi s\u00e9r a\u00f0 litlu hann minnkar dag fr\u00e1 degi.<\/p>\n<p>\tV\u00edn og konur heimska hyggna menn og \u00feeir sem samlaga sig sk\u00e6kjunum ver\u00f0a villtir og f\u00e1 a\u00f0 launum motta og <span class=\"athugasemd\" title=\"a \/ Orma) \/ \u00dea\u00f0 er, pokku???, l\u00fds og \u00f6nnur krankd\u00e6mi \u00feurfandi manna\">[<\/span> orma og visna upp \u00f6\u00f0rum m\u00f6nnum til aumlegs eftird\u00e6mis. <span class=\"athugasemd\" title=\"Portl\u00edfi\">[<\/span> <\/p>\n<p>\tS\u00e1 er snarlega tr\u00fair ver\u00f0ur au\u00f0ginntur og gj\u00f6rir sj\u00e1lfum s\u00e9r ska\u00f0a \u00fe\u00e1 hann l\u00e6tur sig so blekkja. <span class=\"athugasemd\" title=\"Au\u00f0tr\u00faa a\u00f0 vera\">[<\/span> <\/p>\n<p>\tHver hann gle\u00f0st af \u00fev\u00ed a\u00f0 hann kann <span class=\"athugasemd\" title=\"b \/ Sk\u00e1lkaraskap) \/ So sem h\u00e9r vantar \u00e1 svo \u00fea\u00f0 er erfitt a\u00f0 lesa\">[<\/span> sk\u00e1lkaraskap a\u00f0 fremja s\u00e1 ver\u00f0ur forakta\u00f0ur en hver e\u00f0 hatar sl\u00edka \u00f3n\u00fdta m\u00e1lsk\u00e1lpa s\u00e1 heftir ska\u00f0ann.<\/p>\n<p>\tHeyrir \u00fe\u00fa nokku\u00f0 vont \u00fea\u00f0 seg ei eftir \u00fev\u00ed a\u00f0 \u00fe\u00f6gn gj\u00f6rir \u00fe\u00e9r eigi ska\u00f0a. <span class=\"athugasemd\" title=\"\u00de\u00f6gn\">[<\/span> \u00de\u00fa skalt hverki segja \u00fea\u00f0 \u00fe\u00ednum vin n\u00e9 \u00f3vin og opinbera \u00fe\u00fa \u00fea\u00f0 ekki, kunnir \u00fe\u00fa \u00fea\u00f0 a\u00f0 gj\u00f6ra fyrir utan vonda samvisku. \u00dev\u00ed a\u00f0 menn hl\u00fd\u00f0a \u00fe\u00e9r vel \u00fear um og taka \u00fea\u00f0 til vara en hata \u00feig \u00fe\u00f3 sem \u00e1\u00f0ur.<\/p>\n<p>\tHafir \u00fe\u00fa n\u00f6kku\u00f0 heyrt l\u00e1ttu \u00fea\u00f0 me\u00f0 \u00fe\u00e9r deyja, svo hefur \u00fe\u00fa h\u00e6ga samvisku. \u00dev\u00ed a\u00f0 \u00fe\u00fa munt ekki \u00fear af \u00ed sundur bresta. En einn f\u00e1v\u00eds ma\u00f0ur br\u00fdst \u00fat l\u00edka sem t\u00edmab\u00e6rt barn \u00fat vill. \u00deegar eitt or\u00f0 er f\u00f3lgi\u00f0 \u00ed heimskum manni er \u00fea\u00f0 eins og \u00fe\u00e1 p\u00edlan stendur \u00ed l\u00e6rinu.<\/p>\n<p>\tTala \u00fe\u00fa til \u00fe\u00edns n\u00e1unga \u00fear um. M\u00e1 vel ske hann hafi \u00fea\u00f0 ekki gj\u00f6rt e\u00f0a hafi hann \u00fea\u00f0 gj\u00f6rt a\u00f0 hann gj\u00f6ri \u00fea\u00f0 ei oftar.<\/p>\n<p>\tTala \u00fe\u00fa til \u00fe\u00edns n\u00e1unga \u00fear um. M\u00e1 vel ske hann hafi \u00fea\u00f0 ei tala\u00f0 en hafi hann \u00fea\u00f0 tala\u00f0 a\u00f0 hann gj\u00f6ri \u00fea\u00f0 ei oftar.<\/p>\n<p>\tTala vi\u00f0 \u00feinn vin \u00fear um \u00fev\u00ed mann l\u00fdgur gjarna \u00e1 a\u00f0ra menn og \u00fear fyrir tr\u00fa eigi \u00f6llu \u00fev\u00ed \u00fe\u00fa heyrir. Einum sleppur oftsinnir or\u00f0 og meinar hann \u00fe\u00f3 eigi so. \u00dev\u00ed hver er s\u00e1 sem eigi hr\u00fdtur eitt or\u00f0?<\/p>\n<p>\tTala vi\u00f0 \u00feinn n\u00e1unga \u00fear um fyrr en \u00fe\u00fa deilir vi\u00f0 hann og hugsa upp \u00e1 Gu\u00f0s bo\u00f0or\u00f0. \u00dev\u00ed a\u00f0 Gu\u00f0s \u00f3tti gj\u00f6rir a\u00f0 mann fer hyggilega fram um alla hluti og Gu\u00f0s or\u00f0 kennir kl\u00f3klega a\u00f0 handt\u00e9ra \u00ed allri s\u00fdslan.<\/p>\n<p>\tPrettv\u00edsi er engin viska og \u00f3gu\u00f0r\u00e6kinna manna hrekkir eru engin hyggindi heldur er \u00fea\u00f0 vondskapur og sk\u00fargo\u00f0avilla, heimska og f\u00e1viska.<\/p>\n<p>\tL\u00edtill kl\u00f3kskapur me\u00f0 Gu\u00f0s \u00f3tta er betri en mikill kl\u00f3kskapur me\u00f0 Gu\u00f0s foraktan.<\/p>\n<p>\tMargur er hvassvitur og er \u00fe\u00f3 sk\u00e1lkur og kann a\u00f0 sn\u00faa s\u00f6kinni hvernin sem hann vill hafa hana. S\u00e1 sami sk\u00e1lkur kann a\u00f0 hengja ni\u00f0ur h\u00f6fu\u00f0i\u00f0 og djarflega til a\u00f0 l\u00edta hva\u00f0 a\u00f0 \u00fe\u00f3 er ekki utan falsi\u00f0 eitt. Hann l\u00edtur augunun ni\u00f0ur og hlustar me\u00f0 sk\u00e1lkaeyrum og haldir \u00fe\u00fa \u00f6ngva vakt \u00e1 honum so mun hann \u00feig yfir falla. Og \u00fe\u00f3 hann s\u00e9 magnl\u00edtill til a\u00f0 gj\u00f6ra \u00fe\u00e9r ska\u00f0ann mun hann \u00feig \u00fe\u00f3 hvekkja \u00feegar hann s\u00e9r s\u00e9r t\u00edma til. Mann s\u00e9r \u00fea\u00f0 \u00e1 einum og s\u00e1 sem skynsamur er tekur til vara manninn \u00e1 hans yfirbrag\u00f0i. \u00dev\u00ed a\u00f0 hans kl\u00e6\u00f0na\u00f0ur, hl\u00e1tur og gangur kasta hann upp.<\/p>\n","protected":false},"excerpt":{"rendered":"<p>XIX. Fylg ekki \u00fe\u00ednum vondum girndum heldur brj\u00f3t \u00feinn vilja. \u00dev\u00ed a\u00f0 ef \u00fe\u00fa fylgir \u00fe\u00ednum girndum so muntu \u00feig sj\u00e1lfan \u00fe\u00ednum \u00f3vinum gj\u00f6ra a\u00f0 h\u00e1\u00f0i. [ Vertu enginn matsvelgur og ven \u00feig ekki til drykkjusvalls so \u00fe\u00fa ver\u00f0ir eigi a\u00f0 \u00feurfamanni og \u00feegar \u00fe\u00fa \u00f6ngva peninga \u00ed sj\u00f3\u00f0 hefur hlj\u00f3tir \u00fe\u00fa me\u00f0 okri a\u00f0 me\u00f0taka. [ Ofdrykkjusamur verkma\u00f0ur ver\u00f0ur ekki r\u00edkur og s\u00e1 eigi s\u00e9r a\u00f0 litlu hann minnkar dag fr\u00e1 degi. V\u00edn og konur heimska hyggna menn og \u00feeir sem samlaga sig sk\u00e6kjunum ver\u00f0a villtir og f\u00e1 a\u00f0 launum motta og [ orma og visna upp \u00f6\u00f0rum m\u00f6nnum <a href=\"https:\/\/biblian.is\/gudbrandsbiblia\/siraksbok-19-kafli\/\"> [&#8230;]<\/a><\/p>\n","protected":false},"author":1,"featured_media":0,"parent":0,"menu_order":0,"comment_status":"open","ping_status":"open","template":"bibliukaflar.php","meta":{"footnotes":""},"class_list":["post-3706","page","type-page","status-publish","hentry"],"_links":{"self":[{"href":"https:\/\/biblian.is\/gudbrandsbiblia\/wp-json\/wp\/v2\/pages\/3706","targetHints":{"allow":["GET"]}}],"collection":[{"href":"https:\/\/biblian.is\/gudbrandsbiblia\/wp-json\/wp\/v2\/pages"}],"about":[{"href":"https:\/\/biblian.is\/gudbrandsbiblia\/wp-json\/wp\/v2\/types\/page"}],"author":[{"embeddable":true,"href":"https:\/\/biblian.is\/gudbrandsbiblia\/wp-json\/wp\/v2\/users\/1"}],"replies":[{"embeddable":true,"href":"https:\/\/biblian.is\/gudbrandsbiblia\/wp-json\/wp\/v2\/comments?post=3706"}],"version-history":[{"count":0,"href":"https:\/\/biblian.is\/gudbrandsbiblia\/wp-json\/wp\/v2\/pages\/3706\/revisions"}],"wp:attachment":[{"href":"https:\/\/biblian.is\/gudbrandsbiblia\/wp-json\/wp\/v2\/media?parent=3706"}],"curies":[{"name":"wp","href":"https:\/\/api.w.org\/{rel}","templated":true}]}}