{"id":3704,"date":"2017-12-18T18:34:28","date_gmt":"2017-12-18T18:34:28","guid":{"rendered":"http:\/\/biblian.is\/gudbrandsbiblia\/siraksbok-17-kafli\/"},"modified":"2017-12-18T18:34:28","modified_gmt":"2017-12-18T18:34:28","slug":"siraksbok-17-kafli","status":"publish","type":"page","link":"https:\/\/biblian.is\/gudbrandsbiblia\/siraksbok-17-kafli\/","title":{"rendered":"S\u00edraksb\u00f3k 17. kafli"},"content":{"rendered":"<p>XVII.<\/p>\n<p>Heyr mig, son minn. L\u00e6r \u00fe\u00fa visku og gaumg\u00e6f \u00fe\u00fa m\u00edn or\u00f0 me\u00f0 alv\u00f6ru. Eg vil \u00fe\u00e9r gefa vissan l\u00e6rd\u00f3m og lj\u00f3slega \u00fe\u00e9r undirv\u00edsa.<\/p>\n<p>\tGu\u00f0 hefur fr\u00e1 upphafi s\u00ednum verkum vel skikka\u00f0 og s\u00e9rhverjum einum sitt verk gefi\u00f0 og s\u00ed\u00f0an var\u00f0veitir \u00feau um aldur og \u00e6vi \u00ed \u00fev\u00edl\u00edkri skikkan og \u00feau fullgj\u00f6ra \u00e1vallt sitt emb\u00e6tti og ekkert anna\u00f0 hindrar heldur eru \u00feau jafnlega hl\u00fd\u00f0in hans b\u00edfalningu. <span class=\"athugasemd\" title=\"Gen. ii.\">[<\/span> Framarmeir hefur hann og so \u00e1liti\u00f0 j\u00f6r\u00f0ina og fyllt hana me\u00f0 s\u00ednum au\u00f0\u00e6fum og gj\u00f6rir jar\u00f0r\u00edki\u00f0 fullt d\u00fdra hver e\u00f0 koma aftur undir j\u00f6r\u00f0ina.<\/p>\n<p>\tGu\u00f0 hefur skapa\u00f0 manninn af j\u00f6r\u00f0unni og gj\u00f6rir hann aftur a\u00f0 j\u00f6r\u00f0u og \u00e1kve\u00f0ur honum t\u00edma s\u00edns l\u00edfs og skapa\u00f0i b\u00e6\u00f0i \u00feau, s\u00e9rhvert til sinnar <span class=\"athugasemd\" title=\"a Tegundar) \/ \u00dea\u00f0 er, kallmann og kvenmann\">[<\/span> tegundar, og gj\u00f6r\u00f0i \u00feau eftir sinni mynd. <span class=\"athugasemd\" title=\"Ma\u00f0urinn \/ Gen. i. ii.\">[<\/span> Hann veitti \u00feeim a\u00f0 allt hold skyldi \u00feau \u00f3ttast og a\u00f0 \u00feau skyldu drottna yfir d\u00fdrum og fuglum. Hann gaf \u00feeim skynsemd, m\u00e1l, augu og eyru, skilning og kunn\u00e1ttu og v\u00edsa\u00f0i <span class=\"athugasemd\" title=\"b \u00deeim) \/ \u00cdsraelssonum upp \u00e1 fjallinu Sina\">[<\/span> \u00feeim b\u00e6\u00f0i gott og illt og hefur \u00fe\u00e1 framar \u00f6\u00f0rum kvikindum s\u00e9rlega \u00e1liti\u00f0 og au\u00f0s\u00fdnt \u00feeim sitt mikla veldi. Hann hefur kennt og gefi\u00f0 \u00feeim l\u00f6gm\u00e1l l\u00edfsins, hann hefur gj\u00f6rt vi\u00f0 \u00fe\u00e1 eil\u00edfan s\u00e1ttm\u00e1la og opinbera\u00f0 \u00feeim s\u00edna d\u00f3ma. \u00deeir hafa s\u00e9\u00f0 hans veldi me\u00f0 s\u00ednum augum og heyrt me\u00f0 s\u00ednum eyrum hans d\u00fdr\u00f0legu r\u00f6dd og hann sag\u00f0i til \u00feeirra: &#8222;Vari\u00f0 y\u00f0ur vi\u00f0 \u00f6llum rangindum&#8220; og b\u00edfala\u00f0i hverjum sem einum sinn n\u00e1unga. \u00deeirra ath\u00e6fi er jafnan fyrir honum auglj\u00f3s og eigi f\u00f3lgi\u00f0.<\/p>\n<p>\t\u00cd \u00f6llum l\u00f6ndum hefur hann valdstj\u00f3rn skikka\u00f0 en yfir \u00cdsraelsl\u00fd\u00f0 er hann sj\u00e1lfur einn herra or\u00f0inn. <span class=\"athugasemd\" title=\"R\u00f3m. ii.\">[<\/span> \u00d6ll \u00feeirra verk eru so opinber fyrir honum sem s\u00f3lin og hans augu sj\u00e1 \u00e1n afl\u00e1ti allt \u00feeirra ath\u00e6fi. So er og allur \u00feeirra vondskapur fyrir honum \u00f3duldur og allar \u00feeirra syndir eru honum lj\u00f3sar.<\/p>\n<p>\tHann geymir og mannsins velgj\u00f6r\u00f0ir sem annan signetshring og g\u00f3\u00f0gj\u00f6r\u00f0ina sem einn augastein og me\u00f0 seinsta mun hann uppvakna og s\u00e9rhverjum yfir sitt h\u00f6fu\u00f0 endurgjalda so sem hann hefur for\u00fe\u00e9na\u00f0. En s\u00e1 er sig betrar l\u00e6tur hann til n\u00e1\u00f0arinnar koma og \u00fe\u00e1 sem \u00fevinga\u00f0ir ver\u00f0a huggar hann so \u00feeir uppgefist ekki.<\/p>\n<p>\t\u00dear fyrir sn\u00fa \u00fe\u00e9r til Drottins og fyrirl\u00e1t \u00feinn syndsamlegan lifna\u00f0. Bi\u00f0 \u00fe\u00fa Drottin og l\u00e1t af illu. Haltu \u00feig til Hins h\u00e6\u00f0sta og sn\u00fa \u00fe\u00e9r fr\u00e1 rangindum og hata af alhuga sk\u00fargo\u00f0avillu. <span class=\"athugasemd\" title=\"I\u00f0ranar\u00e1minning \/ S\u00e1l. vi.\">[<\/span> Hver vill lofa \u00deann allra h\u00e6\u00f0sta \u00ed helv\u00edti? \u00dev\u00ed a\u00f0 alleina \u00feeir inu lifundu kunna a\u00f0 lofa, hinir dau\u00f0u so sem \u00feeir e\u00f0 eigi lengur eru, kunna eigi lof a\u00f0 segja. \u00dear fyrir lofa Drottin \u00e1 me\u00f0an \u00fe\u00fa lifir og ert heilbrig\u00f0ur.<\/p>\n","protected":false},"excerpt":{"rendered":"<p>XVII. Heyr mig, son minn. L\u00e6r \u00fe\u00fa visku og gaumg\u00e6f \u00fe\u00fa m\u00edn or\u00f0 me\u00f0 alv\u00f6ru. Eg vil \u00fe\u00e9r gefa vissan l\u00e6rd\u00f3m og lj\u00f3slega \u00fe\u00e9r undirv\u00edsa. Gu\u00f0 hefur fr\u00e1 upphafi s\u00ednum verkum vel skikka\u00f0 og s\u00e9rhverjum einum sitt verk gefi\u00f0 og s\u00ed\u00f0an var\u00f0veitir \u00feau um aldur og \u00e6vi \u00ed \u00fev\u00edl\u00edkri skikkan og \u00feau fullgj\u00f6ra \u00e1vallt sitt emb\u00e6tti og ekkert anna\u00f0 hindrar heldur eru \u00feau jafnlega hl\u00fd\u00f0in hans b\u00edfalningu. [ Framarmeir hefur hann og so \u00e1liti\u00f0 j\u00f6r\u00f0ina og fyllt hana me\u00f0 s\u00ednum au\u00f0\u00e6fum og gj\u00f6rir jar\u00f0r\u00edki\u00f0 fullt d\u00fdra hver e\u00f0 koma aftur undir j\u00f6r\u00f0ina. Gu\u00f0 hefur skapa\u00f0 manninn af j\u00f6r\u00f0unni og gj\u00f6rir <a href=\"https:\/\/biblian.is\/gudbrandsbiblia\/siraksbok-17-kafli\/\"> [&#8230;]<\/a><\/p>\n","protected":false},"author":1,"featured_media":0,"parent":0,"menu_order":0,"comment_status":"open","ping_status":"open","template":"bibliukaflar.php","meta":{"footnotes":""},"class_list":["post-3704","page","type-page","status-publish","hentry"],"_links":{"self":[{"href":"https:\/\/biblian.is\/gudbrandsbiblia\/wp-json\/wp\/v2\/pages\/3704","targetHints":{"allow":["GET"]}}],"collection":[{"href":"https:\/\/biblian.is\/gudbrandsbiblia\/wp-json\/wp\/v2\/pages"}],"about":[{"href":"https:\/\/biblian.is\/gudbrandsbiblia\/wp-json\/wp\/v2\/types\/page"}],"author":[{"embeddable":true,"href":"https:\/\/biblian.is\/gudbrandsbiblia\/wp-json\/wp\/v2\/users\/1"}],"replies":[{"embeddable":true,"href":"https:\/\/biblian.is\/gudbrandsbiblia\/wp-json\/wp\/v2\/comments?post=3704"}],"version-history":[{"count":0,"href":"https:\/\/biblian.is\/gudbrandsbiblia\/wp-json\/wp\/v2\/pages\/3704\/revisions"}],"wp:attachment":[{"href":"https:\/\/biblian.is\/gudbrandsbiblia\/wp-json\/wp\/v2\/media?parent=3704"}],"curies":[{"name":"wp","href":"https:\/\/api.w.org\/{rel}","templated":true}]}}