{"id":3702,"date":"2017-12-18T18:34:28","date_gmt":"2017-12-18T18:34:28","guid":{"rendered":"http:\/\/biblian.is\/gudbrandsbiblia\/siraksbok-15-kafli\/"},"modified":"2017-12-18T18:34:28","modified_gmt":"2017-12-18T18:34:28","slug":"siraksbok-15-kafli","status":"publish","type":"page","link":"https:\/\/biblian.is\/gudbrandsbiblia\/siraksbok-15-kafli\/","title":{"rendered":"S\u00edraksb\u00f3k 15. kafli"},"content":{"rendered":"<p>XV.<\/p>\n<p>S\u00e6ll er s\u00e1 ma\u00f0ur sem jafnan me\u00f0 Gu\u00f0s or\u00f0i umgengur og \u00fea\u00f0 sama \u00fatleggur og kennir, s\u00e1 er \u00fea\u00f0 stundar af hjarta og l\u00e6rir \u00fea\u00f0 af grundvelli a\u00f0 skilja og jafnan eftir viskunni framar meir fregnar og stillir eftir henni hvert sem hann gengur og g\u00e6gist inn um hennar glugga og hlustar til fyrir hennar dyrum, leitar herbergis hart n\u00e6r hennar h\u00fasi og reisir upp s\u00edna tjaldb\u00fa\u00f0 vi\u00f0 hennar vegg og er \u00fea\u00f0 honum gott herbergi. <span class=\"athugasemd\" title=\"Speki \/ \u00c1minning a\u00f0 heyra Gu\u00f0s or\u00f0\">[<\/span> Hann flytur og undir hennar \u00feekju s\u00edn b\u00f6rn og bl\u00edfur \u00ed hennar laufsk\u00e1la. \u00dear undir ver\u00f0ur hann fyrir hitanum vernda\u00f0ur og \u00fea\u00f0 er honum hei\u00f0ursamleg bygg\u00f0.<\/p>\n<p>\tSoddan gj\u00f6rir enginn nema s\u00e1 er \u00f3ttast Drottin og hver s\u00e9r heldur a\u00f0 Gu\u00f0s or\u00f0i s\u00e1 mun hana finna. Og h\u00fan mun koma \u00ed m\u00f3ti honum so sem m\u00f3\u00f0ir og me\u00f0taka hann eins sem ung br\u00fa\u00f0ur. H\u00fan mun f\u00e6\u00f0a hann me\u00f0 brau\u00f0i skilningsins og gefa honum a\u00f0 drekka af viskunnar vatni. \u00dear af mun hann styrkur ver\u00f0a so hann kann st\u00f6\u00f0ugt a\u00f0 standa og h\u00fan mun s\u00e9r a\u00f0 honum halda so hann ver\u00f0i ekki sneyptur. H\u00fan mun hefja hann yfir s\u00edna n\u00e1unga og hans munn\u00ed s\u00f6fnu\u00f0inum uppl\u00faka. H\u00fan mun k\u00f3r\u00f3na hann me\u00f0 f\u00f6gnu\u00f0i og una\u00f0semd og b\u00edg\u00e1fa hann me\u00f0 eil\u00edfu nafni.<\/p>\n<p>\tEn heimskir menn finna hana ekki og \u00f3gu\u00f0r\u00e6kir menn f\u00e1 ekki a\u00f0 sj\u00e1 hana. \u00dev\u00ed a\u00f0 h\u00fan er langt fr\u00e1 drambl\u00e1tum og hr\u00e6snismenn vita ekki af henni.<\/p>\n<p>\t\u00d3gu\u00f0r\u00e6kinn ma\u00f0ur kann ekki neitt r\u00e9tt a\u00f0 kenna \u00fev\u00ed a\u00f0 \u00fea\u00f0 kemur ekki af Gu\u00f0i. \u00dev\u00ed a\u00f0 til r\u00e9tts l\u00e6rd\u00f3ms heyrir viska, so gefur Gu\u00f0 \u00fear n\u00e1\u00f0 til.<\/p>\n<p>\t\u00de\u00fa \u00fearft ekki a\u00f0 segja: <span class=\"athugasemd\" title=\"R\u00e9ttur l\u00e6rd\u00f3mur\">[<\/span> &#8222;Hafi eg rangt kennt \u00fe\u00e1 hefur Gu\u00f0 \u00fea\u00f0 gj\u00f6rt.&#8220; \u00dev\u00ed a\u00f0 hva\u00f0 sem hann hatar \u00fea\u00f0 skyldir \u00fe\u00fa ekki gj\u00f6ra. \u00de\u00fa \u00fearft ekki a\u00f0 segja: &#8222;Hafi eg rangt kennt so hefur hann sviki\u00f0 mig&#8220; \u00fev\u00ed hann er einkis \u00f3gu\u00f0r\u00e6kins vi\u00f0. \u00dev\u00ed a\u00f0 Drottinn hatar alla sk\u00fargo\u00f0avillu og hver hann elskar s\u00e1 for\u00f0ast hana.<\/p>\n<p>\tHann hefur skapa\u00f0 manninn a\u00f0 upphafi og gefi\u00f0 honum kj\u00f6r. Viljir \u00fe\u00fa, so haltu bo\u00f0or\u00f0in og gj\u00f6r \u00fea\u00f0 sem honum l\u00edkar af r\u00e9ttum tr\u00fana\u00f0i. Hann hefur vatn og eld fram fyrir \u00feig sett. Tak til hvers sem \u00fe\u00fa vilt. Ma\u00f0urinn hefur fyrir s\u00e9r dau\u00f0ann og l\u00edfi\u00f0 og hvert er hann vill \u00fea\u00f0 ver\u00f0ur honum gefi\u00f0. <span class=\"athugasemd\" title=\"S\u00e1l. xxxiiii. \/ Heb. iiii.\">[<\/span> \u00dev\u00ed a\u00f0 v\u00edsd\u00f3mur Gu\u00f0s er mikill og m\u00e1ttugur og s\u00e9r alla hluti og hans augu l\u00edta \u00e1 \u00fe\u00e1 sem hann \u00f3ttast og hann veit vel hva\u00f0 r\u00e9tt er gj\u00f6rt e\u00f0a hva\u00f0 hr\u00e6sni er. \u00d6ngvum b\u00fd\u00f0ur hann \u00f3gu\u00f0r\u00e6kum a\u00f0 vera og \u00f6ngvum leyfir hann synd a\u00f0 dr\u00fdgja.<\/p>\n","protected":false},"excerpt":{"rendered":"<p>XV. S\u00e6ll er s\u00e1 ma\u00f0ur sem jafnan me\u00f0 Gu\u00f0s or\u00f0i umgengur og \u00fea\u00f0 sama \u00fatleggur og kennir, s\u00e1 er \u00fea\u00f0 stundar af hjarta og l\u00e6rir \u00fea\u00f0 af grundvelli a\u00f0 skilja og jafnan eftir viskunni framar meir fregnar og stillir eftir henni hvert sem hann gengur og g\u00e6gist inn um hennar glugga og hlustar til fyrir hennar dyrum, leitar herbergis hart n\u00e6r hennar h\u00fasi og reisir upp s\u00edna tjaldb\u00fa\u00f0 vi\u00f0 hennar vegg og er \u00fea\u00f0 honum gott herbergi. [ Hann flytur og undir hennar \u00feekju s\u00edn b\u00f6rn og bl\u00edfur \u00ed hennar laufsk\u00e1la. \u00dear undir ver\u00f0ur hann fyrir hitanum vernda\u00f0ur og \u00fea\u00f0 <a href=\"https:\/\/biblian.is\/gudbrandsbiblia\/siraksbok-15-kafli\/\"> [&#8230;]<\/a><\/p>\n","protected":false},"author":1,"featured_media":0,"parent":0,"menu_order":0,"comment_status":"open","ping_status":"open","template":"bibliukaflar.php","meta":{"footnotes":""},"class_list":["post-3702","page","type-page","status-publish","hentry"],"_links":{"self":[{"href":"https:\/\/biblian.is\/gudbrandsbiblia\/wp-json\/wp\/v2\/pages\/3702","targetHints":{"allow":["GET"]}}],"collection":[{"href":"https:\/\/biblian.is\/gudbrandsbiblia\/wp-json\/wp\/v2\/pages"}],"about":[{"href":"https:\/\/biblian.is\/gudbrandsbiblia\/wp-json\/wp\/v2\/types\/page"}],"author":[{"embeddable":true,"href":"https:\/\/biblian.is\/gudbrandsbiblia\/wp-json\/wp\/v2\/users\/1"}],"replies":[{"embeddable":true,"href":"https:\/\/biblian.is\/gudbrandsbiblia\/wp-json\/wp\/v2\/comments?post=3702"}],"version-history":[{"count":0,"href":"https:\/\/biblian.is\/gudbrandsbiblia\/wp-json\/wp\/v2\/pages\/3702\/revisions"}],"wp:attachment":[{"href":"https:\/\/biblian.is\/gudbrandsbiblia\/wp-json\/wp\/v2\/media?parent=3702"}],"curies":[{"name":"wp","href":"https:\/\/api.w.org\/{rel}","templated":true}]}}