{"id":3697,"date":"2017-12-18T18:34:28","date_gmt":"2017-12-18T18:34:28","guid":{"rendered":"http:\/\/biblian.is\/gudbrandsbiblia\/siraksbok-10-kafli\/"},"modified":"2017-12-18T18:34:28","modified_gmt":"2017-12-18T18:34:28","slug":"siraksbok-10-kafli","status":"publish","type":"page","link":"https:\/\/biblian.is\/gudbrandsbiblia\/siraksbok-10-kafli\/","title":{"rendered":"S\u00edraksb\u00f3k 10. kafli"},"content":{"rendered":"<p>X.<\/p>\n<p>Verki\u00f0 lofar sinn meistara og hygginn h\u00f6f\u00f0ingja hans gj\u00f6r\u00f0ir. \u00dea\u00f0 er h\u00e6ttilegt \u00ed nokkri valdstj\u00f3rn a\u00f0 vera fj\u00f6lm\u00e1ligur og <span class=\"athugasemd\" title=\"a \u00d3blj\u00fagur) \/ \u00dea\u00f0 er, s\u00e1 sem l\u00e6st vera fullur af r\u00e1\u00f0um, kl\u00f3kindum og raupi og hann einn vill heyrast\">[<\/span> \u00f3blj\u00fagur skvaldursma\u00f0ur ver\u00f0ur til skammar.<\/p>\n<p>\tHygginn d\u00f3mari er har\u00f0ur og hvar a\u00f0 er skyns\u00f6m valdstj\u00f3rn \u00fear gengur allt skikkanlega til. L\u00edka sem stj\u00f3rnarinn er so eru og hans emb\u00e6ttismenn. So sem r\u00e1\u00f0i\u00f0 er so eru borgararnir. Illur k\u00f3ngur fordjarfar land og l\u00fd\u00f0i en \u00feegar valdsmennirnir eru forsj\u00e1lir so \u00fer\u00edfst vel borgin. <\/p>\n<p>\tStj\u00f3rnan l\u00fd\u00f0s og landa stendur \u00ed Gu\u00f0 hendi. Hann gefur \u00feeim stundum dugandi stj\u00f3rnara. \u00dea\u00f0 stendur \u00ed Gu\u00f0s valdi a\u00f0 stj\u00f3rnaranum vel vegni. Honum gefur hann lofsamlegan <span class=\"athugasemd\" title=\"b Canzeler \/ so sem hi\u00f0 n\u00e6sta r??, l\u00edka sem Naeman k\u00f3nginum \u00ed Cyria \/ iiii. Reg. v.\">[<\/span> canzeler. <\/p>\n<p>\tHefndu ekki sm\u00e1smugulega allra misgj\u00f6r\u00f0a og svala ekki sinni \u00fe\u00ednu \u00fe\u00e1 \u00fe\u00fa skalt refsing \u00e1 leggja. Drambs\u00f6mum m\u00f6nnum er b\u00e6\u00f0i Gu\u00f0 og ver\u00f6ldin \u00f3vinur \u00fev\u00ed \u00feeir gj\u00f6ra b\u00e1\u00f0um rangt. <span class=\"athugasemd\" title=\"Drambsemi\">[<\/span> <\/p>\n<p>\tFyrir sakir ofr\u00edkis, rangl\u00e6tis og \u00e1girndar kemur eitt k\u00f3ngsr\u00edki fr\u00e1 einu f\u00f3lki til annars. <span class=\"athugasemd\" title=\"\u00c1girni\">[<\/span> <\/p>\n<p>\tHvar fyrir upphefur sig s\u00fa arma j\u00f6r\u00f0 og aska? \u00de\u00f3 er h\u00fan ekki utan \u00f3\u00feekktarleir \u00e1 me\u00f0an h\u00fan lifir. Og \u00fe\u00f3tt allarei\u00f0u l\u00e6knarinn \u00fear upp \u00e1 lappi \u00fe\u00e1 gengur \u00fea\u00f0 svo til me\u00f0 s\u00ed\u00f0sta. K\u00f3ngur \u00ed dag, dau\u00f0ur \u00e1 morgun. Og \u00fe\u00e1 ma\u00f0urinn er dau\u00f0ur \u00fe\u00e1 eta ma\u00f0kar og ormar hann.<\/p>\n<p>\t\u00dea\u00f0an af kemur allt drambl\u00e6ti, \u00feegar a\u00f0 ma\u00f0urinn <span class=\"athugasemd\" title=\"c \/ Fellur) \/ \u00fea\u00f0 er, a\u00f0 hann fyrirl\u00edtur Gu\u00f0s or\u00f0\">[<\/span> fellur \u00ed fr\u00e1 Gu\u00f0i og hans hjarta hverfur fr\u00e1 s\u00ednum skapara. <span class=\"athugasemd\" title=\"R\u00f3t og uppspretta drambseminnar\">[<\/span> Drambsemi dregur til allra synda og s\u00e1 sem \u00fear \u00ed er fastur hann reisir upp marga sv\u00edvir\u00f0ing.<\/p>\n<p>\t\u00dear fyrir hefur Drottinn allt\u00ed\u00f0 drambseminni ni\u00f0ra\u00f0 og endilega kollvarpa\u00f0. Gu\u00f0 hefur drambl\u00e1tum h\u00f6f\u00f0ingjum \u00far s\u00e6ti hrundi\u00f0 og l\u00edtill\u00e1ta \u00fear upp \u00e1 sett. <span class=\"athugasemd\" title=\"Luc. ii.\">[<\/span> Gu\u00f0 hefur r\u00e6tur stoltra hei\u00f0ingja uppr\u00e6tt og l\u00edtill\u00e1ta \u00ed \u00feeirra sta\u00f0 planta\u00f0. Gu\u00f0 hann hefur hei\u00f0inna manna l\u00f6ndum umsn\u00fai\u00f0 og allt til grunna fordjarfa\u00f0. Hann hefur l\u00e1ti\u00f0 \u00feau uppvisna og forey\u00f0ast og afm\u00e1\u00f0 \u00feeirra nafn af j\u00f6r\u00f0unni.<\/p>\n<p>\t\u00dea\u00f0 er m\u00f6nnum ekki af Gu\u00f0i skapa\u00f0 a\u00f0 \u00feeir eru drambsamir og grimmir. <span class=\"athugasemd\" title=\"Syndin er ekki af Gu\u00f0i\">[<\/span> Ekki er ma\u00f0urinn illur skapa\u00f0ur heldur s\u00e1 sem \u00f3ttast Drottin hann mun me\u00f0 hei\u00f0ri standa. En hver sem br\u00fdtur Gu\u00f0s bo\u00f0or\u00f0 hann ver\u00f0ur til skammar.<\/p>\n<p>\tOg \u00feeir inu s\u00f6mu sem gu\u00f0hr\u00e6ddir eru hafa s\u00edna valdstj\u00f3rn \u00ed hei\u00f0ri. \u00dear fyrir geymir hann \u00feeirra.<\/p>\n<p>\tB\u00e6\u00f0i hinn r\u00edki og hinn f\u00e1t\u00e6ki, mikli og hinn vesali, skulu af \u00f6ngu \u00f6\u00f0ru hr\u00f3sa en \u00fev\u00ed a\u00f0 \u00feeir \u00f3ttist Gu\u00f0.<\/p>\n<p>\t\u00dea\u00f0 dugir til einskis a\u00f0 menn fyrirl\u00edti f\u00e1t\u00e6kan mann skynsaman en hei\u00f0ri au\u00f0ugan mann \u00f3gu\u00f0r\u00e6kan.<\/p>\n<p>\tH\u00f6f\u00f0ingjar, herrar og valdsmenn eru \u00ed miklum hei\u00f0ri en \u00fe\u00f3 eru \u00feeir ekki svo miklir sem s\u00e1 er \u00f3ttast Gu\u00f0.<\/p>\n<p>\tEinum vitrum \u00fe\u00e9nara hl\u00fdtur herrann a\u00f0 \u00fej\u00f3na og einn skynsamur herra m\u00f6glar \u00fear ekki um.<\/p>\n<p>\tErtu valdsma\u00f0ur \u00fe\u00e1 fylg ekki \u00fe\u00ednu eigin sinni og st\u00e6r \u00feig ekki \u00fe\u00e1 menn \u00feurfa \u00fe\u00edn.<\/p>\n<p>\tBetra er a\u00f0 ma\u00f0ur taki sinn verkna\u00f0 til vara \u00feann hann hj\u00e1lpast vi\u00f0 en vilja allt kunna og ver\u00f0a \u00feurfama\u00f0ur \u00fear me\u00f0.<\/p>\n<p>\tSonur minn, haf\u00f0u gott sinni \u00ed \u00f6llum m\u00f3tgangi og forl\u00e1t \u00feig upp \u00e1 \u00feitt emb\u00e6tti. \u00dev\u00ed a\u00f0 hver sem vill \u00feeim hj\u00e1lpa sem \u00e1 s\u00ednu emb\u00e6tti \u00f6rv\u00e6ntir? Og hver mun hann \u00ed hei\u00f0ri hafa sem sj\u00e1lfur lastar sitt emb\u00e6tti? <\/p>\n<p>\tHinn f\u00e1t\u00e6ki ver\u00f0ur lofa\u00f0ur fyrir s\u00edna visku skuld og hinn r\u00edki fyrir sinnar au\u00f0leg\u00f0ar skuld. Og ef viskan er lofsamleg \u00e1 f\u00e1t\u00e6kum, hva\u00f0 miklu meir \u00e1 r\u00edkum? Og hva\u00f0 illa stendur r\u00edkum \u00fea\u00f0 tendur miklu meir illa f\u00e1t\u00e6kum.<\/p>\n<p>\tViska l\u00edtilmennis kemur honum til hei\u00f0urs og setur hann hj\u00e1 h\u00f6f\u00f0ingjum ni\u00f0ur.<\/p>\n<p>\t\u00d6ngvum skaltu hr\u00f3sa sakir sinnar mikillar \u00e1s\u00fdndar n\u00e9 lasta nokkurn sakir sinnar l\u00edtillar \u00e1s\u00fdndar. <span class=\"athugasemd\" title=\"S\u00e1l. cxiii.\">[<\/span> \u00dev\u00ed a\u00f0 ein b\u00fdfluga er einn l\u00edtill fugl og gefur \u00fe\u00f3 hinn s\u00e6tast \u00e1v\u00f6xt.<\/p>\n<p>\tSt\u00e6r \u00feig ekki af \u00fe\u00ednum kl\u00e6\u00f0um og vert ekki stoltur \u00ed \u00fe\u00ednum <span class=\"athugasemd\" title=\"d \/ Hei\u00f0ri) \/ \u00dea\u00f0 er, \u00feegar \u00fe\u00fa me\u00f0 \u00feinni magt og valdi m\u00e1tt yfir geisa\">[<\/span> hei\u00f0ri \u00fev\u00ed a\u00f0 Drottinn er d\u00e1samlegur \u00ed s\u00ednum verkum og enginn veit hva\u00f0 hann vill gj\u00f6ra. Margir ofr\u00edkismenn hafa or\u00f0i\u00f0 a\u00f0 sitja \u00e1 j\u00f6r\u00f0u ni\u00f0ri og upp \u00e1 \u00feann k\u00f3r\u00f3na sett sem menn hafa ekki \u00e6tla\u00f0. Margir st\u00f3rherrar eru a\u00f0 \u00f6ngvu or\u00f0nir og megtugir k\u00f3ngar hafa komi\u00f0 \u00ed annarra manna hendur.<\/p>\n<p>\tFyrird\u00e6m \u00fe\u00fa \u00f6ngvan \u00e1\u00f0ur en \u00fe\u00e9r s\u00e9 s\u00f6kin kunnig. Skil \u00fe\u00fa hana \u00e1\u00f0ur og straffa \u00feann s\u00ed\u00f0an.<\/p>\n<p>\t\u00de\u00fa skalt ekki leggja \u00farskur\u00f0 \u00e1 fyrr en \u00fe\u00fa heyrir s\u00f6kina og l\u00e1ttu menn \u00e1\u00f0ur \u00fat tala.<\/p>\n<p>\tVef \u00feig ekki \u00ed s\u00f6kum annarra manna og sittu ekki hj\u00e1 r\u00f6ngum d\u00f3mi.<\/p>\n","protected":false},"excerpt":{"rendered":"<p>X. Verki\u00f0 lofar sinn meistara og hygginn h\u00f6f\u00f0ingja hans gj\u00f6r\u00f0ir. \u00dea\u00f0 er h\u00e6ttilegt \u00ed nokkri valdstj\u00f3rn a\u00f0 vera fj\u00f6lm\u00e1ligur og [ \u00f3blj\u00fagur skvaldursma\u00f0ur ver\u00f0ur til skammar. Hygginn d\u00f3mari er har\u00f0ur og hvar a\u00f0 er skyns\u00f6m valdstj\u00f3rn \u00fear gengur allt skikkanlega til. L\u00edka sem stj\u00f3rnarinn er so eru og hans emb\u00e6ttismenn. So sem r\u00e1\u00f0i\u00f0 er so eru borgararnir. Illur k\u00f3ngur fordjarfar land og l\u00fd\u00f0i en \u00feegar valdsmennirnir eru forsj\u00e1lir so \u00fer\u00edfst vel borgin. Stj\u00f3rnan l\u00fd\u00f0s og landa stendur \u00ed Gu\u00f0 hendi. Hann gefur \u00feeim stundum dugandi stj\u00f3rnara. \u00dea\u00f0 stendur \u00ed Gu\u00f0s valdi a\u00f0 stj\u00f3rnaranum vel vegni. Honum gefur hann lofsamlegan [ <a href=\"https:\/\/biblian.is\/gudbrandsbiblia\/siraksbok-10-kafli\/\"> [&#8230;]<\/a><\/p>\n","protected":false},"author":1,"featured_media":0,"parent":0,"menu_order":0,"comment_status":"open","ping_status":"open","template":"bibliukaflar.php","meta":{"footnotes":""},"class_list":["post-3697","page","type-page","status-publish","hentry"],"_links":{"self":[{"href":"https:\/\/biblian.is\/gudbrandsbiblia\/wp-json\/wp\/v2\/pages\/3697","targetHints":{"allow":["GET"]}}],"collection":[{"href":"https:\/\/biblian.is\/gudbrandsbiblia\/wp-json\/wp\/v2\/pages"}],"about":[{"href":"https:\/\/biblian.is\/gudbrandsbiblia\/wp-json\/wp\/v2\/types\/page"}],"author":[{"embeddable":true,"href":"https:\/\/biblian.is\/gudbrandsbiblia\/wp-json\/wp\/v2\/users\/1"}],"replies":[{"embeddable":true,"href":"https:\/\/biblian.is\/gudbrandsbiblia\/wp-json\/wp\/v2\/comments?post=3697"}],"version-history":[{"count":0,"href":"https:\/\/biblian.is\/gudbrandsbiblia\/wp-json\/wp\/v2\/pages\/3697\/revisions"}],"wp:attachment":[{"href":"https:\/\/biblian.is\/gudbrandsbiblia\/wp-json\/wp\/v2\/media?parent=3697"}],"curies":[{"name":"wp","href":"https:\/\/api.w.org\/{rel}","templated":true}]}}