{"id":3696,"date":"2017-12-18T18:34:24","date_gmt":"2017-12-18T18:34:24","guid":{"rendered":"http:\/\/biblian.is\/gudbrandsbiblia\/siraksbok-9-kafli\/"},"modified":"2017-12-18T18:34:24","modified_gmt":"2017-12-18T18:34:24","slug":"siraksbok-9-kafli","status":"publish","type":"page","link":"https:\/\/biblian.is\/gudbrandsbiblia\/siraksbok-9-kafli\/","title":{"rendered":"S\u00edraksb\u00f3k 9. kafli"},"content":{"rendered":"<p>IX.<\/p>\n<p>Vandl\u00e6ttu ekki um \u00fe\u00edna g\u00f3\u00f0u kvinnu \u00fev\u00ed a\u00f0 sl\u00edkt hart \u00e1lit gj\u00f6rir ekki gott. L\u00e1ttu konuna \u00f6ngva magt hafa yfir \u00fe\u00e9r svo h\u00fan ver\u00f0i ekki \u00feinn herra.<\/p>\n<p>\tFor\u00f0ast \u00fe\u00fa lausakonur so a\u00f0 \u00fe\u00fa fallir ekki \u00ed \u00feeirra sn\u00f6rur. Ven \u00feig ekki til kve\u00f0endiskonu so a\u00f0 h\u00fan f\u00e1i fang \u00e1 \u00fe\u00e9r me\u00f0 sinni \u00e1reitan. Sprogset ekki jungfr\u00far so \u00fe\u00fa ver\u00f0ir ekki til \u00feeirra uppkveiktur. Samlagast ekki vi\u00f0 h\u00f3runa svo a\u00f0 \u00fe\u00fa ei \u00fe\u00ednu fyrirfarir.<\/p>\n<p>\tSkima ekki alla vega um kring \u00ed einum sta\u00f0 og hlaup ekki um allar kr\u00e1r. Sn\u00fa \u00fe\u00ednu andliti fr\u00e1 fr\u00ed\u00f0um konum og l\u00edttu ekki \u00e1 andlitsfegur\u00f0 annarra manna kvenna. \u00dev\u00ed a\u00f0 fr\u00ed\u00f0ar konur hafa margan gabba\u00f0 og vond girnd tendrast \u00fear af sem annar eldur. Sittu ekki me\u00f0 annars manns konu og tak hana ekki \u00fe\u00e9r \u00ed fa\u00f0m og haf ei samdrykkju me\u00f0 henni so hjarta \u00feitt hneigist ekki til hennar og \u00feitt sinni ver\u00f0i ekki villt.<\/p>\n<p>\tYfirgef ei gamlan vin \u00fev\u00ed a\u00f0 \u00fe\u00fa veist ekki hvert \u00fe\u00fa \u00e1vinnur so miki\u00f0 me\u00f0 hinum n\u00fdja. N\u00fdr vinur er sem n\u00fdtt v\u00edn. L\u00e1ttu hann gamlan ver\u00f0a, so mun hann \u00fe\u00e9r vel smakka.<\/p>\n<p>\tL\u00e1ttu ekki \u00f3milda menn v\u00edkja \u00fe\u00e9r me\u00f0 sinni d\u00fdr\u00f0 \u00fea\u00f0 \u00fe\u00fa veist ekki hvern enda \u00fea\u00f0 gr\u00edpur. L\u00e1t \u00fe\u00e9r ekki <span class=\"athugasemd\" title=\"a \/ \u00de\u00f3knast) \/ \u00fea\u00f0 er, hr\u00e6sna og hang ei vi\u00f0 \u00fe\u00e1 e\u00f0ur dragst ekki a\u00f0 \u00feeim\">[<\/span> \u00fe\u00f3knast \u00f3mildra manna upps\u00e1t \u00fev\u00ed \u00feeir ver\u00f0a aldrei g\u00f3\u00f0ir allt til \u00feess \u00feeir fara inn \u00ed helv\u00edti.<\/p>\n<p>\tHald \u00feig fr\u00e1 \u00feeim sem vald hafa til a\u00f0 dey\u00f0a, \u00fe\u00e1 \u00fearftu ekki fyrir \u00feeim a\u00f0 \u00f3ttast e\u00f0ur sorga a\u00f0 hann muni \u00feig drepa. En ver\u00f0ir \u00fe\u00fa hj\u00e1 honum a\u00f0 vera \u00fe\u00e1 forgr\u00edp \u00feig eigi svo hann svipti \u00feig s\u00ednu l\u00edfi \u00feegar er \u00feig allra s\u00ed\u00f0st uggir og vit fyrir v\u00edst \u00fe\u00fa fer hj\u00e1 t\u00e1lsn\u00f6rum og gengur upp \u00e1 einum saman h\u00e1vum <span class=\"athugasemd\" title=\"b Oddum \/ so sem \u00e1 turnum \u00fear sem h\u00e1skasamlegt er og ma\u00f0ur f\u00e6r h\u00f6fu\u00f0sundla \u00e1\">[<\/span> oddum.<\/p>\n<p>\tL\u00e6r \u00fe\u00fa me\u00f0 allri a\u00f0geymni a\u00f0 \u00feekkja \u00feinn n\u00e1unga og \u00fe\u00e1 \u00fe\u00e9r gj\u00f6rist r\u00e1\u00f0s \u00fe\u00f6rf leita \u00feess hj\u00e1 hyggnum m\u00f6nnum og tala vi\u00f0 \u00fe\u00e1 sem forsj\u00e1lir eru og skikka \u00f6llu \u00fe\u00ednu efni eftir Gu\u00f0s or\u00f0i.<\/p>\n<p>\t<span class=\"athugasemd\" title=\"d Samlaga) \/ \u00dea\u00f0 er, et og drekk og halt me\u00f0 \u00feeim h\u00e6versklegar samdrykkjur\">[<\/span> Samlaga \u00feig vi\u00f0 g\u00f3\u00f0a menn og vert gla\u00f0ur, \u00fe\u00f3 me\u00f0 gu\u00f0hr\u00e6\u00f0slu.<\/p>\n","protected":false},"excerpt":{"rendered":"<p>IX. Vandl\u00e6ttu ekki um \u00fe\u00edna g\u00f3\u00f0u kvinnu \u00fev\u00ed a\u00f0 sl\u00edkt hart \u00e1lit gj\u00f6rir ekki gott. L\u00e1ttu konuna \u00f6ngva magt hafa yfir \u00fe\u00e9r svo h\u00fan ver\u00f0i ekki \u00feinn herra. For\u00f0ast \u00fe\u00fa lausakonur so a\u00f0 \u00fe\u00fa fallir ekki \u00ed \u00feeirra sn\u00f6rur. Ven \u00feig ekki til kve\u00f0endiskonu so a\u00f0 h\u00fan f\u00e1i fang \u00e1 \u00fe\u00e9r me\u00f0 sinni \u00e1reitan. Sprogset ekki jungfr\u00far so \u00fe\u00fa ver\u00f0ir ekki til \u00feeirra uppkveiktur. Samlagast ekki vi\u00f0 h\u00f3runa svo a\u00f0 \u00fe\u00fa ei \u00fe\u00ednu fyrirfarir. Skima ekki alla vega um kring \u00ed einum sta\u00f0 og hlaup ekki um allar kr\u00e1r. Sn\u00fa \u00fe\u00ednu andliti fr\u00e1 fr\u00ed\u00f0um konum og l\u00edttu ekki \u00e1 andlitsfegur\u00f0 <a href=\"https:\/\/biblian.is\/gudbrandsbiblia\/siraksbok-9-kafli\/\"> [&#8230;]<\/a><\/p>\n","protected":false},"author":1,"featured_media":0,"parent":0,"menu_order":0,"comment_status":"open","ping_status":"open","template":"bibliukaflar.php","meta":{"footnotes":""},"class_list":["post-3696","page","type-page","status-publish","hentry"],"_links":{"self":[{"href":"https:\/\/biblian.is\/gudbrandsbiblia\/wp-json\/wp\/v2\/pages\/3696","targetHints":{"allow":["GET"]}}],"collection":[{"href":"https:\/\/biblian.is\/gudbrandsbiblia\/wp-json\/wp\/v2\/pages"}],"about":[{"href":"https:\/\/biblian.is\/gudbrandsbiblia\/wp-json\/wp\/v2\/types\/page"}],"author":[{"embeddable":true,"href":"https:\/\/biblian.is\/gudbrandsbiblia\/wp-json\/wp\/v2\/users\/1"}],"replies":[{"embeddable":true,"href":"https:\/\/biblian.is\/gudbrandsbiblia\/wp-json\/wp\/v2\/comments?post=3696"}],"version-history":[{"count":0,"href":"https:\/\/biblian.is\/gudbrandsbiblia\/wp-json\/wp\/v2\/pages\/3696\/revisions"}],"wp:attachment":[{"href":"https:\/\/biblian.is\/gudbrandsbiblia\/wp-json\/wp\/v2\/media?parent=3696"}],"curies":[{"name":"wp","href":"https:\/\/api.w.org\/{rel}","templated":true}]}}