{"id":3695,"date":"2017-12-18T18:34:24","date_gmt":"2017-12-18T18:34:24","guid":{"rendered":"http:\/\/biblian.is\/gudbrandsbiblia\/siraksbok-8-kafli\/"},"modified":"2017-12-18T18:34:24","modified_gmt":"2017-12-18T18:34:24","slug":"siraksbok-8-kafli","status":"publish","type":"page","link":"https:\/\/biblian.is\/gudbrandsbiblia\/siraksbok-8-kafli\/","title":{"rendered":"S\u00edraksb\u00f3k 8. kafli"},"content":{"rendered":"<p>VIII.<\/p>\n<p>Deildu ekki vi\u00f0 \u00fe\u00e9r m\u00e1ttugra mann so a\u00f0 \u00fe\u00fa fallir ekki honum \u00ed hendur. K\u00edfa ekki vi\u00f0 r\u00edkan mann so hann ver\u00f0i \u00fe\u00e9r ekki of \u00feungur \u00fev\u00ed a\u00f0 margir l\u00e1ta f\u00e9\u00f0 t\u00e6la sig og \u00fea\u00f0 breg\u00f0ur einnin hj\u00f6rtum k\u00f3nganna. \u00der\u00e1tta ekki vi\u00f0 m\u00e1lskapsmann so a\u00f0 \u00fe\u00fa berir ei vi\u00f0 a\u00f0 hans eldi. Skipt ekki samansr\u00e6\u00f0um vi\u00f0 heimskan mann so a\u00f0 hann or\u00f0l\u00fdti ekki \u00fe\u00edna \u00e6tt. <\/p>\n<p>\tBreg\u00f0 \u00fe\u00fa \u00feeim ekki um s\u00edna synd er sig b\u00e6tt hefur og hugsa \u00fe\u00fa a\u00f0 allir v\u00e6r erum nokkurs saka\u00f0ir. Forsm\u00e1 ekki ellina \u00fev\u00ed v\u00e9r \u00feenkjum oss einnin gamlir a\u00f0 ver\u00f0a.<\/p>\n<p>\tHlakka ekki yfir dau\u00f0a \u00f3vinar \u00fe\u00edns. Minnstu \u00feess v\u00e9r hlj\u00f3tum allir a\u00f0 deyja.<\/p>\n<p>\tForakta ekki hva\u00f0 hyggnir menn tala, r\u00e9ttu \u00feig heldur eftir \u00feeirra or\u00f0um \u00fev\u00ed a\u00f0 af \u00feeim m\u00e1ttu nokku\u00f0 l\u00e6ra og hversu \u00fe\u00fa skalt haga \u00fe\u00e9r hj\u00e1 miklum m\u00f6nnum.<\/p>\n<p>\t\u00de\u00fa skalt ekki \u00feykjast kl\u00f3kari g\u00f6mlum, hyggnum m\u00f6nnum \u00fea\u00f0 l\u00edka hafa \u00feeir numi\u00f0 af s\u00ednum foreldrum og af \u00feeim kanntu a\u00f0 l\u00e6ra hvernin \u00fe\u00fa skalt andsvara \u00feegar \u00fe\u00f6rf vinnur.<\/p>\n<p>\tKveik \u00fe\u00fa ekki upp <span class=\"athugasemd\" title=\"a \/ Eld) \/ \u00dea\u00f0 er, reittu hann ekki fyrir utan s\u00f6k a\u00f0 lasta\">[<\/span> eld \u00f3gu\u00f0r\u00e6kinna manna so a\u00f0 \u00fe\u00fa ekki me\u00f0 \u00feeim brennir.<\/p>\n<p>\tErtu ekki upp h\u00e1\u00f0ungarfullan mann so a\u00f0 hann sn\u00fai ekki til vonda \u00fe\u00ednum or\u00f0um.<\/p>\n<p>\tL\u00e1na ekki \u00fe\u00e9r v\u00f6ldugra manni. <span class=\"athugasemd\" title=\"L\u00e1n a\u00f0 taka\">[<\/span> En ef \u00fe\u00fa l\u00e1nar honum reikna \u00fe\u00fa \u00fea\u00f0 \u00fe\u00f3 sem glata\u00f0.<\/p>\n<p>\tGakk ekki \u00ed borgun yfir \u00feitt megn. En ef \u00fe\u00fa \u00fea\u00f0 gj\u00f6rir hugsa \u00fe\u00fa a\u00f0 bitala.<\/p>\n<p>\tKlagast ekki \u00e1 vi\u00f0 d\u00f3marann \u00fev\u00ed menn leggja \u00farskur\u00f0 \u00e1 eftir \u00fev\u00ed sem hann vill.<\/p>\n<p>\tDrag ei til samfara me\u00f0 f\u00edfldj\u00f6rfum manni so a\u00f0 hann komi \u00fe\u00e9r ekki \u00ed \u00f3lukku \u00fev\u00ed hann fer fram eftir \u00fev\u00ed sem hann vill so \u00fe\u00fa hl\u00fdtur \u00fe\u00e1 ska\u00f0a a\u00f0 l\u00ed\u00f0a sakir hans f\u00edflsku.<\/p>\n<p>\tDeildu ekki vi\u00f0 rei\u00f0inn mann og gakk ekki einnsaman yfir grundir me\u00f0 honum. \u00dev\u00ed a\u00f0 hann reiknar bl\u00f3\u00f0s\u00fathelling fyrir ekki og ef \u00fe\u00fa hefur \u00f6ngva hj\u00e1lp so myr\u00f0ir hann \u00feig.<\/p>\n<p>\tHaf \u00fe\u00fa ekki r\u00e1\u00f0agj\u00f6r\u00f0 vi\u00f0 <span class=\"athugasemd\" title=\"b \/ Heimska) \/ \u00d3sta\u00f0fasta lausingja \u00fe\u00e1 e\u00f0 ekkert akta\">[<\/span> heimska menn \u00fev\u00ed a\u00f0 \u00feeir hafa ekki alhuga vi\u00f0 \u00feig.<\/p>\n<p>\tFyrir fr\u00f6mundum gj\u00f6r \u00fe\u00fa ekki neitt sem leynt skal vera \u00fev\u00ed a\u00f0 \u00fe\u00fa veist ei hva\u00f0 \u00fear m\u00e1 af koma. L\u00e1t ekki \u00feitt hjarta \u00ed lj\u00f3si fyrir hverjum manni a\u00f0 hann leggi \u00fe\u00e9r ekki illa \u00ed \u00fe\u00f6kk.<\/p>\n","protected":false},"excerpt":{"rendered":"<p>VIII. Deildu ekki vi\u00f0 \u00fe\u00e9r m\u00e1ttugra mann so a\u00f0 \u00fe\u00fa fallir ekki honum \u00ed hendur. K\u00edfa ekki vi\u00f0 r\u00edkan mann so hann ver\u00f0i \u00fe\u00e9r ekki of \u00feungur \u00fev\u00ed a\u00f0 margir l\u00e1ta f\u00e9\u00f0 t\u00e6la sig og \u00fea\u00f0 breg\u00f0ur einnin hj\u00f6rtum k\u00f3nganna. \u00der\u00e1tta ekki vi\u00f0 m\u00e1lskapsmann so a\u00f0 \u00fe\u00fa berir ei vi\u00f0 a\u00f0 hans eldi. Skipt ekki samansr\u00e6\u00f0um vi\u00f0 heimskan mann so a\u00f0 hann or\u00f0l\u00fdti ekki \u00fe\u00edna \u00e6tt. Breg\u00f0 \u00fe\u00fa \u00feeim ekki um s\u00edna synd er sig b\u00e6tt hefur og hugsa \u00fe\u00fa a\u00f0 allir v\u00e6r erum nokkurs saka\u00f0ir. Forsm\u00e1 ekki ellina \u00fev\u00ed v\u00e9r \u00feenkjum oss einnin gamlir a\u00f0 ver\u00f0a. Hlakka ekki yfir <a href=\"https:\/\/biblian.is\/gudbrandsbiblia\/siraksbok-8-kafli\/\"> [&#8230;]<\/a><\/p>\n","protected":false},"author":1,"featured_media":0,"parent":0,"menu_order":0,"comment_status":"open","ping_status":"open","template":"bibliukaflar.php","meta":{"footnotes":""},"class_list":["post-3695","page","type-page","status-publish","hentry"],"_links":{"self":[{"href":"https:\/\/biblian.is\/gudbrandsbiblia\/wp-json\/wp\/v2\/pages\/3695","targetHints":{"allow":["GET"]}}],"collection":[{"href":"https:\/\/biblian.is\/gudbrandsbiblia\/wp-json\/wp\/v2\/pages"}],"about":[{"href":"https:\/\/biblian.is\/gudbrandsbiblia\/wp-json\/wp\/v2\/types\/page"}],"author":[{"embeddable":true,"href":"https:\/\/biblian.is\/gudbrandsbiblia\/wp-json\/wp\/v2\/users\/1"}],"replies":[{"embeddable":true,"href":"https:\/\/biblian.is\/gudbrandsbiblia\/wp-json\/wp\/v2\/comments?post=3695"}],"version-history":[{"count":0,"href":"https:\/\/biblian.is\/gudbrandsbiblia\/wp-json\/wp\/v2\/pages\/3695\/revisions"}],"wp:attachment":[{"href":"https:\/\/biblian.is\/gudbrandsbiblia\/wp-json\/wp\/v2\/media?parent=3695"}],"curies":[{"name":"wp","href":"https:\/\/api.w.org\/{rel}","templated":true}]}}