{"id":3694,"date":"2017-12-18T18:34:24","date_gmt":"2017-12-18T18:34:24","guid":{"rendered":"http:\/\/biblian.is\/gudbrandsbiblia\/siraksbok-7-kafli\/"},"modified":"2017-12-18T18:34:24","modified_gmt":"2017-12-18T18:34:24","slug":"siraksbok-7-kafli","status":"publish","type":"page","link":"https:\/\/biblian.is\/gudbrandsbiblia\/siraksbok-7-kafli\/","title":{"rendered":"S\u00edraksb\u00f3k 7. kafli"},"content":{"rendered":"<p>VII.<\/p>\n<p>Gj\u00f6r ekki illt, so ske\u00f0ur \u00feig ekki illt. Vara \u00feig vi\u00f0 rangindunum, so hendir \u00feig \u00f6ngva \u00f3hamingju. S\u00e1 \u00fe\u00fa ekki upp \u00e1 akur randl\u00e6tisins, so muntu \u00fea\u00f0an ekki sj\u00f6falt uppskera.<\/p>\n<p>\t\u00dereng \u00fe\u00e9r ekki inn \u00ed nokku\u00f0 emb\u00e6tti fyrir Gu\u00f0i og stunda ekki eftir valdi hj\u00e1 k\u00f3nginum. <span class=\"athugasemd\" title=\"H\u00e9g\u00f3mleg metna\u00f0ard\u00fdr\u00f0\">[<\/span> L\u00e1t \u00fe\u00e9r ekki \u00feykja fyrir Gu\u00f0i a\u00f0 \u00fe\u00fa s\u00e9rt \u00fear vel til fallinn og l\u00e1t \u00fe\u00e9r ekki \u00feykja hj\u00e1 k\u00f3nginum \u00fe\u00fa s\u00e9rt \u00fear n\u00f3gu hygginn til. L\u00e1t \u00feig ekki langa til a\u00f0 vera d\u00f3mari \u00fev\u00ed a\u00f0 fyrir \u00feitt megn kanntu ekki \u00f6ll rangindi \u00e1 r\u00e9ttan veg a\u00f0 f\u00e6ra og \u00fe\u00fa kynnir \u00f3ttasleginn a\u00f0 ver\u00f0a fyrir nokkrum magtarmanni og l\u00e1ta r\u00e9ttinn me\u00f0 sk\u00f6mm ni\u00f0ri liggja.<\/p>\n<p>\tVer ekki valdur upphlaups \u00ed nokkrum sta\u00f0 og \u00e1fest \u00feig ekki alm\u00fagaf\u00f3lki so \u00fe\u00fa hlj\u00f3tir ekki a\u00f0 bera tvefalda skuld \u00fev\u00ed a\u00f0 ekki mun neinn st\u00f6ffunarlaus bl\u00edfa. <span class=\"athugasemd\" title=\"Upphlaup\">[<\/span> Hugsa \u00fe\u00fa og ekki: &#8222;Gu\u00f0 hann mun mitt hi\u00f0 mikla offur \u00fear fyrir \u00e1l\u00edta og \u00feegar eg f\u00e6ri h\u00e6stum Gu\u00f0i f\u00f3rnir mun hann \u00fe\u00e6r \u00feiggja.&#8220;<\/p>\n<p>\tN\u00e6r \u00fe\u00fa gj\u00f6rir b\u00e6n \u00fe\u00e1 efast \u00fe\u00fa ekki og vert ekki tregur a\u00f0 gefa \u00f6lm\u00f6sur. <span class=\"athugasemd\" title=\"B\u00e6n \/ \u00d6lm\u00f6sa\">[<\/span> <\/p>\n<p>\tHl\u00e6 ekki a\u00f0 hryggum manni \u00fev\u00ed a\u00f0 s\u00e1 er einn sem b\u00e6\u00f0i kann a\u00f0 l\u00e6kka og upphefja. <\/p>\n<p>\tKveik \u00fe\u00fa \u00f6ngvar lygar \u00e1 m\u00f3ti \u00fe\u00ednum vin n\u00e9 br\u00f3\u00f0ur. <span class=\"athugasemd\" title=\"Lygar\">[<\/span> Ven \u00feig ekki a\u00f0 lj\u00faga \u00fea\u00f0 \u00fea\u00f0 er ska\u00f0samlegur \u00f3vani.<\/p>\n<p>\tVertu ekki fj\u00f6lm\u00e1ligur vi\u00f0 hina \u00f6ldru\u00f0u og \u00fe\u00e1 \u00fe\u00fa bi\u00f0ur haf ekki m\u00f6rg or\u00f0. <span class=\"athugasemd\" title=\"Math. vi.\">[<\/span> <\/p>\n<p>\t\u00de\u00f3 \u00fe\u00e9r veiti b\u00e1gt me\u00f0 \u00fe\u00edna n\u00e6ring og akurverki \u00fe\u00e1 l\u00e1t \u00fe\u00e9r \u00fea\u00f0 ekki misl\u00edka \u00fev\u00ed a\u00f0 Gu\u00f0 hefur \u00fea\u00f0 svo skikka\u00f0. <\/p>\n<p>\tTreystu ekki \u00e1 fj\u00f6lda \u00feeirra sem \u00fe\u00fa gj\u00f6rir illa me\u00f0 heldur hugsa a\u00f0 hefndin er \u00fe\u00e9r n\u00e6rri. \u00dear fyrir l\u00edtill\u00e6t \u00feig af hjarta \u00fev\u00ed a\u00f0 eldur og ormar eru \u00f3gu\u00f0r\u00e6kinna manna hefnd.<\/p>\n<p>\tYfirgef ekki \u00feinn vin fyrir nokkra f\u00e9muni n\u00e9 \u00feinn tr\u00faan br\u00f3\u00f0ur fyrir skuld hins besta gulls.<\/p>\n<p>\tSkil \u00feig ei vi\u00f0 g\u00f3\u00f0a og skynsama konu \u00fea\u00f0 h\u00fan er kostulegri en miki\u00f0 gull.<\/p>\n<p>\tHaltu vel einn tr\u00faan \u00fe\u00e9nara og i\u00f0inn arfi\u00f0ismann. L\u00e1t \u00fe\u00e9r k\u00e6ran vera g\u00f3\u00f0an \u00fej\u00f3nustumann og gj\u00f6r honum ekki hindran ef hann kann frj\u00e1ls a\u00f0 ver\u00f0a.<\/p>\n<p>\tHafir \u00fe\u00fa kvikf\u00e9 so g\u00e6t \u00fe\u00fa \u00feess. Ef \u00fea\u00f0 f\u00e6rir \u00fe\u00e9r nytsemi \u00fe\u00e1 b\u00edhaltu \u00fev\u00ed.<\/p>\n<p>\tHafir \u00fe\u00fa sonu kenn \u00fe\u00fa \u00feeim og beyg \u00feeirra h\u00e1ls allt \u00ed fr\u00e1 barn\u00e6sku.<\/p>\n<p>\tHafir \u00fe\u00fa d\u00e6tur so g\u00e6t \u00fe\u00fa a\u00f0 \u00feeirra l\u00edfi og ven \u00fe\u00e6r \u00f6ngvum \u00f3vanda.<\/p>\n<p>\tR\u00e1\u00f0stafa \u00fe\u00fa \u00feinni d\u00f3ttur, so hefur \u00fe\u00fa gj\u00f6rt miki\u00f0 verk. Gift hana skyns\u00f6mum manni. <\/p>\n<p>\tHafir \u00fe\u00fa kvinnu \u00fe\u00e1 sem \u00fe\u00e9r er k\u00e6r so l\u00e1t ekki gj\u00f6ra \u00feig henni fr\u00e1horfinn hana a\u00f0 forleggja og tr\u00fa ekki \u00feeirri hinni heiftugu.<\/p>\n<p>\tHei\u00f0ra \u00feinn f\u00f6\u00f0ur af \u00f6llu hjarta og gleym ekki hversu \u00fe\u00fa hefur veri\u00f0 \u00feinni m\u00f3\u00f0ur \u00feungur og hugsa a\u00f0 \u00fe\u00fa ert af \u00feeim f\u00e6ddur. Og hva\u00f0 kanntu \u00feeim a\u00f0 gj\u00f6ra \u00fear \u00ed m\u00f3t sem \u00feau hafa \u00fe\u00e9r gj\u00f6rt? <\/p>\n<p>\t\u00d3ttast \u00fe\u00fa Drottin af \u00f6llu hjarta og haf hans presta \u00ed \u00f6llum hei\u00f0ri.<\/p>\n<p>\tElska \u00feann er \u00feig skapa\u00f0 hefur af \u00f6llum kr\u00f6ftum \u00fe\u00ednum og yfirgef ekki hans \u00fej\u00f3nustumenn. Sn\u00f6ggt a\u00f0 segja,<\/p>\n<p>\t\u00f3ttast Drottinn og hei\u00f0ra kennimennina og gef \u00feeim sinn hluta sem \u00fe\u00e9r er bo\u00f0i\u00f0 af frumf\u00f3rnum, syndaf\u00f3rnum, upplyftingarf\u00f3rnum <span class=\"athugasemd\" title=\"Kennimenn skal mann hei\u00f0ra\">[<\/span> <\/p>\n<p>\tog \u00fev\u00ed fleira sem helga\u00f0 ver\u00f0ur til offurs og af alls konar helgum frumbur\u00f0um.<\/p>\n<p>\t\u00datr\u00e9tt \u00fe\u00edna h\u00f6nd f\u00e1t\u00e6kum so a\u00f0 \u00fe\u00fa ver\u00f0ir \u00feess r\u00edkuglegar blessa\u00f0ur og \u00fe\u00edn velgj\u00f6r\u00f0 gj\u00f6ri \u00feig fyrir \u00f6llum lifandi m\u00f6nnum \u00fe\u00e6gilegan. Au\u00f0s\u00fdn og \u00fe\u00edna velgj\u00f6r\u00f0 \u00e1 <span class=\"athugasemd\" title=\"a \/ Framli\u00f0num) \/ \u00de\u00e1 a\u00f0 sveipa og \u00e6rlegt greftraremb\u00e6tti a\u00f0 veita fyrir Gu\u00f0s og upprisunnar sakir\">[<\/span> framli\u00f0num m\u00f6nnum.<\/p>\n<p>\tL\u00e1ttu \u00fe\u00e1 sem gr\u00e1tandi eru ekki vera \u00e1n huggunar, harma heldur me\u00f0 h\u00f6rmundum.<\/p>\n<p>\tL\u00e1t \u00fe\u00e9r ekki miki\u00f0 fyrir \u00feykja a\u00f0 vitja sj\u00fakra \u00fea\u00f0 fyrir \u00feess skuld muntu elska\u00f0ur ver\u00f0a.<\/p>\n<p>\tHva\u00f0 \u00fe\u00fa gj\u00f6rir hugsa fyrir endanum og muntu aldrei illa gj\u00f6ra. <span class=\"athugasemd\" title=\"R\u00f3m. xii.\">[<\/span><\/p>\n","protected":false},"excerpt":{"rendered":"<p>VII. Gj\u00f6r ekki illt, so ske\u00f0ur \u00feig ekki illt. Vara \u00feig vi\u00f0 rangindunum, so hendir \u00feig \u00f6ngva \u00f3hamingju. S\u00e1 \u00fe\u00fa ekki upp \u00e1 akur randl\u00e6tisins, so muntu \u00fea\u00f0an ekki sj\u00f6falt uppskera. \u00dereng \u00fe\u00e9r ekki inn \u00ed nokku\u00f0 emb\u00e6tti fyrir Gu\u00f0i og stunda ekki eftir valdi hj\u00e1 k\u00f3nginum. [ L\u00e1t \u00fe\u00e9r ekki \u00feykja fyrir Gu\u00f0i a\u00f0 \u00fe\u00fa s\u00e9rt \u00fear vel til fallinn og l\u00e1t \u00fe\u00e9r ekki \u00feykja hj\u00e1 k\u00f3nginum \u00fe\u00fa s\u00e9rt \u00fear n\u00f3gu hygginn til. L\u00e1t \u00feig ekki langa til a\u00f0 vera d\u00f3mari \u00fev\u00ed a\u00f0 fyrir \u00feitt megn kanntu ekki \u00f6ll rangindi \u00e1 r\u00e9ttan veg a\u00f0 f\u00e6ra og \u00fe\u00fa kynnir \u00f3ttasleginn <a href=\"https:\/\/biblian.is\/gudbrandsbiblia\/siraksbok-7-kafli\/\"> [&#8230;]<\/a><\/p>\n","protected":false},"author":1,"featured_media":0,"parent":0,"menu_order":0,"comment_status":"open","ping_status":"open","template":"bibliukaflar.php","meta":{"footnotes":""},"class_list":["post-3694","page","type-page","status-publish","hentry"],"_links":{"self":[{"href":"https:\/\/biblian.is\/gudbrandsbiblia\/wp-json\/wp\/v2\/pages\/3694","targetHints":{"allow":["GET"]}}],"collection":[{"href":"https:\/\/biblian.is\/gudbrandsbiblia\/wp-json\/wp\/v2\/pages"}],"about":[{"href":"https:\/\/biblian.is\/gudbrandsbiblia\/wp-json\/wp\/v2\/types\/page"}],"author":[{"embeddable":true,"href":"https:\/\/biblian.is\/gudbrandsbiblia\/wp-json\/wp\/v2\/users\/1"}],"replies":[{"embeddable":true,"href":"https:\/\/biblian.is\/gudbrandsbiblia\/wp-json\/wp\/v2\/comments?post=3694"}],"version-history":[{"count":0,"href":"https:\/\/biblian.is\/gudbrandsbiblia\/wp-json\/wp\/v2\/pages\/3694\/revisions"}],"wp:attachment":[{"href":"https:\/\/biblian.is\/gudbrandsbiblia\/wp-json\/wp\/v2\/media?parent=3694"}],"curies":[{"name":"wp","href":"https:\/\/api.w.org\/{rel}","templated":true}]}}