{"id":3692,"date":"2017-12-18T18:34:24","date_gmt":"2017-12-18T18:34:24","guid":{"rendered":"http:\/\/biblian.is\/gudbrandsbiblia\/siraksbok-5-kafli\/"},"modified":"2017-12-18T18:34:24","modified_gmt":"2017-12-18T18:34:24","slug":"siraksbok-5-kafli","status":"publish","type":"page","link":"https:\/\/biblian.is\/gudbrandsbiblia\/siraksbok-5-kafli\/","title":{"rendered":"S\u00edraksb\u00f3k 5. kafli"},"content":{"rendered":"<p>V.<\/p>\n<p>Treystu ekki \u00e1 \u00feinn r\u00edkd\u00f3m og hugsa ekki: &#8222;Eg hef m\u00edna n\u00e6gju.&#8220; Fylg \u00fe\u00ednum girndum ekki \u00fe\u00f3 a\u00f0 \u00fe\u00fa megir \u00fea\u00f0 og gj\u00f6r ekki hva\u00f0 \u00feig lystir. Og hugsa ei: &#8222;Hver vill m\u00e9r \u00fea\u00f0 banna?&#8220; \u00dev\u00ed a\u00f0 Drottinn inn \u00e6\u00f0sti hefnari mun \u00feess hefna.<\/p>\n<p>\tHugsa \u00fe\u00fa ekki: &#8222;Eg hefi \u00fe\u00f3 meir syndga\u00f0 og mig hefur ekki vont ske\u00f0.&#8220; \u00dev\u00ed a\u00f0 \u00feolinm\u00f3\u00f0ur er Gu\u00f0 en ekki mun hann \u00feig \u00f3hegndan l\u00e1ta og vert ekki ugglaus \u00fe\u00f3 a\u00f0 \u00fe\u00ednar syndir s\u00e9 \u00fe\u00e9r enn ekki hefndar a\u00f0 \u00fe\u00fa \u00fear fyrir jafnan framar meir vildir syndir dr\u00fdgja. Hugsa og ei: &#8222;Mj\u00f6g er Gu\u00f0 miskunnsamur, ekki mun hann m\u00e9r hefna \u00fe\u00f3 eg syndgi svo miki\u00f0 sem eg vil.&#8220; Hann kann so snarlega ver\u00f0a rei\u00f0ur sem hann er n\u00e1\u00f0igur og hans rei\u00f0i yfir \u00f3gu\u00f0r\u00e6kum hefur \u00f6ngvan enda.<\/p>\n<p>\t\u00dear fyrir drag \u00fe\u00fa ekki undan a\u00f0 sn\u00faa \u00fe\u00e9r til Drottins og skj\u00f3t \u00fev\u00ed ekki fr\u00e1 einum degi til annars \u00fea\u00f0 har\u00f0la skj\u00f3tt kemur hans rei\u00f0i og mun \u00feess hefna og \u00fe\u00e9r fyrirfara.<\/p>\n<p>\tTreystu ei upp \u00e1 rangfengi\u00f0 f\u00e9 \u00fev\u00ed \u00fea\u00f0 hj\u00e1lpar \u00fe\u00e9r ekki \u00feegar freistingarnar koma.<\/p>\n<p>\tL\u00e1ttu ekki s\u00e9rhvern vind \u00fe\u00e9r veifa og fylg \u00fe\u00fa ei s\u00e9rhverjum vegi so sem \u00f3st\u00f6\u00f0ug hj\u00f6rtu gj\u00f6ra. Ver heldur st\u00f6\u00f0ugur \u00ed \u00fe\u00ednum or\u00f0um og bl\u00edf me\u00f0 einfaldri r\u00e6\u00f0u. <span class=\"athugasemd\" title=\"Sta\u00f0festi\">[<\/span> Vertu rei\u00f0ub\u00fainn a\u00f0 heyra og svara \u00fev\u00ed sem satt er og hasta \u00feig ekki. Ef \u00fe\u00fa skilur s\u00f6kina so undirv\u00edsa n\u00e1unga \u00fe\u00ednum. En skiljir \u00fe\u00fa hana ekki so haltu aftur munni \u00fe\u00ednum. \u00dev\u00ed a\u00f0 r\u00e6\u00f0an gefur hei\u00f0ur og r\u00e6\u00f0an gefur sm\u00e1n og manninum kemur hans eigin tunga til falls.<\/p>\n<p>\tVer ekki s\u00f6guv\u00eds og bakm\u00e6ltu ekki me\u00f0 \u00feinni tungu. <span class=\"athugasemd\" title=\"S\u00f6guv\u00edsi\">[<\/span> Einn \u00fej\u00f3fur er ska\u00f0legur hlutur en \u00fe\u00f3 er bakm\u00e1ligur ma\u00f0ur miklu ska\u00f0samari. Reikna \u00fea\u00f0 ekki kl\u00e9nt hvert \u00fea\u00f0 er miki\u00f0 e\u00f0ur l\u00edti\u00f0. L\u00e1t \u00fe\u00e9r ekki v\u00edkja so \u00fe\u00fa gremjist vin \u00fe\u00ednum \u00fev\u00ed a\u00f0 sl\u00edkur bakm\u00e1lari ver\u00f0ur endilega skamma\u00f0ur.<\/p>\n","protected":false},"excerpt":{"rendered":"<p>V. Treystu ekki \u00e1 \u00feinn r\u00edkd\u00f3m og hugsa ekki: &#8222;Eg hef m\u00edna n\u00e6gju.&#8220; Fylg \u00fe\u00ednum girndum ekki \u00fe\u00f3 a\u00f0 \u00fe\u00fa megir \u00fea\u00f0 og gj\u00f6r ekki hva\u00f0 \u00feig lystir. Og hugsa ei: &#8222;Hver vill m\u00e9r \u00fea\u00f0 banna?&#8220; \u00dev\u00ed a\u00f0 Drottinn inn \u00e6\u00f0sti hefnari mun \u00feess hefna. Hugsa \u00fe\u00fa ekki: &#8222;Eg hefi \u00fe\u00f3 meir syndga\u00f0 og mig hefur ekki vont ske\u00f0.&#8220; \u00dev\u00ed a\u00f0 \u00feolinm\u00f3\u00f0ur er Gu\u00f0 en ekki mun hann \u00feig \u00f3hegndan l\u00e1ta og vert ekki ugglaus \u00fe\u00f3 a\u00f0 \u00fe\u00ednar syndir s\u00e9 \u00fe\u00e9r enn ekki hefndar a\u00f0 \u00fe\u00fa \u00fear fyrir jafnan framar meir vildir syndir dr\u00fdgja. Hugsa og ei: &#8222;Mj\u00f6g er Gu\u00f0 <a href=\"https:\/\/biblian.is\/gudbrandsbiblia\/siraksbok-5-kafli\/\"> [&#8230;]<\/a><\/p>\n","protected":false},"author":1,"featured_media":0,"parent":0,"menu_order":0,"comment_status":"open","ping_status":"open","template":"bibliukaflar.php","meta":{"footnotes":""},"class_list":["post-3692","page","type-page","status-publish","hentry"],"_links":{"self":[{"href":"https:\/\/biblian.is\/gudbrandsbiblia\/wp-json\/wp\/v2\/pages\/3692","targetHints":{"allow":["GET"]}}],"collection":[{"href":"https:\/\/biblian.is\/gudbrandsbiblia\/wp-json\/wp\/v2\/pages"}],"about":[{"href":"https:\/\/biblian.is\/gudbrandsbiblia\/wp-json\/wp\/v2\/types\/page"}],"author":[{"embeddable":true,"href":"https:\/\/biblian.is\/gudbrandsbiblia\/wp-json\/wp\/v2\/users\/1"}],"replies":[{"embeddable":true,"href":"https:\/\/biblian.is\/gudbrandsbiblia\/wp-json\/wp\/v2\/comments?post=3692"}],"version-history":[{"count":0,"href":"https:\/\/biblian.is\/gudbrandsbiblia\/wp-json\/wp\/v2\/pages\/3692\/revisions"}],"wp:attachment":[{"href":"https:\/\/biblian.is\/gudbrandsbiblia\/wp-json\/wp\/v2\/media?parent=3692"}],"curies":[{"name":"wp","href":"https:\/\/api.w.org\/{rel}","templated":true}]}}