{"id":3687,"date":"2017-12-18T18:34:24","date_gmt":"2017-12-18T18:34:24","guid":{"rendered":"http:\/\/biblian.is\/gudbrandsbiblia\/speki-salomons-19-kafli\/"},"modified":"2017-12-18T18:34:24","modified_gmt":"2017-12-18T18:34:24","slug":"speki-salomons-19-kafli","status":"publish","type":"page","link":"https:\/\/biblian.is\/gudbrandsbiblia\/speki-salomons-19-kafli\/","title":{"rendered":"Speki Sal\u00f3mons 19. kafli"},"content":{"rendered":"<p>XIX.<\/p>\n<p>En yfir \u00fe\u00e1 \u00f3gu\u00f0legu fell rei\u00f0in v\u00e6g\u00f0arlaust allt til enda. \u00dev\u00ed hann vissi \u00e1\u00f0ur vel hva\u00f0 \u00feeir mundu gj\u00f6ra seinna, sem var: \u00de\u00e1 \u00feeir h\u00f6f\u00f0u bo\u00f0i\u00f0 \u00feeim \u00ed burtu a\u00f0 fara og l\u00e1ti\u00f0 \u00fear me\u00f0 vandlega visa \u00feeim veginn \u00fe\u00e1 mundi \u00fe\u00e1 angra \u00fea\u00f0 og renna eftir \u00feeim. \u00dev\u00ed a\u00f0 \u00fe\u00e1 \u00feeir voru enn n\u00fa a\u00f0 syrgja og gr\u00e1ta yfir lei\u00f0um \u00feeirra framli\u00f0nu \u00fe\u00e1 hittu \u00feeir upp \u00e1 einn d\u00e1rlegan \u00e1setning a\u00f0 \u00feeir vildu elta \u00fe\u00e1 svo sem fl\u00f3ttamenn hverja \u00feeir h\u00f6f\u00f0u \u00e1\u00f0ur \u00fe\u00f3 \u00fatreki\u00f0 me\u00f0 gr\u00e1tbei\u00f0ni. En \u00fea\u00f0 hlaut svo a\u00f0 ske so a\u00f0 \u00feeir fengi \u00feann enda sem \u00feeir h\u00f6f\u00f0u ver\u00f0skulda\u00f0 og ur\u00f0u \u00fev\u00ed a\u00f0 gleyma sem \u00fe\u00e1 haf\u00f0i \u00e1\u00f0ur ske\u00f0 so a\u00f0 straffi\u00f0 \u00fea\u00f0 enn n\u00fa var \u00f3komi\u00f0 skyldi fullkomlega koma yfir \u00fe\u00e1 og a\u00f0 \u00feitt f\u00f3lk skyldi fer\u00f0ast undarlega reisu en hinir a\u00f0rir skyldu finna f\u00e1heyr\u00f0an dau\u00f0a.<\/p>\n<p>\t\u00dev\u00ed a\u00f0 \u00f6ll skepnan sem haf\u00f0i s\u00edna eigin tegund umskipti s\u00e9r aftur eftir \u00feinni skipan hverri h\u00fan \u00fej\u00f3nar, upp \u00e1 a\u00f0 \u00fe\u00edn b\u00f6rn yr\u00f0u ska\u00f0laus var\u00f0veitt. \u00dear voru sk\u00fdin og skygg\u00f0u \u00e1 herb\u00fa\u00f0irnar, \u00fear sem \u00e1\u00f0ur voru v\u00f6tn \u00fear s\u00e1u menn \u00feurrt land uppkoma. \u00dear var\u00f0 af Hafinu rau\u00f0a hindranarlaus vegur og gr\u00e6nar grundir af miklum v\u00f6tnum, hvar \u00ed gegnum allt f\u00f3lki\u00f0 gekk, hverju \u00fe\u00edn h\u00f6nd hl\u00edf\u00f0i sem s\u00e1 sl\u00edka fur\u00f0ulega undarlega hluti og \u00feeir gengu sem hestar \u00ed grashaga og stukku upp svo sem l\u00f6mb, lofandi \u00feig, Drottinn, sem \u00fe\u00e1 haf\u00f0i frelsa\u00f0. \u00dev\u00ed \u00feeir minntust enn n\u00fa \u00fear \u00e1 hvernin \u00feeim haf\u00f0i gengi\u00f0 \u00ed \u00fatleg\u00f0inni, hvernin a\u00f0 j\u00f6r\u00f0in af s\u00e9r gaf flugur \u00ed st\u00f0ainn f\u00e6ddra d\u00fdra og vatni\u00f0 gaf margh\u00e1tta\u00f0ar p\u00f6ddur \u00ed sta\u00f0inn fiskanna. En \u00fear eftir fengu \u00feeir a\u00f0 sj\u00e1 n\u00fdrra fugal tegund \u00fe\u00e1 \u00feeir fengu lysting og b\u00e1\u00f0u um kr\u00e6singarmat. \u00dev\u00ed \u00fear komu til \u00feeirra coturnices upp \u00far hafinu a\u00f0 stilla \u00feeirra lysting.<\/p>\n<p>\t\u00dear kom og straff yfir \u00fe\u00e1 syndugu fyrir teikn \u00feau sem ske\u00f0u me\u00f0 miklum eldingum. \u00dev\u00ed \u00fea\u00f0 var r\u00e9tt a\u00f0 \u00feeir li\u00f0u sl\u00edkt vegna sinnar illsku me\u00f0 \u00fev\u00ed \u00feeir h\u00f6f\u00f0u illa breytt vi\u00f0 gestina. Sumir me\u00f0t\u00f3ku \u00fe\u00e1 ekki sem komu so a\u00f0 \u00feeir og vissu ekki hvort \u00feeir skyldu. En sumir \u00fevingu\u00f0u \u00fe\u00e1 til \u00fer\u00e6lkunar sem \u00feeim h\u00f6f\u00f0u gott gj\u00f6rt (og ei a\u00f0eins \u00feetta heldur mun \u00fear og einnin \u00f6nnur tilsj\u00f3n yfir \u00feeim h\u00f6f\u00f0 vera af \u00fev\u00ed \u00feeir breyttu so illa vi\u00f0 \u00fe\u00e1 framandi <span class=\"athugasemd\" title=\"Gen. xix.\">[<\/span>) en nokkrir sem \u00fe\u00e1 h\u00f6f\u00f0u me\u00f0teki\u00f0 me\u00f0 gle\u00f0i og unnt \u00feeim borgarr\u00e9ttsins me\u00f0 s\u00e9r \u00fe\u00e1 pl\u00e1gu\u00f0u \u00fe\u00e1 me\u00f0 st\u00f3rri p\u00ednu. En \u00feeir ur\u00f0u og slegnir me\u00f0 blindleik (so sem hinir fyrir d\u00fdrum \u00feess r\u00e9ttl\u00e1ta) og me\u00f0 so \u00feykkvum myrkrum yfirfallnir a\u00f0 hver einn leita\u00f0i a\u00f0 s\u00ednum h\u00fasdyrum.<\/p>\n<p>\tH\u00f6fu\u00f0skepnurnar gengu hver \u00ed gegnum a\u00f0ra so sem strengir \u00e1 hlj\u00f3\u00f0f\u00e6ri og hlj\u00f3\u00f0a \u00fe\u00f3 til samans svo sem a\u00f0 menn mega vel sj\u00e1 \u00fear upp \u00e1. \u00dev\u00ed a\u00f0 \u00fea\u00f0 sem vant var a\u00f0 vera \u00e1 \u00feurru landi \u00fea\u00f0 var \u00ed vatninu og \u00fea\u00f0 sem \u00ed vatninu var vant a\u00f0 vera \u00fea\u00f0 gekk \u00e1 \u00feurrt land. Eldurinn \u00e6stist \u00ed vatninu yfir sinn kraft og vatni\u00f0 gleymdi sinni n\u00e1tt\u00faru a\u00f0 sl\u00f6kkva. \u00dear \u00fevert \u00e1 m\u00f3t \u00fe\u00e1 uppbrenndi login ekki hold dau\u00f0legra skepna sem \u00fear \u00ed bland gengu og hann br\u00e6ddi ekki \u00feann \u00f3dau\u00f0lega <span class=\"athugasemd\" title=\"a \/ Mat) \/ Himnamj\u00f6li\u00f0 \u00fea\u00f0 af s\u00f3lunni smeltist\">[<\/span> mat sem \u00fe\u00f3 au\u00f0veldlega br\u00e1\u00f0na\u00f0i so sem \u00eds.<\/p>\n<p>\tDrottinn, \u00fe\u00fa hefur vegsamlegt og d\u00fdr\u00f0legt gj\u00f6rt \u00feitt f\u00f3lk alls sta\u00f0ar og hefur ei fyrirliti\u00f0 \u00fea\u00f0 heldur sta\u00f0i\u00f0 hj\u00e1 \u00fev\u00ed \u00e6t\u00ed\u00f0 \u00ed \u00f6llum st\u00f6\u00f0um.<\/p>\n<p>Ending B\u00f3kar spekinnar<\/p>\n","protected":false},"excerpt":{"rendered":"<p>XIX. En yfir \u00fe\u00e1 \u00f3gu\u00f0legu fell rei\u00f0in v\u00e6g\u00f0arlaust allt til enda. \u00dev\u00ed hann vissi \u00e1\u00f0ur vel hva\u00f0 \u00feeir mundu gj\u00f6ra seinna, sem var: \u00de\u00e1 \u00feeir h\u00f6f\u00f0u bo\u00f0i\u00f0 \u00feeim \u00ed burtu a\u00f0 fara og l\u00e1ti\u00f0 \u00fear me\u00f0 vandlega visa \u00feeim veginn \u00fe\u00e1 mundi \u00fe\u00e1 angra \u00fea\u00f0 og renna eftir \u00feeim. \u00dev\u00ed a\u00f0 \u00fe\u00e1 \u00feeir voru enn n\u00fa a\u00f0 syrgja og gr\u00e1ta yfir lei\u00f0um \u00feeirra framli\u00f0nu \u00fe\u00e1 hittu \u00feeir upp \u00e1 einn d\u00e1rlegan \u00e1setning a\u00f0 \u00feeir vildu elta \u00fe\u00e1 svo sem fl\u00f3ttamenn hverja \u00feeir h\u00f6f\u00f0u \u00e1\u00f0ur \u00fe\u00f3 \u00fatreki\u00f0 me\u00f0 gr\u00e1tbei\u00f0ni. En \u00fea\u00f0 hlaut svo a\u00f0 ske so a\u00f0 \u00feeir fengi \u00feann enda <a href=\"https:\/\/biblian.is\/gudbrandsbiblia\/speki-salomons-19-kafli\/\"> [&#8230;]<\/a><\/p>\n","protected":false},"author":1,"featured_media":0,"parent":0,"menu_order":0,"comment_status":"open","ping_status":"open","template":"bibliukaflar.php","meta":{"footnotes":""},"class_list":["post-3687","page","type-page","status-publish","hentry"],"_links":{"self":[{"href":"https:\/\/biblian.is\/gudbrandsbiblia\/wp-json\/wp\/v2\/pages\/3687","targetHints":{"allow":["GET"]}}],"collection":[{"href":"https:\/\/biblian.is\/gudbrandsbiblia\/wp-json\/wp\/v2\/pages"}],"about":[{"href":"https:\/\/biblian.is\/gudbrandsbiblia\/wp-json\/wp\/v2\/types\/page"}],"author":[{"embeddable":true,"href":"https:\/\/biblian.is\/gudbrandsbiblia\/wp-json\/wp\/v2\/users\/1"}],"replies":[{"embeddable":true,"href":"https:\/\/biblian.is\/gudbrandsbiblia\/wp-json\/wp\/v2\/comments?post=3687"}],"version-history":[{"count":0,"href":"https:\/\/biblian.is\/gudbrandsbiblia\/wp-json\/wp\/v2\/pages\/3687\/revisions"}],"wp:attachment":[{"href":"https:\/\/biblian.is\/gudbrandsbiblia\/wp-json\/wp\/v2\/media?parent=3687"}],"curies":[{"name":"wp","href":"https:\/\/api.w.org\/{rel}","templated":true}]}}