{"id":3686,"date":"2017-12-18T18:34:24","date_gmt":"2017-12-18T18:34:24","guid":{"rendered":"http:\/\/biblian.is\/gudbrandsbiblia\/speki-salomons-18-kafli\/"},"modified":"2017-12-18T18:34:24","modified_gmt":"2017-12-18T18:34:24","slug":"speki-salomons-18-kafli","status":"publish","type":"page","link":"https:\/\/biblian.is\/gudbrandsbiblia\/speki-salomons-18-kafli\/","title":{"rendered":"Speki Sal\u00f3mons 18. kafli"},"content":{"rendered":"<p>XVIII.<\/p>\n<p>En \u00fe\u00ednir heilagir h\u00f6f\u00f0u eitt lj\u00f3s og \u00f3vinirnir heyr\u00f0u \u00feeirra hlj\u00f3\u00f0 en \u00feeir s\u00e1u ei \u00feeirra mynd. Og \u00feeir lofu\u00f0u \u00fea\u00f0 a\u00f0 \u00feeir li\u00f0u ekki sl\u00edkt og \u00feeir \u00fe\u00f6kku\u00f0u \u00fea\u00f0 a\u00f0 \u00feeir hinir s\u00f6mu sem fyrr h\u00f6f\u00f0u ska\u00f0a af \u00feeim fengi\u00f0 hefndu s\u00edn ekki \u00e1 \u00feeim og \u00f3sku\u00f0u a\u00f0 \u00feeir m\u00e6ttu vera langt fr\u00e1 \u00feeim. <span class=\"athugasemd\" title=\"Exo. xiii.\">[<\/span> \u00dear \u00e1 m\u00f3ti gafstu \u00feessum einn eldlegan st\u00f3lpa sem \u00feeim v\u00edsa\u00f0i \u00f3kunnigan veg og \u00fe\u00fa l\u00e9st s\u00f3lina ekki ska\u00f0a \u00fe\u00e1 \u00e1 \u00feeirri d\u00fdr\u00f0legri reisu. <\/p>\n<p>\t\u00dev\u00ed a\u00f0 hinir voru og \u00feess ver\u00f0ugir a\u00f0 \u00feeir skyldu lj\u00f3si\u00f0 missa og liggja fj\u00f6tra\u00f0ir \u00ed myrkrinu svo sem \u00ed annarri myrkvastofu, \u00feeir sem h\u00e9ldu \u00fe\u00edn b\u00f6rn hertekin, fyrir hver \u00fea\u00f0 \u00f3forgengilega l\u00f6gm\u00e1lsins lj\u00f3s skyldi heiminum gefi\u00f0 ver\u00f0a. Og \u00fe\u00e1 \u00feeir \u00feenktu b\u00f6rn \u00feeirra heil\u00f6gu a\u00f0 drepa (og <span class=\"athugasemd\" title=\"a \/ Eitt) \/ \u00dea\u00f0 er, Moyses. Exo. ii.\">[<\/span> eitt af \u00feeim sem \u00fat var bori\u00f0 og \u00feeim til straffs var\u00f0veitt) \u00fe\u00e1 t\u00f3kstu \u00feeirra fj\u00f6ldann barna \u00ed burt og \u00fe\u00fa fordjarfa\u00f0ir \u00fe\u00e1 \u00ed einu miklu vatni.<\/p>\n<p>\tSannlega, s\u00fa sama n\u00f3tt var\u00f0 \u00e1\u00f0ur kunngj\u00f6r\u00f0 vorum fe\u00f0rum so a\u00f0 \u00feeir v\u00e6ri \u00f3efa\u00f0ir og gleddu sig af \u00fev\u00ed fyrirheiti hverju \u00feeir tr\u00fa\u00f0u. Og \u00feitt f\u00f3lk bei\u00f0 eftir hj\u00e1lpr\u00e6\u00f0i r\u00e9ttl\u00e6tisins og fordj\u00f6rfun \u00f3vinanna. \u00dev\u00ed a\u00f0 eins so \u00feann t\u00ed\u00f0 \u00fe\u00e1 \u00fe\u00fa straffa\u00f0ir \u00f3vinina \u00fe\u00e1 gj\u00f6r\u00f0ir \u00fe\u00fa oss d\u00fdr\u00f0lega hverja \u00fe\u00fa til \u00fe\u00edn kalla\u00f0ir. <span class=\"athugasemd\" title=\"Exo. xii. \/ \u00dea\u00f0 p\u00e1skalamb f\u00f3rnf\u00e6r\u00f0u \u00feeir s\u00edn \u00e1 milli og ekki me\u00f0 ehypskum\">[<\/span> Og \u00fe\u00e1 \u00feau heil\u00f6gu b\u00f6rn \u00feeirra r\u00e9ttl\u00e1tu offru\u00f0u \u00fe\u00e9r heimuglega og h\u00f6f\u00f0u \u00fea\u00f0 gu\u00f0d\u00f3mlega l\u00f6gm\u00e1l einhuga\u00f0ir um h\u00f6nd \u00fe\u00e1 me\u00f0t\u00f3ku \u00feeir \u00fea\u00f0 svo sem heilagir og a\u00f0 l\u00ed\u00f0a b\u00e6\u00f0i illt og gott til samans og fe\u00f0urnir sungu lofs\u00f6nginn fyrir \u00fe\u00e9r.<\/p>\n<p>\tEn h\u00e9r \u00ed m\u00f3ti hl\u00fdddi \u00f3vinanna \u00f3p langtum \u00f6\u00f0ruv\u00eds og menn heyr\u00f0u h\u00f6rmungargr\u00e1t aftur og fram yfir b\u00f6rnunum. <span class=\"athugasemd\" title=\"Exo. xii.\">[<\/span> \u00dev\u00ed \u00fear gekk eins hefnd b\u00e6\u00f0i yfir herrana og sveinana og k\u00f3ngurinn hlaut a\u00f0 l\u00ed\u00f0a l\u00edka sem al\u00fe\u00fd\u00f0an. Og \u00feeir h\u00f6f\u00f0u allir \u00ed s\u00e9rhverjum sta\u00f0 \u00f3teljanlegan fj\u00f6lda dau\u00f0ra manna sem d\u00f3u af einu s\u00f3ttarferli so a\u00f0 \u00feeir lif\u00f6ndu fengust ekki til a\u00f0 greftra \u00fe\u00e1. \u00dev\u00ed a\u00f0 \u00e1 einum t\u00edma fyrirf\u00f3rst \u00feeirra besti bur\u00f0ur. Og \u00fe\u00e1 \u00feeir vildu ei tr\u00faa fyrri \u00fe\u00e1 \u00feeir voru af galdram\u00f6nnum forhindra\u00f0ir \u00fe\u00e1 ur\u00f0u \u00feeir a\u00f0 me\u00f0kenna \u00feegar allir frumbur\u00f0ir ur\u00f0u drepnir a\u00f0 \u00feetta f\u00f3lk s\u00e9 Gu\u00f0s b\u00f6rn.<\/p>\n<p>\t\u00dev\u00ed a\u00f0 \u00fe\u00e1 allir hlutir voru kyrrir og hv\u00edldust og \u00fear var r\u00e9tt mi\u00f0n\u00e6ttist\u00ed\u00f0 \u00fe\u00e1 f\u00f3r \u00feitt alm\u00e1ttugt or\u00f0 ofan af himnum, fr\u00e1 \u00fev\u00ed k\u00f3nglega tignars\u00e6ti, l\u00edka sem huga\u00f0ur str\u00ed\u00f0sma\u00f0ur mitt \u00ed \u00fea\u00f0 landi\u00f0 sem fordjarfa\u00f0 skyldi ver\u00f0a, sem var \u00fea\u00f0 bitra sver\u00f0 sem haf\u00f0i alvarlegan bo\u00f0skap, st\u00f3\u00f0 og fyllti allavegana me\u00f0 dau\u00f0a l\u00edkami. Og \u00fe\u00f3 a\u00f0 \u00fea\u00f0 st\u00e6\u00f0i \u00e1 j\u00f6r\u00f0unni \u00fe\u00e1 n\u00e1\u00f0i \u00fea\u00f0 \u00fe\u00f3 allt \u00ed himininn. \u00deessi s\u00fdn hr\u00e6\u00f0ilegs draums f\u00e6ldi \u00fe\u00e1 flj\u00f3tlega og \u00fear kom \u00f3forvarandis \u00f3tti yfir \u00fe\u00e1 og h\u00e9r l\u00e1 einn, annar \u00fear, h\u00e1lfdau\u00f0ur, svo a\u00f0 menn kunnu vel a\u00f0 merkja \u00e1 honum af hverju efni hann svo anda\u00f0ist. \u00dev\u00ed a\u00f0 \u00feeir draumar sem \u00fe\u00e1 h\u00f6f\u00f0u \u00e1\u00f0ur hr\u00e6dda gj\u00f6rt vottu\u00f0u \u00fea\u00f0 hvar fyrir \u00feeir voru so illa pl\u00e1ga\u00f0ir so a\u00f0 \u00feeir skyldu ekki \u00e1n vi\u00f0v\u00f6runar fordjarfast.<\/p>\n<p>\t\u00cd \u00feann t\u00edma kom og dau\u00f0ans freisting yfir \u00fe\u00e1 r\u00e9ttl\u00e1tu og \u00fear var\u00f0 eitt skar\u00f0 \u00ed mannfj\u00f6ldann \u00ed ey\u00f0im\u00f6rkinni en s\u00fa rei\u00f0i var\u00f0i ekki lengi. <span class=\"athugasemd\" title=\"Num. xii. \/ Eldur \u00e1 me\u00f0al f\u00f3lksins\">[<\/span> \u00dev\u00ed s\u00e1 \u00f3straffanlegi ma\u00f0ur sem str\u00edddi fyrir \u00fe\u00e1 kom strax me\u00f0 vopn sins emb\u00e6ttis, sem var b\u00e6nin og forl\u00edkunin me\u00f0 reykelsi, og st\u00f3\u00f0 \u00ed m\u00f3ti rei\u00f0inni og gj\u00f6r\u00f0i einn enda \u00e1 h\u00f6rmunginni. \u00dear me\u00f0 au\u00f0s\u00fdndi hann sig a\u00f0 vera \u00feeim \u00fe\u00e9nara. Hann yfirvann \u00fea\u00f0 hr\u00e6\u00f0ilega ath\u00e6fi ei me\u00f0 holdlegri magt, ei heldur me\u00f0 styrkleik vopnanna heldur me\u00f0 or\u00f0inu varpa\u00f0i hann pl\u00e1garanum undir sig \u00fe\u00e1 hann framsetti \u00feann ei\u00f0 og s\u00e1ttm\u00e1la sem fe\u00f0runum var fyrirheiti\u00f0. <span class=\"athugasemd\" title=\"Exo. xxiii.\">[<\/span> \u00dev\u00ed a\u00f0 \u00fe\u00e1 \u00feeir dau\u00f0u f\u00e9llu n\u00fa hr\u00f6nnum hver um \u00feveran annan \u00fe\u00e1 st\u00f3\u00f0 hann \u00ed milli og stillti rei\u00f0ina og banna\u00f0i honum veginn til \u00feeirra lif\u00f6ndu. \u00dev\u00ed a\u00f0 \u00ed hans s\u00ed\u00f0a kyrtli var \u00f6ll heimsins pr\u00fd\u00f0i og fe\u00f0ranna hei\u00f0ur var \u00fatgrafinn \u00ed \u00feeim fj\u00f3rum r\u00f6\u00f0um steinanna og \u00fe\u00edn d\u00fdr\u00f0 \u00e1 hans h\u00f6fu\u00f0kl\u00e6\u00f0i. Fyrir sl\u00edkum hlutum hlaut fordjarfarinn a\u00f0 v\u00edkja og sl\u00edkt hlaut hann a\u00f0 \u00f3ttast. \u00dev\u00ed a\u00f0 \u00fea\u00f0 n\u00e6g\u00f0ist a\u00f0 \u00fea\u00f0 var freisting rei\u00f0innar.<\/p>\n","protected":false},"excerpt":{"rendered":"<p>XVIII. En \u00fe\u00ednir heilagir h\u00f6f\u00f0u eitt lj\u00f3s og \u00f3vinirnir heyr\u00f0u \u00feeirra hlj\u00f3\u00f0 en \u00feeir s\u00e1u ei \u00feeirra mynd. Og \u00feeir lofu\u00f0u \u00fea\u00f0 a\u00f0 \u00feeir li\u00f0u ekki sl\u00edkt og \u00feeir \u00fe\u00f6kku\u00f0u \u00fea\u00f0 a\u00f0 \u00feeir hinir s\u00f6mu sem fyrr h\u00f6f\u00f0u ska\u00f0a af \u00feeim fengi\u00f0 hefndu s\u00edn ekki \u00e1 \u00feeim og \u00f3sku\u00f0u a\u00f0 \u00feeir m\u00e6ttu vera langt fr\u00e1 \u00feeim. [ \u00dear \u00e1 m\u00f3ti gafstu \u00feessum einn eldlegan st\u00f3lpa sem \u00feeim v\u00edsa\u00f0i \u00f3kunnigan veg og \u00fe\u00fa l\u00e9st s\u00f3lina ekki ska\u00f0a \u00fe\u00e1 \u00e1 \u00feeirri d\u00fdr\u00f0legri reisu. \u00dev\u00ed a\u00f0 hinir voru og \u00feess ver\u00f0ugir a\u00f0 \u00feeir skyldu lj\u00f3si\u00f0 missa og liggja fj\u00f6tra\u00f0ir \u00ed myrkrinu svo sem <a href=\"https:\/\/biblian.is\/gudbrandsbiblia\/speki-salomons-18-kafli\/\"> [&#8230;]<\/a><\/p>\n","protected":false},"author":1,"featured_media":0,"parent":0,"menu_order":0,"comment_status":"open","ping_status":"open","template":"bibliukaflar.php","meta":{"footnotes":""},"class_list":["post-3686","page","type-page","status-publish","hentry"],"_links":{"self":[{"href":"https:\/\/biblian.is\/gudbrandsbiblia\/wp-json\/wp\/v2\/pages\/3686","targetHints":{"allow":["GET"]}}],"collection":[{"href":"https:\/\/biblian.is\/gudbrandsbiblia\/wp-json\/wp\/v2\/pages"}],"about":[{"href":"https:\/\/biblian.is\/gudbrandsbiblia\/wp-json\/wp\/v2\/types\/page"}],"author":[{"embeddable":true,"href":"https:\/\/biblian.is\/gudbrandsbiblia\/wp-json\/wp\/v2\/users\/1"}],"replies":[{"embeddable":true,"href":"https:\/\/biblian.is\/gudbrandsbiblia\/wp-json\/wp\/v2\/comments?post=3686"}],"version-history":[{"count":0,"href":"https:\/\/biblian.is\/gudbrandsbiblia\/wp-json\/wp\/v2\/pages\/3686\/revisions"}],"wp:attachment":[{"href":"https:\/\/biblian.is\/gudbrandsbiblia\/wp-json\/wp\/v2\/media?parent=3686"}],"curies":[{"name":"wp","href":"https:\/\/api.w.org\/{rel}","templated":true}]}}