{"id":3681,"date":"2017-12-18T18:34:24","date_gmt":"2017-12-18T18:34:24","guid":{"rendered":"http:\/\/biblian.is\/gudbrandsbiblia\/speki-salomons-13-kafli\/"},"modified":"2017-12-18T18:34:24","modified_gmt":"2017-12-18T18:34:24","slug":"speki-salomons-13-kafli","status":"publish","type":"page","link":"https:\/\/biblian.is\/gudbrandsbiblia\/speki-salomons-13-kafli\/","title":{"rendered":"Speki Sal\u00f3mons 13. kafli"},"content":{"rendered":"<p>XIII.<\/p>\n<p>Sannlega eru allir menn af n\u00e1tt\u00farunni h\u00e9g\u00f3mlegir sem ekkert vita af Gu\u00f0i og af s\u00fdnilegum, g\u00f3\u00f0um hlutum ekki \u00feekkja hann sem hann er og ekki sj\u00e1 \u00e1 verkinu hver meistarinn er heldur halda anna\u00f0 hvort eld og ve\u00f0ur e\u00f0ur vind og stj\u00f6rnur e\u00f0ur str\u00ed\u00f0 v\u00f6tn e\u00f0ur lj\u00f3sin \u00e1 himninum sem ver\u00f6ldunni st\u00fdra a\u00f0 vera Gu\u00f0. <span class=\"athugasemd\" title=\"Rom. i. \/ Deut. iiii.\">[<\/span> Og ef \u00feeir hafa \u00fe\u00f3knan \u00e1 \u00feeirra fr\u00ed\u00f0ri sk\u00f6pun og halda \u00fe\u00e1 svo fyrir gu\u00f0i \u00fe\u00e1 skyldu \u00feeir me\u00f0 r\u00e9ttu hafa hugleitt hversu miklu fremri s\u00e1 er sem er Drottinn yfir \u00f6llu \u00feessu. \u00dev\u00ed hann sem er allrar fegur\u00f0ar meistari hann skapa\u00f0i allt \u00feetta. Og \u00fear sem \u00fe\u00e1 fur\u00f0a\u00f0i \u00feeirra m\u00e1ttur og kraftur \u00fe\u00e1 skyldu \u00feeir me\u00f0 r\u00e9ttu hafa marka\u00f0 \u00fear af hversu megtugur hann er sem allt \u00feetta tilreiddi. \u00dev\u00ed a\u00f0 \u00fat af \u00feeirri miklu fegur\u00f0arpr\u00fd\u00f0i og verkum skaparans \u00fe\u00e1 m\u00e1 hann \u00feekkja so sem af annarri mynd.<\/p>\n<p>\tEn \u00fe\u00f3 a\u00f0 \u00feessir s\u00e9 ei aldeilis fastlega \u00e1v\u00edtandi \u00fea\u00f0 \u00feeir kunna og vel a\u00f0 fara villt \u00fe\u00e1 \u00feeir leita Gu\u00f0s og vilja gjarnan finna hann. <span class=\"athugasemd\" title=\"Rom. ii.\">[<\/span> \u00dev\u00ed a\u00f0 n\u00e6r e\u00f0 \u00feeir umgangast me\u00f0 hans skepnur og hugsa \u00fear upp \u00e1 \u00fe\u00e1 ver\u00f0a \u00feeir fangnir \u00ed sko\u00f0uninni eftir \u00fev\u00ed a\u00f0 skepnurnar eru so fagrar, \u00fe\u00e6r sem menn sj\u00e1. \u00de\u00f3 eru \u00feeir ekki \u00fear me\u00f0 afsaka\u00f0ir \u00fev\u00ed a\u00f0 hafi \u00feeir so miki\u00f0 kunna\u00f0 a\u00f0 vi\u00f0urkenna a\u00f0 \u00feeir kunni h\u00e1tt a\u00f0 akta skepnuna, hvar fyrir hafa \u00feeir \u00fe\u00e1 ei miklu fyrri hennar Drottin fundi\u00f0? <\/p>\n<p>\tEn \u00feeir eru vesalir og \u00feeirra von m\u00e1 vel reiknast \u00e1 me\u00f0al \u00feeirra dau\u00f0u sem kalla mannanna verk gu\u00f0, sem er gull og silfur meistarlegana tilb\u00fai\u00f0 og d\u00fdramyndir e\u00f0ur gagnlausir steinar sem eru gj\u00f6r\u00f0ir for\u00f0um so sem \u00fe\u00e1 n\u00e6r einn tr\u00e9smi\u00f0ur leitar erfi\u00f0is, h\u00f6ggur einhver sta\u00f0ar tr\u00e9\u00f0 og \u00fatsnikkar og sl\u00e9ttir \u00fea\u00f0 vel og gj\u00f6rir eitthva\u00f0 sm\u00ed\u00f0islegt og fagurt \u00fear af sem gagnlegt kann a\u00f0 vera \u00ed \u00feessu l\u00edfi en sp\u00e6nina \u00fear af hefur hann til \u00feess a\u00f0 sj\u00f3\u00f0a mat me\u00f0 so a\u00f0 hann kunni a\u00f0 ver\u00f0a mettur. <span class=\"athugasemd\" title=\"Sk\u00fargo\u00f0ad\u00fdrkan \/ Esa. xliiii. \/ Jere. x.\">[<\/span> Hva\u00f0 sem afgangs er og ekki er til gagns, sem er \u00fea\u00f0 bogna og kvist\u00f3tta, \u00fea\u00f0 tekur hann og \u00fatsker \u00fea\u00f0 vandlega \u00fe\u00e1 hann hefur ekki anna\u00f0 a\u00f0 gj\u00f6ra og hann sm\u00ed\u00f0ar \u00fea\u00f0 meistarlega me\u00f0 s\u00ednum hagleik og gj\u00f6rir \u00fea\u00f0 svo sem eins manns e\u00f0ur fyrirlegs d\u00fdrs mynd, hann gj\u00f6rir \u00fea\u00f0 rautt og m\u00e1lar \u00fea\u00f0 me\u00f0 rau\u00f0um og hv\u00edtum color o ghvar sem \u00fea\u00f0 ver\u00f0ur blett\u00f3tt \u00fe\u00e1 ber hann \u00fear color \u00e1. Og hann gj\u00f6rir eitt fagurt h\u00faskorn handa \u00fev\u00ed og setur \u00fea\u00f0 \u00e1 vegginn og festir \u00fea\u00f0 me\u00f0 j\u00e1rni so \u00fea\u00f0 skuli ekki falla. Sl\u00edka \u00e1hyggju hefur hann fyrir \u00fev\u00ed \u00fev\u00ed a\u00f0 hann veit a\u00f0 \u00fea\u00f0 getur ekki hj\u00e1lpa\u00f0 s\u00e9r sj\u00e1lft \u00fev\u00ed \u00fea\u00f0 er eitt l\u00edkneski og \u00fearf stu\u00f0nings vi\u00f0.<\/p>\n<p>\tOg n\u00e6r hann bi\u00f0ur fyrir s\u00ednu g\u00f3ssi, fyrir sinni kvinnu og fyrir s\u00ednum b\u00f6rnum og hann skammast s\u00edn ekki a\u00f0 tala til \u00feess dau\u00f0a og hann \u00e1kallar \u00feann veika um heilbrig\u00f0i, bi\u00f0ur \u00feann dau\u00f0a um l\u00edf, bei\u00f0ist hj\u00e1lpar af \u00feeim sem ekkert dugir og um lukkusama reisu af \u00feeim sem ekki kann a\u00f0 ganga og hann bi\u00f0ur hann um \u00e1vinning, erindi og \u00fatvegu, a\u00f0 \u00fea\u00f0 skuli vel lukkast, \u00feann sem ekkert form\u00e1.<\/p>\n","protected":false},"excerpt":{"rendered":"<p>XIII. Sannlega eru allir menn af n\u00e1tt\u00farunni h\u00e9g\u00f3mlegir sem ekkert vita af Gu\u00f0i og af s\u00fdnilegum, g\u00f3\u00f0um hlutum ekki \u00feekkja hann sem hann er og ekki sj\u00e1 \u00e1 verkinu hver meistarinn er heldur halda anna\u00f0 hvort eld og ve\u00f0ur e\u00f0ur vind og stj\u00f6rnur e\u00f0ur str\u00ed\u00f0 v\u00f6tn e\u00f0ur lj\u00f3sin \u00e1 himninum sem ver\u00f6ldunni st\u00fdra a\u00f0 vera Gu\u00f0. [ Og ef \u00feeir hafa \u00fe\u00f3knan \u00e1 \u00feeirra fr\u00ed\u00f0ri sk\u00f6pun og halda \u00fe\u00e1 svo fyrir gu\u00f0i \u00fe\u00e1 skyldu \u00feeir me\u00f0 r\u00e9ttu hafa hugleitt hversu miklu fremri s\u00e1 er sem er Drottinn yfir \u00f6llu \u00feessu. \u00dev\u00ed hann sem er allrar fegur\u00f0ar meistari hann skapa\u00f0i allt <a href=\"https:\/\/biblian.is\/gudbrandsbiblia\/speki-salomons-13-kafli\/\"> [&#8230;]<\/a><\/p>\n","protected":false},"author":1,"featured_media":0,"parent":0,"menu_order":0,"comment_status":"open","ping_status":"open","template":"bibliukaflar.php","meta":{"footnotes":""},"class_list":["post-3681","page","type-page","status-publish","hentry"],"_links":{"self":[{"href":"https:\/\/biblian.is\/gudbrandsbiblia\/wp-json\/wp\/v2\/pages\/3681","targetHints":{"allow":["GET"]}}],"collection":[{"href":"https:\/\/biblian.is\/gudbrandsbiblia\/wp-json\/wp\/v2\/pages"}],"about":[{"href":"https:\/\/biblian.is\/gudbrandsbiblia\/wp-json\/wp\/v2\/types\/page"}],"author":[{"embeddable":true,"href":"https:\/\/biblian.is\/gudbrandsbiblia\/wp-json\/wp\/v2\/users\/1"}],"replies":[{"embeddable":true,"href":"https:\/\/biblian.is\/gudbrandsbiblia\/wp-json\/wp\/v2\/comments?post=3681"}],"version-history":[{"count":0,"href":"https:\/\/biblian.is\/gudbrandsbiblia\/wp-json\/wp\/v2\/pages\/3681\/revisions"}],"wp:attachment":[{"href":"https:\/\/biblian.is\/gudbrandsbiblia\/wp-json\/wp\/v2\/media?parent=3681"}],"curies":[{"name":"wp","href":"https:\/\/api.w.org\/{rel}","templated":true}]}}