{"id":3680,"date":"2017-12-18T18:34:24","date_gmt":"2017-12-18T18:34:24","guid":{"rendered":"http:\/\/biblian.is\/gudbrandsbiblia\/speki-salomons-12-kafli\/"},"modified":"2017-12-18T18:34:24","modified_gmt":"2017-12-18T18:34:24","slug":"speki-salomons-12-kafli","status":"publish","type":"page","link":"https:\/\/biblian.is\/gudbrandsbiblia\/speki-salomons-12-kafli\/","title":{"rendered":"Speki Sal\u00f3mons 12. kafli"},"content":{"rendered":"<p>XII.<\/p>\n<p>\u00dear fyrir hirtir \u00fe\u00fa me\u00f0 h\u00f3fsemi \u00fe\u00e1 sem falla og \u00e1minnir \u00fe\u00e1 me\u00f0 \u00f6gun \u00e1 s\u00edna synd so a\u00f0 \u00feeir yfirgefi rangl\u00e6ti\u00f0 og tr\u00fai \u00e1 \u00feig, Drottinn. <span class=\"athugasemd\" title=\"Kanan\u00edtar \u00fea\u00f0 sem f\u00f3rnf\u00e6r\u00f0u s\u00edn b\u00f6rn\">[<\/span> \u00dev\u00ed \u00fe\u00e1 \u00fe\u00fa vart \u00f3vinur \u00feeirra fyrri manna sem bjuggu \u00ed \u00fe\u00ednu heilaga landi af \u00fev\u00ed \u00feeir dr\u00fdg\u00f0u illmannleg verk me\u00f0 g\u00f6ldrum og vildir fyrir hendur vorra forfe\u00f0ra afm\u00e1 \u00fe\u00e1 \u00f3gu\u00f0legu f\u00f3rnf\u00e6rara og \u00fe\u00e1 miskunnarlausu mor\u00f0ingja sem dr\u00e1pu s\u00edna syni, \u00feeir e\u00f0 \u00e1tu mannasl\u00e1tur og drukku hr\u00e6\u00f0ilegt bl\u00f3\u00f0 og l\u00e9tust gj\u00f6ra \u00fe\u00e9r \u00feetta til \u00fej\u00f3nustu, og \u00feeir sem foreldarnir voru myrtu \u00fe\u00e6r s\u00e1lir sem \u00f6ngva hj\u00e1lp h\u00f6f\u00f0u upp \u00e1 \u00fea\u00f0 landi\u00f0 sem fyrr var \u00fea\u00f0 besta \u00e1 me\u00f0al allra skyldi vera einn maklegur b\u00fasta\u00f0ur Gu\u00f0s b\u00f6rnum, \u00fe\u00f3 hl\u00edf\u00f0ir \u00fe\u00fa \u00feeim svo sem m\u00f6nnum og sendir \u00fe\u00edna fyrirrennara fyrir \u00fe\u00e9r sem er \u00feitt herli\u00f0, stingandi flugur, upp \u00e1 \u00fea\u00f0 a\u00f0 \u00feeir skyldu fyrirkoma \u00feeim me\u00f0 t\u00ed\u00f0inni. <span class=\"athugasemd\" title=\"Vespae\">[<\/span> A\u00f0 v\u00edsu var \u00fe\u00e9r ekki \u00f3m\u00f6gulegt a\u00f0 varpa \u00feeim \u00f3gu\u00f0legu undir \u00fe\u00e1 r\u00e9ttl\u00e1tu \u00ed bardaganum e\u00f0a sundurmerja \u00fe\u00e1 alla fyrir \u00f3lmum d\u00fdrum elligar me\u00f0 einu hastyr\u00f0i heldur d\u00e6mdir \u00fe\u00fa \u00fe\u00e1 me\u00f0 t\u00ed\u00f0inni og gafst \u00feeim bi\u00f0lund til betrunar \u00fe\u00f3 a\u00f0 \u00fe\u00fa vel vissir a\u00f0 \u00feeir h\u00f6f\u00f0u illa n\u00e1tt\u00faru og \u00feeirra hrekkv\u00edsi var \u00feeim me\u00f0f\u00e6dd og a\u00f0 \u00feeir aldrei mundu umskipta s\u00ednum hugrenningum. \u00dev\u00ed a\u00f0 \u00feeir voru eitt b\u00f6lva\u00f0 s\u00e6\u00f0i \u00ed upphafi. So \u00feurftir \u00fe\u00fa \u00f6ngvan a\u00f0 for\u00f0ast \u00fe\u00f3 \u00fe\u00fa fyrirg\u00e6fir \u00feeim \u00fea\u00f0 hvar me\u00f0 \u00feeir h\u00f6f\u00f0u syndgast. \u00dev\u00ed a\u00f0 hver vill segja til \u00fe\u00edn: &#8222;Hva\u00f0 gj\u00f6rir \u00fe\u00fa?&#8220; e\u00f0ur hver vill \u00ed m\u00f3ti standa \u00fe\u00ednum d\u00f3mi? Elligar hver vill setja sig til hefndar vi\u00f0 \u00feig vegna \u00feeirrar rangl\u00e1tu manneskju? \u00dev\u00ed \u00fear er enginn Gu\u00f0 utan \u00fe\u00fa sem umhyggju hefur allra hluta so a\u00f0 \u00fe\u00fa \u00fear me\u00f0 au\u00f0s\u00fdnir a\u00f0 \u00fe\u00fa d\u00e6mir ekki rangt. \u00dev\u00ed a\u00f0 hverki k\u00f3ngur n\u00e9 nokkur t\u00fdrannar kann a\u00f0 ganga \u00fe\u00e9r undir augun fyrir \u00fe\u00e1 sem \u00fe\u00fa straffar.<\/p>\n<p>\tFyrst \u00fe\u00fa ert r\u00e9ttl\u00e1tur \u00fe\u00e1 stj\u00f3rnar \u00fe\u00fa \u00f6llum hlutum r\u00e9ttilega og heldur \u00fea\u00f0 ekki s\u00f3ma \u00fe\u00ednu majestatisveldi a\u00f0 ford\u00e6ma nokkurn sem ei hefur til saka gj\u00f6rt. \u00dev\u00ed a\u00f0 \u00feinn styrkleiki er h\u00f6f\u00f0ingsskapur r\u00e9ttv\u00edsinnar og me\u00f0 \u00fev\u00ed \u00fe\u00fa stj\u00f3rnar \u00f6llu \u00fe\u00e1 hl\u00edfir \u00fe\u00fa \u00f6llum. \u00dev\u00ed \u00fe\u00fa hefur au\u00f0s\u00fdnt \u00feinn styrkleika \u00e1 \u00feeim sem ekki tr\u00fa\u00f0u a\u00f0 \u00fe\u00fa vart so alm\u00e1ttugur og \u00fe\u00fa au\u00f0s\u00fdndir \u00feig \u00e1 \u00feeim sem vissu sig a\u00f0 vera <span class=\"athugasemd\" title=\"a \/ Djarfa) \/ \u00e1 egypskum \u00ed Hafinu rau\u00f0a\">[<\/span> djarfa. En \u00fe\u00fa, hinn voldugi drottnari, d\u00e6mir me\u00f0 h\u00f3gv\u00e6r\u00f0 og stj\u00f3rnar oss me\u00f0 mikilli linkind \u00fev\u00ed \u00fe\u00fa megnar allt \u00fea\u00f0 sem \u00fe\u00fa vilt.<\/p>\n<p>\tEn me\u00f0 soddan gj\u00f6rningum kennir \u00fe\u00fa \u00fe\u00ednu f\u00f3lki a\u00f0 menn skulu vera r\u00e9ttl\u00e1tir og g\u00f3\u00f0ir. Og \u00fe\u00fa l\u00e6tur \u00fe\u00edn b\u00f6rn \u00fear af l\u00e6ra a\u00f0 \u00feau skuli hafa g\u00f3\u00f0a von \u00fea\u00f0 \u00fe\u00fa viljir me\u00f0taka yfirb\u00f3t fyrir syndirnar. \u00dev\u00ed \u00fear sem \u00fe\u00fa straffa\u00f0ir \u00f3vini \u00feinna barna og \u00fe\u00e1 sem dau\u00f0ann h\u00f6f\u00f0u ver\u00f0skulda\u00f0 me\u00f0 sl\u00edkri linkind og undandr\u00e6tti og gafst \u00feeim stund og t\u00f3m i\u00f0ranar, me\u00f0 hva\u00f0 meira athuga d\u00e6mir \u00fe\u00fa \u00fe\u00e1 \u00fe\u00edn b\u00f6rn, vi\u00f0 hverra fe\u00f0ur \u00fe\u00fa uppreistir einn ei\u00f0 og s\u00e1ttm\u00e1la me\u00f0 m\u00f6rgum g\u00f3\u00f0um fyrirheitum? \u00dear fyrir so oft sem \u00fe\u00fa straffar vora \u00f3vini \u00fe\u00e1 gj\u00f6rir \u00fe\u00fa oss \u00fea\u00f0 til hirtingar so a\u00f0 v\u00e9r hef\u00f0um gl\u00f6ggvar g\u00e6tur \u00e1 \u00feinni g\u00e6sku a\u00f0 \u00fe\u00f3 v\u00e9r ver\u00f0um d\u00e6mdir \u00fe\u00e1 skulum v\u00e9r \u00fe\u00f3 treysta upp \u00e1 \u00fe\u00edna miskunnsemi.<\/p>\n<p>\tHvar fyrir \u00fe\u00fa og straffa\u00f0ir \u00fe\u00e1 <span class=\"athugasemd\" title=\"a Rangl\u00e1tu) \/ \u00deeir egypsku tilb\u00e1\u00f0u \u00feau d\u00fdr sem andstyggileg voru hj\u00e1 Gy\u00f0ingum og kallar \u00fea\u00f0 hl\u00e6gilega pl\u00e1gu a\u00f0 \u00feau d\u00fdr p\u00edndu \u00fe\u00e1 sem \u00feeir tilb\u00e1\u00f0u\">[<\/span> rangl\u00e1tu me\u00f0 \u00feeirra eigin sv\u00edvir\u00f0ing sem \u00fe\u00f3 lif\u00f0u \u00feusslega. \u00dev\u00ed \u00feeir voru \u00f6ldungis so langt \u00ed burt \u00ed villuna fallnir a\u00f0 \u00feeir h\u00e9ldu \u00feau d\u00fdr fyri rgu\u00f0i sem voru fyrirlitin hj\u00e1 \u00feeirra \u00f3vinum, sviknir l\u00edka sem skynlaus b\u00f6rn. \u00dear fyrir hefur \u00fe\u00fa og a\u00f0hl\u00e6gilegt straff l\u00e1ti\u00f0 yfir \u00fe\u00e1 koma so sem yfir skilningslaus b\u00f6rn. En \u00fe\u00e1 \u00feeir \u00f6ktu\u00f0u ekki svoddan spottlegrar \u00e1minningar \u00fe\u00e1 fengu \u00feeir a\u00f0 finna alvarlegt Gu\u00f0s straff. \u00dev\u00ed \u00feeir ur\u00f0u af \u00feeim hlutum pl\u00e1ga\u00f0ir sem \u00feeir h\u00e9ldu fyrir Gu\u00f0, hva\u00f0 \u00fe\u00e1 angra\u00f0i me\u00f0 \u00f6llu \u00fe\u00e1 \u00feeir s\u00e1u \u00feann sem \u00feeir \u00e1\u00f0ur vildu ekki \u00feekkja og m\u00e1ttu \u00feekkja hann fyrir einn Gu\u00f0, \u00fear fyrir kom fyrird\u00e6mingin um s\u00ed\u00f0ir yfir \u00fe\u00e1.<\/p>\n","protected":false},"excerpt":{"rendered":"<p>XII. \u00dear fyrir hirtir \u00fe\u00fa me\u00f0 h\u00f3fsemi \u00fe\u00e1 sem falla og \u00e1minnir \u00fe\u00e1 me\u00f0 \u00f6gun \u00e1 s\u00edna synd so a\u00f0 \u00feeir yfirgefi rangl\u00e6ti\u00f0 og tr\u00fai \u00e1 \u00feig, Drottinn. [ \u00dev\u00ed \u00fe\u00e1 \u00fe\u00fa vart \u00f3vinur \u00feeirra fyrri manna sem bjuggu \u00ed \u00fe\u00ednu heilaga landi af \u00fev\u00ed \u00feeir dr\u00fdg\u00f0u illmannleg verk me\u00f0 g\u00f6ldrum og vildir fyrir hendur vorra forfe\u00f0ra afm\u00e1 \u00fe\u00e1 \u00f3gu\u00f0legu f\u00f3rnf\u00e6rara og \u00fe\u00e1 miskunnarlausu mor\u00f0ingja sem dr\u00e1pu s\u00edna syni, \u00feeir e\u00f0 \u00e1tu mannasl\u00e1tur og drukku hr\u00e6\u00f0ilegt bl\u00f3\u00f0 og l\u00e9tust gj\u00f6ra \u00fe\u00e9r \u00feetta til \u00fej\u00f3nustu, og \u00feeir sem foreldarnir voru myrtu \u00fe\u00e6r s\u00e1lir sem \u00f6ngva hj\u00e1lp h\u00f6f\u00f0u upp \u00e1 \u00fea\u00f0 landi\u00f0 <a href=\"https:\/\/biblian.is\/gudbrandsbiblia\/speki-salomons-12-kafli\/\"> [&#8230;]<\/a><\/p>\n","protected":false},"author":1,"featured_media":0,"parent":0,"menu_order":0,"comment_status":"open","ping_status":"open","template":"bibliukaflar.php","meta":{"footnotes":""},"class_list":["post-3680","page","type-page","status-publish","hentry"],"_links":{"self":[{"href":"https:\/\/biblian.is\/gudbrandsbiblia\/wp-json\/wp\/v2\/pages\/3680","targetHints":{"allow":["GET"]}}],"collection":[{"href":"https:\/\/biblian.is\/gudbrandsbiblia\/wp-json\/wp\/v2\/pages"}],"about":[{"href":"https:\/\/biblian.is\/gudbrandsbiblia\/wp-json\/wp\/v2\/types\/page"}],"author":[{"embeddable":true,"href":"https:\/\/biblian.is\/gudbrandsbiblia\/wp-json\/wp\/v2\/users\/1"}],"replies":[{"embeddable":true,"href":"https:\/\/biblian.is\/gudbrandsbiblia\/wp-json\/wp\/v2\/comments?post=3680"}],"version-history":[{"count":0,"href":"https:\/\/biblian.is\/gudbrandsbiblia\/wp-json\/wp\/v2\/pages\/3680\/revisions"}],"wp:attachment":[{"href":"https:\/\/biblian.is\/gudbrandsbiblia\/wp-json\/wp\/v2\/media?parent=3680"}],"curies":[{"name":"wp","href":"https:\/\/api.w.org\/{rel}","templated":true}]}}