{"id":3678,"date":"2017-12-18T18:34:24","date_gmt":"2017-12-18T18:34:24","guid":{"rendered":"http:\/\/biblian.is\/gudbrandsbiblia\/speki-salomons-10-kafli\/"},"modified":"2017-12-18T18:34:24","modified_gmt":"2017-12-18T18:34:24","slug":"speki-salomons-10-kafli","status":"publish","type":"page","link":"https:\/\/biblian.is\/gudbrandsbiblia\/speki-salomons-10-kafli\/","title":{"rendered":"Speki Sal\u00f3mons 10. kafli"},"content":{"rendered":"<p>X.<\/p>\n<p>\u00deessi speki var\u00f0veitti hann sem fyrst var gj\u00f6r\u00f0ur og alleina var skapa\u00f0ur ver\u00f6ldunni til eins f\u00f6\u00f0urs og leiddi hann \u00far s\u00ednum syndum og gaf honum magt a\u00f0 drottna yfir \u00f6llum hlutum. <span class=\"athugasemd\" title=\"Adam \/ gen. ii.\">[<\/span><\/p>\n<p>\tFr\u00e1 hverjum \u00fe\u00e1 s\u00e1 hinn rangl\u00e1ti aff\u00e9ll fyrir s\u00edna rei\u00f0i, fordjarfa\u00f0ist hann vegna sins grimmlega br\u00f3\u00f0urdr\u00e1ps. <span class=\"athugasemd\" title=\"Kain \/ Gen. iiii.\">[<\/span><\/p>\n<p>\tOg \u00fe\u00e1 j\u00f6r\u00f0in var fordj\u00f6rfu\u00f0 \u00feess vegna me\u00f0 vatsfl\u00f3\u00f0inu \u00fe\u00e1 hj\u00e1lpa\u00f0i spekin aftur og st\u00fdr\u00f0i \u00feeim r\u00e9ttl\u00e1ta me\u00f0 einu litlu tr\u00e9. <span class=\"athugasemd\" title=\"N\u00f3i \/ Gen. vi. vii. viii.\">[<\/span><\/p>\n<p>\t\u00deessi fann \u00feann r\u00e9ttl\u00e1ta \u00fe\u00e1 hei\u00f0ingjarnir lif\u00f0u so vondslega allir \u00ed villunni og h\u00e9lt honum \u00f3straffanlegum fyrir Gu\u00f0i og l\u00e9t hann vera st\u00f6\u00f0ugan \u00ed gegn \u00fev\u00ed f\u00f6\u00f0urlega hjarta til sonarins. <span class=\"athugasemd\" title=\"Abraham \/ Gen. xii.\">[<\/span><\/p>\n<p>\t\u00deessi frelsti \u00feann r\u00e9ttl\u00e1ta \u00fe\u00e1 \u00feeir \u00f3gu\u00f0legu forgengu, \u00fe\u00e1 hann fl\u00fd\u00f0\u00ed undan eldinum sem fell yfir \u00fe\u00e6r fimm borgirnar, hverra au\u00f0nir enn n\u00fa gefa reyk af s\u00e9r til vitnisbur\u00f0ar \u00feeirra illsku og \u00feau tr\u00e9n sem bera \u00f3fullvaxinn \u00e1v\u00f6xt og s\u00fa salts\u00fala sem \u00fear stendur til \u00e1minningar \u00feeim vantr\u00fau\u00f0um s\u00e1lum. <span class=\"athugasemd\" title=\"Lot \/ Gen. xix.\">[<\/span> \u00dev\u00ed a\u00f0 \u00feeir sem ekki hir\u00f0a um spekina hafa ekki a\u00f0eins \u00feann ska\u00f0a a\u00f0 \u00feeir \u00feekkja ei \u00fea\u00f0 g\u00f3\u00f0a heldur l\u00e1ta \u00feeir eftir sig eina \u00e1minning \u00feeim lif\u00f6ndu svo a\u00f0 \u00feeir geta ekki dulist \u00ed \u00fev\u00ed sem \u00feeir f\u00f3ru villt. En spekin frelsar \u00fe\u00e1 af \u00f6llum harmkv\u00e6lum sem s\u00e9r halda vi\u00f0 hana.<\/p>\n<p>\t\u00deessi leiddi \u00feann r\u00e9ttl\u00e1ta \u00e1 r\u00e9ttum vegi sem var\u00f0 a\u00f0 fl\u00fdja rei\u00f0i br\u00f3\u00f0ur sins og v\u00edsa\u00f0i honum Gu\u00f0sr\u00edki og sag\u00f0i honum hva\u00f0 heilagt er og hj\u00e1lpa\u00f0i honum \u00ed hans erfi\u00f0i so a\u00f0 hann au\u00f0ga\u00f0ist og afla\u00f0i mikilla fj\u00e1rhluta me\u00f0 s\u00ednu erfi\u00f0i. <span class=\"athugasemd\" title=\"Jakob \/ Gen. xxviii.\">[<\/span> Og h\u00fan var me\u00f0 honum \u00fe\u00e1 hann var svikinn af \u00feeim sem honum gj\u00f6r\u00f0u \u00f3r\u00e9tt. Og h\u00fan gj\u00f6r\u00f0i hann \u00f3hr\u00e6ddan fyrir \u00feeim sem a\u00f0 s\u00f3ttu eftir honum. Og h\u00fan gaf honum sigur \u00ed \u00fev\u00ed \u00feunga str\u00ed\u00f0i so a\u00f0 hann skyldi merkja a\u00f0 gu\u00f0hr\u00e6\u00f0slan er sterkari en allir hlutir. <span class=\"athugasemd\" title=\"Gene. xxxii.\">[<\/span><\/p>\n<p>\t\u00deessi yfirgaf ekki \u00feann r\u00e9ttl\u00e1ta sem seldur var heldur var\u00f0veitti hann fr\u00e1 syndinni, f\u00f3r me\u00f0 honum \u00ed myrkvastofuna og yfirgaf hann ekki \u00ed fj\u00f6trunum \u00feanga\u00f0 til h\u00fan f\u00e9kk honum stj\u00f3rnarsprota r\u00edkisins og vald yfir \u00feeim sem honum h\u00f6f\u00f0u gj\u00f6rt \u00f3r\u00e9tt. <span class=\"athugasemd\" title=\"J\u00f3sef. \/ Gen. xxxvii.\">[<\/span> Og h\u00fan gj\u00f6r\u00f0i \u00fe\u00e1 a\u00f0 lygurum sem hann h\u00f6f\u00f0u straffa\u00f0 og gaf honum einn eil\u00edfan hei\u00f0ur.<\/p>\n<p>\t\u00deessi frelsti \u00fea\u00f0 heilaga f\u00f3lk og \u00fea\u00f0 \u00f3straffanlega s\u00e6\u00f0i fr\u00e1 hei\u00f0ingjunum sem pl\u00e1gu\u00f0u \u00fe\u00e1. <span class=\"athugasemd\" title=\"\u00cdsraelsb\u00f6rn \/ Exo. iii. vii. ix.\">[<\/span> H\u00fan kom \u00ed s\u00e1l Drottins \u00fe\u00e9nara og st\u00f3\u00f0 \u00ed m\u00f3ti \u00feeim grimma k\u00f3ngi me\u00f0 d\u00e1\u00f0samlegum verkum og t\u00e1knum. H\u00fan launa\u00f0i \u00feeim heil\u00f6gu \u00feeirra erfi\u00f0i og leiddi \u00fe\u00e1 \u00ed gegnum d\u00e1samlegan veg. Og h\u00fan var \u00feeirra hl\u00edf\u00f0 \u00e1 deginum og einn logi \u00e1 n\u00f3ttinni, l\u00edka sem stj\u00f6rnur. H\u00fan leiddi \u00fe\u00e1 \u00ed gegnum \u00fea\u00f0 Rau\u00f0a haf og leiddi \u00fe\u00e1 \u00ed gegnum st\u00f3r v\u00f6tn en \u00feeirra \u00f3vinum s\u00f6kkti h\u00fan ni\u00f0ur og \u00feessa dr\u00f3 h\u00fan af hafsins grunni. <span class=\"athugasemd\" title=\"Exo. xiiii. \/ S\u00e1l. lxxiii.\">[<\/span> \u00dear fyrir r\u00e6ntu \u00feeir r\u00e9ttl\u00e1tu \u00fe\u00e1 \u00f3gu\u00f0legu og pr\u00edsu\u00f0u \u00feitt heilaga nafn, Drottinn, og lofu\u00f0u me\u00f0 s\u00ednum munni \u00fe\u00edna sigurs\u00e6la h\u00f6nd. \u00dev\u00ed a\u00f0 spekin upplauk munni hins m\u00e1llausa og gj\u00f6r\u00f0i sm\u00e1barnanna tungur talandi.<\/p>\n","protected":false},"excerpt":{"rendered":"<p>X. \u00deessi speki var\u00f0veitti hann sem fyrst var gj\u00f6r\u00f0ur og alleina var skapa\u00f0ur ver\u00f6ldunni til eins f\u00f6\u00f0urs og leiddi hann \u00far s\u00ednum syndum og gaf honum magt a\u00f0 drottna yfir \u00f6llum hlutum. [ Fr\u00e1 hverjum \u00fe\u00e1 s\u00e1 hinn rangl\u00e1ti aff\u00e9ll fyrir s\u00edna rei\u00f0i, fordjarfa\u00f0ist hann vegna sins grimmlega br\u00f3\u00f0urdr\u00e1ps. [ Og \u00fe\u00e1 j\u00f6r\u00f0in var fordj\u00f6rfu\u00f0 \u00feess vegna me\u00f0 vatsfl\u00f3\u00f0inu \u00fe\u00e1 hj\u00e1lpa\u00f0i spekin aftur og st\u00fdr\u00f0i \u00feeim r\u00e9ttl\u00e1ta me\u00f0 einu litlu tr\u00e9. [ \u00deessi fann \u00feann r\u00e9ttl\u00e1ta \u00fe\u00e1 hei\u00f0ingjarnir lif\u00f0u so vondslega allir \u00ed villunni og h\u00e9lt honum \u00f3straffanlegum fyrir Gu\u00f0i og l\u00e9t hann vera st\u00f6\u00f0ugan \u00ed gegn \u00fev\u00ed f\u00f6\u00f0urlega hjarta <a href=\"https:\/\/biblian.is\/gudbrandsbiblia\/speki-salomons-10-kafli\/\"> [&#8230;]<\/a><\/p>\n","protected":false},"author":1,"featured_media":0,"parent":0,"menu_order":0,"comment_status":"open","ping_status":"open","template":"bibliukaflar.php","meta":{"footnotes":""},"class_list":["post-3678","page","type-page","status-publish","hentry"],"_links":{"self":[{"href":"https:\/\/biblian.is\/gudbrandsbiblia\/wp-json\/wp\/v2\/pages\/3678","targetHints":{"allow":["GET"]}}],"collection":[{"href":"https:\/\/biblian.is\/gudbrandsbiblia\/wp-json\/wp\/v2\/pages"}],"about":[{"href":"https:\/\/biblian.is\/gudbrandsbiblia\/wp-json\/wp\/v2\/types\/page"}],"author":[{"embeddable":true,"href":"https:\/\/biblian.is\/gudbrandsbiblia\/wp-json\/wp\/v2\/users\/1"}],"replies":[{"embeddable":true,"href":"https:\/\/biblian.is\/gudbrandsbiblia\/wp-json\/wp\/v2\/comments?post=3678"}],"version-history":[{"count":0,"href":"https:\/\/biblian.is\/gudbrandsbiblia\/wp-json\/wp\/v2\/pages\/3678\/revisions"}],"wp:attachment":[{"href":"https:\/\/biblian.is\/gudbrandsbiblia\/wp-json\/wp\/v2\/media?parent=3678"}],"curies":[{"name":"wp","href":"https:\/\/api.w.org\/{rel}","templated":true}]}}