{"id":3677,"date":"2017-12-18T18:34:24","date_gmt":"2017-12-18T18:34:24","guid":{"rendered":"http:\/\/biblian.is\/gudbrandsbiblia\/speki-salomons-9-kafli\/"},"modified":"2017-12-18T18:34:24","modified_gmt":"2017-12-18T18:34:24","slug":"speki-salomons-9-kafli","status":"publish","type":"page","link":"https:\/\/biblian.is\/gudbrandsbiblia\/speki-salomons-9-kafli\/","title":{"rendered":"Speki Sal\u00f3mons 9. kafli"},"content":{"rendered":"<p>IX.<\/p>\n<p>Gu\u00f0 minna forfe\u00f0ra og Drottinn allrar g\u00e6sku, \u00fe\u00fa sem alla hluti gj\u00f6r\u00f0ir fyrir \u00feitt or\u00f0 og fyrir \u00fe\u00edna speki hefur manninn tilreitt a\u00f0 hann skyldi drottna yfir skepnunum sem \u00fe\u00fa hefur skapa\u00f0, a\u00f0 hann skyldi st\u00fdra heiminum me\u00f0 heilagleika og r\u00e9ttl\u00e6ti og d\u00e6ma me\u00f0 r\u00e9ttv\u00edsu hjarta: <span class=\"athugasemd\" title=\"Gene. i. \/ Ein \u00e1g\u00e6t b\u00e6n, gj\u00f6r\u00f0 og diktu\u00f0 undir nafni Salomonis \u00f6llum h\u00f6f\u00f0ingjum til eftird\u00e6mis svo a\u00f0 bi\u00f0ja\">[<\/span> Gef m\u00e9r \u00fe\u00e1 speki sem \u00e6t\u00ed\u00f0 er \u00ed kringum \u00feinn veldisst\u00f3l og \u00fatkasta m\u00e9r ei fr\u00e1 \u00fe\u00ednum b\u00f6rnum. \u00dev\u00ed eg er \u00feinn \u00fer\u00e6ll og sonur amb\u00e1ttar \u00feinnar, ein \u00f3styrk manneskja og stundleg og of skilningsveik \u00ed \u00fe\u00ednum r\u00e9ttindum og l\u00f6gm\u00e1li. Og \u00fe\u00f3 a\u00f0 nokkur \u00e1 me\u00f0al mannanna sona v\u00e6ri fullkominn \u00fe\u00e1 gildir hann ekkert ef hann hefur eigi \u00fe\u00e1 speki sem fr\u00e1 \u00fe\u00e9r kemur.<\/p>\n<p>\t\u00de\u00fa \u00fatvaldir mig til k\u00f3ngs yfir \u00feinn l\u00fd\u00f0 og a\u00f0 vera d\u00f3mari yfir sonum \u00fe\u00ednum og d\u00e6trum og bau\u00f0s m\u00e9r a\u00f0 byggja eitt musteri \u00e1 \u00fe\u00ednu heilaga fjalli og eitt altari \u00ed \u00feeim sta\u00f0 sem \u00fe\u00fa b\u00fdr, hvert a\u00f0 vera skyldi l\u00edkt \u00feeirri heil\u00f6gu tjaldb\u00fa\u00f0 sem \u00fe\u00fa l\u00e9st for\u00f0um gj\u00f6ra og \u00fe\u00edn speki me\u00f0 \u00fe\u00e9r, hver e\u00f0 veit \u00fe\u00edn verk og \u00fear var n\u00e1l\u00e6g \u00fe\u00e1 \u00fe\u00fa gj\u00f6r\u00f0ir heiminn og veit hva\u00f0 \u00fe\u00e9r vel l\u00edkar og hva\u00f0 r\u00e9tt er \u00ed \u00fe\u00ednum bo\u00f0or\u00f0um. <span class=\"athugasemd\" title=\"ii. Para. i. \/ Proverbi. viii.\">[<\/span><\/p>\n<p>\tSend hana hinga\u00f0 ofan af \u00fe\u00ednum heilaga himni og af \u00fe\u00ednu d\u00fdr\u00f0arveldiss\u00e6ti, send hana so a\u00f0 h\u00fan s\u00e9 hj\u00e1 m\u00e9r og erfi\u00f0i me\u00f0ur m\u00e9r so a\u00f0 eg kunni a\u00f0 skilja hva\u00f0 \u00fe\u00e9r vel \u00fe\u00f3knast. \u00dev\u00ed a\u00f0 h\u00fan veit alla hluti og skilur \u00fea\u00f0. Og l\u00e1t hana lei\u00f0a mig skikkanlega fram \u00ed m\u00ednum verkum og var\u00f0veita mig fyrir s\u00edna vegsemd. \u00de\u00e1 munu \u00fe\u00e9r \u00fe\u00f3knast m\u00edn verk og eg mun d\u00e6ma \u00feitt f\u00f3lk r\u00e9ttv\u00edslega og maklegur vera m\u00edns f\u00f6\u00f0urs h\u00e1s\u00e6tis.<\/p>\n<p>\t\u00dev\u00ed hver er s\u00e1 ma\u00f0ur sem veit Gu\u00f0s r\u00e1\u00f0 e\u00f0a hver kann a\u00f0 hugsa Gu\u00f0s vilja? <span class=\"athugasemd\" title=\"Esa. xli. \/ R\u00f3m. xi. \/ i. Cor. ii.\">[<\/span> \u00dev\u00ed a\u00f0 dau\u00f0legs manns hugsanir eru efasamar og vort \u00e1form er h\u00e1skasamlegt. \u00dev\u00ed a\u00f0 dau\u00f0legur l\u00edkami \u00feyngir s\u00e1lina og \u00feetta jar\u00f0legt hreysi ni\u00f0ur\u00feykkir tv\u00edstru\u00f0u hugskoti. V\u00e9r hittum naumlega \u00e1 \u00fea\u00f0 sem \u00e1 j\u00f6r\u00f0unni er og finnum \u00fea\u00f0 varla sem \u00e1 milli handanna er. Hver vill \u00fe\u00e1 rannsaka \u00fea\u00f0 sem er \u00e1 himnum? Hver vill vita \u00feitt r\u00e1\u00f0 utan so s\u00e9 a\u00f0 \u00fe\u00fa gefir spekina og sendir \u00feinn heilagan anda af h\u00e6\u00f0inni og a\u00f0 verkin \u00e1 j\u00f6r\u00f0unni ver\u00f0i r\u00e9ttv\u00eds og mennirnir l\u00e6ri hva\u00f0 \u00fe\u00e9r vel \u00fe\u00f3knast og ver\u00f0i s\u00e1luhj\u00e1lplegir fyrir spekina?<\/p>\n","protected":false},"excerpt":{"rendered":"<p>IX. Gu\u00f0 minna forfe\u00f0ra og Drottinn allrar g\u00e6sku, \u00fe\u00fa sem alla hluti gj\u00f6r\u00f0ir fyrir \u00feitt or\u00f0 og fyrir \u00fe\u00edna speki hefur manninn tilreitt a\u00f0 hann skyldi drottna yfir skepnunum sem \u00fe\u00fa hefur skapa\u00f0, a\u00f0 hann skyldi st\u00fdra heiminum me\u00f0 heilagleika og r\u00e9ttl\u00e6ti og d\u00e6ma me\u00f0 r\u00e9ttv\u00edsu hjarta: [ Gef m\u00e9r \u00fe\u00e1 speki sem \u00e6t\u00ed\u00f0 er \u00ed kringum \u00feinn veldisst\u00f3l og \u00fatkasta m\u00e9r ei fr\u00e1 \u00fe\u00ednum b\u00f6rnum. \u00dev\u00ed eg er \u00feinn \u00fer\u00e6ll og sonur amb\u00e1ttar \u00feinnar, ein \u00f3styrk manneskja og stundleg og of skilningsveik \u00ed \u00fe\u00ednum r\u00e9ttindum og l\u00f6gm\u00e1li. Og \u00fe\u00f3 a\u00f0 nokkur \u00e1 me\u00f0al mannanna sona v\u00e6ri fullkominn \u00fe\u00e1 gildir <a href=\"https:\/\/biblian.is\/gudbrandsbiblia\/speki-salomons-9-kafli\/\"> [&#8230;]<\/a><\/p>\n","protected":false},"author":1,"featured_media":0,"parent":0,"menu_order":0,"comment_status":"open","ping_status":"open","template":"bibliukaflar.php","meta":{"footnotes":""},"class_list":["post-3677","page","type-page","status-publish","hentry"],"_links":{"self":[{"href":"https:\/\/biblian.is\/gudbrandsbiblia\/wp-json\/wp\/v2\/pages\/3677","targetHints":{"allow":["GET"]}}],"collection":[{"href":"https:\/\/biblian.is\/gudbrandsbiblia\/wp-json\/wp\/v2\/pages"}],"about":[{"href":"https:\/\/biblian.is\/gudbrandsbiblia\/wp-json\/wp\/v2\/types\/page"}],"author":[{"embeddable":true,"href":"https:\/\/biblian.is\/gudbrandsbiblia\/wp-json\/wp\/v2\/users\/1"}],"replies":[{"embeddable":true,"href":"https:\/\/biblian.is\/gudbrandsbiblia\/wp-json\/wp\/v2\/comments?post=3677"}],"version-history":[{"count":0,"href":"https:\/\/biblian.is\/gudbrandsbiblia\/wp-json\/wp\/v2\/pages\/3677\/revisions"}],"wp:attachment":[{"href":"https:\/\/biblian.is\/gudbrandsbiblia\/wp-json\/wp\/v2\/media?parent=3677"}],"curies":[{"name":"wp","href":"https:\/\/api.w.org\/{rel}","templated":true}]}}