{"id":3674,"date":"2017-12-18T18:34:20","date_gmt":"2017-12-18T18:34:20","guid":{"rendered":"http:\/\/biblian.is\/gudbrandsbiblia\/speki-salomons-6-kafli\/"},"modified":"2017-12-18T18:34:20","modified_gmt":"2017-12-18T18:34:20","slug":"speki-salomons-6-kafli","status":"publish","type":"page","link":"https:\/\/biblian.is\/gudbrandsbiblia\/speki-salomons-6-kafli\/","title":{"rendered":"Speki Sal\u00f3mons 6. kafli"},"content":{"rendered":"<p>VI.<\/p>\n<p>Rangl\u00e6ti\u00f0 ey\u00f0ir \u00f6llum l\u00f6ndum og vondur lifna\u00f0ur um koll kastar st\u00f3lum voldugra. So heyri\u00f0 n\u00fa til, \u00fe\u00e9r k\u00f3ngar, og hyggi\u00f0 \u00fear a\u00f0. L\u00e1ti\u00f0 y\u00f0ur undirv\u00edsa, \u00fe\u00e9r d\u00f3mendur \u00e1 j\u00f6r\u00f0unni. Hlusti\u00f0 til, \u00fe\u00e9r sem drottni\u00f0 yfir m\u00f6rgum, \u00fe\u00e9r sem a\u00f0 upphefji\u00f0 y\u00f0ur yfir f\u00f3lki\u00f0. \u00dev\u00ed a\u00f0 y\u00f0ur er valdi\u00f0 gefi\u00f0 af Drottni og magtin af \u00feeim Hinum h\u00e6\u00f0sta. Hann mun spyrja hvernin \u00fe\u00e9r breyti\u00f0 og rannsaka hva\u00f0 \u00fe\u00e9r skikki\u00f0.<\/p>\n<p>\t\u00dev\u00ed a\u00f0 \u00fe\u00e9r eru\u00f0 starfsmenn hans r\u00edkis. En \u00fe\u00e9r standi\u00f0 ei vel \u00ed y\u00f0ar starfi og haldi\u00f0 \u00f6ngvan r\u00e9tt og \u00fe\u00e9r gj\u00f6ri\u00f0 ekki r\u00e9tt eftir \u00fev\u00ed sem Drottinn hefur skipa\u00f0. Hann mun koma yfir y\u00f0ur grimmlega og skj\u00f3ttlega og \u00fear mun \u00e1fellisd\u00f3mur ganga yfir \u00fe\u00e1 sem eru yfirherrarnir. \u00dev\u00ed \u00feeir minnih\u00e1ttar munu \u00f6\u00f0last n\u00e1\u00f0 en \u00feeir voldugu munu volduglega straffa\u00f0ir ver\u00f0a. \u00dev\u00ed a\u00f0 hann sem er allra Drottinn mun ei hr\u00e6\u00f0ast nokkurs pers\u00f3nu n\u00e9 for\u00f0ast nokkurs magt. Hann hefur b\u00e6\u00f0i gj\u00f6rt \u00feann sm\u00e1a og st\u00f3ra og hann forsorgar \u00f6llum eins. En yfir \u00fe\u00e1 megtugu mun ganga einn strangur d\u00f3mur.<\/p>\n<p>\tTil y\u00f0ar, t\u00fdranna, tala eg so \u00fe\u00e9r l\u00e6ri\u00f0 viskuna og a\u00f0 \u00fea\u00f0 breg\u00f0ist y\u00f0ur ei. <span class=\"athugasemd\" title=\"T\u00fdrannar kallast v\u00edkingar, \u00f3gu\u00f0legir valds- og ofr\u00edkismenn og har\u00f0r\u00e1\u00f0ir\">[<\/span> \u00dev\u00ed a\u00f0 hver hann var\u00f0veitir heilaga kenning heilaglega hann ver\u00f0ur heilagur haldinn og hver hann l\u00e6rir hana vel hann f\u00e6r vel sta\u00f0ist. So l\u00e1ti\u00f0 y\u00f0ur l\u00edka mina r\u00e6\u00f0u, girnist hana og l\u00e1ti\u00f0 undirv\u00edsa y\u00f0ur.<\/p>\n<p>\t\u00dev\u00ed a\u00f0 spekin er v\u00e6n og \u00f3forgengileg og l\u00e6tur sig gjarna sj\u00e1 af \u00feeim sem hana elska og l\u00e6tur sig finna af \u00feeim sem hennar leita. <span class=\"athugasemd\" title=\"Spekin\">[<\/span> J\u00e1, h\u00fan m\u00e6tir \u00feeim sem hana vilja gjarnan hafa og segir sj\u00e1lf til s\u00edn. Hver hann vill flj\u00f3tlega gjarna hafa hana hann \u00fearf ekki a\u00f0 hafa miki\u00f0 \u00f3mak, hann finnur hana takandi vara \u00e1 honum fyrir hans dyrum. \u00dev\u00eda a\u00f0 eftir henni a\u00f0 stunda \u00fea\u00f0 eru \u00feau r\u00e9ttu hyggindin og hver hann er vakandi eftir henni hann \u00fearf ekki lengi a\u00f0 kv\u00ed\u00f0a. \u00dev\u00ed a\u00f0 h\u00fan gengur \u00ed kring og leitar a\u00f0 \u00feeim sem hennar er maklegur og h\u00fan opinberast honum gjarnan \u00e1 veginum og g\u00e6tir a\u00f0 honum so a\u00f0 h\u00fan kunni a\u00f0 m\u00e6ta honum. \u00dev\u00ed a\u00f0 hver sem lj\u00faflega l\u00e6tur s\u00e9r undirv\u00edsa, \u00fea\u00f0 er sannlega spekinnar upphaf og hver sem hennar g\u00e6tir hann l\u00e6tur gjarnan undirv\u00edsa s\u00e9r. Hver s\u00e9r l\u00e6tur gjarnan undirv\u00edsa, hann heldur hennar bo\u00f0or\u00f0 og hvar sem hennar bo\u00f0or\u00f0 eru haldin \u00fear er vissulega eitt heilagt framfer\u00f0i. En hver sem lifir \u00ed heil\u00f6gu framfer\u00f0i, \u00fear er Gu\u00f0 n\u00e1l\u00e6gur. Hver sem n\u00fa lyst hefur til v\u00edsd\u00f3ms \u00feann gj\u00f6rir h\u00fan a\u00f0 einum herra. Vilji \u00fe\u00e9r n\u00fa, \u00fe\u00e9r t\u00fdrannar \u00e1 me\u00f0al f\u00f3lksins, gjarna vera k\u00f3ngar og h\u00f6f\u00f0ingjar? \u00de\u00e1 hafi\u00f0 v\u00edsd\u00f3minn \u00ed hei\u00f0ri upp \u00e1 \u00fea\u00f0 a\u00f0 \u00fe\u00e9r megi\u00f0 drottna eil\u00edflega.<\/p>\n<p>\tEn hva\u00f0 viskan er og hva\u00f0an h\u00fan kemur vil eg kunngj\u00f6ra y\u00f0ur og eg vil \u00feess leyndard\u00f3ms ei dylja y\u00f0ur heldur rannsaka fr\u00e1 upphafi skepnanna og \u00e1v\u00edsa hana opinberlega og hl\u00edfa ekki sannleiknum. \u00dev\u00ed a\u00f0 eg vil ekki par hafa me\u00f0 \u00fe\u00e1 eiturlegu \u00f6fund \u00fev\u00ed a\u00f0 h\u00fan heyrir ei viskunni til. En \u00fe\u00e1 \u00feeir v\u00edsu eru margir \u00fea\u00f0 er lukka heimsins og einn hygginn k\u00f3ngur er f\u00f3lksins g\u00e6ful\u00e1n. Af \u00fev\u00ed l\u00e1ti\u00f0 y\u00f0ur undirv\u00edsa me\u00f0 m\u00ednum or\u00f0um, \u00fea\u00f0 skal vera y\u00f0art gagn.<\/p>\n","protected":false},"excerpt":{"rendered":"<p>VI. Rangl\u00e6ti\u00f0 ey\u00f0ir \u00f6llum l\u00f6ndum og vondur lifna\u00f0ur um koll kastar st\u00f3lum voldugra. So heyri\u00f0 n\u00fa til, \u00fe\u00e9r k\u00f3ngar, og hyggi\u00f0 \u00fear a\u00f0. L\u00e1ti\u00f0 y\u00f0ur undirv\u00edsa, \u00fe\u00e9r d\u00f3mendur \u00e1 j\u00f6r\u00f0unni. Hlusti\u00f0 til, \u00fe\u00e9r sem drottni\u00f0 yfir m\u00f6rgum, \u00fe\u00e9r sem a\u00f0 upphefji\u00f0 y\u00f0ur yfir f\u00f3lki\u00f0. \u00dev\u00ed a\u00f0 y\u00f0ur er valdi\u00f0 gefi\u00f0 af Drottni og magtin af \u00feeim Hinum h\u00e6\u00f0sta. Hann mun spyrja hvernin \u00fe\u00e9r breyti\u00f0 og rannsaka hva\u00f0 \u00fe\u00e9r skikki\u00f0. \u00dev\u00ed a\u00f0 \u00fe\u00e9r eru\u00f0 starfsmenn hans r\u00edkis. En \u00fe\u00e9r standi\u00f0 ei vel \u00ed y\u00f0ar starfi og haldi\u00f0 \u00f6ngvan r\u00e9tt og \u00fe\u00e9r gj\u00f6ri\u00f0 ekki r\u00e9tt eftir \u00fev\u00ed sem Drottinn hefur skipa\u00f0. Hann <a href=\"https:\/\/biblian.is\/gudbrandsbiblia\/speki-salomons-6-kafli\/\"> [&#8230;]<\/a><\/p>\n","protected":false},"author":1,"featured_media":0,"parent":0,"menu_order":0,"comment_status":"open","ping_status":"open","template":"bibliukaflar.php","meta":{"footnotes":""},"class_list":["post-3674","page","type-page","status-publish","hentry"],"_links":{"self":[{"href":"https:\/\/biblian.is\/gudbrandsbiblia\/wp-json\/wp\/v2\/pages\/3674","targetHints":{"allow":["GET"]}}],"collection":[{"href":"https:\/\/biblian.is\/gudbrandsbiblia\/wp-json\/wp\/v2\/pages"}],"about":[{"href":"https:\/\/biblian.is\/gudbrandsbiblia\/wp-json\/wp\/v2\/types\/page"}],"author":[{"embeddable":true,"href":"https:\/\/biblian.is\/gudbrandsbiblia\/wp-json\/wp\/v2\/users\/1"}],"replies":[{"embeddable":true,"href":"https:\/\/biblian.is\/gudbrandsbiblia\/wp-json\/wp\/v2\/comments?post=3674"}],"version-history":[{"count":0,"href":"https:\/\/biblian.is\/gudbrandsbiblia\/wp-json\/wp\/v2\/pages\/3674\/revisions"}],"wp:attachment":[{"href":"https:\/\/biblian.is\/gudbrandsbiblia\/wp-json\/wp\/v2\/media?parent=3674"}],"curies":[{"name":"wp","href":"https:\/\/api.w.org\/{rel}","templated":true}]}}