{"id":3672,"date":"2017-12-18T18:34:20","date_gmt":"2017-12-18T18:34:20","guid":{"rendered":"http:\/\/biblian.is\/gudbrandsbiblia\/speki-salomons-4-kafli\/"},"modified":"2017-12-18T18:34:20","modified_gmt":"2017-12-18T18:34:20","slug":"speki-salomons-4-kafli","status":"publish","type":"page","link":"https:\/\/biblian.is\/gudbrandsbiblia\/speki-salomons-4-kafli\/","title":{"rendered":"Speki Sal\u00f3mons 4. kafli"},"content":{"rendered":"<p>III.<\/p>\n<p>En \u00fe\u00f3 hinn r\u00e9ttl\u00e1ti deyi ofsnemma \u00fe\u00e1 er hann \u00fe\u00f3 \u00ed hv\u00edld (\u00fev\u00ed a\u00f0 ellin er hei\u00f0arleg, ei s\u00fa sem lengi lifir e\u00f0ur \u00e1rafj\u00f6ldinn hefur. V\u00edsd\u00f3mur \u00e1 me\u00f0al mannanna er s\u00fa r\u00e9tta elli og \u00f3flekka\u00f0 l\u00edferni er s\u00e1 r\u00e9tti aldurd\u00f3mur) \u00fev\u00ed hann \u00fe\u00f3kna\u00f0ist Gu\u00f0i vel og er honum k\u00e6r. <span class=\"athugasemd\" title=\"Esa. lvi.\">[<\/span> Og hann ver\u00f0ur burt tekinn fr\u00e1 \u00feessu l\u00edfi \u00e1 me\u00f0al \u00feeirra syndugu og honum er \u00ed burt svipt so a\u00f0 rangl\u00e6ti\u00f0 skal ekki umsn\u00faa hans skilningi og eigi heldur falsl\u00e6rd\u00f3mur hans s\u00e1l sv\u00edkja. \u00dev\u00ed a\u00f0 vond eftird\u00e6mi villa og fordjarfa \u00fea\u00f0 g\u00f3\u00f0a og s\u00fa kitlandi lysting umsn\u00fdr hj\u00f6rtum saklausra. <span class=\"athugasemd\" title=\"Ill eftird\u00e6mi\">[<\/span> Hann var\u00f0 snart algj\u00f6r\u00f0ur og haf\u00f0i fyllt m\u00f6rg \u00e1r \u00fev\u00ed a\u00f0 hans andi \u00fe\u00f3knast Gu\u00f0i. \u00dear fyrir t\u00f3k hann hann so snart fr\u00e1 \u00feessu vonda l\u00edfi. <\/p>\n<p>\tEn \u00feeir menn sem \u00fea\u00f0 sj\u00e1 hyggja \u00fear ekki a\u00f0 og taka s\u00e9r \u00fea\u00f0 ekki til hjarta, sem er a\u00f0 Gu\u00f0s heilagir eru undir n\u00e1\u00f0 og miskunnsemi og a\u00f0 hann hafi umsj\u00f3n fyrir s\u00ednum \u00fatv\u00f6ldum. \u00dev\u00ed a\u00f0 s\u00e1 hinn framli\u00f0ni r\u00e9ttl\u00e1ti hann ford\u00e6mir \u00feann \u00f3gu\u00f0lega lifanda og s\u00e1 hinn ungi sem snarlega ver\u00f0ur fullkominn langan aldur hins \u00f3gu\u00f0lega. \u00deeir sj\u00e1 a\u00f0 s\u00f6nnu afgang hins v\u00edsa en \u00feeir merkja ekki hva\u00f0 Drottinn hugsar um hann og hvar fyrir hann var\u00f0veiti hann. \u00deeir sj\u00e1 \u00fea\u00f0 vel og g\u00e6ta \u00fear ekki a\u00f0 \u00fev\u00ed Drottinn h\u00e6\u00f0ir a\u00f0 \u00feeim og \u00feeir munu \u00fear eftir \u00e1 skemmilega falla og vera eitt br\u00edgsli \u00e1 me\u00f0al \u00feeirra framli\u00f0nu eil\u00edflega. Og hann mun fella \u00fe\u00e1 \u00f3forvarandis og upprykkja \u00feeim me\u00f0 r\u00f3tum so a\u00f0 \u00feeir ver\u00f0i \u00f6ldungis a\u00f0 \u00f6ngvu. Og \u00feeir munu l\u00ed\u00f0a angist og \u00feeirra minning skal forey\u00f0ast. En \u00feeir munu koma efasamir me\u00f0 samvisku sinna synda og \u00feeirra eigin syndir skulu straffa \u00fe\u00e1 undir augun.<\/p>\n","protected":false},"excerpt":{"rendered":"<p>III. En \u00fe\u00f3 hinn r\u00e9ttl\u00e1ti deyi ofsnemma \u00fe\u00e1 er hann \u00fe\u00f3 \u00ed hv\u00edld (\u00fev\u00ed a\u00f0 ellin er hei\u00f0arleg, ei s\u00fa sem lengi lifir e\u00f0ur \u00e1rafj\u00f6ldinn hefur. V\u00edsd\u00f3mur \u00e1 me\u00f0al mannanna er s\u00fa r\u00e9tta elli og \u00f3flekka\u00f0 l\u00edferni er s\u00e1 r\u00e9tti aldurd\u00f3mur) \u00fev\u00ed hann \u00fe\u00f3kna\u00f0ist Gu\u00f0i vel og er honum k\u00e6r. [ Og hann ver\u00f0ur burt tekinn fr\u00e1 \u00feessu l\u00edfi \u00e1 me\u00f0al \u00feeirra syndugu og honum er \u00ed burt svipt so a\u00f0 rangl\u00e6ti\u00f0 skal ekki umsn\u00faa hans skilningi og eigi heldur falsl\u00e6rd\u00f3mur hans s\u00e1l sv\u00edkja. \u00dev\u00ed a\u00f0 vond eftird\u00e6mi villa og fordjarfa \u00fea\u00f0 g\u00f3\u00f0a og s\u00fa kitlandi lysting umsn\u00fdr hj\u00f6rtum saklausra. <a href=\"https:\/\/biblian.is\/gudbrandsbiblia\/speki-salomons-4-kafli\/\"> [&#8230;]<\/a><\/p>\n","protected":false},"author":1,"featured_media":0,"parent":0,"menu_order":0,"comment_status":"open","ping_status":"open","template":"bibliukaflar.php","meta":{"footnotes":""},"class_list":["post-3672","page","type-page","status-publish","hentry"],"_links":{"self":[{"href":"https:\/\/biblian.is\/gudbrandsbiblia\/wp-json\/wp\/v2\/pages\/3672","targetHints":{"allow":["GET"]}}],"collection":[{"href":"https:\/\/biblian.is\/gudbrandsbiblia\/wp-json\/wp\/v2\/pages"}],"about":[{"href":"https:\/\/biblian.is\/gudbrandsbiblia\/wp-json\/wp\/v2\/types\/page"}],"author":[{"embeddable":true,"href":"https:\/\/biblian.is\/gudbrandsbiblia\/wp-json\/wp\/v2\/users\/1"}],"replies":[{"embeddable":true,"href":"https:\/\/biblian.is\/gudbrandsbiblia\/wp-json\/wp\/v2\/comments?post=3672"}],"version-history":[{"count":0,"href":"https:\/\/biblian.is\/gudbrandsbiblia\/wp-json\/wp\/v2\/pages\/3672\/revisions"}],"wp:attachment":[{"href":"https:\/\/biblian.is\/gudbrandsbiblia\/wp-json\/wp\/v2\/media?parent=3672"}],"curies":[{"name":"wp","href":"https:\/\/api.w.org\/{rel}","templated":true}]}}