{"id":3671,"date":"2017-12-18T18:34:20","date_gmt":"2017-12-18T18:34:20","guid":{"rendered":"http:\/\/biblian.is\/gudbrandsbiblia\/speki-salomons-3-kafli\/"},"modified":"2017-12-18T18:34:20","modified_gmt":"2017-12-18T18:34:20","slug":"speki-salomons-3-kafli","status":"publish","type":"page","link":"https:\/\/biblian.is\/gudbrandsbiblia\/speki-salomons-3-kafli\/","title":{"rendered":"Speki Sal\u00f3mons 3. kafli"},"content":{"rendered":"<p>III.<\/p>\n<p>En s\u00e1lir r\u00e9ttl\u00e1tra eru \u00ed Gu\u00f0s hendi og enginn p\u00edna snertur \u00fe\u00e6r. <span class=\"athugasemd\" title=\"Huggun \u00feeirra sem ofs\u00f3ttir ver\u00f0ur\">[<\/span> \u00dea\u00f0 s\u00fdnist fyrir \u00feeim \u00f3skyns\u00f6mu a\u00f0 \u00feeir deyi og \u00feeirra afgangur reiknast fyrir p\u00ednu og \u00feeirra burtf\u00f6r fyrir eina fordj\u00f6rfun. En \u00feeir eru \u00ed fri\u00f0i. \u00de\u00f3 a\u00f0 \u00feeir hafi margt a\u00f0 l\u00ed\u00f0a fyrir m\u00f6nnunum \u00fe\u00e1 eru \u00feeir \u00fe\u00f3 \u00ed vissri von a\u00f0 \u00feeir munu aldreigi deyja. \u00deeim er so h\u00e6gt refsa\u00f0 en \u00fe\u00e1 skal ske miki\u00f0 gott \u00fev\u00ed a\u00f0 Gu\u00f0 freistar \u00feeirra og finnur \u00fe\u00e1 a\u00f0 \u00feeir eru honum ver\u00f0ugir. <\/p>\n<p>\tHann reynir \u00fe\u00e1 so sem gull \u00ed ofni og tekur \u00fe\u00e1 til s\u00edn so sem eitt fullkomlegt offur. Og \u00e1 \u00feeim t\u00edma n\u00e6r Gu\u00f0 ver\u00f0ur l\u00edtandi \u00fear til \u00fe\u00e1 skulu \u00feeir sk\u00edna sk\u00e6rt og l\u00ed\u00f0a fram sem logi yfir <span class=\"athugasemd\" title=\"a \/ Grasstr\u00e1) eru \u00feeir hei\u00f0nu og \u00f3gu\u00f0hr\u00e6ddu\">[<\/span> grasstr\u00e1m. \u00deeir munu d\u00e6ma \u00fe\u00e1 inu hei\u00f0nu og drottna yfir \u00f6llum \u00fej\u00f3\u00f0um og Drottinn mun drottna eil\u00edflega yfir \u00feeim. \u00dev\u00ed a\u00f0 \u00feeir sem honum treysta \u00feeir skulu finna a\u00f0 hann er tr\u00fafastur. Og \u00fe\u00e1 sem eru tr\u00fafastir \u00ed k\u00e6rleikanum missir hann ekki. \u00dev\u00ed a\u00f0 hans heilagir eru undir n\u00e1\u00f0 og miskunnsemi og hann s\u00e9r til me\u00f0 s\u00ednum \u00fatv\u00f6ldum. En \u00fea\u00f0 sem \u00feeir \u00f3gu\u00f0legu \u00f3ttast \u00fear me\u00f0 ver\u00f0a \u00feeir straffa\u00f0ir \u00fev\u00ed \u00feeir vir\u00f0a hinn r\u00e9ttl\u00e1ta a\u00f0 \u00f6ngu og v\u00edkja fr\u00e1 Drottni. \u00dev\u00ed a\u00f0 hver hann fyrirl\u00edtur viskuna og hr\u00edsi\u00f0 s\u00e1 er \u00f3g\u00e6fusamur og \u00feeirra von ver\u00f0ur a\u00f0 \u00f6ngvu og \u00feeirra erfi\u00f0i er \u00f3n\u00fdtt og \u00feeirra gj\u00f6r\u00f0ir til einskis. \u00deeirra kvinnur eru heimskar og \u00feeirra b\u00f6rn hrekkv\u00eds, b\u00f6lva\u00f0 er \u00fea\u00f0 sem af \u00feeim f\u00e6\u00f0ist. <\/p>\n<p>\t\u00dev\u00ed s\u00e6l er hin \u00f3byrja sem er flekklaus, s\u00fa sem a\u00f0 er saklaus af syndsamlegri s\u00e6ng. <span class=\"athugasemd\" title=\"Esa. liiii.\">[<\/span> H\u00fan mun nj\u00f3ta \u00feess \u00e1 \u00feeim t\u00edma \u00feegar s\u00e1lirnar skulu d\u00e6mast. S\u00f6mulei\u00f0is s\u00fa \u00f3byrja sem ekkert gj\u00f6rir illt me\u00f0 sinni hendi og ekki hugsar neitt illt \u00ed m\u00f3ti Drottni. Henni mun gefast s\u00e9rleg g\u00e1fa fyrir s\u00edna tr\u00fa og eitt betra hlutskipti \u00ed musteri Drottins. \u00dev\u00ed a\u00f0 gott erfi\u00f0i f\u00e6r g\u00f3\u00f0 laun og r\u00f3tin skynsemdarinnar f\u00fanar ekki.<\/p>\n<p>\tEn h\u00f3rd\u00f3msb\u00f6rnin skulu ekki lukkast og \u00feeir sem \u00ed \u00f3leyfilegri hv\u00edlu eru getnir skulu afm\u00e1\u00f0ir ver\u00f0a. Og \u00fe\u00f3 a\u00f0 \u00feeir lifi lengi \u00fe\u00e1 skulu \u00feeir \u00fe\u00f3 um s\u00ed\u00f0ir til skammar ver\u00f0a og \u00feeirra aldur skal a\u00f0 s\u00ed\u00f0ustu vera \u00f3\u00e6rlegur. En deyi \u00feeir fyrri \u00fe\u00e1 hafa \u00feeir \u00fe\u00f3 \u00f6ngva von n\u00e9 huggun \u00e1 d\u00f3msins t\u00edma \u00fev\u00ed a\u00f0 \u00feeir rangl\u00e1tu f\u00e1 einn herfilegan enda. <\/p>\n<p>\tBetra er a\u00f0 hafa engin b\u00f6rn \u00fear sem ma\u00f0ur er fr\u00f3mur \u00fev\u00ed \u00fea\u00f0 sama lei\u00f0ir eftir sig eil\u00edfan or\u00f0st\u00edr \u00fev\u00ed \u00fea\u00f0 mun loflegt ver\u00f0a b\u00e6\u00f0i hj\u00e1 Gu\u00f0i og m\u00f6nnum. Hver sem sl\u00edkur er \u00feann taki menn til eftird\u00e6mis en s\u00e1 sem \u00fea\u00f0 hefur ekki hann \u00f3skar \u00feess \u00fe\u00f3 og bramlar \u00ed eil\u00edfum kransi og hefur sigur \u00feess hreinfer\u00f0uga str\u00ed\u00f0s en \u00e1vaxtarsamlegi fj\u00f6ldi \u00feeirra \u00f3gu\u00f0legu er til einskis. Og hva\u00f0 sem plantast af saurlifna\u00f0i \u00fea\u00f0 skal eigi mj\u00f6g r\u00f3tfestast og eigi f\u00e1 sta\u00f0fastan grundv\u00f6ll. Og \u00fe\u00f3 greinirnar bl\u00f3mgist um stundarsakir \u00fe\u00e1 veifar vindurinn \u00feeim og me\u00f0 \u00fev\u00ed \u00fe\u00e6r standa so grunnt \u00fe\u00e1 mun sterkur stormur upprykkja \u00feeim. Og \u00fe\u00e6r \u00f3t\u00edmagreinir munu ver\u00f0a sundurbrotnar og \u00feeirra \u00e1v\u00f6xtur er til einkis gagns, \u00f3fullvaxinn til a\u00f0 eta og \u00f3nytsamlegur. \u00dev\u00ed a\u00f0 \u00feau b\u00f6rn sem f\u00e6\u00f0ast fyrir utan hj\u00faskap \u00feau hlj\u00f3ta vitni a\u00f0 bera um rangl\u00e6ti sinna foreldra \u00fe\u00e1 \u00feau ver\u00f0a a\u00f0spur\u00f0.<\/p>\n","protected":false},"excerpt":{"rendered":"<p>III. En s\u00e1lir r\u00e9ttl\u00e1tra eru \u00ed Gu\u00f0s hendi og enginn p\u00edna snertur \u00fe\u00e6r. [ \u00dea\u00f0 s\u00fdnist fyrir \u00feeim \u00f3skyns\u00f6mu a\u00f0 \u00feeir deyi og \u00feeirra afgangur reiknast fyrir p\u00ednu og \u00feeirra burtf\u00f6r fyrir eina fordj\u00f6rfun. En \u00feeir eru \u00ed fri\u00f0i. \u00de\u00f3 a\u00f0 \u00feeir hafi margt a\u00f0 l\u00ed\u00f0a fyrir m\u00f6nnunum \u00fe\u00e1 eru \u00feeir \u00fe\u00f3 \u00ed vissri von a\u00f0 \u00feeir munu aldreigi deyja. \u00deeim er so h\u00e6gt refsa\u00f0 en \u00fe\u00e1 skal ske miki\u00f0 gott \u00fev\u00ed a\u00f0 Gu\u00f0 freistar \u00feeirra og finnur \u00fe\u00e1 a\u00f0 \u00feeir eru honum ver\u00f0ugir. Hann reynir \u00fe\u00e1 so sem gull \u00ed ofni og tekur \u00fe\u00e1 til s\u00edn so sem eitt <a href=\"https:\/\/biblian.is\/gudbrandsbiblia\/speki-salomons-3-kafli\/\"> [&#8230;]<\/a><\/p>\n","protected":false},"author":1,"featured_media":0,"parent":0,"menu_order":0,"comment_status":"open","ping_status":"open","template":"bibliukaflar.php","meta":{"footnotes":""},"class_list":["post-3671","page","type-page","status-publish","hentry"],"_links":{"self":[{"href":"https:\/\/biblian.is\/gudbrandsbiblia\/wp-json\/wp\/v2\/pages\/3671","targetHints":{"allow":["GET"]}}],"collection":[{"href":"https:\/\/biblian.is\/gudbrandsbiblia\/wp-json\/wp\/v2\/pages"}],"about":[{"href":"https:\/\/biblian.is\/gudbrandsbiblia\/wp-json\/wp\/v2\/types\/page"}],"author":[{"embeddable":true,"href":"https:\/\/biblian.is\/gudbrandsbiblia\/wp-json\/wp\/v2\/users\/1"}],"replies":[{"embeddable":true,"href":"https:\/\/biblian.is\/gudbrandsbiblia\/wp-json\/wp\/v2\/comments?post=3671"}],"version-history":[{"count":0,"href":"https:\/\/biblian.is\/gudbrandsbiblia\/wp-json\/wp\/v2\/pages\/3671\/revisions"}],"wp:attachment":[{"href":"https:\/\/biblian.is\/gudbrandsbiblia\/wp-json\/wp\/v2\/media?parent=3671"}],"curies":[{"name":"wp","href":"https:\/\/api.w.org\/{rel}","templated":true}]}}