{"id":3657,"date":"2017-12-18T18:34:20","date_gmt":"2017-12-18T18:34:20","guid":{"rendered":"http:\/\/biblian.is\/gudbrandsbiblia\/juditarbok-15-kafli\/"},"modified":"2017-12-18T18:34:20","modified_gmt":"2017-12-18T18:34:20","slug":"juditarbok-15-kafli","status":"publish","type":"page","link":"https:\/\/biblian.is\/gudbrandsbiblia\/juditarbok-15-kafli\/","title":{"rendered":"J\u00fad\u00edtarb\u00f3k 15. kafli"},"content":{"rendered":"<p>XV.<\/p>\n<p>\u00deegar n\u00fa a\u00f0 herli\u00f0i\u00f0 heyr\u00f0i a\u00f0 Holofernes haf\u00f0i misst h\u00f6fu\u00f0i\u00f0 hr\u00e6ddust \u00feeir og ur\u00f0u efasamir og r\u00e1\u00f0lausir hva\u00f0 \u00feeir skyldu gj\u00f6ra. Svo voru \u00feeir duglausir or\u00f0nir. Og \u00feeir fl\u00fd\u00f0u undan so a\u00f0 \u00feeir g\u00e6ti undan komist \u00feeim ebresku hverja \u00feeir \u00fear s\u00e1u fara \u00e1 m\u00f3ti s\u00e9r.<\/p>\n<p>Og er \u00cdsraelssynir s\u00e1u a\u00f0 \u00f3vinirnir fl\u00fd\u00f0u \u00fe\u00e1 r\u00e1ku \u00feeir fl\u00f3ttann me\u00f0 st\u00f3ru her\u00f3pi og herl\u00fa\u00f0ragangi. En me\u00f0 \u00fev\u00ed a\u00f0 fylking \u00feeirra Assyriis var rofin og \u00cdsraelssynir dr\u00f3gu fram \u00ed sinni fylkingu \u00fe\u00e1 sl\u00f3gu \u00feeir \u00ed hel alla \u00fe\u00e1 er \u00feeir g\u00e1tu n\u00e1\u00f0.<\/p>\n<p>Og Osias sendi um allar borgir \u00ed \u00cdsraelslandi og bau\u00f0 a\u00f0 menn skyldu \u00far \u00f6llum borgum reka fl\u00f3ttann \u00f3vinanna \u00fear til \u00feeir v\u00e6ri \u00far landinu. En \u00fea\u00f0 f\u00f3lk sem eftir var \u00ed Betulia f\u00e9ll \u00fat \u00ed herb\u00fa\u00f0ir \u00feeirra Assyriis, r\u00e6ntu og burt fluttu allt \u00fea\u00f0 sem \u00feeir af Assyriis h\u00f6f\u00f0u eftirl\u00e1ti\u00f0 og h\u00f6f\u00f0u burt \u00fea\u00f0an \u00f3grynni fj\u00e1r. En hinir a\u00f0rir \u00fe\u00e1 \u00feeir komu aftur \u00fe\u00e1 h\u00f6f\u00f0u \u00feeir me\u00f0 s\u00e9r allt hva\u00f0 hinir h\u00f6f\u00f0u me\u00f0 s\u00e9r haft, b\u00e6\u00f0i f\u00e9na\u00f0 og allt anna\u00f0, og allt landi\u00f0 var\u00f0 r\u00edkt af sl\u00edku herfangi.<\/p>\n<p>\u00dear eftir kom J\u00f3jak\u00edm kennimannah\u00f6f\u00f0ingi af Jer\u00fasalem og allir prestarnir til Betulia a\u00f0 sj\u00e1 J\u00fad\u00edt. Og h\u00fan gekk fyrir \u00fe\u00e1 og \u00feeir pr\u00edsu\u00f0u hana allir og s\u00f6g\u00f0u: &#8222;\u00de\u00fa ert Jer\u00fasalems k\u00f3r\u00f3na, \u00fe\u00fa ert \u00cdsraels gle\u00f0i, \u00fe\u00fa ert alls f\u00f3lksins pr\u00eds a\u00f0 \u00fe\u00fa hefur gj\u00f6rt so loflegan gj\u00f6rning og hefur veitt \u00cdsrael so st\u00f3ran velgj\u00f6rning a\u00f0 Gu\u00f0 hefur frelsa\u00f0 \u00fe\u00e1 aftur. Blessu\u00f0 ertu fyrir Gu\u00f0i eil\u00edflega.&#8220; Og allt f\u00f3lki\u00f0 sag\u00f0i: &#8222;Amen, amen!&#8220;<\/p>\n<p>\u00de\u00e1 \u00feeir h\u00f6f\u00f0u n\u00fa \u00fatskipt herfanginu \u00ed \u00ferj\u00e1t\u00edgu daga \u00fe\u00e1 g\u00e1fu \u00feeir J\u00fad\u00edt kostulegar klen\u00f3d\u00edur sem Holofernes haf\u00f0i haft, gull, silfur, kl\u00e6\u00f0i og d\u00fdrm\u00e6ta gimsteina. Og hver ma\u00f0ur var gla\u00f0ur, sungu og d\u00f6nsu\u00f0u, b\u00e6\u00f0i ungir og gamlir.<\/p>\n","protected":false},"excerpt":{"rendered":"<p>XV. \u00deegar n\u00fa a\u00f0 herli\u00f0i\u00f0 heyr\u00f0i a\u00f0 Holofernes haf\u00f0i misst h\u00f6fu\u00f0i\u00f0 hr\u00e6ddust \u00feeir og ur\u00f0u efasamir og r\u00e1\u00f0lausir hva\u00f0 \u00feeir skyldu gj\u00f6ra. Svo voru \u00feeir duglausir or\u00f0nir. Og \u00feeir fl\u00fd\u00f0u undan so a\u00f0 \u00feeir g\u00e6ti undan komist \u00feeim ebresku hverja \u00feeir \u00fear s\u00e1u fara \u00e1 m\u00f3ti s\u00e9r. Og er \u00cdsraelssynir s\u00e1u a\u00f0 \u00f3vinirnir fl\u00fd\u00f0u \u00fe\u00e1 r\u00e1ku \u00feeir fl\u00f3ttann me\u00f0 st\u00f3ru her\u00f3pi og herl\u00fa\u00f0ragangi. En me\u00f0 \u00fev\u00ed a\u00f0 fylking \u00feeirra Assyriis var rofin og \u00cdsraelssynir dr\u00f3gu fram \u00ed sinni fylkingu \u00fe\u00e1 sl\u00f3gu \u00feeir \u00ed hel alla \u00fe\u00e1 er \u00feeir g\u00e1tu n\u00e1\u00f0. Og Osias sendi um allar borgir \u00ed \u00cdsraelslandi og bau\u00f0 <a href=\"https:\/\/biblian.is\/gudbrandsbiblia\/juditarbok-15-kafli\/\"> [&#8230;]<\/a><\/p>\n","protected":false},"author":1,"featured_media":0,"parent":0,"menu_order":0,"comment_status":"open","ping_status":"open","template":"bibliukaflar.php","meta":{"footnotes":""},"class_list":["post-3657","page","type-page","status-publish","hentry"],"_links":{"self":[{"href":"https:\/\/biblian.is\/gudbrandsbiblia\/wp-json\/wp\/v2\/pages\/3657","targetHints":{"allow":["GET"]}}],"collection":[{"href":"https:\/\/biblian.is\/gudbrandsbiblia\/wp-json\/wp\/v2\/pages"}],"about":[{"href":"https:\/\/biblian.is\/gudbrandsbiblia\/wp-json\/wp\/v2\/types\/page"}],"author":[{"embeddable":true,"href":"https:\/\/biblian.is\/gudbrandsbiblia\/wp-json\/wp\/v2\/users\/1"}],"replies":[{"embeddable":true,"href":"https:\/\/biblian.is\/gudbrandsbiblia\/wp-json\/wp\/v2\/comments?post=3657"}],"version-history":[{"count":0,"href":"https:\/\/biblian.is\/gudbrandsbiblia\/wp-json\/wp\/v2\/pages\/3657\/revisions"}],"wp:attachment":[{"href":"https:\/\/biblian.is\/gudbrandsbiblia\/wp-json\/wp\/v2\/media?parent=3657"}],"curies":[{"name":"wp","href":"https:\/\/api.w.org\/{rel}","templated":true}]}}