{"id":3656,"date":"2017-12-18T18:34:16","date_gmt":"2017-12-18T18:34:16","guid":{"rendered":"http:\/\/biblian.is\/gudbrandsbiblia\/juditarbok-14-kafli\/"},"modified":"2017-12-18T18:34:16","modified_gmt":"2017-12-18T18:34:16","slug":"juditarbok-14-kafli","status":"publish","type":"page","link":"https:\/\/biblian.is\/gudbrandsbiblia\/juditarbok-14-kafli\/","title":{"rendered":"J\u00fad\u00edtarb\u00f3k 14. kafli"},"content":{"rendered":"<p>XIIII.<\/p>\n<p>Eftir \u00feetta sag\u00f0i J\u00fad\u00edt til alls f\u00f3lksins: &#8222;G\u00f3\u00f0ir br\u00e6\u00f0ur, hl\u00fd\u00f0i\u00f0 m\u00e9r. Jafnsnart \u00feegar l\u00fdsir \u00fe\u00e1 hengi\u00f0 h\u00f6fu\u00f0i\u00f0 \u00fat fyrir m\u00farinn og taki\u00f0 y\u00f0ar vopn og falli\u00f0 \u00fat fyrir sta\u00f0inn saman \u00ed einni fylkingu og me\u00f0 miklu her\u00f3pi. \u00de\u00e1 munu var\u00f0haldsmennirnir koma til Holofernis landtjalds og sj\u00e1 \u00fear l\u00edkamann liggja \u00ed s\u00ednu bl\u00f3\u00f0i. \u00de\u00e1 mun hr\u00e6\u00f0sla koma yfir \u00fe\u00e1. Og \u00feegar \u00fe\u00e9r merki\u00f0 a\u00f0 \u00feeir eru hr\u00e6ddir or\u00f0nir og taka til a\u00f0 fl\u00fdja \u00fe\u00e1 renni\u00f0 eftir \u00feeim djarflega \u00fev\u00ed a\u00f0 Drottinn hefur gefi\u00f0 \u00fe\u00e1 undir y\u00f0ar f\u00e6tur.&#8220;<\/p>\n<p>\u00de\u00e1 e\u00f0 Ak\u00edor s\u00e1 n\u00fa a\u00f0 Drottinn haf\u00f0i hj\u00e1lpa\u00f0 \u00cdsrael yfirgaf hann hei\u00f0ni og tr\u00fa\u00f0i \u00e1 Gu\u00f0 og l\u00e9t umskera sig og er \u00e1 me\u00f0al \u00cdsrael reikna\u00f0ur, hann og allir hans eftirkomendur, allt til \u00feessa dags.<\/p>\n<p>Og \u00fe\u00e1 e\u00f0 l\u00fdsti af degi hengdu \u00feeir h\u00f6fu\u00f0 \u00fat fyrir m\u00farinn, t\u00f3ku s\u00edn vopn og f\u00e9llu \u00fat me\u00f0 miklum gn\u00fd og her\u00f3pi. Og er var\u00f0haldsmennirnir s\u00e1u \u00feetta hlupu \u00feeir til landtjalds Holofernis. Og \u00feeir sem \u00fear voru gj\u00f6r\u00f0u hark framan fyrir svefnherberginu hvar af hann skyldi vakna. \u00dev\u00ed a\u00f0 enginn dirf\u00f0ist a\u00f0 klappa \u00e1 dyrnar e\u00f0ur inn a\u00f0 ganga \u00ed svefnherbergi\u00f0 h\u00f6f\u00f0ingjans af Assyria. En \u00fe\u00e1 h\u00f6fu\u00f0smennirnir \u00feeirra Assyriis komu s\u00f6g\u00f0u \u00feeir til svefnherbergissveinanna: &#8222;Fari\u00f0 inn og veki\u00f0 hann upp \u00fev\u00ed a\u00f0 m\u00fdsnar eru \u00fathlaupnar \u00far s\u00ednum holum og eru djarfar or\u00f0nar so a\u00f0 \u00fe\u00e6r dirfast a\u00f0 taka \u00ed m\u00f3ti oss.&#8220; \u00de\u00e1 gekk Bag\u00f3a inn og st\u00f3\u00f0 hj\u00e1 sparlakinu og klappa\u00f0i h\u00f6ndunum saman \u00fea\u00f0 hann \u00e6tla\u00f0i a\u00f0 hann mundi sofa hj\u00e1 J\u00fad\u00edt og hlusta\u00f0i til ef hann vildi hr\u00e6ra sig. En \u00fe\u00e1 hann var\u00f0 einskis var \u00fe\u00e1 lyfti hann upp sparlakinu. \u00de\u00e1 s\u00e1 hann l\u00edkamann h\u00f6fu\u00f0lausan, liggjandi \u00e1 j\u00f6r\u00f0u \u00ed s\u00ednu bl\u00f3\u00f0i. \u00de\u00e1 \u00e6pti hann og kalla\u00f0i h\u00e1tt og sundurreif s\u00edn kl\u00e6\u00f0i. Og hann leita\u00f0i \u00ed J\u00fad\u00edts herbergi og \u00fe\u00e1 er hann fann hana ekki \u00fear hlj\u00f3p hann \u00fat til hersins og sag\u00f0i: &#8222;Einasta ein ebresk kvinna hefur allt Nabogodonosor h\u00fas af Assyria gj\u00f6rt a\u00f0 spotti og sp\u00e9 fyrir \u00f6llum heiminum \u00fev\u00ed a\u00f0 Holofernes liggur \u00fear dau\u00f0ur \u00e1 j\u00f6r\u00f0u og h\u00f6fu\u00f0laus!&#8220; Og er h\u00f6fu\u00f0smennirnir af Assyria heyr\u00f0u \u00feetta sundurrifu \u00feeir s\u00edn kl\u00e6\u00f0i og ur\u00f0u mj\u00f6g \u00far m\u00e1ta skelfdir og \u00fear h\u00f3fst upp eitt miki\u00f0 hr\u00e6\u00f0slu\u00f3p og kall \u00e1 me\u00f0al \u00feeirra.<\/p>\n","protected":false},"excerpt":{"rendered":"<p>XIIII. Eftir \u00feetta sag\u00f0i J\u00fad\u00edt til alls f\u00f3lksins: &#8222;G\u00f3\u00f0ir br\u00e6\u00f0ur, hl\u00fd\u00f0i\u00f0 m\u00e9r. Jafnsnart \u00feegar l\u00fdsir \u00fe\u00e1 hengi\u00f0 h\u00f6fu\u00f0i\u00f0 \u00fat fyrir m\u00farinn og taki\u00f0 y\u00f0ar vopn og falli\u00f0 \u00fat fyrir sta\u00f0inn saman \u00ed einni fylkingu og me\u00f0 miklu her\u00f3pi. \u00de\u00e1 munu var\u00f0haldsmennirnir koma til Holofernis landtjalds og sj\u00e1 \u00fear l\u00edkamann liggja \u00ed s\u00ednu bl\u00f3\u00f0i. \u00de\u00e1 mun hr\u00e6\u00f0sla koma yfir \u00fe\u00e1. Og \u00feegar \u00fe\u00e9r merki\u00f0 a\u00f0 \u00feeir eru hr\u00e6ddir or\u00f0nir og taka til a\u00f0 fl\u00fdja \u00fe\u00e1 renni\u00f0 eftir \u00feeim djarflega \u00fev\u00ed a\u00f0 Drottinn hefur gefi\u00f0 \u00fe\u00e1 undir y\u00f0ar f\u00e6tur.&#8220; \u00de\u00e1 e\u00f0 Ak\u00edor s\u00e1 n\u00fa a\u00f0 Drottinn haf\u00f0i hj\u00e1lpa\u00f0 \u00cdsrael yfirgaf hann hei\u00f0ni <a href=\"https:\/\/biblian.is\/gudbrandsbiblia\/juditarbok-14-kafli\/\"> [&#8230;]<\/a><\/p>\n","protected":false},"author":1,"featured_media":0,"parent":0,"menu_order":0,"comment_status":"open","ping_status":"open","template":"bibliukaflar.php","meta":{"footnotes":""},"class_list":["post-3656","page","type-page","status-publish","hentry"],"_links":{"self":[{"href":"https:\/\/biblian.is\/gudbrandsbiblia\/wp-json\/wp\/v2\/pages\/3656","targetHints":{"allow":["GET"]}}],"collection":[{"href":"https:\/\/biblian.is\/gudbrandsbiblia\/wp-json\/wp\/v2\/pages"}],"about":[{"href":"https:\/\/biblian.is\/gudbrandsbiblia\/wp-json\/wp\/v2\/types\/page"}],"author":[{"embeddable":true,"href":"https:\/\/biblian.is\/gudbrandsbiblia\/wp-json\/wp\/v2\/users\/1"}],"replies":[{"embeddable":true,"href":"https:\/\/biblian.is\/gudbrandsbiblia\/wp-json\/wp\/v2\/comments?post=3656"}],"version-history":[{"count":0,"href":"https:\/\/biblian.is\/gudbrandsbiblia\/wp-json\/wp\/v2\/pages\/3656\/revisions"}],"wp:attachment":[{"href":"https:\/\/biblian.is\/gudbrandsbiblia\/wp-json\/wp\/v2\/media?parent=3656"}],"curies":[{"name":"wp","href":"https:\/\/api.w.org\/{rel}","templated":true}]}}