{"id":3654,"date":"2017-12-18T18:34:16","date_gmt":"2017-12-18T18:34:16","guid":{"rendered":"http:\/\/biblian.is\/gudbrandsbiblia\/juditarbok-12-kafli\/"},"modified":"2017-12-18T18:34:16","modified_gmt":"2017-12-18T18:34:16","slug":"juditarbok-12-kafli","status":"publish","type":"page","link":"https:\/\/biblian.is\/gudbrandsbiblia\/juditarbok-12-kafli\/","title":{"rendered":"J\u00fad\u00edtarb\u00f3k 12. kafli"},"content":{"rendered":"<p>XII.<\/p>\n<p>\u00de\u00e1 l\u00e9t hann lei\u00f0a hana \u00feanga\u00f0 sem hans fj\u00e1rsj\u00f3\u00f0ir voru geynmdir \u00fear sem h\u00fan skyldi vera og bau\u00f0 a\u00f0 gefa henni mat af s\u00ednu eigin bor\u00f0i. En J\u00fad\u00edt svara\u00f0i og sag\u00f0i: &#8222;Eigi \u00feori eg enn n\u00fa a\u00f0 eta af \u00fe\u00ednum mat svo a\u00f0 eg syndgist ekki. En eg hefi haft nokku\u00f0 l\u00edti\u00f0 me\u00f0 m\u00e9r, \u00fear af vil eg eta.&#8220; \u00de\u00e1 sag\u00f0i Holofernes sj\u00e1lfur: &#8222;N\u00e6r \u00fea\u00f0 er uppi sem \u00fe\u00fa hefur me\u00f0 \u00fe\u00e9r haft, hvar skulu v\u00e9r \u00fe\u00e1 \u00fatvega \u00fe\u00e9r \u00fe\u00e1 meira?&#8220; J\u00fad\u00edt svara\u00f0i: &#8222;Minn herra, so v\u00edst sem \u00fe\u00fa lifi: \u00c1\u00f0ur en \u00fe\u00edn amb\u00e1tt hefur uppeytt \u00f6llu \u00feessu \u00fe\u00e1 mun Gu\u00f0 framkv\u00e6ma fyrir mig \u00fea\u00f0 hann \u00e6tlar s\u00e9r.&#8220;<\/p>\n<p>Og \u00fe\u00e1 \u00fe\u00e9nararnir vildu lei\u00f0a hana \u00ed tjaldi\u00f0 sem hann haf\u00f0i bo\u00f0i\u00f0 \u00fe\u00e1 ba\u00f0 h\u00fan a\u00f0 h\u00fan m\u00e6tti f\u00e1 or\u00f0lof a\u00f0 ganga \u00fat kveld og morna og gj\u00f6ra s\u00edna b\u00e6n til Drottins. \u00de\u00e1 skipa\u00f0i Holofernes s\u00ednum s\u00e6ngarsveinum a\u00f0 \u00feeir skyldu l\u00e1ta hana hafa li\u00f0ugan gang \u00fat og inn \u00ed \u00ferj\u00e1 daga a\u00f0 gj\u00f6ra s\u00edna b\u00e6n til Gu\u00f0s. Og \u00e1 kveldin gekk h\u00fan \u00fat \u00ed \u00fea\u00f0 dalverpi gegnt Betulia og \u00fevo\u00f0i sig \u00ed vatni. \u00dear eftir ba\u00f0 h\u00fan til Drottins \u00cdsraels Gu\u00f0s a\u00f0 hann vildi gefa henni lukku \u00fear til a\u00f0 frelsa sitt f\u00f3lk. Og h\u00fan gekk heim aftur \u00ed tjaldi\u00f0 og h\u00e9lt s\u00e9r hreinni og neytti einskis fyrir aftaninn.<\/p>\n<p>\u00c1 fj\u00f3r\u00f0a degi gj\u00f6r\u00f0i Holofernes s\u00ednum n\u00e1nustu \u00fe\u00e9nurum eina kveldm\u00e1lt\u00ed\u00f0 og hann sag\u00f0i til Bag\u00f3a s\u00edns s\u00e6ngarsveins: <span class=\"athugasemd\" title=\"Bag\u00f3a\">[<\/span> &#8222;Far burt og tala \u00fe\u00fa um fyrir \u00feeirri ebresku kvinnu a\u00f0 h\u00fan neiti ei a\u00f0 koma til m\u00edn. \u00dev\u00ed \u00fea\u00f0 er sk\u00f6mm fyrir \u00feeim Assyriis a\u00f0 sl\u00edk ein kvinna skuli fara \u00f3legin fr\u00e1 oss og gabba so nokkurn mann.&#8220; \u00de\u00e1 kom Bag\u00f3a til J\u00fad\u00edt og sag\u00f0i: &#8222;\u00de\u00fa fr\u00ed\u00f0a kvinna, seg\u00f0u ekki nei a\u00f0 koma til m\u00edns herra til \u00e6ru og a\u00f0 eta og drekka me\u00f0 honum og a\u00f0 gj\u00f6ra \u00feig gla\u00f0a.&#8220; \u00de\u00e1 sag\u00f0i J\u00fad\u00edt: &#8222;Hv\u00f6rnin \u00feori eg a\u00f0 varna m\u00ednum herra \u00feess? Allt hva\u00f0 minn herra vill \u00fea\u00f0 vill eg af hjarta gjarna gj\u00f6ra alla m\u00edna daga.&#8220;<\/p>\n<p>Og h\u00fan st\u00f3\u00f0 upp og pr\u00fdddi sig og gekk inn fyrir hann og st\u00f3\u00f0 frammi fyrir honum. \u00de\u00e1 veiktist Holofernis hjarta \u00fea\u00f0 hann brann af \u00e1starhita til hennar. Og hann sag\u00f0i til hennar: &#8222;Set \u00feig ni\u00f0ur, drekk og vert gl\u00f6\u00f0 \u00fea\u00f0 \u00fe\u00fa hefur fundi\u00f0 n\u00e1\u00f0 fyrir m\u00e9r.&#8220; Og J\u00fad\u00edt svara\u00f0i: &#8222;J\u00e1 herra, eg vil vera gl\u00f6\u00f0 \u00fev\u00ed a\u00f0 um m\u00edna l\u00edfdaga hefi eg ekki svoddan \u00e6ru fengi\u00f0.&#8220; Og h\u00fan \u00e1t og drakk fyrir honum af \u00fev\u00ed sem hennar amb\u00e1tt haf\u00f0i tilreitt. Og Holofernes gj\u00f6r\u00f0i sig gla\u00f0an me\u00f0 henni og drakk svo miki\u00f0 sem hann var aldreigi vanur a\u00f0 drekka.<\/p>\n","protected":false},"excerpt":{"rendered":"<p>XII. \u00de\u00e1 l\u00e9t hann lei\u00f0a hana \u00feanga\u00f0 sem hans fj\u00e1rsj\u00f3\u00f0ir voru geynmdir \u00fear sem h\u00fan skyldi vera og bau\u00f0 a\u00f0 gefa henni mat af s\u00ednu eigin bor\u00f0i. En J\u00fad\u00edt svara\u00f0i og sag\u00f0i: &#8222;Eigi \u00feori eg enn n\u00fa a\u00f0 eta af \u00fe\u00ednum mat svo a\u00f0 eg syndgist ekki. En eg hefi haft nokku\u00f0 l\u00edti\u00f0 me\u00f0 m\u00e9r, \u00fear af vil eg eta.&#8220; \u00de\u00e1 sag\u00f0i Holofernes sj\u00e1lfur: &#8222;N\u00e6r \u00fea\u00f0 er uppi sem \u00fe\u00fa hefur me\u00f0 \u00fe\u00e9r haft, hvar skulu v\u00e9r \u00fe\u00e1 \u00fatvega \u00fe\u00e9r \u00fe\u00e1 meira?&#8220; J\u00fad\u00edt svara\u00f0i: &#8222;Minn herra, so v\u00edst sem \u00fe\u00fa lifi: \u00c1\u00f0ur en \u00fe\u00edn amb\u00e1tt hefur uppeytt \u00f6llu \u00feessu \u00fe\u00e1 <a href=\"https:\/\/biblian.is\/gudbrandsbiblia\/juditarbok-12-kafli\/\"> [&#8230;]<\/a><\/p>\n","protected":false},"author":1,"featured_media":0,"parent":0,"menu_order":0,"comment_status":"open","ping_status":"open","template":"bibliukaflar.php","meta":{"footnotes":""},"class_list":["post-3654","page","type-page","status-publish","hentry"],"_links":{"self":[{"href":"https:\/\/biblian.is\/gudbrandsbiblia\/wp-json\/wp\/v2\/pages\/3654","targetHints":{"allow":["GET"]}}],"collection":[{"href":"https:\/\/biblian.is\/gudbrandsbiblia\/wp-json\/wp\/v2\/pages"}],"about":[{"href":"https:\/\/biblian.is\/gudbrandsbiblia\/wp-json\/wp\/v2\/types\/page"}],"author":[{"embeddable":true,"href":"https:\/\/biblian.is\/gudbrandsbiblia\/wp-json\/wp\/v2\/users\/1"}],"replies":[{"embeddable":true,"href":"https:\/\/biblian.is\/gudbrandsbiblia\/wp-json\/wp\/v2\/comments?post=3654"}],"version-history":[{"count":0,"href":"https:\/\/biblian.is\/gudbrandsbiblia\/wp-json\/wp\/v2\/pages\/3654\/revisions"}],"wp:attachment":[{"href":"https:\/\/biblian.is\/gudbrandsbiblia\/wp-json\/wp\/v2\/media?parent=3654"}],"curies":[{"name":"wp","href":"https:\/\/api.w.org\/{rel}","templated":true}]}}