{"id":3653,"date":"2017-12-18T18:34:16","date_gmt":"2017-12-18T18:34:16","guid":{"rendered":"http:\/\/biblian.is\/gudbrandsbiblia\/juditarbok-11-kafli\/"},"modified":"2017-12-18T18:34:16","modified_gmt":"2017-12-18T18:34:16","slug":"juditarbok-11-kafli","status":"publish","type":"page","link":"https:\/\/biblian.is\/gudbrandsbiblia\/juditarbok-11-kafli\/","title":{"rendered":"J\u00fad\u00edtarb\u00f3k 11. kafli"},"content":{"rendered":"<p>XI.<\/p>\n<p>Og Holofernes sag\u00f0i til hennar: &#8222;Vertu \u00f3hr\u00e6dd og \u00f3ttast ekki \u00fev\u00ed a\u00f0 eg hefi enn n\u00fa aldrei illt gj\u00f6rt nokkrum manni sem vildi gefa sig undir Nabogodonosor k\u00f3ng. Og hef\u00f0i \u00feitt f\u00f3lk ei forsm\u00e1\u00f0 mig \u00fe\u00e1 skylda eg ekki hafa upplyft einu spj\u00f3ti \u00e1 m\u00f3ti \u00fev\u00ed. En n\u00fa seg\u00f0u m\u00e9r hvar fyrir \u00fe\u00fa ert fr\u00e1 \u00feeim vikin og ert komin til m\u00edn?&#8220; J\u00fad\u00edt svara\u00f0i og sag\u00f0i: &#8222;Heyr \u00fe\u00fa g\u00f3\u00f0mannlega or\u00f0 amb\u00e1ttar \u00feinnar og ef \u00fe\u00fa gj\u00f6rir so sem \u00fe\u00edn amb\u00e1tt segir \u00fe\u00e1 mun Drottinn gefa \u00fe\u00e9r lukku og sigur.<\/p>\n<p>Gu\u00f0 gefi Nabogodonosor lukku og fars\u00e6ld, konungi alls landsins, s\u00e1 \u00feig hefur \u00fatsent til a\u00f0 straffa alla \u00f3hl\u00fd\u00f0uga. \u00dev\u00ed \u00fe\u00fa kannt honum undirgefna a\u00f0 gj\u00f6ra eigi alleinasta mennina heldur jafnvel \u00f6ll d\u00fdr \u00e1 j\u00f6r\u00f0unni \u00fev\u00ed a\u00f0 \u00fe\u00edn speki og v\u00edsd\u00f3mur er mj\u00f6g v\u00ed\u00f0fr\u00e6gur \u00ed allri ver\u00f6ldu og allir vita a\u00f0 \u00fe\u00fa ert s\u00e1 voldugasti h\u00f6f\u00f0ingi \u00ed \u00f6llu k\u00f3ngsr\u00edkinu og \u00fe\u00edn g\u00f3\u00f0a stj\u00f3rnan pr\u00edsast af \u00f6llum. V\u00e9r vitum og hva\u00f0 Ak\u00edor hefur tala\u00f0 og hva\u00f0 \u00fe\u00fa gj\u00f6r\u00f0ir honum \u00ed sta\u00f0inn. \u00dev\u00ed a\u00f0 vor Gu\u00f0 er so rei\u00f0ur or\u00f0inn vorum syndum a\u00f0 hann hefur l\u00e1ti\u00f0 segja fyrir s\u00edna sp\u00e1menn \u00fea\u00f0 hann vilji straffa f\u00f3lki\u00f0 fyrir \u00feess synda sakir.<\/p>\n<p>Og af \u00fev\u00ed a\u00f0 \u00cdsraelsf\u00f3lk veit n\u00fa a\u00f0 \u00feeir hafa styggt Gu\u00f0 \u00fe\u00e1 eru \u00feeir n\u00fa hr\u00e6ddir fyrir \u00fe\u00e9r. \u00dear a\u00f0 auk l\u00ed\u00f0a \u00feeir st\u00f3rt hungur og vanmegnast af \u00feorsta. Og n\u00fa \u00e6tla \u00feeir s\u00e9r a\u00f0 sl\u00e1tra s\u00ednum f\u00e9na\u00f0i og drekka hans bl\u00f3\u00f0 og a\u00f0 eta \u00fea\u00f0 heilaga offur af korni, v\u00edni og vi\u00f0smj\u00f6ri hva\u00f0 Gu\u00f0 hefur bo\u00f0i\u00f0 a\u00f0 \u00feeir skyldu ei taka \u00fear \u00e1. \u00dear fyrir er v\u00edst a\u00f0 \u00feeir munu fyrirfarast fyrst a\u00f0 \u00feeir gj\u00f6ra svoddan. Og af \u00fev\u00ed eg veit \u00feetta \u00fe\u00e1 fl\u00fd\u00f0a eg fr\u00e1 \u00feeim. Og Drottinns endi mig til \u00fe\u00edn a\u00f0 ??? segja \u00fe\u00e9r \u00feetta. \u00dev\u00ed \u00fe\u00f3 a\u00f0 eg s\u00e9 komin til \u00fe\u00edn \u00fe\u00e1 hefi eg \u00fe\u00f3 ekki yfirgefi\u00f0 minn Gu\u00f0 heldur vil eg enn \u00fej\u00f3na m\u00ednum Gu\u00f0i hj\u00e1 \u00fe\u00e9r. Og eg, \u00fe\u00edn amb\u00e1tt, skal ganga \u00fat og tilbi\u00f0ja Gu\u00f0 og hann mun kunngj\u00f6ra m\u00e9r n\u00e6r Gu\u00f0 vill launa \u00feeim s\u00ednar syndir. So vil eg koma og segja \u00fe\u00e9r \u00fea\u00f0 og lei\u00f0a \u00feig \u00ed gegnum mi\u00f0ja Jer\u00fasalem so a\u00f0 \u00fe\u00fa skalt hafa allt \u00cdsraelsf\u00f3lk l\u00edka sem sau\u00f0i \u00feeir e\u00f0 \u00f6ngvan hir\u00f0i hafa. Og \u00fear skal ekki hundur \u00feora a\u00f0 geyja \u00ed m\u00f3ti \u00fe\u00e9r \u00fev\u00ed Gu\u00f0 hefur m\u00e9r \u00fea\u00f0 opinbera\u00f0 af \u00fev\u00ed hann er or\u00f0inn rei\u00f0ur \u00feeim og hann \u00fatsendi mig a\u00f0 segja \u00fe\u00e9r \u00feetta.&#8220;<\/p>\n<p>\u00deessi or\u00f0 \u00fe\u00f3knu\u00f0ust H\u00f3loferni og hans \u00fe\u00e9nurum. Og \u00fe\u00e1 fur\u00f0a\u00f0i hennar v\u00edsd\u00f3m og hver sag\u00f0i til annars: &#8222;\u00deessar kvinnu l\u00edki er ekki \u00e1 j\u00f6r\u00f0u a\u00f0 v\u00e6nleika og v\u00edsd\u00f3mi.&#8220; Og Holofernes sag\u00f0i til hennar: &#8222;Vel hefur Gu\u00f0 gj\u00f6rt a\u00f0 hann sendi \u00feig hinga\u00f0 \u00e1\u00f0ur en f\u00f3lki\u00f0 k\u00e6mi \u00ed m\u00ednar hendur. Ef a\u00f0 \u00feinn Gu\u00f0 fullkomnar n\u00fa \u00feetta sem \u00fe\u00fa hefur tala\u00f0 \u00fe\u00e1 skal hann og einnin vera minn Gu\u00f0. Og \u00fe\u00fa skalt ver\u00f0a mikil hj\u00e1 Nabogodonosor k\u00f3ngi og nafnfr\u00e6g \u00ed \u00f6llu hans k\u00f3ngsr\u00edki.&#8220;<\/p>\n","protected":false},"excerpt":{"rendered":"<p>XI. Og Holofernes sag\u00f0i til hennar: &#8222;Vertu \u00f3hr\u00e6dd og \u00f3ttast ekki \u00fev\u00ed a\u00f0 eg hefi enn n\u00fa aldrei illt gj\u00f6rt nokkrum manni sem vildi gefa sig undir Nabogodonosor k\u00f3ng. Og hef\u00f0i \u00feitt f\u00f3lk ei forsm\u00e1\u00f0 mig \u00fe\u00e1 skylda eg ekki hafa upplyft einu spj\u00f3ti \u00e1 m\u00f3ti \u00fev\u00ed. En n\u00fa seg\u00f0u m\u00e9r hvar fyrir \u00fe\u00fa ert fr\u00e1 \u00feeim vikin og ert komin til m\u00edn?&#8220; J\u00fad\u00edt svara\u00f0i og sag\u00f0i: &#8222;Heyr \u00fe\u00fa g\u00f3\u00f0mannlega or\u00f0 amb\u00e1ttar \u00feinnar og ef \u00fe\u00fa gj\u00f6rir so sem \u00fe\u00edn amb\u00e1tt segir \u00fe\u00e1 mun Drottinn gefa \u00fe\u00e9r lukku og sigur. Gu\u00f0 gefi Nabogodonosor lukku og fars\u00e6ld, konungi alls landsins, s\u00e1 <a href=\"https:\/\/biblian.is\/gudbrandsbiblia\/juditarbok-11-kafli\/\"> [&#8230;]<\/a><\/p>\n","protected":false},"author":1,"featured_media":0,"parent":0,"menu_order":0,"comment_status":"open","ping_status":"open","template":"bibliukaflar.php","meta":{"footnotes":""},"class_list":["post-3653","page","type-page","status-publish","hentry"],"_links":{"self":[{"href":"https:\/\/biblian.is\/gudbrandsbiblia\/wp-json\/wp\/v2\/pages\/3653","targetHints":{"allow":["GET"]}}],"collection":[{"href":"https:\/\/biblian.is\/gudbrandsbiblia\/wp-json\/wp\/v2\/pages"}],"about":[{"href":"https:\/\/biblian.is\/gudbrandsbiblia\/wp-json\/wp\/v2\/types\/page"}],"author":[{"embeddable":true,"href":"https:\/\/biblian.is\/gudbrandsbiblia\/wp-json\/wp\/v2\/users\/1"}],"replies":[{"embeddable":true,"href":"https:\/\/biblian.is\/gudbrandsbiblia\/wp-json\/wp\/v2\/comments?post=3653"}],"version-history":[{"count":0,"href":"https:\/\/biblian.is\/gudbrandsbiblia\/wp-json\/wp\/v2\/pages\/3653\/revisions"}],"wp:attachment":[{"href":"https:\/\/biblian.is\/gudbrandsbiblia\/wp-json\/wp\/v2\/media?parent=3653"}],"curies":[{"name":"wp","href":"https:\/\/api.w.org\/{rel}","templated":true}]}}