{"id":3652,"date":"2017-12-18T18:34:16","date_gmt":"2017-12-18T18:34:16","guid":{"rendered":"http:\/\/biblian.is\/gudbrandsbiblia\/juditarbok-10-kafli\/"},"modified":"2017-12-18T18:34:16","modified_gmt":"2017-12-18T18:34:16","slug":"juditarbok-10-kafli","status":"publish","type":"page","link":"https:\/\/biblian.is\/gudbrandsbiblia\/juditarbok-10-kafli\/","title":{"rendered":"J\u00fad\u00edtarb\u00f3k 10. kafli"},"content":{"rendered":"<p>X.<\/p>\n<p>\u00de\u00e1 h\u00fan haf\u00f0i n\u00fa enda\u00f0 s\u00edna b\u00e6n st\u00f3\u00f0 h\u00fan upp og kalla\u00f0i \u00e1 s\u00edna amb\u00e1tt Abra og gekk ofan \u00ed h\u00fasi\u00f0, lag\u00f0i af s\u00e9r sekkinn og afkl\u00e6ddist s\u00ednum ekkjub\u00fana\u00f0i, lauga\u00f0i sig og smur\u00f0i sig me\u00f0 d\u00fdrlegu vatni, fl\u00e9tta\u00f0i sitt h\u00e1r og setti eina h\u00fafu s\u00e9r \u00e1 h\u00f6fu\u00f0 og \u00edkl\u00e6ddist s\u00ednum kostulegum kl\u00e6\u00f0um og pr\u00fdddi sig me\u00f0 s\u00ednum fegur\u00f0arb\u00fana\u00f0i og setti upp allt sitt skart. Og Drottinn gaf henni n\u00e1\u00f0 a\u00f0 h\u00fan var fr\u00ed\u00f0 \u00e1s\u00fdndar \u00fev\u00ed a\u00f0 h\u00fan skarta\u00f0i ekki af girnd heldur Gu\u00f0i til lofs. Og h\u00fan f\u00e9kk sinni amb\u00e1tt einn bika\u00f0an le\u00f0urbelg fullan af v\u00edni og eina vi\u00f0smj\u00f6rskr\u00fas og einn sekk \u00fear e\u00f0 h\u00fan haf\u00f0i \u00ed f\u00edkjur, mj\u00f6l og brau\u00f0 \u00feeim til matar. Og h\u00fan gekk af sta\u00f0.<\/p>\n<p>Og h\u00fan fann Osiam og \u00f6ldungana \u00ed portdyrunum so sem sagt var. Og \u00fe\u00e1 undra\u00f0i hennar fr\u00ed\u00f0leiki. \u00de\u00f3 spur\u00f0u \u00feeir hana ekki hva\u00f0 h\u00fan \u00e6tla\u00f0i s\u00e9r heldur l\u00e9tu \u00feeir hana fara og s\u00f6g\u00f0u: &#8222;Gu\u00f0 vorra forfe\u00f0ra gefi \u00fe\u00e9r n\u00e1\u00f0 og l\u00e1ti \u00feitt \u00e1form lukkast so a\u00f0 \u00cdsrael megi gle\u00f0jast af \u00fe\u00e9r og a\u00f0 \u00feitt nafn ver\u00f0i reikna\u00f0 \u00e1 me\u00f0al \u00feeirra inu heil\u00f6gu.&#8220; Og allir \u00feeir sem \u00fear voru s\u00f6g\u00f0u: &#8222;Amen, amen.&#8220; En J\u00fad\u00edt gj\u00f6r\u00f0i s\u00edna b\u00e6n og gekk \u00e1lei\u00f0is me\u00f0 sinni amb\u00e1tt Abra.<\/p>\n<p>Og sem h\u00fan gekk \u00e1rla morguns ofan af fjallinu \u00fe\u00e1 m\u00e6ttu henni var\u00f0haldsmenn \u00feeirra Assyriis. \u00deeir t\u00f3ku hana h\u00f6ndum og spur\u00f0u hana hva\u00f0an h\u00fan k\u00e6mi og hvert h\u00fan vildi. Og h\u00fan svara\u00f0i: &#8222;Eg er ein ebresk kvinna og eg fl\u00fd\u00f0i fr\u00e1 \u00feeim \u00fev\u00ed a\u00f0 eg veit a\u00f0 \u00feeir munu koma \u00ed y\u00f0ar hendur af \u00fev\u00ed a\u00f0 \u00feeir fyrirlitu y\u00f0ur og vildu ekki leita n\u00e1\u00f0ar og gefa sig velviljuglega undir y\u00f0ur. \u00dear fyrir hefi eg \u00ed sinni a\u00f0 koma til h\u00f6f\u00f0ingjans Holofernes og opinbera honum \u00feeirra leyndarm\u00e1l og sk\u00fdra honum fr\u00e1 hvernin hann kunni \u00fe\u00e1 au\u00f0veldlega yfir a\u00f0 vinna so a\u00f0 hann skal ekki \u00feurfa a\u00f0 missa einn mann.&#8220;<\/p>\n<p>\u00c1 me\u00f0an h\u00fan var \u00feetta a\u00f0 tala horf\u00f0u \u00feeir \u00e1 hana og undru\u00f0ust st\u00f3rlega hennar v\u00e6nleika og s\u00f6g\u00f0u: &#8222;\u00dea\u00f0 m\u00e1 \u00fe\u00e9r til hj\u00e1lpar ver\u00f0a a\u00f0 \u00fe\u00fa hefur so g\u00f3\u00f0a fyrirhugsun a\u00f0 \u00fe\u00fa vilt koma til vors herra. \u00dev\u00ed a\u00f0 n\u00e6r \u00fe\u00fa kemur fyrir hans auglit \u00fe\u00e1 mun hann ver\u00f0a \u00fe\u00e9r n\u00e1\u00f0igur og \u00fe\u00fa munt \u00fe\u00f3knast honum af hjarta.&#8220; Og \u00feeir leiddu hana burt a\u00f0 landtjaldi Holofernis og s\u00f6g\u00f0u honum fr\u00e1 henni. Og \u00fe\u00e1 h\u00fan kom fyrir hann \u00fe\u00e1 brann hann jafnsnart af hennar \u00e1st. Og hans \u00fe\u00e9narar s\u00f6g\u00f0u s\u00edn \u00e1 milli: &#8222;\u00dea\u00f0 ebreska f\u00f3lk er \u00e1 \u00f6ngva lei\u00f0 forsm\u00e1anda me\u00f0 \u00fev\u00ed \u00fea\u00f0 hefur so fr\u00ed\u00f0ar kvinnur. Skyldu menn ekki berjast vegna so fr\u00ed\u00f0ra kvenna?&#8220; \u00deegar e\u00f0 J\u00fad\u00edt s\u00e1 n\u00fa Holofernem sitjandi \u00ed s\u00ednu tjaldi hvert e\u00f0 forkostulega var gj\u00f6rt me\u00f0 purpura og gulli og smaragdus og me\u00f0 m\u00f6rgum gimsteinum pr\u00fdtt \u00fe\u00e1 f\u00e9ll h\u00fan ni\u00f0ur og laut honum. Og Holofernes bau\u00f0 a\u00f0 reisa hana upp aftur.<\/p>\n","protected":false},"excerpt":{"rendered":"<p>X. \u00de\u00e1 h\u00fan haf\u00f0i n\u00fa enda\u00f0 s\u00edna b\u00e6n st\u00f3\u00f0 h\u00fan upp og kalla\u00f0i \u00e1 s\u00edna amb\u00e1tt Abra og gekk ofan \u00ed h\u00fasi\u00f0, lag\u00f0i af s\u00e9r sekkinn og afkl\u00e6ddist s\u00ednum ekkjub\u00fana\u00f0i, lauga\u00f0i sig og smur\u00f0i sig me\u00f0 d\u00fdrlegu vatni, fl\u00e9tta\u00f0i sitt h\u00e1r og setti eina h\u00fafu s\u00e9r \u00e1 h\u00f6fu\u00f0 og \u00edkl\u00e6ddist s\u00ednum kostulegum kl\u00e6\u00f0um og pr\u00fdddi sig me\u00f0 s\u00ednum fegur\u00f0arb\u00fana\u00f0i og setti upp allt sitt skart. Og Drottinn gaf henni n\u00e1\u00f0 a\u00f0 h\u00fan var fr\u00ed\u00f0 \u00e1s\u00fdndar \u00fev\u00ed a\u00f0 h\u00fan skarta\u00f0i ekki af girnd heldur Gu\u00f0i til lofs. Og h\u00fan f\u00e9kk sinni amb\u00e1tt einn bika\u00f0an le\u00f0urbelg fullan af v\u00edni og eina vi\u00f0smj\u00f6rskr\u00fas <a href=\"https:\/\/biblian.is\/gudbrandsbiblia\/juditarbok-10-kafli\/\"> [&#8230;]<\/a><\/p>\n","protected":false},"author":1,"featured_media":0,"parent":0,"menu_order":0,"comment_status":"open","ping_status":"open","template":"bibliukaflar.php","meta":{"footnotes":""},"class_list":["post-3652","page","type-page","status-publish","hentry"],"_links":{"self":[{"href":"https:\/\/biblian.is\/gudbrandsbiblia\/wp-json\/wp\/v2\/pages\/3652","targetHints":{"allow":["GET"]}}],"collection":[{"href":"https:\/\/biblian.is\/gudbrandsbiblia\/wp-json\/wp\/v2\/pages"}],"about":[{"href":"https:\/\/biblian.is\/gudbrandsbiblia\/wp-json\/wp\/v2\/types\/page"}],"author":[{"embeddable":true,"href":"https:\/\/biblian.is\/gudbrandsbiblia\/wp-json\/wp\/v2\/users\/1"}],"replies":[{"embeddable":true,"href":"https:\/\/biblian.is\/gudbrandsbiblia\/wp-json\/wp\/v2\/comments?post=3652"}],"version-history":[{"count":0,"href":"https:\/\/biblian.is\/gudbrandsbiblia\/wp-json\/wp\/v2\/pages\/3652\/revisions"}],"wp:attachment":[{"href":"https:\/\/biblian.is\/gudbrandsbiblia\/wp-json\/wp\/v2\/media?parent=3652"}],"curies":[{"name":"wp","href":"https:\/\/api.w.org\/{rel}","templated":true}]}}