{"id":3651,"date":"2017-12-18T18:34:16","date_gmt":"2017-12-18T18:34:16","guid":{"rendered":"http:\/\/biblian.is\/gudbrandsbiblia\/juditarbok-9-kafli\/"},"modified":"2017-12-18T18:34:16","modified_gmt":"2017-12-18T18:34:16","slug":"juditarbok-9-kafli","status":"publish","type":"page","link":"https:\/\/biblian.is\/gudbrandsbiblia\/juditarbok-9-kafli\/","title":{"rendered":"J\u00fad\u00edtarb\u00f3k 9. kafli"},"content":{"rendered":"<p>IX.<\/p>\n<p>\u00dev\u00ed n\u00e6st gekk J\u00fad\u00edt \u00ed sitt svefnherbergi og f\u00e6r\u00f0i sig \u00ed einn sekk og dreif\u00f0i \u00f6sku yfir sitt h\u00f6fu\u00f0 og f\u00e9ll fram fyrir Drottni, kalla\u00f0i til hans og sag\u00f0i: <span class=\"athugasemd\" title=\"J\u00fad\u00edts b\u00e6n \/ Gen. Xxxiiii.\">[<\/span><\/p>\n<p>&#8222;Drottinn Gu\u00f0 m\u00edns f\u00f6\u00f0urs S\u00edmeons, hverjum \u00fe\u00fa gafst sver\u00f0i\u00f0 til a\u00f0 straffa hei\u00f0ingjana sem jungfr\u00fanni h\u00f6f\u00f0u nau\u00f0ga\u00f0 og hana skamma\u00f0. Og \u00fe\u00fa \u00fear \u00ed m\u00f3t l\u00e9st fanga\u00f0ar og herteknar ver\u00f0a \u00feeirra kvinnur og d\u00e6tur af \u00fe\u00ednum \u00fe\u00e9nurum sem vandl\u00e6ttu \u00fe\u00edna vandl\u00e6ting, hj\u00e1lpa \u00fe\u00fa m\u00e9r f\u00e1t\u00e6kri ekkju, Drottinn minn Gu\u00f0. \u00dev\u00ed \u00f6ll hj\u00e1lp sem for\u00f0um daga og \u00fear eftir er ske\u00f0, hana hefur \u00fe\u00fa veitt. Og hva\u00f0 \u00fe\u00fa vilt \u00fea\u00f0 hl\u00fdtur a\u00f0 ske \u00fev\u00ed a\u00f0 n\u00e6r e\u00f0 \u00fe\u00fa vilt hj\u00e1lpa \u00fe\u00e1 bregst \u00fea\u00f0 ekki og \u00fe\u00fa veist vel hvernin \u00fe\u00fa skulir \u00f3vinina straffa.<\/p>\n<p>L\u00edt \u00fe\u00fa n\u00fa yfir herli\u00f0 \u00feeirra Assyriis so sem \u00fe\u00fa for\u00f0um t\u00ed\u00f0 leist til hers \u00feeirra egypsku \u00fe\u00e1 \u00feeir runnu eftir \u00fe\u00ednum \u00fe\u00e9nurum me\u00f0 mikilli magt og treystu upp \u00e1 s\u00edna vagna, riddara og miki\u00f0 herli\u00f0. <span class=\"athugasemd\" title=\"Exo. xiiii.\">[<\/span> En \u00fe\u00e1 \u00fe\u00fa leist til \u00feeirra \u00fe\u00e1 ur\u00f0u \u00feeir hr\u00e6ddir og dj\u00fapi\u00f0 sl\u00f3 \u00feeim ni\u00f0ur og vatni\u00f0 drekkti \u00feeim. L\u00e1t n\u00fa so ske og \u00feessa, Drottinn, \u00feeir sem treysta upp \u00e1 s\u00edna magt, vagna, spj\u00f3t og skot og \u00feekkja \u00feig ekki og hugsa ekki a\u00f0 \u00fe\u00fa, Drottinn vor Gu\u00f0, ert s\u00e1 sem hj\u00e1lpar \u00ed bardaganum fr\u00e1 upphafi og me\u00f0 r\u00e9ttu kallast Drottinn. <span class=\"athugasemd\" title=\"S\u00e1l. xlvii.\">[<\/span> \u00datr\u00e9ttu \u00feinn armlegg so sem for\u00f0um og sundursl\u00e1 \u00f3vinina me\u00f0 \u00feinni magt a\u00f0 \u00feeir fyrirfarist fyrir \u00fe\u00edna rei\u00f0i, \u00feeir sem hr\u00f3sa s\u00e9r a\u00f0 \u00feeir skuli ni\u00f0urbrj\u00f3ta \u00feinn helgid\u00f3m og saurga tjaldb\u00fa\u00f0 \u00fe\u00edns nafns og um koll kasta \u00fe\u00ednu altari me\u00f0 s\u00ednu sver\u00f0i. Straffa \u00feeirra drambsemi me\u00f0 \u00feeirra eigin sver\u00f0um a\u00f0 hann ver\u00f0i veiddur me\u00f0 sj\u00e1lfs hans augum \u00fe\u00e1 hann s\u00e9r mig og ver\u00f0i pretta\u00f0ur me\u00f0 m\u00ednum vinsamlegum or\u00f0um.<\/p>\n<p>Gef m\u00e9r st\u00f6\u00f0ugleika a\u00f0 eg ekki hr\u00e6\u00f0ist hann og hans veldi heldur a\u00f0 eg geti ni\u00f0urslegi\u00f0 hann. \u00dea\u00f0 skal vera pr\u00eds \u00fe\u00ednu nafni a\u00f0 ein kvinna hefur lagt hann vi\u00f0 velli. \u00dev\u00ed \u00fe\u00fa, Drottinn, kannt a\u00f0 efa sigurvinning fyrir utan f\u00f3lksfj\u00f6lda og \u00fe\u00fa hefur ekki lyst \u00e1 styrkleika hestsins. \u00deeir drambs\u00f6mu \u00fe\u00f3knu\u00f0ust \u00fe\u00e9r enn n\u00fa aldrei en allt\u00ed\u00f0 hefur \u00fe\u00fa haft \u00fe\u00f3knan \u00e1 b\u00e6n \u00feeirra sem eru aumir og l\u00edtill\u00e1tir.<\/p>\n<p>Drottinn Gu\u00f0 himnanna, \u00fe\u00fa sem skapa\u00f0 hefur v\u00f6tnin og ert einn Drottinn allra hluta, heyr m\u00edna b\u00e6n f\u00e1t\u00e6kra, eg sem treysti alleina upp \u00e1 \u00fe\u00edna miskunnsemd. Minnstu, Drottinn, \u00e1 \u00feinn s\u00e1ttm\u00e1la og gef m\u00e9r or\u00f0 \u00ed munn hva\u00f0 eg skal tala og hugsa og gef m\u00e9r lukku \u00fear til so a\u00f0 \u00feitt h\u00fas megi standa og allir hei\u00f0ingjar megi formerkja a\u00f0 \u00fe\u00fa ert Gu\u00f0 og enginn annar en \u00fe\u00fa.&#8220;<\/p>\n","protected":false},"excerpt":{"rendered":"<p>IX. \u00dev\u00ed n\u00e6st gekk J\u00fad\u00edt \u00ed sitt svefnherbergi og f\u00e6r\u00f0i sig \u00ed einn sekk og dreif\u00f0i \u00f6sku yfir sitt h\u00f6fu\u00f0 og f\u00e9ll fram fyrir Drottni, kalla\u00f0i til hans og sag\u00f0i: [ &#8222;Drottinn Gu\u00f0 m\u00edns f\u00f6\u00f0urs S\u00edmeons, hverjum \u00fe\u00fa gafst sver\u00f0i\u00f0 til a\u00f0 straffa hei\u00f0ingjana sem jungfr\u00fanni h\u00f6f\u00f0u nau\u00f0ga\u00f0 og hana skamma\u00f0. Og \u00fe\u00fa \u00fear \u00ed m\u00f3t l\u00e9st fanga\u00f0ar og herteknar ver\u00f0a \u00feeirra kvinnur og d\u00e6tur af \u00fe\u00ednum \u00fe\u00e9nurum sem vandl\u00e6ttu \u00fe\u00edna vandl\u00e6ting, hj\u00e1lpa \u00fe\u00fa m\u00e9r f\u00e1t\u00e6kri ekkju, Drottinn minn Gu\u00f0. \u00dev\u00ed \u00f6ll hj\u00e1lp sem for\u00f0um daga og \u00fear eftir er ske\u00f0, hana hefur \u00fe\u00fa veitt. Og hva\u00f0 \u00fe\u00fa vilt \u00fea\u00f0 <a href=\"https:\/\/biblian.is\/gudbrandsbiblia\/juditarbok-9-kafli\/\"> [&#8230;]<\/a><\/p>\n","protected":false},"author":1,"featured_media":0,"parent":0,"menu_order":0,"comment_status":"open","ping_status":"open","template":"bibliukaflar.php","meta":{"footnotes":""},"class_list":["post-3651","page","type-page","status-publish","hentry"],"_links":{"self":[{"href":"https:\/\/biblian.is\/gudbrandsbiblia\/wp-json\/wp\/v2\/pages\/3651","targetHints":{"allow":["GET"]}}],"collection":[{"href":"https:\/\/biblian.is\/gudbrandsbiblia\/wp-json\/wp\/v2\/pages"}],"about":[{"href":"https:\/\/biblian.is\/gudbrandsbiblia\/wp-json\/wp\/v2\/types\/page"}],"author":[{"embeddable":true,"href":"https:\/\/biblian.is\/gudbrandsbiblia\/wp-json\/wp\/v2\/users\/1"}],"replies":[{"embeddable":true,"href":"https:\/\/biblian.is\/gudbrandsbiblia\/wp-json\/wp\/v2\/comments?post=3651"}],"version-history":[{"count":0,"href":"https:\/\/biblian.is\/gudbrandsbiblia\/wp-json\/wp\/v2\/pages\/3651\/revisions"}],"wp:attachment":[{"href":"https:\/\/biblian.is\/gudbrandsbiblia\/wp-json\/wp\/v2\/media?parent=3651"}],"curies":[{"name":"wp","href":"https:\/\/api.w.org\/{rel}","templated":true}]}}