{"id":3646,"date":"2017-12-18T18:34:16","date_gmt":"2017-12-18T18:34:16","guid":{"rendered":"http:\/\/biblian.is\/gudbrandsbiblia\/juditarbok-4-kafli\/"},"modified":"2017-12-18T18:34:16","modified_gmt":"2017-12-18T18:34:16","slug":"juditarbok-4-kafli","status":"publish","type":"page","link":"https:\/\/biblian.is\/gudbrandsbiblia\/juditarbok-4-kafli\/","title":{"rendered":"J\u00fad\u00edtarb\u00f3k 4. kafli"},"content":{"rendered":"<p>IIII.<\/p>\n<p>\u00de\u00e1 \u00cdsraelssynir sem bjuggu \u00ed Gy\u00f0ingalandi heyr\u00f0u sl\u00edkt \u00f3ttu\u00f0ust \u00feeir hann mj\u00f6g og skelfing og hr\u00e6\u00f0sla kom yfir \u00fe\u00e1 \u00fev\u00ed a\u00f0 \u00feeir voru \u00fear um hr\u00e6ddir a\u00f0 hann mundi gj\u00f6ra vi\u00f0 Jer\u00fasalem og vi\u00f0 musteri\u00f0 Drottins l\u00edka so sem hann haf\u00f0i gj\u00f6rt vi\u00f0 a\u00f0rar borgir og \u00feeirra afgu\u00f0ah\u00fas. \u00dear fyrir sendu \u00feeir um allt Samarialand allt a\u00f0 Jer\u00edk\u00f3 og settu str\u00ed\u00f0sf\u00f3lk \u00ed allar styrkvar borgir, \u00e1 fjallbygg\u00f0unum og gj\u00f6r\u00f0u m\u00farveggi um s\u00edna b\u00e6i og s\u00f6fnu\u00f0u vistum og vi\u00f0urb\u00faningi til bardaga.<\/p>\n<p>Og J\u00f3jak\u00edm prestur sendi skrif til allra \u00feeirra sem bjuggu gagnvart Esdrelom, \u00fea\u00f0 er gegnt \u00feeim miklu v\u00f6llum hj\u00e1 D\u00f3ta\u00edm, og til allra \u00feeirra hvar \u00f3vinirnir m\u00e1ttu \u00ed gegnum komast a\u00f0 \u00feeir skyldu var\u00f0veita einst\u00edginn fjallanna sem liggja til Jer\u00fasalem. <span class=\"athugasemd\" title=\"J\u00fad\u00edt xiiii.\">[<\/span> Og \u00cdsraelssynir gj\u00f6r\u00f0u so sem J\u00f3jak\u00edm kennima\u00f0ur Drottins bau\u00f0 \u00feeim.<\/p>\n<p>Og allt f\u00f3lki\u00f0 kalla\u00f0i til Drottins alvarlega og menn og \u00feeirra kvinnur l\u00edtill\u00e6kku\u00f0u sig me\u00f0 f\u00f6stum og b\u00e6na\u00e1kalli. <span class=\"athugasemd\" title=\"I\u00f0ranar yfirb\u00f3t\">[<\/span> En kennimennirnir \u00edkl\u00e6ddust sekkjum og b\u00f6rnin l\u00e1gu \u00fati fyrir musteri Drottins. Og altari Drottins var yfirbreitt me\u00f0 einum sekk. Og \u00feeir b\u00e1\u00f0u til Drottins \u00cdsraels Gu\u00f0s me\u00f0 einum huga a\u00f0 \u00feeirra b\u00f6rn og kvinnur yr\u00f0u ekki herteknar og a\u00f0 \u00feeirra borgir skyldu ekki ni\u00f0urbrj\u00f3tast og \u00feeirra helgid\u00f3mur skyldi eigi ver\u00f0a saurga\u00f0ur og a\u00f0 \u00feeir ei yr\u00f0i sv\u00edvirtir af hei\u00f0ingjum.<\/p>\n<p>Og J\u00f3jak\u00edm s\u00e1 \u00e6\u00f0sti kennima\u00f0ur Drottins gekk um kring, \u00e1minnandi allt \u00cdsraelsf\u00f3lk, og sag\u00f0i: &#8222;\u00de\u00e9r skulu\u00f0 v\u00edst vita a\u00f0 Drottinn y\u00f0ar Gu\u00f0 mun b\u00e6nheyra y\u00f0ur ef \u00fe\u00e9r l\u00e1ti\u00f0 ekki af me\u00f0 f\u00f6stum og b\u00e6nahaldi fyrir Drottni. Hugsi\u00f0 um Mosen \u00fe\u00e9nara Drottins s\u00e1 ei me\u00f0 sver\u00f0i heldur me\u00f0 heilagri b\u00e6n sl\u00f3 Amalek hver e\u00f0 treysti \u00e1 s\u00edna magt og kraft, \u00e1 sitt herli\u00f0, skj\u00f6ldu, vagna og riddarali\u00f0. <span class=\"athugasemd\" title=\"Exo. xvii.\">[<\/span> Eins skal \u00fea\u00f0 ganga \u00f6llum \u00f3vinum \u00cdsrael ef \u00fe\u00e9r so gj\u00f6ri\u00f0 yfirb\u00f3t sem \u00fe\u00e9r hafi\u00f0 uppbyrja\u00f0.&#8220;<\/p>\n<p>Og eftir sl\u00edka \u00e1minning b\u00e1\u00f0u \u00feeir til Drottins og voru fyrir Drottni so \u00fea\u00f0 einnin prestarnir gengu \u00ed sekkjum og h\u00f6f\u00f0u \u00f6sku yfir h\u00f6f\u00f0i og f\u00f3rnf\u00e6r\u00f0u so Drottni brenni\u00f3frnir. Og \u00feeir b\u00e1\u00f0u allir Drottin af \u00f6llu hjarta a\u00f0 hann vildi vitja s\u00edns f\u00f3lks \u00cdsrael.<\/p>\n","protected":false},"excerpt":{"rendered":"<p>IIII. \u00de\u00e1 \u00cdsraelssynir sem bjuggu \u00ed Gy\u00f0ingalandi heyr\u00f0u sl\u00edkt \u00f3ttu\u00f0ust \u00feeir hann mj\u00f6g og skelfing og hr\u00e6\u00f0sla kom yfir \u00fe\u00e1 \u00fev\u00ed a\u00f0 \u00feeir voru \u00fear um hr\u00e6ddir a\u00f0 hann mundi gj\u00f6ra vi\u00f0 Jer\u00fasalem og vi\u00f0 musteri\u00f0 Drottins l\u00edka so sem hann haf\u00f0i gj\u00f6rt vi\u00f0 a\u00f0rar borgir og \u00feeirra afgu\u00f0ah\u00fas. \u00dear fyrir sendu \u00feeir um allt Samarialand allt a\u00f0 Jer\u00edk\u00f3 og settu str\u00ed\u00f0sf\u00f3lk \u00ed allar styrkvar borgir, \u00e1 fjallbygg\u00f0unum og gj\u00f6r\u00f0u m\u00farveggi um s\u00edna b\u00e6i og s\u00f6fnu\u00f0u vistum og vi\u00f0urb\u00faningi til bardaga. Og J\u00f3jak\u00edm prestur sendi skrif til allra \u00feeirra sem bjuggu gagnvart Esdrelom, \u00fea\u00f0 er gegnt \u00feeim miklu v\u00f6llum hj\u00e1 <a href=\"https:\/\/biblian.is\/gudbrandsbiblia\/juditarbok-4-kafli\/\"> [&#8230;]<\/a><\/p>\n","protected":false},"author":1,"featured_media":0,"parent":0,"menu_order":0,"comment_status":"open","ping_status":"open","template":"bibliukaflar.php","meta":{"footnotes":""},"class_list":["post-3646","page","type-page","status-publish","hentry"],"_links":{"self":[{"href":"https:\/\/biblian.is\/gudbrandsbiblia\/wp-json\/wp\/v2\/pages\/3646","targetHints":{"allow":["GET"]}}],"collection":[{"href":"https:\/\/biblian.is\/gudbrandsbiblia\/wp-json\/wp\/v2\/pages"}],"about":[{"href":"https:\/\/biblian.is\/gudbrandsbiblia\/wp-json\/wp\/v2\/types\/page"}],"author":[{"embeddable":true,"href":"https:\/\/biblian.is\/gudbrandsbiblia\/wp-json\/wp\/v2\/users\/1"}],"replies":[{"embeddable":true,"href":"https:\/\/biblian.is\/gudbrandsbiblia\/wp-json\/wp\/v2\/comments?post=3646"}],"version-history":[{"count":0,"href":"https:\/\/biblian.is\/gudbrandsbiblia\/wp-json\/wp\/v2\/pages\/3646\/revisions"}],"wp:attachment":[{"href":"https:\/\/biblian.is\/gudbrandsbiblia\/wp-json\/wp\/v2\/media?parent=3646"}],"curies":[{"name":"wp","href":"https:\/\/api.w.org\/{rel}","templated":true}]}}