{"id":3645,"date":"2017-12-18T18:34:16","date_gmt":"2017-12-18T18:34:16","guid":{"rendered":"http:\/\/biblian.is\/gudbrandsbiblia\/juditarbok-3-kafli\/"},"modified":"2017-12-18T18:34:16","modified_gmt":"2017-12-18T18:34:16","slug":"juditarbok-3-kafli","status":"publish","type":"page","link":"https:\/\/biblian.is\/gudbrandsbiblia\/juditarbok-3-kafli\/","title":{"rendered":"J\u00fad\u00edtarb\u00f3k 3. kafli"},"content":{"rendered":"<p>III.<\/p>\n<p>\u00de\u00e1 sendu k\u00f3ngarnir og h\u00f6f\u00f0ingjarnir af Syria, Mesopotamia, Syria S\u00f3bal, Lybia og Cilicia \u00feeirra bo\u00f0skap \u00far \u00f6llum st\u00f6\u00f0um og l\u00f6ndum, \u00feeir komu til Holofernes og s\u00f6g\u00f0u: &#8222;Sn\u00fa \u00feinni rei\u00f0i fr\u00e1 oss \u00fev\u00ed \u00fea\u00f0 er betra a\u00f0 v\u00e9r \u00fej\u00f3num \u00feeim mikla k\u00f3ngi Nabogodonosor og s\u00e9u \u00fe\u00e9r hl\u00fd\u00f0nir og h\u00f6ldum l\u00edfinu heldur en a\u00f0 v\u00e9r skulum deyja og vinna \u00fe\u00f3 ekkert \u00e1. Allar vorar borgir, au\u00f0\u00e6fi, fj\u00f6ll, h\u00e1lsar, akrar, uxar, sau\u00f0ir, geitf\u00e9, hestar, \u00falfaldar og hva\u00f0 v\u00e9r h\u00f6fum, \u00fear me\u00f0 vort \u00fej\u00f3nustuf\u00f3lk, \u00fea\u00f0 er allt saman \u00feitt. Gj\u00f6r \u00fe\u00fa af \u00fev\u00ed hva\u00f0 \u00fe\u00e9r l\u00edkar. J\u00e1, einnin v\u00e9r sj\u00e1lfir og vor b\u00f6rn erum \u00fe\u00ednir \u00fe\u00e9narar. Kom til vor og ver oss n\u00e1\u00f0igur, herra, og \u00feigg vora \u00fej\u00f3nustu svo sem \u00fe\u00e9r l\u00edkar.&#8220;<\/p>\n<p>\u00de\u00e1 dr\u00f3 Holofernes ofan af fjallinu me\u00f0 allt sitt herli\u00f0 og inn t\u00f3k \u00fe\u00e6r sterku borgir og allt landi\u00f0. Og hann \u00fatvaldi s\u00e9r \u00fe\u00e9nara af \u00fev\u00ed besta f\u00f3lki sem hann fann \u00e1 me\u00f0al \u00feeirra. Af \u00feessu skelfdust \u00f6ll l\u00f6nd svo mj\u00f6g a\u00f0 stj\u00f3rnararnir og \u00feeir helstu \u00far \u00f6llum borgum me\u00f0 f\u00f3lkinu gengu \u00fat \u00e1 m\u00f3ti honum og me\u00f0t\u00f3kku hann me\u00f0 kr\u00f6nsum, blysum, dansi, bumbum og hlj\u00f3\u00f0p\u00edpum og kunnu \u00fe\u00f3 me\u00f0 sl\u00edkri \u00e6ru \u00f6ngva n\u00e1\u00f0 a\u00f0 finna \u00fev\u00ed a\u00f0 hann braut ni\u00f0ur \u00feeirra borgir og upphj\u00f3 \u00feeirra lundi. \u00dev\u00ed a\u00f0 Nabogodonosor k\u00f3ngur haf\u00f0i honum svo skipa\u00f0 a\u00f0 hann skyldi afm\u00e1 \u00f6ll sk\u00fargo\u00f0 \u00ed \u00feeim l\u00f6ndum svo a\u00f0 allar \u00fej\u00f3\u00f0ir sem Holofernes ynni pr\u00edsu\u00f0u hann fyrir gu\u00f0 alleina.<\/p>\n<p>Og \u00fe\u00e1 hann haf\u00f0i n\u00fa reist \u00ed gegnum Syria S\u00f3bal, Apameam og Mesopotamiam kom hann til \u00feeirra Ed\u00f3m\u00edta \u00ed land Gaba og vann \u00feeirra borgir og var \u00fear \u00ed \u00ferj\u00e1t\u00edgi daga \u00e1 me\u00f0an hann kalla\u00f0i allt sitt str\u00ed\u00f0sf\u00f3lk til samans.<\/p>\n","protected":false},"excerpt":{"rendered":"<p>III. \u00de\u00e1 sendu k\u00f3ngarnir og h\u00f6f\u00f0ingjarnir af Syria, Mesopotamia, Syria S\u00f3bal, Lybia og Cilicia \u00feeirra bo\u00f0skap \u00far \u00f6llum st\u00f6\u00f0um og l\u00f6ndum, \u00feeir komu til Holofernes og s\u00f6g\u00f0u: &#8222;Sn\u00fa \u00feinni rei\u00f0i fr\u00e1 oss \u00fev\u00ed \u00fea\u00f0 er betra a\u00f0 v\u00e9r \u00fej\u00f3num \u00feeim mikla k\u00f3ngi Nabogodonosor og s\u00e9u \u00fe\u00e9r hl\u00fd\u00f0nir og h\u00f6ldum l\u00edfinu heldur en a\u00f0 v\u00e9r skulum deyja og vinna \u00fe\u00f3 ekkert \u00e1. Allar vorar borgir, au\u00f0\u00e6fi, fj\u00f6ll, h\u00e1lsar, akrar, uxar, sau\u00f0ir, geitf\u00e9, hestar, \u00falfaldar og hva\u00f0 v\u00e9r h\u00f6fum, \u00fear me\u00f0 vort \u00fej\u00f3nustuf\u00f3lk, \u00fea\u00f0 er allt saman \u00feitt. Gj\u00f6r \u00fe\u00fa af \u00fev\u00ed hva\u00f0 \u00fe\u00e9r l\u00edkar. J\u00e1, einnin v\u00e9r sj\u00e1lfir og vor b\u00f6rn <a href=\"https:\/\/biblian.is\/gudbrandsbiblia\/juditarbok-3-kafli\/\"> [&#8230;]<\/a><\/p>\n","protected":false},"author":1,"featured_media":0,"parent":0,"menu_order":0,"comment_status":"open","ping_status":"open","template":"bibliukaflar.php","meta":{"footnotes":""},"class_list":["post-3645","page","type-page","status-publish","hentry"],"_links":{"self":[{"href":"https:\/\/biblian.is\/gudbrandsbiblia\/wp-json\/wp\/v2\/pages\/3645","targetHints":{"allow":["GET"]}}],"collection":[{"href":"https:\/\/biblian.is\/gudbrandsbiblia\/wp-json\/wp\/v2\/pages"}],"about":[{"href":"https:\/\/biblian.is\/gudbrandsbiblia\/wp-json\/wp\/v2\/types\/page"}],"author":[{"embeddable":true,"href":"https:\/\/biblian.is\/gudbrandsbiblia\/wp-json\/wp\/v2\/users\/1"}],"replies":[{"embeddable":true,"href":"https:\/\/biblian.is\/gudbrandsbiblia\/wp-json\/wp\/v2\/comments?post=3645"}],"version-history":[{"count":0,"href":"https:\/\/biblian.is\/gudbrandsbiblia\/wp-json\/wp\/v2\/pages\/3645\/revisions"}],"wp:attachment":[{"href":"https:\/\/biblian.is\/gudbrandsbiblia\/wp-json\/wp\/v2\/media?parent=3645"}],"curies":[{"name":"wp","href":"https:\/\/api.w.org\/{rel}","templated":true}]}}