{"id":3644,"date":"2017-12-18T18:34:16","date_gmt":"2017-12-18T18:34:16","guid":{"rendered":"http:\/\/biblian.is\/gudbrandsbiblia\/juditarbok-2-kafli\/"},"modified":"2017-12-18T18:34:16","modified_gmt":"2017-12-18T18:34:16","slug":"juditarbok-2-kafli","status":"publish","type":"page","link":"https:\/\/biblian.is\/gudbrandsbiblia\/juditarbok-2-kafli\/","title":{"rendered":"J\u00fad\u00edtarb\u00f3k 2. kafli"},"content":{"rendered":"<p>II.<\/p>\n<p>\u00c1 \u00ferett\u00e1nda \u00e1ri Nabogodonosor k\u00f3ngs, \u00e1 \u00f6\u00f0rum og tuttugasta degi hins fyrsta m\u00e1na\u00f0ar, var s\u00fa r\u00e1\u00f0agj\u00f6r\u00f0 \u00ed h\u00fasi Nabogodonosor k\u00f3ngs af Assyria a\u00f0 hann skyldi hefna s\u00edn. Og hann heimti til s\u00edn alla s\u00edna r\u00e1\u00f0gjafa, h\u00f6f\u00f0ingja og h\u00f6fu\u00f0smenn og haf\u00f0i heimuglega r\u00e1\u00f0agj\u00f6r\u00f0 vi\u00f0 \u00fe\u00e1 og sag\u00f0i \u00feeim hvernin a\u00f0 hann hug\u00f0i s\u00e9r \u00f6ll \u00feessi l\u00f6nd a\u00f0 brj\u00f3ta undir sitt r\u00edki.<\/p>\n<p>\u00de\u00e1 \u00feetta leist \u00feeim \u00f6llum \u00fe\u00e1 kalla\u00f0i Nabogodonosor k\u00f3ngur fyrir sig Holofernem sinn str\u00ed\u00f0sh\u00f6f\u00f0ingja og sag\u00f0i: &#8222;Drag \u00fe\u00fa \u00fat \u00ed m\u00f3ti \u00f6llum \u00feeim r\u00edkjum sem liggja vi\u00f0 vestrinu og s\u00e9rdeilis \u00ed m\u00f3ti \u00feeim sem fyrirliti\u00f0 hafa minn bo\u00f0skap. \u00de\u00fa skalt ekki hl\u00edfa neinu r\u00edki og allar sterkar borgir skalt \u00fe\u00fa m\u00e9r undirgefnar gj\u00f6ra.&#8220;<\/p>\n<p>\u00de\u00e1 kalla\u00f0i Holofernes h\u00f6fu\u00f0smennina yfir \u00fev\u00ed herli\u00f0i Assyriis til s\u00edn og brynja\u00f0i f\u00f3lki\u00f0 til bardaga so sem konungurinn haf\u00f0i honum bo\u00f0i\u00f0, hundra\u00f0 og tuttugu \u00fe\u00fasundir f\u00f3tg\u00f6nguli\u00f0s og t\u00f3lf \u00fe\u00fasundir bogmanna \u00e1 hestum. <span class=\"athugasemd\" title=\"Holofernes\">[<\/span> Og hann l\u00e9t allan sinn str\u00ed\u00f0sher draga undan s\u00e9r me\u00f0 \u00f3teljandi \u00falfalda, me\u00f0 miklum vi\u00f0urb\u00fana\u00f0i, \u00fear me\u00f0 naut og sau\u00f0i \u00f3teljandi handa s\u00ednu f\u00f3lki. Og hann l\u00e9t \u00far \u00f6llu S\u00fdrlandi flytja korn til s\u00edns herli\u00f0s. En gull og silfur t\u00f3k hann \u00f3grynni me\u00f0 s\u00e9r \u00far konungsins fj\u00e1rhirslum. Og hann reisti fram me\u00f0 allan sinn her, me\u00f0 vagna, riddarali\u00f0 og bogmenn og \u00feeir huldu j\u00f6r\u00f0ina sem engisprettur. <\/p>\n<p>Og \u00fe\u00e1 hann var n\u00fa kominn yfir landamerki Assyrialands \u00fe\u00e1 kom hann til \u00feess st\u00f3ra fjalls Ange til vinstri s\u00ed\u00f0u vi\u00f0 Cilicia og vann alla \u00feeirra b\u00e6i og sterkar borgir. Og hann ni\u00f0urbraut Meloti, eina v\u00ed\u00f0fr\u00e6ga borg, og r\u00e6ndi allt f\u00f3lki\u00f0 \u00ed Tarsis og \u00cdsmaelssonu sem bjuggu gegnt ey\u00f0im\u00f6rkinni og \u00ed su\u00f0ur\u00e1lfu \u00feess landsins Kell\u00f3n. Hann reisti yfir um Euphrates og kom \u00ed Mesopotamiam og ni\u00f0urbraut alla st\u00f3ra sta\u00f0i \u00fe\u00e1 sem fyrir honum ur\u00f0u, allt \u00ed fr\u00e1 l\u00e6kjum Mamre inn til sj\u00e1varins, og t\u00f3k til s\u00edn landamerkin allt \u00ed fr\u00e1 Cilicia inn til landamerkja Joppe sem liggja til su\u00f0urs. Og hann burt flutti alla sonu Madian og r\u00e6nti \u00f6llu \u00feeirra g\u00f3ssi og sl\u00f3 me\u00f0 sver\u00f0seggjum alla \u00fe\u00e1 sem honum veittu m\u00f3tst\u00f6\u00f0u. Eftir \u00feetta reisti hann ofan \u00ed landi\u00f0 Damascus um haustt\u00edmann og uppbrenndi allt \u00feeirra korns\u00e6\u00f0i og l\u00e9t ni\u00f0ur h\u00f6ggva \u00f6ll tr\u00e9 og v\u00edngar\u00f0a. Og allt landi\u00f0 var\u00f0 hr\u00e6tt vi\u00f0 hann.<\/p>\n","protected":false},"excerpt":{"rendered":"<p>II. \u00c1 \u00ferett\u00e1nda \u00e1ri Nabogodonosor k\u00f3ngs, \u00e1 \u00f6\u00f0rum og tuttugasta degi hins fyrsta m\u00e1na\u00f0ar, var s\u00fa r\u00e1\u00f0agj\u00f6r\u00f0 \u00ed h\u00fasi Nabogodonosor k\u00f3ngs af Assyria a\u00f0 hann skyldi hefna s\u00edn. Og hann heimti til s\u00edn alla s\u00edna r\u00e1\u00f0gjafa, h\u00f6f\u00f0ingja og h\u00f6fu\u00f0smenn og haf\u00f0i heimuglega r\u00e1\u00f0agj\u00f6r\u00f0 vi\u00f0 \u00fe\u00e1 og sag\u00f0i \u00feeim hvernin a\u00f0 hann hug\u00f0i s\u00e9r \u00f6ll \u00feessi l\u00f6nd a\u00f0 brj\u00f3ta undir sitt r\u00edki. \u00de\u00e1 \u00feetta leist \u00feeim \u00f6llum \u00fe\u00e1 kalla\u00f0i Nabogodonosor k\u00f3ngur fyrir sig Holofernem sinn str\u00ed\u00f0sh\u00f6f\u00f0ingja og sag\u00f0i: &#8222;Drag \u00fe\u00fa \u00fat \u00ed m\u00f3ti \u00f6llum \u00feeim r\u00edkjum sem liggja vi\u00f0 vestrinu og s\u00e9rdeilis \u00ed m\u00f3ti \u00feeim sem fyrirliti\u00f0 hafa minn bo\u00f0skap. \u00de\u00fa <a href=\"https:\/\/biblian.is\/gudbrandsbiblia\/juditarbok-2-kafli\/\"> [&#8230;]<\/a><\/p>\n","protected":false},"author":1,"featured_media":0,"parent":0,"menu_order":0,"comment_status":"open","ping_status":"open","template":"bibliukaflar.php","meta":{"footnotes":""},"class_list":["post-3644","page","type-page","status-publish","hentry"],"_links":{"self":[{"href":"https:\/\/biblian.is\/gudbrandsbiblia\/wp-json\/wp\/v2\/pages\/3644","targetHints":{"allow":["GET"]}}],"collection":[{"href":"https:\/\/biblian.is\/gudbrandsbiblia\/wp-json\/wp\/v2\/pages"}],"about":[{"href":"https:\/\/biblian.is\/gudbrandsbiblia\/wp-json\/wp\/v2\/types\/page"}],"author":[{"embeddable":true,"href":"https:\/\/biblian.is\/gudbrandsbiblia\/wp-json\/wp\/v2\/users\/1"}],"replies":[{"embeddable":true,"href":"https:\/\/biblian.is\/gudbrandsbiblia\/wp-json\/wp\/v2\/comments?post=3644"}],"version-history":[{"count":0,"href":"https:\/\/biblian.is\/gudbrandsbiblia\/wp-json\/wp\/v2\/pages\/3644\/revisions"}],"wp:attachment":[{"href":"https:\/\/biblian.is\/gudbrandsbiblia\/wp-json\/wp\/v2\/media?parent=3644"}],"curies":[{"name":"wp","href":"https:\/\/api.w.org\/{rel}","templated":true}]}}