{"id":3643,"date":"2017-12-18T18:34:16","date_gmt":"2017-12-18T18:34:16","guid":{"rendered":"http:\/\/biblian.is\/gudbrandsbiblia\/juditarbok-1-kafli\/"},"modified":"2017-12-18T18:34:16","modified_gmt":"2017-12-18T18:34:16","slug":"juditarbok-1-kafli","status":"publish","type":"page","link":"https:\/\/biblian.is\/gudbrandsbiblia\/juditarbok-1-kafli\/","title":{"rendered":"J\u00fad\u00edtarb\u00f3k 1. kafli"},"content":{"rendered":"<p>J\u00fad\u00edtsb\u00f3k<\/p>\n<p>I.<\/p>\n<p>Arpaksad k\u00f3ngurinn af Meden haf\u00f0i m\u00f6rg l\u00f6nd og l\u00fd\u00f0i broti\u00f0 undir sitt vald og hann bygg\u00f0i eina st\u00f3ra og styrkva borg, hana kalla\u00f0i hann Ekbatana. <span class=\"athugasemd\" title=\"Arpaksad\">[<\/span> Hennar m\u00farveggir voru af h\u00f6ggnum steinum, sj\u00f6t\u00edgir \u00e1lnir \u00e1 h\u00e6\u00f0 og \u00ferj\u00e1t\u00edgir \u00e1lnir \u00e1 \u00feykkt. Hennar turna gj\u00f6r\u00f0i henn hundra\u00f0 \u00e1lnir \u00e1 h\u00e6\u00f0ina og tuttugu \u00e1lna \u00e1 \u00feykktina, \u00e1 hvern fl\u00f6t, og portin sta\u00f0arins gj\u00f6r\u00f0i hann jafnh\u00e1 og turnana. Og hann metna\u00f0ist af s\u00ednu valdi og s\u00ednum st\u00f3ra str\u00ed\u00f0sher. <\/p>\n<p>En Nabogodonosor k\u00f3ngur af Assyria r\u00edkti \u00ed \u00feeim st\u00f3ra sta\u00f0 N\u00edn\u00edve. <span class=\"athugasemd\" title=\"Nabogodonosor\">[<\/span> Og \u00e1 t\u00f3lfta \u00e1ri s\u00edns k\u00f3ngsr\u00edkis bar\u00f0ist hann vi\u00f0 Arpaksad. Og \u00fe\u00e6r \u00fej\u00f3\u00f0ir sem bjuggu vi\u00f0 vatni\u00f0 Euphrates, T\u00edgris og Hydaspes \u00fe\u00e6r veittu honum li\u00f0 og hann sl\u00f3 hann \u00e1 \u00fev\u00ed mikla sl\u00e9ttlendi sem kallast Raga\u00fa hvert for\u00f0um var konungsins \u00ed Elassar. <\/p>\n<p>\u00c1 efldist r\u00edki Nabogodonosor k\u00f3ngs og hans hjarta metna\u00f0ist. Og hann sendi bo\u00f0skap til \u00feeirra allra sem bjuggu \u00ed Cilicia, Damscus, upp \u00e1 L\u00edbanon, Karmel og \u00ed Kedar, l\u00edka einnin til \u00feeirra \u00ed Galilea og \u00e1 \u00fev\u00ed st\u00f3ra sl\u00e9ttlendi Esdrelom og til allra \u00feeirra \u00ed Samaria og hinumegin J\u00f3rdanar, allt til Jer\u00fasalem, so og \u00ed allt landi\u00f0 Gesem, allt a\u00f0 fjallbygg\u00f0um Bl\u00e1lands. Til allra \u00feessara sendi Nabogodonosor k\u00f3ngur af Assyria bo\u00f0. En \u00feeir forsm\u00e1\u00f0u \u00fea\u00f0 allir og l\u00e9tu sendimennina fara heim aftur me\u00f0 vanvir\u00f0u. \u00de\u00e1 var\u00f0 Nabogodonosor mj\u00f6g rei\u00f0ur vi\u00f0 \u00f6ll \u00feessi l\u00f6nd og s\u00f3r vi\u00f0 sinn konunglega st\u00f3l og r\u00edki a\u00f0 hann skyldi hefna s\u00edn \u00e1 \u00f6llum \u00feessum l\u00f6ndum.<\/p>\n","protected":false},"excerpt":{"rendered":"<p>J\u00fad\u00edtsb\u00f3k I. Arpaksad k\u00f3ngurinn af Meden haf\u00f0i m\u00f6rg l\u00f6nd og l\u00fd\u00f0i broti\u00f0 undir sitt vald og hann bygg\u00f0i eina st\u00f3ra og styrkva borg, hana kalla\u00f0i hann Ekbatana. [ Hennar m\u00farveggir voru af h\u00f6ggnum steinum, sj\u00f6t\u00edgir \u00e1lnir \u00e1 h\u00e6\u00f0 og \u00ferj\u00e1t\u00edgir \u00e1lnir \u00e1 \u00feykkt. Hennar turna gj\u00f6r\u00f0i henn hundra\u00f0 \u00e1lnir \u00e1 h\u00e6\u00f0ina og tuttugu \u00e1lna \u00e1 \u00feykktina, \u00e1 hvern fl\u00f6t, og portin sta\u00f0arins gj\u00f6r\u00f0i hann jafnh\u00e1 og turnana. Og hann metna\u00f0ist af s\u00ednu valdi og s\u00ednum st\u00f3ra str\u00ed\u00f0sher. En Nabogodonosor k\u00f3ngur af Assyria r\u00edkti \u00ed \u00feeim st\u00f3ra sta\u00f0 N\u00edn\u00edve. [ Og \u00e1 t\u00f3lfta \u00e1ri s\u00edns k\u00f3ngsr\u00edkis bar\u00f0ist hann vi\u00f0 Arpaksad. Og <a href=\"https:\/\/biblian.is\/gudbrandsbiblia\/juditarbok-1-kafli\/\"> [&#8230;]<\/a><\/p>\n","protected":false},"author":1,"featured_media":0,"parent":0,"menu_order":0,"comment_status":"open","ping_status":"open","template":"bibliukaflar.php","meta":{"footnotes":""},"class_list":["post-3643","page","type-page","status-publish","hentry"],"_links":{"self":[{"href":"https:\/\/biblian.is\/gudbrandsbiblia\/wp-json\/wp\/v2\/pages\/3643","targetHints":{"allow":["GET"]}}],"collection":[{"href":"https:\/\/biblian.is\/gudbrandsbiblia\/wp-json\/wp\/v2\/pages"}],"about":[{"href":"https:\/\/biblian.is\/gudbrandsbiblia\/wp-json\/wp\/v2\/types\/page"}],"author":[{"embeddable":true,"href":"https:\/\/biblian.is\/gudbrandsbiblia\/wp-json\/wp\/v2\/users\/1"}],"replies":[{"embeddable":true,"href":"https:\/\/biblian.is\/gudbrandsbiblia\/wp-json\/wp\/v2\/comments?post=3643"}],"version-history":[{"count":0,"href":"https:\/\/biblian.is\/gudbrandsbiblia\/wp-json\/wp\/v2\/pages\/3643\/revisions"}],"wp:attachment":[{"href":"https:\/\/biblian.is\/gudbrandsbiblia\/wp-json\/wp\/v2\/media?parent=3643"}],"curies":[{"name":"wp","href":"https:\/\/api.w.org\/{rel}","templated":true}]}}