{"id":3640,"date":"2017-12-18T18:34:16","date_gmt":"2017-12-18T18:34:16","guid":{"rendered":"http:\/\/biblian.is\/gudbrandsbiblia\/tobitsbok-12-kafli\/"},"modified":"2017-12-18T18:34:16","modified_gmt":"2017-12-18T18:34:16","slug":"tobitsbok-12-kafli","status":"publish","type":"page","link":"https:\/\/biblian.is\/gudbrandsbiblia\/tobitsbok-12-kafli\/","title":{"rendered":"T\u00f3b\u00edtsb\u00f3k 12. kafli"},"content":{"rendered":"<p>XII.<\/p>\n<p>Eftir \u00feetta kallar T\u00f3b\u00edas \u00e1 sinn son og m\u00e6lti: &#8222;Hvert kaup skulu vi\u00f0 \u00fe\u00f3 gefa \u00feeim heilaga manni, stallbr\u00f3\u00f0ur \u00fe\u00ednum, sem me\u00f0 \u00fe\u00e9r hefur fer\u00f0ast?&#8220; T\u00f3b\u00edas svara\u00f0i f\u00f6\u00f0ur s\u00ednum: &#8222;Hvernin kunum vi\u00f0 honum maklega a\u00f0 launa hans velgj\u00f6r\u00f0ir sem hann m\u00e9r veitt hefur? Hann kom m\u00e9r heilum aftur og fram, hann s\u00f3tti f\u00e9\u00f0 til Gabels og veitti m\u00e9r fylgi a\u00f0 f\u00e1 \u00feessa m\u00edna eiginkonu. H\u00e9r me\u00f0 \u00ed burt rak hann andskotann og gladdi hennar foreldra, j\u00e1 sj\u00e1lfan mig frelsti hann \u00fe\u00e1 s\u00e1 inn mikli fiskur vildi svelgja mig. Og \u00fe\u00e9r hj\u00e1lpa\u00f0i hann a\u00f0 \u00fe\u00fa f\u00e9kkst s\u00fdn \u00fe\u00edna og allt gott hefur okkur af honum leitt. Hversu kunnu vi\u00f0 \u00fe\u00e1 a\u00f0 inna honum aftur \u00fev\u00edl\u00edkar miklar velgj\u00f6r\u00f0ir? En eg bi\u00f0 \u00feig, fa\u00f0ir minn, a\u00f0 \u00fe\u00fa bj\u00f3\u00f0ir honum helming \u00feess fj\u00e1r alls sem m\u00e9r aflast hefur \u00ed \u00feessari fer\u00f0 a\u00f0 hann taki vi\u00f0 \u00fev\u00ed.&#8220;<\/p>\n<p>\tOg \u00feeir fe\u00f0gar viku honum afs\u00ed\u00f0ir og bu\u00f0u honum a\u00f0 taka vi\u00f0 helmingi fj\u00e1rsins alls \u00feess sem \u00feeir h\u00f6f\u00f0u \u00feanga\u00f0 flutt. Hann m\u00e6lti \u00fe\u00e1 heimuglega vi\u00f0 \u00fe\u00e1: <span class=\"athugasemd\" title=\"\u00deakkargj\u00f6r\u00f0\">[<\/span> &#8222;Lofi\u00f0 og \u00feakkir gj\u00f6ri\u00f0 himna Gu\u00f0i fyrir hverjum manni a\u00f0 hann hefur s\u00fdnt y\u00f0ur sl\u00edka miskunn. Yfir k\u00f3nganna og h\u00f6f\u00f0ingjanna r\u00e1\u00f0i og leyndarm\u00e1lum skulu menn \u00feegja en Gu\u00f0s verk skulu menn d\u00fdr\u00f0lega pr\u00edsa og opinbera. Sl\u00edk ein b\u00e6n me\u00f0 f\u00f6stu og \u00f6lm\u00f6sugj\u00f6r\u00f0 er betri en miklu gulli til f\u00e9sj\u00f3\u00f0s saman a\u00f0 safna \u00fev\u00ed a\u00f0 \u00f6lm\u00f6sugj\u00f6r\u00f0ir frelsa af dau\u00f0a, afm\u00e1 syndir og hj\u00e1lpa til l\u00edfsins. <span class=\"athugasemd\" title=\"\u00d6lm\u00f6sa\">[<\/span> En \u00f3gu\u00f0r\u00e6knir menn fyrirfara s\u00e9r sj\u00e1lfir.<\/p>\n<p>\tVil eg n\u00fa segja upp allan sannleik og dylja ekki ykkur \u00feeirri heimuglegri b\u00edfalning. \u00de\u00e1 \u00fe\u00fa gr\u00e9st so beisklega, ba\u00f0st fyrir og st\u00f3\u00f0st upp fr\u00e1 \u00feinni m\u00e1lt\u00ed\u00f0 og greftra\u00f0ir dau\u00f0a menn og geymdir l\u00edk \u00feeirra \u00ed h\u00fasi \u00fe\u00ednu og gr\u00f3fst \u00fe\u00e1 um n\u00e1ttart\u00edma \u00fe\u00e1 flutta eg b\u00e6n \u00fe\u00edna fyrir Drottin. Og fyrst a\u00f0 \u00fe\u00fa varst Gu\u00f0i k\u00e6r hlaut \u00fea\u00f0 so a\u00f0 ske a\u00f0 fyrir utan freisting m\u00e1ttir \u00fe\u00fa ekki vera so a\u00f0 \u00fe\u00fa v\u00e6rir reyndur. Og \u00fev\u00ed sendi Gu\u00f0 mig til a\u00f0 l\u00e6kna \u00feig og a\u00f0 frelsa Sara sonarkonu \u00fe\u00edna fr\u00e1 \u00f3hreinum anda. Og eg em Rafael, einn af \u00feeim sj\u00f6 englum hverjir a\u00f0 v\u00e9r st\u00f6ndum frammi fyrir Gu\u00f0i.&#8220; <span class=\"athugasemd\" title=\"Supra v. viii. xi.\">[<\/span><\/p>\n<p>\t \u00deegar sem \u00feeir n\u00fa heyr\u00f0u \u00feetta ur\u00f0u \u00feeir skelfdir og \u00f3ttaslegnir, f\u00e9llu fram \u00e1 \u00e1sj\u00f3nur s\u00ednar til jar\u00f0ar. \u00de\u00e1 sag\u00f0i engillinn til \u00feeirra: &#8222;Veri\u00f0 me\u00f0 g\u00f3\u00f0u ge\u00f0i, hir\u00f0i\u00f0 ekki a\u00f0 \u00f3ttast \u00fev\u00ed a\u00f0 Gu\u00f0 hefur so vilja\u00f0 vera l\u00e1ta a\u00f0 eg hefi hj\u00e1 ykkur veri\u00f0. Lofi\u00f0 hann og d\u00fdrki\u00f0. \u00dea\u00f0 s\u00fdndist so sem eg \u00e6ti og drykki me\u00f0 ykkur en eg neyti \u00f3s\u00fdnilegrar f\u00e6\u00f0u hverja enginn ma\u00f0ur m\u00e1 sj\u00e1. Og er n\u00fa m\u00e1l a\u00f0 eg hverfi aftur til \u00feess er mig sendi. Gj\u00f6ri\u00f0 Gu\u00f0i \u00feakkir og kunngj\u00f6ri\u00f0 hans st\u00f3rmerki.&#8220;<\/p>\n<p>\tSem hann haf\u00f0i \u00feetta sagt lei\u00f0 hann fr\u00e1 \u00feeirra augum og \u00feeir s\u00e1u hann ekki meir. Og \u00feeir f\u00e9llu fram um \u00ferj\u00e1r stundir, gj\u00f6randi Gu\u00f0i \u00feakkir. Eftir \u00fea\u00f0 st\u00f3\u00f0u \u00feeir upp og s\u00f6g\u00f0u fr\u00e1 sl\u00edku og kunngj\u00f6r\u00f0u hans st\u00f3rmerki.<\/p>\n","protected":false},"excerpt":{"rendered":"<p>XII. Eftir \u00feetta kallar T\u00f3b\u00edas \u00e1 sinn son og m\u00e6lti: &#8222;Hvert kaup skulu vi\u00f0 \u00fe\u00f3 gefa \u00feeim heilaga manni, stallbr\u00f3\u00f0ur \u00fe\u00ednum, sem me\u00f0 \u00fe\u00e9r hefur fer\u00f0ast?&#8220; T\u00f3b\u00edas svara\u00f0i f\u00f6\u00f0ur s\u00ednum: &#8222;Hvernin kunum vi\u00f0 honum maklega a\u00f0 launa hans velgj\u00f6r\u00f0ir sem hann m\u00e9r veitt hefur? Hann kom m\u00e9r heilum aftur og fram, hann s\u00f3tti f\u00e9\u00f0 til Gabels og veitti m\u00e9r fylgi a\u00f0 f\u00e1 \u00feessa m\u00edna eiginkonu. H\u00e9r me\u00f0 \u00ed burt rak hann andskotann og gladdi hennar foreldra, j\u00e1 sj\u00e1lfan mig frelsti hann \u00fe\u00e1 s\u00e1 inn mikli fiskur vildi svelgja mig. Og \u00fe\u00e9r hj\u00e1lpa\u00f0i hann a\u00f0 \u00fe\u00fa f\u00e9kkst s\u00fdn \u00fe\u00edna og allt <a href=\"https:\/\/biblian.is\/gudbrandsbiblia\/tobitsbok-12-kafli\/\"> [&#8230;]<\/a><\/p>\n","protected":false},"author":1,"featured_media":0,"parent":0,"menu_order":0,"comment_status":"open","ping_status":"open","template":"bibliukaflar.php","meta":{"footnotes":""},"class_list":["post-3640","page","type-page","status-publish","hentry"],"_links":{"self":[{"href":"https:\/\/biblian.is\/gudbrandsbiblia\/wp-json\/wp\/v2\/pages\/3640","targetHints":{"allow":["GET"]}}],"collection":[{"href":"https:\/\/biblian.is\/gudbrandsbiblia\/wp-json\/wp\/v2\/pages"}],"about":[{"href":"https:\/\/biblian.is\/gudbrandsbiblia\/wp-json\/wp\/v2\/types\/page"}],"author":[{"embeddable":true,"href":"https:\/\/biblian.is\/gudbrandsbiblia\/wp-json\/wp\/v2\/users\/1"}],"replies":[{"embeddable":true,"href":"https:\/\/biblian.is\/gudbrandsbiblia\/wp-json\/wp\/v2\/comments?post=3640"}],"version-history":[{"count":0,"href":"https:\/\/biblian.is\/gudbrandsbiblia\/wp-json\/wp\/v2\/pages\/3640\/revisions"}],"wp:attachment":[{"href":"https:\/\/biblian.is\/gudbrandsbiblia\/wp-json\/wp\/v2\/media?parent=3640"}],"curies":[{"name":"wp","href":"https:\/\/api.w.org\/{rel}","templated":true}]}}