{"id":3639,"date":"2017-12-18T18:34:16","date_gmt":"2017-12-18T18:34:16","guid":{"rendered":"http:\/\/biblian.is\/gudbrandsbiblia\/tobitsbok-11-kafli\/"},"modified":"2017-12-18T18:34:16","modified_gmt":"2017-12-18T18:34:16","slug":"tobitsbok-11-kafli","status":"publish","type":"page","link":"https:\/\/biblian.is\/gudbrandsbiblia\/tobitsbok-11-kafli\/","title":{"rendered":"T\u00f3b\u00edtsb\u00f3k 11. kafli"},"content":{"rendered":"<p>XI.<\/p>\n<p>Sem \u00feeir voru \u00e1 vegi \u00fe\u00e1 \u00feeir komu til Haram, hva\u00f0 a\u00f0 er \u00e1 mi\u00f0jum vegi til N\u00edn\u00edve, \u00e1 hinum ellefta degi, \u00fe\u00e1 m\u00e6lti engillinn: &#8222;T\u00f3b\u00edas minn br\u00f3\u00f0ir, \u00fe\u00fa veist vel hversu \u00fe\u00fa skildir vi\u00f0 f\u00f6\u00f0ur \u00feinn. Ef \u00fe\u00e9r l\u00edkar so \u00fe\u00e1 skulu vi\u00f0 fara heim undan en h\u00fasfr\u00fa \u00fe\u00edn me\u00f0 hj\u00faum ykkar og b\u00fasmala skal fara eftir \u00e1 \u00ed h\u00e6g\u00f0um.&#8220; Og sem T\u00f3b\u00edas l\u00edka\u00f0i \u00feetta vel segir Rafael: <span class=\"athugasemd\" title=\"Rafael\">[<\/span> &#8222;Haf\u00f0u hj\u00e1 \u00fe\u00e9r nokku\u00f0 af galli fisksins \u00fev\u00ed \u00feess mun \u00fe\u00e9r \u00fe\u00f6rf gj\u00f6rast.&#8220; T\u00f3k \u00fe\u00e1 T\u00f3b\u00edas me\u00f0 s\u00e9r gall fisksins og f\u00f3ru undan s\u00edna lei\u00f0.<\/p>\n<p>\tEn Hanna sat daglega vi\u00f0 \u00fej\u00f3\u00f0braut upp \u00e1 bergi nokkru so h\u00fan m\u00e6tti sj\u00e1 v\u00ed\u00f0a langt til. Og sem h\u00fan horf\u00f0i eftir honum \u00far \u00feeim sama sta\u00f0 var\u00f0 h\u00fan v\u00f6r vi\u00f0 son sinn langt fr\u00e1 og \u00feekkti hann jafnsnart, hlj\u00f3p h\u00fan \u00fe\u00e1 heim og sag\u00f0i \u00feetta b\u00f3nda s\u00ednum og m\u00e6lti: &#8222;Sj\u00e1, h\u00e9r fer sonur \u00feinn.&#8220;<\/p>\n<p>\tOg \u00fe\u00e1 talar Rafael til T\u00f3b\u00edas: &#8222;Jafnskj\u00f3tt sem \u00fe\u00fa kemur til h\u00fass so bi\u00f0 \u00fe\u00fa og \u00e1kalla til Drottins og gj\u00f6r honum \u00feakkir. S\u00ed\u00f0an skaltu ganga til f\u00f6\u00f0ur \u00fe\u00edns og minnast vi\u00f0 hann. Og strax \u00fe\u00e1 smyr \u00fe\u00fa augu hans me\u00f0 gallinu \u00far fiskinum er \u00fe\u00fa hefur me\u00f0 \u00fe\u00e9r og allt \u00ed senn munu l\u00fakast upp augu hans og f\u00e6r fa\u00f0ir \u00feinn \u00fe\u00e1 aftur s\u00fdn og ver\u00f0ur harla feginn.&#8220;<\/p>\n<p>\tHleypur hundurinn \u00fe\u00e1 heim undan s\u00e1 \u00feeir h\u00f6f\u00f0u me\u00f0 s\u00e9r haft og drattar halanum, st\u00f6kkur upp og \u00feykist vi\u00f0 allt skylt eiga. Og fa\u00f0ir hans blindur sprettur strax \u00e1 f\u00e6tur og fl\u00fdtir s\u00e9r so mj\u00f6g a\u00f0 hann mei\u00f0ir sig. Kallar hann \u00fe\u00e1 \u00e1 einn svein \u00feann er heldur \u00ed h\u00f6nd honum og lei\u00f0ir hann \u00ed m\u00f3ti syni s\u00ednum. S\u00f6mulei\u00f0is gj\u00f6rir m\u00f3\u00f0ir hans einnin og kysstu hann og gr\u00e9tu b\u00e6\u00f0i saman af feginleik. \u00deegar n\u00fa sem \u00feeir h\u00f6f\u00f0u gj\u00f6rt s\u00edna b\u00e6n og Gu\u00f0i \u00feakka\u00f0 settust \u00feeir ni\u00f0ur.<\/p>\n<p>\t\u00de\u00e1 tekur T\u00f3b\u00edas galli\u00f0 fisksins og smyr \u00fear me\u00f0 augu f\u00f6\u00f0ur s\u00edns. Og \u00feolir hann \u00fea\u00f0 n\u00e6rri um h\u00e1lfa stund. T\u00f3k \u00fe\u00e1 sl\u00edmi\u00f0 a\u00f0 fara af augum hans so sem hinna af eggi og hann dr\u00f3 \u00fea\u00f0 af hans augum. F\u00e9kk hann \u00fe\u00e1 strax aftur s\u00fdn s\u00edna. Og lofu\u00f0u Gu\u00f0 hann og hans h\u00fasfr\u00fa og allir \u00feeir e\u00f0 \u00fea\u00f0 spur\u00f0u. \u00de\u00e1 m\u00e6lti T\u00f3b\u00edas: &#8222;\u00deakkir gj\u00f6ri eg \u00fe\u00e9r, Gu\u00f0 Drottinn Israelis, a\u00f0 \u00fe\u00fa hefur hirt mig og \u00fe\u00f3 aftur \u00e1 n\u00fd heilan gj\u00f6rt mig so a\u00f0 eg s\u00e9 n\u00fa minn s\u00e6ta son.&#8220;<\/p>\n<p>\tA\u00f0 li\u00f0num sj\u00f6 d\u00f6gum kemur Sara sonarkona hans me\u00f0 allri sinni fylgd, f\u00e9na\u00f0i og \u00falf\u00f6ldum. <span class=\"athugasemd\" title=\"Sara\">[<\/span> Flutti h\u00fan me\u00f0 s\u00e9r miki\u00f0 gull, so og f\u00e9 \u00fea\u00f0 er hann haf\u00f0i fengi\u00f0 af Gabel. Sag\u00f0i T\u00f3b\u00edas \u00fe\u00e1 s\u00ednum foreldrum fr\u00e1 hversu miki\u00f0 gott a\u00f0 Gu\u00f0 haf\u00f0i s\u00fdnt honum fyrir f\u00e9laga hans er fer\u00f0a\u00f0ist me\u00f0 honum. Komu \u00fe\u00e1 til T\u00f3b\u00edas fr\u00e6ndur hans, Ak\u00edor og Nabat, og b\u00e1\u00f0u honum hamingju og samf\u00f6gnu\u00f0u me\u00f0 honum fyrir allt \u00fea\u00f0 gott sem Gu\u00f0 haf\u00f0i honum gefi\u00f0. Og sj\u00f6 daga \u00ed samt mautu\u00f0ust \u00feeir allir til samans og voru gla\u00f0ir.<\/p>\n","protected":false},"excerpt":{"rendered":"<p>XI. Sem \u00feeir voru \u00e1 vegi \u00fe\u00e1 \u00feeir komu til Haram, hva\u00f0 a\u00f0 er \u00e1 mi\u00f0jum vegi til N\u00edn\u00edve, \u00e1 hinum ellefta degi, \u00fe\u00e1 m\u00e6lti engillinn: &#8222;T\u00f3b\u00edas minn br\u00f3\u00f0ir, \u00fe\u00fa veist vel hversu \u00fe\u00fa skildir vi\u00f0 f\u00f6\u00f0ur \u00feinn. Ef \u00fe\u00e9r l\u00edkar so \u00fe\u00e1 skulu vi\u00f0 fara heim undan en h\u00fasfr\u00fa \u00fe\u00edn me\u00f0 hj\u00faum ykkar og b\u00fasmala skal fara eftir \u00e1 \u00ed h\u00e6g\u00f0um.&#8220; Og sem T\u00f3b\u00edas l\u00edka\u00f0i \u00feetta vel segir Rafael: [ &#8222;Haf\u00f0u hj\u00e1 \u00fe\u00e9r nokku\u00f0 af galli fisksins \u00fev\u00ed \u00feess mun \u00fe\u00e9r \u00fe\u00f6rf gj\u00f6rast.&#8220; T\u00f3k \u00fe\u00e1 T\u00f3b\u00edas me\u00f0 s\u00e9r gall fisksins og f\u00f3ru undan s\u00edna lei\u00f0. En Hanna sat daglega <a href=\"https:\/\/biblian.is\/gudbrandsbiblia\/tobitsbok-11-kafli\/\"> [&#8230;]<\/a><\/p>\n","protected":false},"author":1,"featured_media":0,"parent":0,"menu_order":0,"comment_status":"open","ping_status":"open","template":"bibliukaflar.php","meta":{"footnotes":""},"class_list":["post-3639","page","type-page","status-publish","hentry"],"_links":{"self":[{"href":"https:\/\/biblian.is\/gudbrandsbiblia\/wp-json\/wp\/v2\/pages\/3639","targetHints":{"allow":["GET"]}}],"collection":[{"href":"https:\/\/biblian.is\/gudbrandsbiblia\/wp-json\/wp\/v2\/pages"}],"about":[{"href":"https:\/\/biblian.is\/gudbrandsbiblia\/wp-json\/wp\/v2\/types\/page"}],"author":[{"embeddable":true,"href":"https:\/\/biblian.is\/gudbrandsbiblia\/wp-json\/wp\/v2\/users\/1"}],"replies":[{"embeddable":true,"href":"https:\/\/biblian.is\/gudbrandsbiblia\/wp-json\/wp\/v2\/comments?post=3639"}],"version-history":[{"count":0,"href":"https:\/\/biblian.is\/gudbrandsbiblia\/wp-json\/wp\/v2\/pages\/3639\/revisions"}],"wp:attachment":[{"href":"https:\/\/biblian.is\/gudbrandsbiblia\/wp-json\/wp\/v2\/media?parent=3639"}],"curies":[{"name":"wp","href":"https:\/\/api.w.org\/{rel}","templated":true}]}}