{"id":3637,"date":"2017-12-18T18:34:16","date_gmt":"2017-12-18T18:34:16","guid":{"rendered":"http:\/\/biblian.is\/gudbrandsbiblia\/tobitsbok-9-kafli\/"},"modified":"2017-12-18T18:34:16","modified_gmt":"2017-12-18T18:34:16","slug":"tobitsbok-9-kafli","status":"publish","type":"page","link":"https:\/\/biblian.is\/gudbrandsbiblia\/tobitsbok-9-kafli\/","title":{"rendered":"T\u00f3b\u00edtsb\u00f3k 9. kafli"},"content":{"rendered":"<p>IX.<\/p>\n<p>\u00de\u00e1 kalla\u00f0i T\u00f3b\u00edas engilinn til s\u00edn sem hann \u00e6tla\u00f0i a\u00f0 ma\u00f0ur mundi vera og talar til hans: <span class=\"athugasemd\" title=\"Supra iiii.\">[<\/span> &#8222;Asar\u00edas, minn br\u00f3\u00f0ir, heyr \u00fe\u00fa or\u00f0 m\u00edn. \u00de\u00f3 eg g\u00e6fi \u00fe\u00e9r sj\u00e1lfan mig til \u00fer\u00e6ls \u00fe\u00e1 v\u00e6ri \u00fea\u00f0 einskisvert hj\u00e1 \u00fe\u00ednum velgj\u00f6r\u00f0um. Ekki a\u00f0 s\u00ed\u00f0ur bi\u00f0 eg \u00feig: Tak \u00feessa \u00fer\u00e6la og \u00falfalda og far\u00f0u til Gabels \u00ed borg Medorum Rages og f\u00e6r honum handskrift \u00feessa og tak vi\u00f0 peningunum af honum og bi\u00f0 hann a\u00f0 koma til br\u00fa\u00f0kaups m\u00edns. <span class=\"athugasemd\" title=\"Gabel\">[<\/span> \u00dev\u00ed a\u00f0 \u00fe\u00fa veist a\u00f0 fa\u00f0ir minn telur stundir og daga og ef eg v\u00e6ri einum degi lengur \u00ed burt hrygg\u00f0ist \u00fe\u00e1 enn framar hans \u00f6nd. So og veistu hversu mikillega a\u00f0 Rag\u00fael hefur be\u00f0i\u00f0 mig svo eg m\u00e1 honum eigi nei segja.&#8220;<\/p>\n<p>\t\u00de\u00e1 t\u00f3k engillinn Rafael fj\u00f3ra af \u00fer\u00e6lum Rag\u00faels me\u00f0 s\u00e9r og tvo \u00falfalda og f\u00f3r til borgarinnar Rages og fann Gabel og f\u00e9kk honum handskriftina og t\u00f3k vi\u00f0 \u00f6llu f\u00e9nu af honum og sag\u00f0i honum af syni T\u00f3b\u00edas allt \u00fea\u00f0 sem gj\u00f6rst haf\u00f0i og bau\u00f0 honum til br\u00fa\u00f0kaupsins.<\/p>\n<p>\tOg \u00fear \u00feeir allir samt komu heim aftur til h\u00fasa Rag\u00faels fundu \u00feeir T\u00f3b\u00edas sitjandi yfir m\u00e1lt\u00ed\u00f0. Og \u00feeir risu upp hvorir \u00ed m\u00f3ti \u00f6\u00f0rum og kysstust. Og Gabel t\u00e1rfelldi, lofa\u00f0i Gu\u00f0 og sag\u00f0i: <span class=\"athugasemd\" title=\"Gabel\">[<\/span> &#8222;Blessi \u00feig Gu\u00f0 Drottinn \u00cdsrael \u00fev\u00ed a\u00f0 \u00fe\u00fa ert sonur g\u00f3\u00f0s manns, r\u00e9ttfer\u00f0ugs og gu\u00f0r\u00e6kins, hver a\u00f0 miki\u00f0 gott hefur gj\u00f6rt \u00feurfandi m\u00f6nnum. Blessu\u00f0 s\u00e9 \u00fe\u00edn h\u00fasfr\u00fa og foreldrar. Gefi \u00fea\u00f0 Gu\u00f0 a\u00f0 \u00fei\u00f0 sj\u00e1i\u00f0 ykkar b\u00f6rn og barnab\u00f6rn allt \u00ed \u00feri\u00f0ja og fj\u00f3r\u00f0a \u00e6ttli\u00f0. Og blessa\u00f0 s\u00e9 \u00feitt s\u00e1\u00f0 af \u00cdsraels Gu\u00f0i hver e\u00f0 r\u00edkir og drottnar a\u00f0 eil\u00edfu.&#8220; Og \u00fe\u00e1 \u00feeir allir h\u00f6f\u00f0u ansa\u00f0 &#8222;Amen&#8220; gengu \u00feeir til bor\u00f0s. En br\u00fa\u00f0kaupsveisluna og gle\u00f0skapinn h\u00e9ldu \u00feeir me\u00f0 gu\u00f0hr\u00e6\u00f0slu.<\/p>\n","protected":false},"excerpt":{"rendered":"<p>IX. \u00de\u00e1 kalla\u00f0i T\u00f3b\u00edas engilinn til s\u00edn sem hann \u00e6tla\u00f0i a\u00f0 ma\u00f0ur mundi vera og talar til hans: [ &#8222;Asar\u00edas, minn br\u00f3\u00f0ir, heyr \u00fe\u00fa or\u00f0 m\u00edn. \u00de\u00f3 eg g\u00e6fi \u00fe\u00e9r sj\u00e1lfan mig til \u00fer\u00e6ls \u00fe\u00e1 v\u00e6ri \u00fea\u00f0 einskisvert hj\u00e1 \u00fe\u00ednum velgj\u00f6r\u00f0um. Ekki a\u00f0 s\u00ed\u00f0ur bi\u00f0 eg \u00feig: Tak \u00feessa \u00fer\u00e6la og \u00falfalda og far\u00f0u til Gabels \u00ed borg Medorum Rages og f\u00e6r honum handskrift \u00feessa og tak vi\u00f0 peningunum af honum og bi\u00f0 hann a\u00f0 koma til br\u00fa\u00f0kaups m\u00edns. [ \u00dev\u00ed a\u00f0 \u00fe\u00fa veist a\u00f0 fa\u00f0ir minn telur stundir og daga og ef eg v\u00e6ri einum degi lengur \u00ed burt <a href=\"https:\/\/biblian.is\/gudbrandsbiblia\/tobitsbok-9-kafli\/\"> [&#8230;]<\/a><\/p>\n","protected":false},"author":1,"featured_media":0,"parent":0,"menu_order":0,"comment_status":"open","ping_status":"open","template":"bibliukaflar.php","meta":{"footnotes":""},"class_list":["post-3637","page","type-page","status-publish","hentry"],"_links":{"self":[{"href":"https:\/\/biblian.is\/gudbrandsbiblia\/wp-json\/wp\/v2\/pages\/3637","targetHints":{"allow":["GET"]}}],"collection":[{"href":"https:\/\/biblian.is\/gudbrandsbiblia\/wp-json\/wp\/v2\/pages"}],"about":[{"href":"https:\/\/biblian.is\/gudbrandsbiblia\/wp-json\/wp\/v2\/types\/page"}],"author":[{"embeddable":true,"href":"https:\/\/biblian.is\/gudbrandsbiblia\/wp-json\/wp\/v2\/users\/1"}],"replies":[{"embeddable":true,"href":"https:\/\/biblian.is\/gudbrandsbiblia\/wp-json\/wp\/v2\/comments?post=3637"}],"version-history":[{"count":0,"href":"https:\/\/biblian.is\/gudbrandsbiblia\/wp-json\/wp\/v2\/pages\/3637\/revisions"}],"wp:attachment":[{"href":"https:\/\/biblian.is\/gudbrandsbiblia\/wp-json\/wp\/v2\/media?parent=3637"}],"curies":[{"name":"wp","href":"https:\/\/api.w.org\/{rel}","templated":true}]}}