{"id":3636,"date":"2017-12-18T18:34:13","date_gmt":"2017-12-18T18:34:13","guid":{"rendered":"http:\/\/biblian.is\/gudbrandsbiblia\/tobitsbok-8-kafli\/"},"modified":"2017-12-18T18:34:13","modified_gmt":"2017-12-18T18:34:13","slug":"tobitsbok-8-kafli","status":"publish","type":"page","link":"https:\/\/biblian.is\/gudbrandsbiblia\/tobitsbok-8-kafli\/","title":{"rendered":"T\u00f3b\u00edtsb\u00f3k 8. kafli"},"content":{"rendered":"<p>VIII.<\/p>\n<p>Eftir sn\u00e6\u00f0inginn fylgdu \u00feeir inum yngra T\u00f3b\u00edas til meyjarinnar \u00ed svefnherbergi\u00f0. <span class=\"athugasemd\" title=\"Supra vi.\">[<\/span> Minntist T\u00f3b\u00edas \u00fe\u00e1 \u00e1 r\u00e6\u00f0u engilsins og t\u00f3k eitt stykki af lifrinni \u00far pungi s\u00ednum og lag\u00f0i \u00fea\u00f0 \u00e1 kolagl\u00f3\u00f0. En engillinn Rafael h\u00f6ndla\u00f0i andskotann og batt hann \u00ed einni ey\u00f0im\u00f6rk \u00ed fjarl\u00e6g\u00f0 \u00e1 Egyptalandi. S\u00ed\u00f0an gj\u00f6r\u00f0i T\u00f3b\u00edas meynni \u00e1minning og m\u00e6lti: &#8222;Stattu upp, Sara, og bi\u00f0jum til Gu\u00f0s \u00ed n\u00f3tt og a\u00f0ra n\u00f3tt og \u00feri\u00f0ju n\u00f3tt. \u00dev\u00ed a\u00f0 \u00feessar \u00ferj\u00e1r n\u00e6tur skulu vi\u00f0 \u00e1 b\u00e6n vera. Eftir \u00fea\u00f0 viljum vi\u00f0 halda okkur til samans svo sem ektahj\u00f3n. \u00dev\u00ed a\u00f0 vi\u00f0 erum heilagra manna b\u00f6rn og okkur heyrir ekki \u00fev\u00edl\u00edka st\u00e9tt upp a\u00f0 byrja sem hei\u00f0nir menn \u00feeir e\u00f0 ei vita af Gu\u00f0i.&#8220;<\/p>\n<p>\t\u00deau risu upp b\u00e6\u00f0i saman og b\u00e1\u00f0u innilega a\u00f0 Gu\u00f0 vildi g\u00e6ta \u00feeirra. T\u00f3b\u00edas ba\u00f0 so segjandi: &#8222;Gu\u00f0 Drottinn minn, sem ert Gu\u00f0 fe\u00f0ra vorra, \u00feig skyldast a\u00f0 lofa himin og j\u00f6r\u00f0, sj\u00f3r og v\u00f6tn og allar uppsprettur og allar skepnur og hva\u00f0 \u00ed \u00feeim er. \u00de\u00fa skapa\u00f0ir Adam af dufti jar\u00f0ar og Efu gafstu honum til hj\u00e1lpar s\u00e9r. Og n\u00fa veistu, Drottinn, a\u00f0 fyrir lostagirndar sakir hefi eg ei fengi\u00f0 \u00feessarar minnar systur m\u00e9r til h\u00fasfr\u00fa heldur til \u00feess a\u00f0 v\u00e9r megum b\u00f6rn geta. \u00dear fyrir a\u00f0 nafn \u00feitt d\u00fdrkist og lofa\u00f0 ver\u00f0i a\u00f0 eil\u00edfu.&#8220; Og Sara m\u00e6lti: &#8222;Miskunna okkur, Drottinn, a\u00f0 b\u00e6\u00f0i vi\u00f0 heilbrig\u00f0 \u00f6\u00f0lunst a\u00f0 sj\u00e1 okkar ellidaga.&#8220;<\/p>\n<p>\tOg um mi\u00f0n\u00e6tti vakti Rag\u00fael upp vinnumenn s\u00edna og gekk me\u00f0 \u00feeim, bj\u00f3\u00f0andi \u00feeim a\u00f0 gj\u00f6ra gr\u00f6f. \u00dev\u00ed a\u00f0 hann sag\u00f0i: &#8222;M\u00e1 vel ske a\u00f0 eins hafi honum til tekist og hinum sj\u00f6 er h\u00fan var tr\u00falofu\u00f0.&#8220; Og sem \u00feeir h\u00f6f\u00f0u gj\u00f6rt gr\u00f6fina kom Rag\u00fael til h\u00fasfr\u00fa sinnar og sag\u00f0i: &#8222;Sentu eina af amb\u00e1ttunum \u00feanga\u00f0 a\u00f0 vita hvert hann er dau\u00f0ur so v\u00e9r megum grafa hann fyrr en birtir af degi.&#8220; Og amb\u00e1ttinn l\u00e6ddist \u00ed svefnh\u00fasi\u00f0 og fann \u00fe.au b\u00e6\u00f0i heil og hraust, sofandi hvort hj\u00e1 \u00f6\u00f0ru, og sag\u00f0i h\u00fan .\u00feeim \u00feessi fagna\u00f0art\u00ed\u00f0indi.<\/p>\n<p>\tEn \u00feau Rag\u00fael og Hanna h\u00fasfr\u00fa hans gj\u00f6r\u00f0u \u00feakkir Gu\u00f0i og s\u00f6g\u00f0u: <span class=\"athugasemd\" title=\"\u00deakkargj\u00f6r\u00f0\">[<\/span> &#8222;\u00deakkir gj\u00f6rum vi\u00f0 \u00fe\u00e9r, Gu\u00f0 Drottinn \u00cdsrael, a\u00f0 ekki er svo ske\u00f0 sem a\u00f0 vi\u00f0 \u00f6tlu\u00f0um \u00fev\u00ed a\u00f0 \u00fe\u00fa s\u00fdndir oss miskunn og rakst \u00ed burtu \u00feann andskota er oss mein gj\u00f6r\u00f0i. \u00de\u00fa hefur s\u00fdnt mildi \u00e1 \u00feessum tveimur einkab\u00f6rnum. Veittu \u00feeim n\u00fa, Drottinn, a\u00f0 \u00feau lofi \u00feig alla t\u00edma fyrir sl\u00edka n\u00e1\u00f0 og f\u00f3rnf\u00e6ri \u00fe\u00e9r jafnan lof og d\u00fdr\u00f0 so a\u00f0 a\u00f0rir vi\u00f0urkenni a\u00f0 \u00fe\u00fa einn ert Gu\u00f0 um alla ver\u00f6ld.&#8220;<\/p>\n<p>\t\u00de\u00e1 strax skipa\u00f0i Rag\u00fael a\u00f0 byrgja aftur gr\u00f6fina \u00e1\u00f0ur en rynni dagur. En hann bau\u00f0 konu sinni a\u00f0 h\u00fan byggi til gestabo\u00f0s a\u00f0 n\u00fdju og tilreiddi \u00feeim allt \u00fea\u00f0 \u00feeim gj\u00f6r\u00f0ist \u00fe\u00f6rf \u00e1 veginum. L\u00e9t hann \u00fe\u00e1 l\u00e1ta sl\u00e1tra tveimur feitum uxum og fj\u00f3rum sau\u00f0um og bau\u00f0 \u00f6llum s\u00ednum n\u00e1gr\u00f6nnum og vinum til gestabo\u00f0s. So og ba\u00f0 Rag\u00fael T\u00f3b\u00edas a\u00f0 hann dveldi hj\u00e1 s\u00e9r h\u00e1lfan m\u00e1nu\u00f0. Og hann gaf T\u00f3b\u00edas helming af \u00f6llum s\u00ednum fj\u00e1rhlutum og br\u00e9fsetti a\u00f0 eftir sinn dag skyldi T\u00f3b\u00edas eignast \u00feann helming sem eftir var af f\u00e9nu.<\/p>\n","protected":false},"excerpt":{"rendered":"<p>VIII. Eftir sn\u00e6\u00f0inginn fylgdu \u00feeir inum yngra T\u00f3b\u00edas til meyjarinnar \u00ed svefnherbergi\u00f0. [ Minntist T\u00f3b\u00edas \u00fe\u00e1 \u00e1 r\u00e6\u00f0u engilsins og t\u00f3k eitt stykki af lifrinni \u00far pungi s\u00ednum og lag\u00f0i \u00fea\u00f0 \u00e1 kolagl\u00f3\u00f0. En engillinn Rafael h\u00f6ndla\u00f0i andskotann og batt hann \u00ed einni ey\u00f0im\u00f6rk \u00ed fjarl\u00e6g\u00f0 \u00e1 Egyptalandi. S\u00ed\u00f0an gj\u00f6r\u00f0i T\u00f3b\u00edas meynni \u00e1minning og m\u00e6lti: &#8222;Stattu upp, Sara, og bi\u00f0jum til Gu\u00f0s \u00ed n\u00f3tt og a\u00f0ra n\u00f3tt og \u00feri\u00f0ju n\u00f3tt. \u00dev\u00ed a\u00f0 \u00feessar \u00ferj\u00e1r n\u00e6tur skulu vi\u00f0 \u00e1 b\u00e6n vera. Eftir \u00fea\u00f0 viljum vi\u00f0 halda okkur til samans svo sem ektahj\u00f3n. \u00dev\u00ed a\u00f0 vi\u00f0 erum heilagra manna b\u00f6rn og okkur <a href=\"https:\/\/biblian.is\/gudbrandsbiblia\/tobitsbok-8-kafli\/\"> [&#8230;]<\/a><\/p>\n","protected":false},"author":1,"featured_media":0,"parent":0,"menu_order":0,"comment_status":"open","ping_status":"open","template":"bibliukaflar.php","meta":{"footnotes":""},"class_list":["post-3636","page","type-page","status-publish","hentry"],"_links":{"self":[{"href":"https:\/\/biblian.is\/gudbrandsbiblia\/wp-json\/wp\/v2\/pages\/3636","targetHints":{"allow":["GET"]}}],"collection":[{"href":"https:\/\/biblian.is\/gudbrandsbiblia\/wp-json\/wp\/v2\/pages"}],"about":[{"href":"https:\/\/biblian.is\/gudbrandsbiblia\/wp-json\/wp\/v2\/types\/page"}],"author":[{"embeddable":true,"href":"https:\/\/biblian.is\/gudbrandsbiblia\/wp-json\/wp\/v2\/users\/1"}],"replies":[{"embeddable":true,"href":"https:\/\/biblian.is\/gudbrandsbiblia\/wp-json\/wp\/v2\/comments?post=3636"}],"version-history":[{"count":0,"href":"https:\/\/biblian.is\/gudbrandsbiblia\/wp-json\/wp\/v2\/pages\/3636\/revisions"}],"wp:attachment":[{"href":"https:\/\/biblian.is\/gudbrandsbiblia\/wp-json\/wp\/v2\/media?parent=3636"}],"curies":[{"name":"wp","href":"https:\/\/api.w.org\/{rel}","templated":true}]}}