{"id":3635,"date":"2017-12-18T18:34:13","date_gmt":"2017-12-18T18:34:13","guid":{"rendered":"http:\/\/biblian.is\/gudbrandsbiblia\/tobitsbok-7-kafli\/"},"modified":"2017-12-18T18:34:13","modified_gmt":"2017-12-18T18:34:13","slug":"tobitsbok-7-kafli","status":"publish","type":"page","link":"https:\/\/biblian.is\/gudbrandsbiblia\/tobitsbok-7-kafli\/","title":{"rendered":"T\u00f3b\u00edtsb\u00f3k 7. kafli"},"content":{"rendered":"<p>VII.<\/p>\n<p>\u00deeir f\u00f3ru \u00fe\u00e1 og komu til Rag\u00fael og hann t\u00f3k vi\u00f0 \u00feeim harla bl\u00ed\u00f0lega. Hann star\u00f0i \u00e1 T\u00f3b\u00edas og m\u00e6lti til h\u00fasfr\u00fa sinnar \u00d6nnu: <span class=\"athugasemd\" title=\"Hanna Raguelis h\u00fasfr\u00fa\">[<\/span> &#8222;Hva\u00f0 l\u00edkur a\u00f0 s\u00e1 ungi sveinn er vorum fr\u00e6nda a\u00f0 yfirlitum!&#8220; Og sem hann sag\u00f0i \u00feetta \u00fe\u00e1 m\u00e6lti hann: &#8222;Hva\u00f0an eru\u00f0 \u00fei\u00f0, k\u00e6rir br\u00e6\u00f0ur?&#8220; \u00deeir sv\u00f6ru\u00f0u og s\u00f6g\u00f0u: &#8222;Af kyni Neftal\u00edm eru vi\u00f0 og af t\u00f6lu herleiddra \u00ed borg N\u00edn\u00edve.&#8220; Rag\u00fael segir \u00fe\u00e1 til \u00feeirra: &#8222;\u00deekki \u00fei\u00f0 br\u00f3\u00f0ur minn T\u00f3b\u00edas?&#8220; \u00deeir s\u00f6g\u00f0u: &#8222;J\u00e1, vi\u00f0 \u00feekkjum hann vel.&#8220; Og sem hann tala\u00f0i n\u00fa margt gott af T\u00f3b\u00edas sag\u00f0i engillinn til Rag\u00fael: &#8222;T\u00f3b\u00edas s\u00e1 er \u00fe\u00fa spur\u00f0ir eftir er fa\u00f0ir \u00feessa unga manns.&#8220; \u00de\u00e1 hneig\u00f0i Rag\u00fael fyrir honum gr\u00e1tandi og fa\u00f0mandi um h\u00e1ls honum og kyssti hann, segjandi: &#8222;\u00d3 minn s\u00e6ti son, blessa\u00f0ur s\u00e9rtu \u00fev\u00ed a\u00f0 \u00fe\u00fa ert eins r\u00e9ttfer\u00f0ugs, g\u00f3\u00f0s manns sonur.&#8220; \u00de\u00e6r h\u00fasfr\u00fa hans Hanna og Sara d\u00f3ttir \u00feeirra t\u00f3ku einnin til a\u00f0 gr\u00e1ta.<\/p>\n<p>\tS\u00ed\u00f0an bau\u00f0 Rag\u00fael a\u00f0 einum sau\u00f0 skyldi sl\u00e1tra og b\u00faa til bor\u00f0s. Og sem \u00feau b\u00e1\u00f0u \u00fe\u00e1 a\u00f0 setjast ni\u00f0ur til bor\u00f0s sag\u00f0i T\u00f3b\u00edas: <span class=\"athugasemd\" title=\"T\u00f3b\u00edas bi\u00f0ur Saru\">[<\/span> &#8222;\u00deennan dag skal eg hverki eta n\u00e9 drekka nema \u00fe\u00fa veitir m\u00e9r eina b\u00e6n og heitir a\u00f0 gifta m\u00e9r Sara d\u00f3ttur \u00fe\u00edna.&#8220; \u00de\u00e1 Rag\u00fael heyr\u00f0i \u00feetta var\u00f0 hann hr\u00e6ddur \u00fev\u00ed a\u00f0 hann minntist \u00e1 hversu a\u00f0 \u00feeir sj\u00f6 m\u00f6nn h\u00f6f\u00f0u fari\u00f0 sem \u00e1\u00f0ur fyrri haf\u00f0i hann gift d\u00f3ttur s\u00edna og \u00f3tta\u00f0ist a\u00f0 \u00feetta mundi eins fara. Og sem hann vildi \u00fear ekki neitt svar til gefa tala\u00f0i engillinn til hans: &#8222;\u00d3ttast ekki a\u00f0 gefa d\u00f3ttur \u00fe\u00edna honum \u00fev\u00ed a\u00f0 d\u00f3ttur \u00fe\u00edn er \u00e6tlu\u00f0 honum til eiginkonu af \u00fev\u00ed a\u00f0 hann er gu\u00f0hr\u00e6ddur. \u00dear fyrir hefur \u00f6ngum \u00f6\u00f0rum or\u00f0i\u00f0 au\u00f0i\u00f0 a\u00f0 f\u00e1 d\u00f3ttur \u00fe\u00edna.&#8220;<\/p>\n<p>\t\u00de\u00e1 m\u00e6lti Rag\u00fael: &#8222;Eg geng \u00feess \u00f3dulinn \u00fea\u00f0 Gu\u00f0 mun hafa heyrt m\u00ednar b\u00e6nir og beiskan gr\u00e1t og tr\u00fai a\u00f0 \u00fear fyrir hafi hann l\u00e1ti\u00f0 ykkur til m\u00edn koma svo a\u00f0 d\u00f3ttir m\u00edn fengi \u00feessa manns af hennar \u00e6tt eftir Moyses l\u00f6gum. \u00dev\u00ed haf n\u00fa \u00f6ngvan efa \u00fear um, eg vil gifta \u00fe\u00e9r hana.&#8220; Og t\u00f3k hennar h\u00f6nd sinnar d\u00f3ttur og lag\u00f0i \u00ed h\u00f6nd T\u00f3b\u00edas og sag\u00f0i: &#8222;Gu\u00f0 Abrahams, Gu\u00f0 \u00cdsaks, Gu\u00f0 Jakobs veri me\u00f0 ykkur og samtengi ykkur og helli sinni r\u00edkuglegri blessan yfir ykkur.&#8220; \u00deeir gj\u00f6r\u00f0u br\u00e9f \u00fear upp \u00e1 og skrifu\u00f0u skilm\u00e1lann og lofu\u00f0u Gu\u00f0 og h\u00e9ldu m\u00e1lt\u00ed\u00f0. <span class=\"athugasemd\" title=\"Sara tr\u00falofast T\u00f3b\u00edas\">[<\/span> <\/p>\n<p>\tRag\u00fael kallar til s\u00edn h\u00fasfr\u00fa s\u00edna H\u00f6nnu og b\u00fd\u00f0ur henni a\u00f0 b\u00faa til anna\u00f0 svefnh\u00fas og leiddu \u00feanga\u00f0 d\u00f3ttur s\u00edna Saram og h\u00fan gr\u00e9t. Hann talar \u00fe\u00e1 til hennar: &#8222;Vertu me\u00f0 g\u00f3\u00f0u ge\u00f0i, m\u00edn d\u00f3ttir. Himna Gu\u00f0 gefi \u00fe\u00e9r gle\u00f0i fyrir \u00feann harm sem \u00fe\u00fa hefur bori\u00f0.&#8220;<\/p>\n","protected":false},"excerpt":{"rendered":"<p>VII. \u00deeir f\u00f3ru \u00fe\u00e1 og komu til Rag\u00fael og hann t\u00f3k vi\u00f0 \u00feeim harla bl\u00ed\u00f0lega. Hann star\u00f0i \u00e1 T\u00f3b\u00edas og m\u00e6lti til h\u00fasfr\u00fa sinnar \u00d6nnu: [ &#8222;Hva\u00f0 l\u00edkur a\u00f0 s\u00e1 ungi sveinn er vorum fr\u00e6nda a\u00f0 yfirlitum!&#8220; Og sem hann sag\u00f0i \u00feetta \u00fe\u00e1 m\u00e6lti hann: &#8222;Hva\u00f0an eru\u00f0 \u00fei\u00f0, k\u00e6rir br\u00e6\u00f0ur?&#8220; \u00deeir sv\u00f6ru\u00f0u og s\u00f6g\u00f0u: &#8222;Af kyni Neftal\u00edm eru vi\u00f0 og af t\u00f6lu herleiddra \u00ed borg N\u00edn\u00edve.&#8220; Rag\u00fael segir \u00fe\u00e1 til \u00feeirra: &#8222;\u00deekki \u00fei\u00f0 br\u00f3\u00f0ur minn T\u00f3b\u00edas?&#8220; \u00deeir s\u00f6g\u00f0u: &#8222;J\u00e1, vi\u00f0 \u00feekkjum hann vel.&#8220; Og sem hann tala\u00f0i n\u00fa margt gott af T\u00f3b\u00edas sag\u00f0i engillinn til Rag\u00fael: &#8222;T\u00f3b\u00edas s\u00e1 er \u00fe\u00fa <a href=\"https:\/\/biblian.is\/gudbrandsbiblia\/tobitsbok-7-kafli\/\"> [&#8230;]<\/a><\/p>\n","protected":false},"author":1,"featured_media":0,"parent":0,"menu_order":0,"comment_status":"open","ping_status":"open","template":"bibliukaflar.php","meta":{"footnotes":""},"class_list":["post-3635","page","type-page","status-publish","hentry"],"_links":{"self":[{"href":"https:\/\/biblian.is\/gudbrandsbiblia\/wp-json\/wp\/v2\/pages\/3635","targetHints":{"allow":["GET"]}}],"collection":[{"href":"https:\/\/biblian.is\/gudbrandsbiblia\/wp-json\/wp\/v2\/pages"}],"about":[{"href":"https:\/\/biblian.is\/gudbrandsbiblia\/wp-json\/wp\/v2\/types\/page"}],"author":[{"embeddable":true,"href":"https:\/\/biblian.is\/gudbrandsbiblia\/wp-json\/wp\/v2\/users\/1"}],"replies":[{"embeddable":true,"href":"https:\/\/biblian.is\/gudbrandsbiblia\/wp-json\/wp\/v2\/comments?post=3635"}],"version-history":[{"count":0,"href":"https:\/\/biblian.is\/gudbrandsbiblia\/wp-json\/wp\/v2\/pages\/3635\/revisions"}],"wp:attachment":[{"href":"https:\/\/biblian.is\/gudbrandsbiblia\/wp-json\/wp\/v2\/media?parent=3635"}],"curies":[{"name":"wp","href":"https:\/\/api.w.org\/{rel}","templated":true}]}}